{"id":596,"date":"2025-04-12T12:06:18","date_gmt":"2025-04-12T12:06:18","guid":{"rendered":"https:\/\/red-lighttherapy.com\/?post_type=product&#038;p=596"},"modified":"2025-04-12T14:02:15","modified_gmt":"2025-04-12T14:02:15","slug":"paper-tube-packaging-cosmetic-perfume-packaging-wholesale","status":"publish","type":"product","link":"https:\/\/red-lighttherapy.com\/fr_fr\/paper-tube-packaging-cosmetic-perfume-packaging-wholesale\/","title":{"rendered":"Emballage de tubes en papier Emballage de cosm\u00e9tiques et de parfums Wholesale"},"content":{"rendered":"<h2 id=\"paper-tube-packaging-cosmetics-and-perfume-packaging-wholesale-product-description\">Emballage en tube papier pour cosm\u00e9tiques et parfums Description du produit en gros<\/h2>\n<h2 id=\"1-design-concept-the-perfect-fusion-of-simplicity-and-luxury-\">1.\u00a0<strong>Concept de design : la fusion parfaite de la simplicit\u00e9 et du luxe<\/strong><\/h2>\n<p>Notre emballage cylindrique en papier est bas\u00e9 sur des lignes douces et adopte un design ergonomique de type \"golden ratio\". Il est facile \u00e0 ouvrir et \u00e0 fermer et confortable \u00e0 attraper. Il convient aux produits d'excellence tels que les parfums et les cosm\u00e9tiques haut de gamme. La taille globale permet de s'affranchir des d\u00e9corations inutiles et de minimiser l'esth\u00e9tique de la forme. La couleur noire principale est d\u00e9cor\u00e9e par la technologie de l'estampage \u00e0 chaud, ce qui expose non seulement la nature discr\u00e8te et sobre de la marque, mais d\u00e9crit \u00e9galement une texture magnifique gr\u00e2ce \u00e0 la brillance du m\u00e9tal, qui s'adapte parfaitement \u00e0 la position du march\u00e9.<\/p>\n<h2 id=\"2-core-technology-environmentally-friendly-materials-and-high-end-hot-stamping-technology-\">2.\u00a0<strong>Technologie de base : mat\u00e9riaux respectueux de l'environnement et technologie d'estampage \u00e0 chaud haut de gamme<\/strong><\/h2>\n<ol>\n<li><strong>Papier couch\u00e9 respectueux de l'environnement<\/strong>: Le corps de la bo\u00eete est constitu\u00e9 d'un papier \u00e9pais et \u00e9cologique (250-400 g), qui pr\u00e9sente \u00e0 la fois une duret\u00e9 et une lubrification \u00e9lev\u00e9es, garantissant que l'emballage est r\u00e9sistant \u00e0 la pression et \u00e0 l'humidit\u00e9, et qu'il prot\u00e8ge efficacement les mat\u00e9riaux contre l'extrusion due au transport ou \u00e0 l'humidit\u00e9 ambiante. Le papier a obtenu la certification de s\u00e9curit\u00e9 alimentaire, est non toxique et inodore, et r\u00e9pond aux normes internationales en mati\u00e8re d'emballage \u00e9cologique.<\/li>\n<li><strong>Proc\u00e9d\u00e9 de marquage \u00e0 chaud sans encre<\/strong>: Gr\u00e2ce \u00e0 des moules en silicone \u00e0 haute temp\u00e9rature, la feuille de m\u00e9tal est estamp\u00e9e avec pr\u00e9cision pour pr\u00e9senter des images et des textes tridimensionnels en marquage \u00e0 chaud sans encre. Ce proc\u00e9d\u00e9 est tr\u00e8s respectueux de l'environnement et la couleur du m\u00e9tal est durable et ne s'estompe pas. Il est particuli\u00e8rement adapt\u00e9 aux produits haut de gamme tels que les cosm\u00e9tiques et les parfums, qui doivent mettre en valeur le logo de la marque. Le motif de marquage \u00e0 chaud peut \u00eatre personnalis\u00e9 sous la forme d'un LOGO, d'un motif ou d'une ligne d'art abstrait afin d'am\u00e9liorer la reconnaissance de l'emballage et l'effet d'affichage.<\/li>\n<\/ol>\n<h2 id=\"iii-customized-service-accurately-match-market-demand-\">3. <strong>Service personnalis\u00e9 : R\u00e9pondre pr\u00e9cis\u00e9ment \u00e0 la demande du march\u00e9<\/strong><\/h2>\n<ol>\n<li><strong>Doublure int\u00e9rieure \u00e0 mouvement nul<\/strong>: Nous fournissons de l'EVA, du coton perl\u00e9, du tissu de flocage et d'autres mat\u00e9riaux de doublure au choix, adapt\u00e9s \u00e0 la forme du produit afin d'obtenir un effet de fixation \"sans d\u00e9placement\". Par exemple, les flacons de parfum peuvent utiliser un support int\u00e9rieur en \u00e9ponge profil\u00e9e pour \u00e9viter les secousses ; les produits cosm\u00e9tiques fragiles peuvent \u00eatre assortis d'une couche tampon en flocage pour tenir compte de la protection et du rituel de d\u00e9ballage.<\/li>\n<li><strong>Adaptation au march\u00e9 r\u00e9gional<\/strong>: Adaptation flexible des d\u00e9tails de l'emballage en fonction des pr\u00e9f\u00e9rences culturelles et des habitudes de consommation du march\u00e9 du client. Par exemple :<\/li>\n<li><strong>March\u00e9s europ\u00e9en et am\u00e9ricain<\/strong>Les lignes de marquage \u00e0 chaud minimalistes et le noir mat sont leur pr\u00e9f\u00e9rence ;<\/li>\n<li><strong>March\u00e9s asiatiques<\/strong>Les produits de l'industrie de l'emballage : pr\u00e9f\u00e8rent les motifs complexes de marquage \u00e0 chaud et les mat\u00e9riaux brillants. Possibilit\u00e9 de personnaliser l'ensemble du processus, de la taille \u00e0 l'ex\u00e9cution en passant par le motif, afin de contribuer \u00e0 la strat\u00e9gie de localisation de la marque.<\/li>\n<\/ol>\n<h2 id=\"iv-source-factory-advantages-quality-and-cost-\">4. <strong>Avantages de l'usine source : qualit\u00e9 et co\u00fbt<\/strong><\/h2>\n<p>En tant que l'une des trois principales usines de production d'emballages en papier en Chine, nous int\u00e9grons les ressources de base suivantes :<\/p>\n<ul>\n<li><strong>Production \u00e0 l'\u00e9chelle<\/strong>: 50 000 m\u00e8tres carr\u00e9s d'usines autonomes, avec une capacit\u00e9 de production quotidienne de plus de 10 000 pi\u00e8ces, et un service de livraison en 48 heures pour les commandes acc\u00e9l\u00e9r\u00e9es ;<\/li>\n<li><strong>Avantage en termes de co\u00fbts<\/strong>: En \u00e9liminant la diff\u00e9rence de prix des interm\u00e9diaires, le prix unitaire de l'emballage en papier couch\u00e9 avec marquage \u00e0 chaud est 20%-30% inf\u00e9rieur au prix moyen du march\u00e9 ;<\/li>\n<li><strong>Assurance qualit\u00e9<\/strong>: Gr\u00e2ce au contr\u00f4le des processus normalis\u00e9s ISO, un service de livraison d'\u00e9chantillons gratuits est fourni pour aider les clients \u00e0 effectuer des inspections d'usine sur place.<\/li>\n<\/ul>\n<h2 id=\"5-application-scenarios-and-case-studies-\">5.\u00a0<strong>Sc\u00e9narios d'application et \u00e9tudes de cas<\/strong><\/h2>\n<ul>\n<li><strong>S\u00e9rie de parfums<\/strong>: Bo\u00eete cylindrique de 30 ml (5 cm de diam\u00e8tre \u00d7 12 cm de hauteur), avec doublure en velours et LOGO de la marque estampill\u00e9 en or ;<\/li>\n<li><strong>Set de soins de la peau haut de gamme<\/strong>Bo\u00eete en papier \u00e0 double couche, avec l'essence sur la couche sup\u00e9rieure et les paquets de remplacement sur la couche inf\u00e9rieure, et un couvercle magn\u00e9tique qui s'ouvre et se ferme ;<\/li>\n<li><strong>Bo\u00eete cadeau pour les f\u00eates de fin d'ann\u00e9e<\/strong>La bo\u00eete en forme de c\u0153ur : bo\u00eete en forme de c\u0153ur avec technologie d'estampage en or, avec des cartes de v\u0153ux personnalis\u00e9es et des rubans \u00e0 l'int\u00e9rieur pour augmenter la valeur du cadeau.<\/li>\n<\/ul>\n<h2 id=\"6-cooperation-process-\">6.\u00a0<strong>Processus de coop\u00e9ration<\/strong><\/h2>\n<ol>\n<li><strong>Communication de la demande<\/strong>: Fournir les dimensions du produit, un projet de conception ou un \u00e9chantillon ;<\/li>\n<li><strong>Confirmation de l'\u00e9preuve<\/strong>: La bo\u00eete d'\u00e9chantillons est envoy\u00e9e dans un d\u00e9lai de 3 \u00e0 5 jours ouvrables ;<\/li>\n<li><strong>Production de masse<\/strong>: La livraison est effectu\u00e9e 7 \u00e0 10 jours apr\u00e8s la signature du contrat ;<\/li>\n<li><strong>Assistance apr\u00e8s-vente<\/strong>: Fournir des services \u00e0 valeur ajout\u00e9e tels que l'entreposage et le remplacement.<\/li>\n<\/ol>","protected":false},"excerpt":{"rendered":"<p>L'emballage en tube de papier aux lignes lisses peut \u00eatre tenu et ouvert \u00e0 la main. Il est facile \u00e0 ouvrir et \u00e0 fermer. Le design est simple et \u00e9l\u00e9gant. Le processus de marquage \u00e0 chaud de la feuille d'or ne n\u00e9cessite pas d'impression \u00e0 l'encre. Il convient parfaitement \u00e0 l'impression de marques haut de gamme telles que les bo\u00eetes d'emballage de cosm\u00e9tiques et de parfums.<\/p>","protected":false},"featured_media":597,"template":"","meta":{"_kad_post_transparent":"default","_kad_post_title":"","_kad_post_layout":"default","_kad_post_sidebar_id":"","_kad_post_content_style":"default","_kad_post_vertical_padding":"default","_kad_post_feature":"","_kad_post_feature_position":"","_kad_post_header":false,"_kad_post_footer":false,"_kad_post_classname":""},"product_brand":[],"product_cat":[15,28,17],"product_tag":[202,203,204],"class_list":{"0":"post-596","1":"product","2":"type-product","3":"status-publish","4":"has-post-thumbnail","6":"product_cat-red-light-therapy","7":"product_cat-customize","8":"product_cat-services","9":"product_tag-cosmetic-paper-tube","10":"product_tag-perfume-packaging-wholesale","11":"product_tag-perfume-paper-tube","13":"first","14":"instock","15":"shipping-taxable","16":"product-type-simple","17":"entry","18":"content-bg","19":"loop-entry"},"_links":{"self":[{"href":"https:\/\/red-lighttherapy.com\/fr_fr\/wp-json\/wp\/v2\/product\/596","targetHints":{"allow":["GET"]}}],"collection":[{"href":"https:\/\/red-lighttherapy.com\/fr_fr\/wp-json\/wp\/v2\/product"}],"about":[{"href":"https:\/\/red-lighttherapy.com\/fr_fr\/wp-json\/wp\/v2\/types\/product"}],"wp:featuredmedia":[{"embeddable":true,"href":"https:\/\/red-lighttherapy.com\/fr_fr\/wp-json\/wp\/v2\/media\/597"}],"wp:attachment":[{"href":"https:\/\/red-lighttherapy.com\/fr_fr\/wp-json\/wp\/v2\/media?parent=596"}],"wp:term":[{"taxonomy":"product_brand","embeddable":true,"href":"https:\/\/red-lighttherapy.com\/fr_fr\/wp-json\/wp\/v2\/product_brand?post=596"},{"taxonomy":"product_cat","embeddable":true,"href":"https:\/\/red-lighttherapy.com\/fr_fr\/wp-json\/wp\/v2\/product_cat?post=596"},{"taxonomy":"product_tag","embeddable":true,"href":"https:\/\/red-lighttherapy.com\/fr_fr\/wp-json\/wp\/v2\/product_tag?post=596"}],"curies":[{"name":"wp","href":"https:\/\/api.w.org\/{rel}","templated":true}]}}