{"id":589,"date":"2025-04-12T11:23:53","date_gmt":"2025-04-12T11:23:53","guid":{"rendered":"https:\/\/red-lighttherapy.com\/?post_type=product&#038;p=589"},"modified":"2025-04-12T12:06:10","modified_gmt":"2025-04-12T12:06:10","slug":"supplier-custom-textured-paper-tube-packaging-essential-oil","status":"publish","type":"product","link":"https:\/\/red-lighttherapy.com\/fr_fr\/supplier-custom-textured-paper-tube-packaging-essential-oil\/","title":{"rendered":"Fournisseur Tube en papier textur\u00e9 Emballage d'huile essentielle"},"content":{"rendered":"<h2 id=\"-customized-textured-paper-tube-essential-oil-packaging-product-description-\"><strong>Tube en papier textur\u00e9 personnalis\u00e9 Emballage d'huile essentielle Description du produit<\/strong><\/h2>\n<h2 id=\"-1-healing-visual-experience-\"><strong>1. Exp\u00e9rience visuelle curative<\/strong><\/h2>\n<p>Cet emballage cylindrique est principalement de couleur rose macaron. Le ton rose doux et peu satur\u00e9 peut r\u00e9duire efficacement la fatigue visuelle. Avec son design simple, il cr\u00e9e une atmosph\u00e8re sensorielle relaxante et curative, qui correspond aux propri\u00e9t\u00e9s curatives naturelles des produits \u00e0 base d'huiles essentielles. La surface de la bo\u00eete d'emballage adopte la technologie de la texture mate, qui a un toucher d\u00e9licat et am\u00e9liore encore la double exp\u00e9rience de confort de la vision et du toucher.<\/p>\n<h2 id=\"-2-innovative-top-and-bottom-cover-structure-\"><strong>2. Structure innovante des couvercles sup\u00e9rieur et inf\u00e9rieur<\/strong><\/h2>\n<p>La conception du couvercle sup\u00e9rieur et inf\u00e9rieur est adopt\u00e9e. Lorsque la bo\u00eete est ferm\u00e9e, elle s'ajuste parfaitement. Il n'y a pas de d\u00e9coration redondante sur la ligne de s\u00e9paration, et le contour lisse est soulign\u00e9 par des lignes g\u00e9om\u00e9triques minimalistes. La forme cylindrique est combin\u00e9e au processus de fermeture par micro-arc pour donner une impression de douceur. Le moment de l'ouverture et de la fermeture est \u00e0 la fois rituel et pratique, ce qui convient aux besoins de pr\u00e9sentation des parfums, des bougies et d'autres produits.<\/p>\n<h2 id=\"-3-embossed-texture-technology-\"><strong>3. Technologie de texture gaufr\u00e9e<\/strong><\/h2>\n<p>La surface du r\u00e9cipient est recouverte d'une texture gaufr\u00e9e peu profonde, avec de fines ondulations horizontales simulant des ondulations naturelles, et partiellement parsem\u00e9e de motifs floraux radiaux sombres, formant un effet de gradient d'ombre et de lumi\u00e8re gr\u00e2ce \u00e0 la profondeur de microgravure de 0,3 \u00e0 0,5 mm. Le design de la texture peut non seulement am\u00e9liorer la prise en main antid\u00e9rapante, mais aussi pr\u00e9senter une texture tridimensionnelle sous diff\u00e9rents angles de lumi\u00e8re, donnant \u00e0 l'emballage une expression artistique discr\u00e8te et profonde.<\/p>\n<h2 id=\"-4-highly-customized-solutions-\"><strong>4. Des solutions hautement personnalis\u00e9es<\/strong><\/h2>\n<p>Permet une personnalisation compl\u00e8te de la taille, de la structure et du processus d'impression :<\/p>\n<ul>\n<li><strong>Adaptabilit\u00e9<\/strong>: Le diam\u00e8tre int\u00e9rieur et la hauteur peuvent \u00eatre ajust\u00e9s pour s'adapter aux flacons d'huile essentielle de 30 ml \u00e0 200 ml, aux pots de cr\u00e8me pour le visage de 50 \u00e0 500 g ou aux bougies d'aromath\u00e9rapie de 5 \u00e0 15 cm de diam\u00e8tre ;<\/li>\n<li><strong>Extension de la fonction<\/strong>: La doublure EVA antichoc, la boucle magn\u00e9tique d'ouverture et de fermeture ou le ruban de scellement et d'autres d\u00e9tails peuvent \u00eatre \u00e9quip\u00e9s pour r\u00e9pondre aux besoins d'un emballage cadeau haut de gamme ;<\/li>\n<li><strong>Personnalisation visuelle<\/strong>: Elle prend en charge l'impression de couleurs sp\u00e9ciales, le marquage \u00e0 chaud, le vernis local UV et d'autres processus, et peut \u00eatre int\u00e9gr\u00e9e au LOGO de la marque ou \u00e0 des motifs personnalis\u00e9s.<\/li>\n<\/ul>\n<h2 id=\"-5-quality-assurance-and-delivery-service-\"><strong>5. Assurance qualit\u00e9 et service de livraison<\/strong><\/h2>\n<p>S'appuyant sur 16 ann\u00e9es d'exp\u00e9rience dans le domaine de l'emballage et de l'impression, l'usine est \u00e9quip\u00e9e de machines de d\u00e9coupe enti\u00e8rement automatiques, de lignes d'impression en h\u00e9liogravure et d'\u00e9quipements intelligents d'inspection de la qualit\u00e9, ce qui lui permet de r\u00e9aliser des \u00e9preuves rapides en 72 heures et de livrer une production de masse en 15 jours. Elle fournit des services complets, depuis les propositions de conception jusqu'\u00e0 la distribution logistique, en passant par la s\u00e9lection des mat\u00e9riaux, afin de garantir un contr\u00f4le pr\u00e9cis de la qualit\u00e9 de l'emballage et du cycle de production.<\/p>\n<h2 id=\"-applicable-scenarios-\"><strong>Sc\u00e9narios applicables<\/strong><\/h2>\n<ul>\n<li>S\u00e9rie huile essentielle\/parfum : La structure des couvercles sup\u00e9rieur et inf\u00e9rieur prot\u00e8ge le corps du flacon, et la texture gaufr\u00e9e am\u00e9liore la texture de l'affichage.<\/li>\n<li>Bo\u00eete cadeau pour soins de la peau : La couleur macaron est assortie \u00e0 un design minimaliste, en accord avec le ton des marques de beaut\u00e9 haut de gamme.<\/li>\n<li>\u00c9dition limit\u00e9e pour les f\u00eates : Cr\u00e9er une ligne de produits diff\u00e9renci\u00e9e gr\u00e2ce \u00e0 une combinaison personnalis\u00e9e de textures et de couleurs<\/li>\n<\/ul>","protected":false},"excerpt":{"rendered":"<p>L'emballage en tube de papier adopte une structure de couverture sup\u00e9rieure et inf\u00e9rieure divis\u00e9e, pr\u00e9sentant un effet visuel doux et stratifi\u00e9. La surface est recouverte d'une texture en relief peu profonde, ce qui ajoute un angle visuel.<\/p>","protected":false},"featured_media":593,"template":"","meta":{"_kad_post_transparent":"default","_kad_post_title":"","_kad_post_layout":"default","_kad_post_sidebar_id":"","_kad_post_content_style":"default","_kad_post_vertical_padding":"default","_kad_post_feature":"","_kad_post_feature_position":"","_kad_post_header":false,"_kad_post_footer":false,"_kad_post_classname":""},"product_brand":[],"product_cat":[15,28,17],"product_tag":[199,201,200],"class_list":{"0":"post-589","1":"product","2":"type-product","3":"status-publish","4":"has-post-thumbnail","6":"product_cat-red-light-therapy","7":"product_cat-customize","8":"product_cat-services","9":"product_tag-essential-oil-cylinder-boxes","10":"product_tag-essential-oil-paper-tube-packaging","11":"product_tag-supplier-essential-oil-packaging","13":"first","14":"instock","15":"shipping-taxable","16":"product-type-simple","17":"entry","18":"content-bg","19":"loop-entry"},"_links":{"self":[{"href":"https:\/\/red-lighttherapy.com\/fr_fr\/wp-json\/wp\/v2\/product\/589","targetHints":{"allow":["GET"]}}],"collection":[{"href":"https:\/\/red-lighttherapy.com\/fr_fr\/wp-json\/wp\/v2\/product"}],"about":[{"href":"https:\/\/red-lighttherapy.com\/fr_fr\/wp-json\/wp\/v2\/types\/product"}],"wp:featuredmedia":[{"embeddable":true,"href":"https:\/\/red-lighttherapy.com\/fr_fr\/wp-json\/wp\/v2\/media\/593"}],"wp:attachment":[{"href":"https:\/\/red-lighttherapy.com\/fr_fr\/wp-json\/wp\/v2\/media?parent=589"}],"wp:term":[{"taxonomy":"product_brand","embeddable":true,"href":"https:\/\/red-lighttherapy.com\/fr_fr\/wp-json\/wp\/v2\/product_brand?post=589"},{"taxonomy":"product_cat","embeddable":true,"href":"https:\/\/red-lighttherapy.com\/fr_fr\/wp-json\/wp\/v2\/product_cat?post=589"},{"taxonomy":"product_tag","embeddable":true,"href":"https:\/\/red-lighttherapy.com\/fr_fr\/wp-json\/wp\/v2\/product_tag?post=589"}],"curies":[{"name":"wp","href":"https:\/\/api.w.org\/{rel}","templated":true}]}}