{"id":571,"date":"2025-04-12T09:00:49","date_gmt":"2025-04-12T09:00:49","guid":{"rendered":"https:\/\/red-lighttherapy.com\/?post_type=product&#038;p=571"},"modified":"2025-04-12T10:07:39","modified_gmt":"2025-04-12T10:07:39","slug":"clothing-t-shirt-apparel-socks-underwear-paper-tube-supplier","status":"publish","type":"product","link":"https:\/\/red-lighttherapy.com\/fr_fr\/clothing-t-shirt-apparel-socks-underwear-paper-tube-supplier\/","title":{"rendered":"V\u00eatements T-shirt V\u00eatements Chaussettes Sous-v\u00eatements Tube papier Fournisseur"},"content":{"rendered":"<h2 id=\"-product-description-of-paper-tube-for-clothing-t-shirts-apparel-socks-and-underwear-\"><strong>V\u00eatements T-shirt V\u00eatements Chaussettes Sous-v\u00eatements Tube en papier Fournisseur Description du produit<\/strong><\/h2>\n<h2 id=\"1-separate-cylindrical-box-design-simple-and-practical-\">1.\u00a0<strong>Emballage en tube de papier s\u00e9par\u00e9, simple et pratique<\/strong><\/h2>\n<p>La structure du couvercle s\u00e9par\u00e9 est adopt\u00e9e, et le rapport entre le corps de la bo\u00eete et le couvercle est scientifiquement calcul\u00e9, ce qui rend l'ouverture et la fermeture ais\u00e9es et le scellement solide. Le design du couvercle s'adapte au contour du contenant, ce qui garantit non seulement l'int\u00e9grit\u00e9 de l'emballage, mais transmet \u00e9galement un concept esth\u00e9tique moderne gr\u00e2ce \u00e0 des lignes minimalistes (voir les principes de conception de la structure d'emballage s\u00e9par\u00e9e).<\/p>\n<h2 id=\"2-black-and-white-contrast-vision-strengthen-brand-recognition-\">2.\u00a0<strong>Vision contrast\u00e9e en noir et blanc, renforcement de la reconnaissance de la marque<\/strong><\/h2>\n<p>Le corps de la bo\u00eete est d'un blanc pur, avec un cercle de lignes noires autour de la partie sup\u00e9rieure, et l'attrait visuel est renforc\u00e9 par un design tr\u00e8s contrast\u00e9. Cette conception s'inspire de la tendance de l'esth\u00e9tique des emballages haut de gamme, convient au luxe l\u00e9ger, aux marques \u00e0 la mode et \u00e0 d'autres styles, ainsi qu'\u00e0 la tonalit\u00e9 simple des T-shirts, des sous-v\u00eatements et d'autres cat\u00e9gories (similaire \u00e0 la logique d'application des couleurs contrast\u00e9es des emballages en bo\u00eetes de couleur).<\/p>\n<h2 id=\"3-high-definition-printing-and-typesetting-highlighting-the-brand-logo-\">3.\u00a0<strong>Impression et composition haute d\u00e9finition, mettant en valeur le logo de la marque<\/strong><\/h2>\n<p>La surface adopte la technologie d'impression UV, le texte et le motif sont clairs et r\u00e9sistants \u00e0 l'usure, et la s\u00e9lection de l'effet mat\/brillant est possible. La mise en page suit le principe du \"moins, c'est plus\", avec des polices modernes sans empattement comme caract\u00e9ristique principale, en veillant \u00e0 ce que le logo de la marque soit centr\u00e9 et attire l'attention, tout en laissant des espaces vierges pour renforcer le sentiment de luxe (en s'inspirant des normes d'impression de la conception d'emballages prim\u00e9s).<\/p>\n<h2 id=\"4-professional-box-type-adaptation-to-improve-product-matching-\">4.\u00a0<strong>Adaptation du type de bo\u00eete professionnelle pour am\u00e9liorer l'ad\u00e9quation des produits<\/strong><\/h2>\n<p>Des recommandations personnalis\u00e9es sur le type de bo\u00eete sont fournies en fonction des caract\u00e9ristiques du produit :<\/p>\n<ul>\n<li><strong>T-shirt\/sweat-shirt<\/strong>: Un cylindre sur\u00e9lev\u00e9 d'un diam\u00e8tre de 20 \u00e0 30 cm est recommand\u00e9, avec un couvercle \u00e0 ouverture et fermeture magn\u00e9tiques pour faciliter le pliage et le rangement des v\u00eatements ;<\/li>\n<li><strong>Chaussettes\/sous-v\u00eatements<\/strong>: Un cylindre \u00e0 tiroirs superpos\u00e9s avec un rev\u00eatement de compartiment int\u00e9gr\u00e9 est utilis\u00e9 pour classer plusieurs articles ;<\/li>\n<li><strong>Cadeaux haut de gamme<\/strong>: Combin\u00e9 \u00e0 la structure de l'emballage du couvercle sup\u00e9rieur et inf\u00e9rieur, le sens de la c\u00e9r\u00e9monie de d\u00e9ballage est renforc\u00e9 (voir la biblioth\u00e8que de types d'emballages multifonctionnels).<\/li>\n<\/ul>\n<h2 id=\"5-fsc-certified-material-environmental-protection-and-quality-\">5.\u00a0<strong>Mat\u00e9riau certifi\u00e9 FSC, protection de l'environnement et qualit\u00e9<\/strong><\/h2>\n<p>Les mati\u00e8res premi\u00e8res de la bo\u00eete d'emballage sont certifi\u00e9es par la certification foresti\u00e8re FSC afin de garantir que la source du bois est durable et r\u00e9pond aux normes d'acc\u00e8s au march\u00e9 de l'UE et de l'Am\u00e9rique du Nord. Le mat\u00e9riau certifi\u00e9 pr\u00e9sente \u00e0 la fois des caract\u00e9ristiques de duret\u00e9 et de l\u00e9g\u00e8ret\u00e9 \u00e9lev\u00e9es, offrant ainsi des solutions diff\u00e9renci\u00e9es aux marques respectueuses de l'environnement et aux clients haut de gamme (avantages de la cha\u00eene d'approvisionnement certifi\u00e9e FSC).<\/p>\n<h2 id=\"6-modular-lining-system-all-round-protection-\">6.\u00a0<strong>Syst\u00e8me de doublure modulaire, protection int\u00e9grale<\/strong><\/h2>\n<p>L'int\u00e9rieur peut \u00eatre assorti \u00e0 une vari\u00e9t\u00e9 de mat\u00e9riaux de doublure :<\/p>\n<ul>\n<li><strong>Type fixe<\/strong>: EVA ou coton perl\u00e9, rainures d\u00e9coup\u00e9es, positionnement pr\u00e9cis et r\u00e9sistance aux chocs ;<\/li>\n<li><strong>Type souple<\/strong>Les v\u00eatements de sport sont fabriqu\u00e9s \u00e0 partir d'un tissu floqu\u00e9 ou d'un rembourrage en raphia, convenant aux sous-v\u00eatements ;<\/li>\n<li><strong>Type d'affichage<\/strong>Le produit est pr\u00e9sent\u00e9 sous forme de blister en PET transparent, pr\u00e9sentant de mani\u00e8re intuitive les d\u00e9tails du produit (diverses solutions d'habillage).<\/li>\n<\/ul>\n<h2 id=\"7-16-years-of-smart-manufacturing-experience-full-process-quality-control-\">7.\u00a0<strong>16 ans d'exp\u00e9rience en mati\u00e8re de fabrication intelligente, contr\u00f4le de la qualit\u00e9 de l'ensemble du processus<\/strong><\/h2>\n<p>S'appuyant sur un syst\u00e8me de production mature, un contr\u00f4le strict de l'\u00e9preuve de conception \u00e0 la production de masse, le cycle de livraison est raccourci de 30% et le taux de d\u00e9fectuosit\u00e9 est inf\u00e9rieur \u00e0 0,5%. Elle prend en charge la personnalisation des petits lots et l'optimisation de la logistique transfrontali\u00e8re, fournissant des services d'emballage \u00e0 guichet unique pour les marques mondiales (r\u00e9f\u00e9rence en mati\u00e8re d'exp\u00e9rience de la cha\u00eene d'approvisionnement).<\/p>\n<h2 id=\"-advantages-of-cooperation-\"><strong>Avantages de la coop\u00e9ration<\/strong>:<\/h2>\n<ul>\n<li><strong>Soutien \u00e0 la conception<\/strong>: Rendu 3D et \u00e9chantillons de mat\u00e9riaux gratuits ;<\/li>\n<li><strong>Optimisation des co\u00fbts<\/strong>: Les achats \u00e0 grande \u00e9chelle r\u00e9duisent le prix unitaire, avec une commande minimale de 500 pi\u00e8ces ;<\/li>\n<li><strong>R\u00e9ponse rapide<\/strong>: Le prototypage est r\u00e9alis\u00e9 dans les 72 heures et la production en s\u00e9rie est livr\u00e9e dans les 15 jours.<\/li>\n<\/ul>","protected":false},"excerpt":{"rendered":"<p>La bo\u00eete d'emballage en tube de papier est dot\u00e9e d'un couvercle s\u00e9par\u00e9. Les proportions du contenant et du couvercle sont coordonn\u00e9es, refl\u00e9tant la simplicit\u00e9 du design de l'emballage. Le corps de la bo\u00eete est principalement blanc pur, et un cercle de lignes noires entoure le bord sup\u00e9rieur, formant un contraste net qui renforce l'attrait. La surface de la bo\u00eete est clairement imprim\u00e9e et la mise en page du texte est simple et moderne, ce qui permet de mettre en valeur le logo de la marque. Cette bo\u00eete d'emballage convient parfaitement \u00e0 l'emballage de v\u00eatements, de T-shirts, de v\u00eatements, de chaussettes et de sous-v\u00eatements.<\/p>","protected":false},"featured_media":575,"template":"","meta":{"_kad_post_transparent":"default","_kad_post_title":"","_kad_post_layout":"default","_kad_post_sidebar_id":"","_kad_post_content_style":"default","_kad_post_vertical_padding":"default","_kad_post_feature":"","_kad_post_feature_position":"","_kad_post_header":false,"_kad_post_footer":false,"_kad_post_classname":""},"product_brand":[],"product_cat":[15,30,17],"product_tag":[190,192,191],"class_list":{"0":"post-571","1":"product","2":"type-product","3":"status-publish","4":"has-post-thumbnail","6":"product_cat-red-light-therapy","7":"product_cat-dropshipping","8":"product_cat-services","9":"product_tag-clothing-paper-tube","10":"product_tag-socks-underwear-paper-tube-packaging","11":"product_tag-t-shirt-paper-tube-supplier","13":"first","14":"instock","15":"shipping-taxable","16":"product-type-simple","17":"entry","18":"content-bg","19":"loop-entry"},"_links":{"self":[{"href":"https:\/\/red-lighttherapy.com\/fr_fr\/wp-json\/wp\/v2\/product\/571","targetHints":{"allow":["GET"]}}],"collection":[{"href":"https:\/\/red-lighttherapy.com\/fr_fr\/wp-json\/wp\/v2\/product"}],"about":[{"href":"https:\/\/red-lighttherapy.com\/fr_fr\/wp-json\/wp\/v2\/types\/product"}],"wp:featuredmedia":[{"embeddable":true,"href":"https:\/\/red-lighttherapy.com\/fr_fr\/wp-json\/wp\/v2\/media\/575"}],"wp:attachment":[{"href":"https:\/\/red-lighttherapy.com\/fr_fr\/wp-json\/wp\/v2\/media?parent=571"}],"wp:term":[{"taxonomy":"product_brand","embeddable":true,"href":"https:\/\/red-lighttherapy.com\/fr_fr\/wp-json\/wp\/v2\/product_brand?post=571"},{"taxonomy":"product_cat","embeddable":true,"href":"https:\/\/red-lighttherapy.com\/fr_fr\/wp-json\/wp\/v2\/product_cat?post=571"},{"taxonomy":"product_tag","embeddable":true,"href":"https:\/\/red-lighttherapy.com\/fr_fr\/wp-json\/wp\/v2\/product_tag?post=571"}],"curies":[{"name":"wp","href":"https:\/\/api.w.org\/{rel}","templated":true}]}}