{"id":565,"date":"2025-04-12T08:34:45","date_gmt":"2025-04-12T08:34:45","guid":{"rendered":"https:\/\/red-lighttherapy.com\/?post_type=product&#038;p=565"},"modified":"2025-04-12T09:00:36","modified_gmt":"2025-04-12T09:00:36","slug":"custom-child-resistant-vape-cartridge-packaging-box-factory","status":"publish","type":"product","link":"https:\/\/red-lighttherapy.com\/fr_fr\/custom-child-resistant-vape-cartridge-packaging-box-factory\/","title":{"rendered":"Bo\u00eete d'emballage de cartouches de vaporisation \u00e0 l'\u00e9preuve des enfants Factory"},"content":{"rendered":"<h2 id=\"-child-safe-electronic-cigarette-cartridge-packaging-box-professional-customized-solution-\">Bo\u00eete d'emballage de cartouches de vaporisation \u00e0 l'\u00e9preuve des enfants Factory<\/h2>\n<h2 id=\"1-double-child-proof-device-compliance-certification-guarantee-\">1.\u00a0<strong>Double s\u00e9curit\u00e9 enfants, garantie de conformit\u00e9 \u00e0 la certification<\/strong><\/h2>\n<ul>\n<li>Adopter\u00a0<strong>structure d'ouverture par pression et rotation<\/strong>\u00a0ou\u00a0<strong>conception de d\u00e9verrouillage par pression magn\u00e9tique et par glissement<\/strong>\u00a0, passer\u00a0<strong>US 16 CFR 1700.20<\/strong>\u00a0et\u00a0<strong>UE ISO 8317<\/strong>\u00a0les normes d'essai relatives \u00e0 la protection des enfants. Le taux d'\u00e9chec de l'ouverture par les enfants est \u226580%, et les adultes peuvent facilement l'ouvrir gr\u00e2ce \u00e0 des op\u00e9rations intuitives (telles que l'alignement des fl\u00e8ches, l'application d'une force sp\u00e9cifique), ce qui r\u00e9pond aux exigences d'acc\u00e8s au march\u00e9 en Europe et aux \u00c9tats-Unis.<\/li>\n<li>Embarqu\u00e9\u00a0<strong>verrouillage de s\u00e9curit\u00e9 anti-mistouch<\/strong>\u00a0Pour \u00e9viter que les enfants ne se trompent, il faut presser deux doigts l'un contre l'autre pour d\u00e9verrouiller la bo\u00eete \u00e0 glissi\u00e8re.<\/li>\n<\/ul>\n<h2 id=\"2-immersive-pull-out-box-experience-\">2.\u00a0<strong>L'exp\u00e9rience immersive de la bo\u00eete coulissante<\/strong><\/h2>\n<ul>\n<li><strong>Rail d'amortissement + ressort \u00e0 d\u00e9clenchement lent<\/strong>\u00a0La bo\u00eete \u00e0 cartouches glisse \u00e0 une vitesse uniforme de 0,5 seconde\/cm et est assortie d'un syst\u00e8me d'ouverture et de fermeture de la bo\u00eete \u00e0 cartouches.\u00a0<strong>fen\u00eatre givr\u00e9e semi-transparente<\/strong>Le produit est \u00e9l\u00e9gant comme une exposition, ce qui renforce l'impression de c\u00e9r\u00e9monie de d\u00e9ballage.<\/li>\n<li>Le corps de la bo\u00eete adopte\u00a0<strong>structure extractible segment\u00e9e<\/strong>La premi\u00e8re couche affiche le LOGO de la marque et le nom du produit, et la seconde couche r\u00e9v\u00e8le progressivement le corps de la cartouche, am\u00e9liorant ainsi le plaisir de l'utilisateur \u00e0 l'explorer.<\/li>\n<\/ul>\n<h2 id=\"3-visual-friendliness-and-material-safety-\">3.\u00a0<strong>Convivialit\u00e9 et s\u00e9curit\u00e9 des mat\u00e9riaux<\/strong><\/h2>\n<ul>\n<li>La couleur principale de la bo\u00eete ext\u00e9rieure est\u00a0<strong>rev\u00eatement mat blanc cass\u00e9<\/strong>qui a \u00e9t\u00e9\u00a0<strong>Test de substances dangereuses EN71-3<\/strong>Il n'y a pas de reflet irritant et peut r\u00e9duire la fatigue visuelle \u00e0 long terme.<\/li>\n<li>Le mat\u00e9riau peut \u00eatre s\u00e9lectionn\u00e9\u00a0<strong>Doublure en EVA de qualit\u00e9 alimentaire + rev\u00eatement en tissu Lycra<\/strong>\u00a0ou\u00a0<strong>Carton blanc 250gsm flockage process<\/strong>L'ensemble est dot\u00e9 d'un rev\u00eatement d\u00e9licat et d'une fonction d'amortissement anti-chute.<\/li>\n<\/ul>\n<h2 id=\"4-full-dimensional-customization-service-\">4.\u00a0<strong>Service de personnalisation compl\u00e8te<\/strong><\/h2>\n<ul>\n<li><strong>Adaptation souple de la taille<\/strong>: Permet de personnaliser les bo\u00eetes de 5 \u00e0 50 cartouches, compatibles avec les paquets individuels et les s\u00e9ries, avec un contr\u00f4le de tol\u00e9rance de \u00b10,3 mm.<\/li>\n<li><strong>Rev\u00eatement modulaire<\/strong>: Design\u00a0<strong>Rainure de la grille EVA<\/strong>\u00a0ou\u00a0<strong>fente en \u00e9ponge<\/strong>\u00a0en fonction de la forme de la cartouche (cylindre\/bo\u00eete carr\u00e9e\/forme sp\u00e9ciale) pour obtenir une fixation sans d\u00e9placement et am\u00e9liorer la r\u00e9sistance aux chocs du transport par 60%.<\/li>\n<li><strong>Design exclusif \u00e0 la marque<\/strong>: Fournir\u00a0<strong>laser laser LOGO<\/strong>,\u00a0<strong>Texture gaufr\u00e9e UV<\/strong>\u00a0et\u00a0<strong>s\u00e9rigraphie<\/strong>\u00a0et l'impression d'\u00e9tiquettes de conformit\u00e9 pour des plateformes telles qu'Amazon et des stations ind\u00e9pendantes.<\/li>\n<\/ul>\n<h2 id=\"5-global-compliance-support-\">5.\u00a0<strong>Soutien \u00e0 la conformit\u00e9 au niveau mondial<\/strong><\/h2>\n<ul>\n<li>Fournir\u00a0<strong>CPC (USA)<\/strong>,\u00a0<strong>CE (UE)<\/strong>\u00a0et\u00a0<strong>CSA Z76.1 (Canada)<\/strong>\u00a0des documents de certification, couvrant des rapports d'essais tels que l'ignifugation des emballages et la migration chimique, afin de garantir la l\u00e9galit\u00e9 de la circulation transfrontali\u00e8re des produits d\u00e9riv\u00e9s du cannabis.<\/li>\n<\/ul>\n<h2 id=\"-service-advantages-\"><strong>Avantages du service<\/strong><\/h2>\n<ul>\n<li><strong>Fonctionnement direct de l'usine pendant 16 ans<\/strong>Les produits de la soci\u00e9t\u00e9 sont les suivants : capacit\u00e9 de production journali\u00e8re de 1 000 000 pi\u00e8ces, commande minimale de 500 pi\u00e8ces et livraison extr\u00eamement rapide dans un d\u00e9lai de 7 \u00e0 14 jours.<\/li>\n<li><strong>Autonomisation compl\u00e8te du processus<\/strong>L'entreprise est dot\u00e9e de conseillers commerciaux et d'\u00e9quipes de contr\u00f4le de la qualit\u00e9 qui lui permettent de fournir des services de qualit\u00e9 \u00e0 ses clients, de la conception des dessins \u00e0 la production en s\u00e9rie en passant par la v\u00e9rification des \u00e9preuves.\u00a0<strong>emballage conception-production-logistique<\/strong>\u00a0des services en boucle ferm\u00e9e.<\/li>\n<\/ul>","protected":false},"excerpt":{"rendered":"<p>Notre emballage de cannabis \u00e0 l'\u00e9preuve des enfants en papier \u00e0 tiroir est \u00e9quip\u00e9 d'un dispositif de s\u00e9curit\u00e9 pour les enfants afin de s'assurer qu'il est difficile \u00e0 ouvrir pour les enfants, mais facile \u00e0 ouvrir pour les adultes. Il est enti\u00e8rement conforme aux lois et r\u00e9glementations en vigueur. Il peut \u00eatre hautement personnalis\u00e9 pour s'adapter \u00e0 l'emballage de votre produit de vape de cannabis.<\/p>","protected":false},"featured_media":569,"template":"","meta":{"_kad_post_transparent":"default","_kad_post_title":"","_kad_post_layout":"default","_kad_post_sidebar_id":"","_kad_post_content_style":"default","_kad_post_vertical_padding":"default","_kad_post_feature":"","_kad_post_feature_position":"","_kad_post_header":false,"_kad_post_footer":false,"_kad_post_classname":""},"product_brand":[],"product_cat":[15,40,17],"product_tag":[188,189,169],"class_list":{"0":"post-565","1":"product","2":"type-product","3":"status-publish","4":"has-post-thumbnail","6":"product_cat-red-light-therapy","7":"product_cat-red-light-therapy-panel","8":"product_cat-services","9":"product_tag-custom-1ml-vape-cartridge-packaging","10":"product_tag-custom-disposable-vape-boxes","11":"product_tag-vape-cartridge-packaging","13":"first","14":"instock","15":"shipping-taxable","16":"product-type-simple","17":"entry","18":"content-bg","19":"loop-entry"},"_links":{"self":[{"href":"https:\/\/red-lighttherapy.com\/fr_fr\/wp-json\/wp\/v2\/product\/565","targetHints":{"allow":["GET"]}}],"collection":[{"href":"https:\/\/red-lighttherapy.com\/fr_fr\/wp-json\/wp\/v2\/product"}],"about":[{"href":"https:\/\/red-lighttherapy.com\/fr_fr\/wp-json\/wp\/v2\/types\/product"}],"wp:featuredmedia":[{"embeddable":true,"href":"https:\/\/red-lighttherapy.com\/fr_fr\/wp-json\/wp\/v2\/media\/569"}],"wp:attachment":[{"href":"https:\/\/red-lighttherapy.com\/fr_fr\/wp-json\/wp\/v2\/media?parent=565"}],"wp:term":[{"taxonomy":"product_brand","embeddable":true,"href":"https:\/\/red-lighttherapy.com\/fr_fr\/wp-json\/wp\/v2\/product_brand?post=565"},{"taxonomy":"product_cat","embeddable":true,"href":"https:\/\/red-lighttherapy.com\/fr_fr\/wp-json\/wp\/v2\/product_cat?post=565"},{"taxonomy":"product_tag","embeddable":true,"href":"https:\/\/red-lighttherapy.com\/fr_fr\/wp-json\/wp\/v2\/product_tag?post=565"}],"curies":[{"name":"wp","href":"https:\/\/api.w.org\/{rel}","templated":true}]}}