{"id":559,"date":"2025-04-12T08:13:57","date_gmt":"2025-04-12T08:13:57","guid":{"rendered":"https:\/\/red-lighttherapy.com\/?post_type=product&#038;p=559"},"modified":"2025-04-12T08:34:31","modified_gmt":"2025-04-12T08:34:31","slug":"wholesale-premium-custom-perfume-cosmetic-boxes-supplies","status":"publish","type":"product","link":"https:\/\/red-lighttherapy.com\/fr_fr\/wholesale-premium-custom-perfume-cosmetic-boxes-supplies\/","title":{"rendered":"Bo\u00eetes \u00e0 parfum et \u00e0 cosm\u00e9tiques personnalis\u00e9es en gros"},"content":{"rendered":"<h2 id=\"-customized-perfume-and-cosmetics-box-product-description-\"><strong>Description du produit Bo\u00eete \u00e0 parfum et \u00e0 cosm\u00e9tiques personnalis\u00e9e<\/strong><\/h2>\n<p>Pour r\u00e9pondre aux besoins d'emballage des parfums et cosm\u00e9tiques haut de gamme, nous avons lanc\u00e9 des solutions d'emballage personnalis\u00e9es qui combinent fonctionnalit\u00e9, esth\u00e9tique et valeur de la marque, et cr\u00e9ent les avantages fondamentaux suivants pour les clients du commerce de gros :<\/p>\n<h2 id=\"1-coated-paper-material-sturdy-and-durable-\">1.\u00a0<strong>Mat\u00e9riau en papier couch\u00e9, robuste et durable<\/strong><\/h2>\n<p>Il s'agit d'un papier couch\u00e9 \u00e0 fort grammage, dont la surface est lisse et d\u00e9licate et dont le taux de reproduction des couleurs d'impression est sup\u00e9rieur \u00e0 95%. Le papier a une excellente rigidit\u00e9 et une bonne capacit\u00e9 de charge. Une seule bo\u00eete peut supporter jusqu'\u00e0 1,5 kg, ce qui convient \u00e0 l'emballage s\u00fbr de divers contenants fragiles tels que les bouteilles en verre et les bouteilles en c\u00e9ramique, tout en r\u00e9pondant aux besoins d'une pr\u00e9sentation par empilement de plusieurs couches.<\/p>\n<h2 id=\"2-herm-s-orange-design-strong-visual-impact-\">2.\u00a0<strong>Le design orange d'Herm\u00e8s, un fort impact visuel<\/strong><\/h2>\n<p>La bo\u00eete ext\u00e9rieure utilise l'orange embl\u00e9matique d'Herm\u00e8s, combin\u00e9e \u00e0 la colle mate ou \u00e0 la technologie de marquage \u00e0 chaud, pour former un \"point de mire visuel\" sur l'\u00e9tag\u00e8re. L'orange symbolise la vitalit\u00e9 et le luxe, et peut renforcer efficacement la reconnaissance de la marque. Les donn\u00e9es montrent que les emballages de couleur orange peuvent augmenter le taux de conservation des consommateurs de 20%. Le type de bo\u00eete permet une vari\u00e9t\u00e9 de m\u00e9thodes d'ouverture telles que les couvercles sup\u00e9rieurs et inf\u00e9rieurs et les couvercles \u00e0 rabat, et est assorti d'un LOGO marqu\u00e9 \u00e0 chaud ou de textures gaufr\u00e9es pour renforcer le sentiment de c\u00e9r\u00e9monie de d\u00e9ballage.<\/p>\n<h2 id=\"3-customized-protection-of-eva-lining-\">3.\u00a0<strong>Protection personnalis\u00e9e de la doublure EVA<\/strong><\/h2>\n<p>La doublure est fabriqu\u00e9e en EVA haute densit\u00e9, dont la r\u00e9sistance aux chocs est 1,5 fois sup\u00e9rieure \u00e0 la norme industrielle et qui peut absorber 70% de l'\u00e9nergie vibratoire du transport. Elle offre des options de duret\u00e9 de 25\u00b0 \u00e0 80\u00b0 et une conception de rainure personnalis\u00e9e pour la forme du flacon de parfum afin d'assurer une fixation sans d\u00e9placement ; la surface peut \u00eatre floqu\u00e9e (telle que la texture velours) ou givr\u00e9e mate, en tenant compte \u00e0 la fois de la protection et du toucher haut de gamme.<\/p>\n<h2 id=\"4-diversified-printing-and-creative-design-\">4.\u00a0<strong>Impression diversifi\u00e9e et conception cr\u00e9ative<\/strong><\/h2>\n<p>Elle prend en charge l'impression en quadrichromie CMYK, l'impression UV partielle, le gaufrage 3D et d'autres processus, et peut \u00eatre int\u00e9gr\u00e9e \u00e0 des illustrations artistiques, \u00e0 une g\u00e9om\u00e9trie minimaliste ou \u00e0 des \u00e9l\u00e9ments culturels exclusifs \u00e0 une marque. Par exemple :<\/p>\n<ul>\n<li><strong>Th\u00e8me du festival<\/strong>: Combin\u00e9 avec des flocons de neige et des motifs floraux en marquage \u00e0 chaud pour cr\u00e9er des coffrets cadeaux en \u00e9dition limit\u00e9e ;<\/li>\n<li><strong>Concept de protection de l'environnement<\/strong>: Impression avec des encres renouvelables et association avec des logos en mat\u00e9riaux d\u00e9gradables ;<\/li>\n<li><strong>Interaction intelligente<\/strong>: Int\u00e9grer un code QR AR, scanner le code pour acc\u00e9der \u00e0 l'histoire de la marque ou au tutoriel d'utilisation.<\/li>\n<\/ul>\n<h2 id=\"5-one-stop-service-and-detail-control-\">5.\u00a0<strong>Service unique et contr\u00f4le des d\u00e9tails<\/strong><\/h2>\n<p>Forts de 20 ans d'exp\u00e9rience dans le domaine de l'emballage et de l'impression, nous fournissons des services complets, de la conception \u00e0 la production en s\u00e9rie en passant par l'\u00e9preuvage :<\/p>\n<ul>\n<li><strong>Optimisation structurelle<\/strong>: V\u00e9rifier la portance de la bo\u00eete et la fluidit\u00e9 de l'ouverture et de la fermeture \u00e0 l'aide d'une mod\u00e9lisation 3D ;<\/li>\n<li><strong>Contr\u00f4le de la qualit\u00e9<\/strong>: Le laboratoire effectue des tests de compression, de r\u00e9sistance \u00e0 l'humidit\u00e9 et de chute pour garantir la s\u00e9curit\u00e9 du transport ;<\/li>\n<li><strong>Production flexible<\/strong>: Prise en charge d'une commande minimale de 500, grande quantit\u00e9 et bon prix, et livraison rapide dans les 7 \u00e0 15 jours.<\/li>\n<\/ul>\n<h2 id=\"-why-choose-us-\"><strong>Pourquoi nous choisir ?<\/strong><\/h2>\n<ul>\n<li><strong>\u00c9quipe professionnelle<\/strong>: Les concepteurs et les ing\u00e9nieurs d\u00e9veloppent conjointement un \u00e9quilibre entre l'esth\u00e9tique et l'aspect pratique ;<\/li>\n<li><strong>Avantage en termes de co\u00fbts<\/strong>: Fonctionnement direct de l'usine, r\u00e9duction des liens interm\u00e9diaires et r\u00e9duction des co\u00fbts globaux de 15%-30% ;<\/li>\n<li><strong>Garantie apr\u00e8s-vente<\/strong>: Nous fournissons un service de retour de commande pour r\u00e9soudre les probl\u00e8mes de transport ou les d\u00e9fauts de fabrication.<\/li>\n<\/ul>","protected":false},"excerpt":{"rendered":"<p>Bo\u00eete en papier \u00e0 tiroir Ouverture par glissement Am\u00e9liorez l'exp\u00e9rience de d\u00e9ballage. Le corps de la bo\u00eete est de couleur orange Herm\u00e8s, ce qui lui conf\u00e8re \u00e0 la fois vitalit\u00e9 et chaleur. Il peut attirer l'attention des clients sur la vitrine de l'\u00e9tag\u00e8re. La doublure peut \u00eatre personnalis\u00e9e en fonction de vos besoins afin d'\u00e9viter tout mouvement du produit et de prot\u00e9ger vos flacons de parfums et de cosm\u00e9tiques contre les dommages.<\/p>","protected":false},"featured_media":562,"template":"","meta":{"_kad_post_transparent":"default","_kad_post_title":"","_kad_post_layout":"default","_kad_post_sidebar_id":"","_kad_post_content_style":"default","_kad_post_vertical_padding":"default","_kad_post_feature":"","_kad_post_feature_position":"","_kad_post_header":false,"_kad_post_footer":false,"_kad_post_classname":""},"product_brand":[],"product_cat":[15,28,20,17],"product_tag":[186,185,187],"class_list":{"0":"post-559","1":"product","2":"type-product","3":"status-publish","4":"has-post-thumbnail","6":"product_cat-red-light-therapy","7":"product_cat-customize","8":"product_cat-led-face-light-therapy","9":"product_cat-services","10":"product_tag-cosmetic-boxes-supplies","11":"product_tag-custom-perfume-boxes","12":"product_tag-wholesale-premium-boxes","14":"first","15":"instock","16":"shipping-taxable","17":"product-type-simple","18":"entry","19":"content-bg","20":"loop-entry"},"_links":{"self":[{"href":"https:\/\/red-lighttherapy.com\/fr_fr\/wp-json\/wp\/v2\/product\/559","targetHints":{"allow":["GET"]}}],"collection":[{"href":"https:\/\/red-lighttherapy.com\/fr_fr\/wp-json\/wp\/v2\/product"}],"about":[{"href":"https:\/\/red-lighttherapy.com\/fr_fr\/wp-json\/wp\/v2\/types\/product"}],"wp:featuredmedia":[{"embeddable":true,"href":"https:\/\/red-lighttherapy.com\/fr_fr\/wp-json\/wp\/v2\/media\/562"}],"wp:attachment":[{"href":"https:\/\/red-lighttherapy.com\/fr_fr\/wp-json\/wp\/v2\/media?parent=559"}],"wp:term":[{"taxonomy":"product_brand","embeddable":true,"href":"https:\/\/red-lighttherapy.com\/fr_fr\/wp-json\/wp\/v2\/product_brand?post=559"},{"taxonomy":"product_cat","embeddable":true,"href":"https:\/\/red-lighttherapy.com\/fr_fr\/wp-json\/wp\/v2\/product_cat?post=559"},{"taxonomy":"product_tag","embeddable":true,"href":"https:\/\/red-lighttherapy.com\/fr_fr\/wp-json\/wp\/v2\/product_tag?post=559"}],"curies":[{"name":"wp","href":"https:\/\/api.w.org\/{rel}","templated":true}]}}