{"id":546,"date":"2025-04-12T07:30:15","date_gmt":"2025-04-12T07:30:15","guid":{"rendered":"https:\/\/red-lighttherapy.com\/?post_type=product&#038;p=546"},"modified":"2025-04-12T08:13:49","modified_gmt":"2025-04-12T08:13:49","slug":"custom-lipstick-lip-balm-gloss-paper-tube-packaging-supplier","status":"publish","type":"product","link":"https:\/\/red-lighttherapy.com\/fr_fr\/custom-lipstick-lip-balm-gloss-paper-tube-packaging-supplier\/","title":{"rendered":"Emballage en papier pour rouge \u00e0 l\u00e8vres, baume \u00e0 l\u00e8vres, gloss, etc."},"content":{"rendered":"<h2 id=\"-customized-lipstick-and-lip-balm-glossy-paper-tube-packaging-product-description-\"><strong>Tube en papier brillant pour rouge \u00e0 l\u00e8vres et baume \u00e0 l\u00e8vres Description du produit<\/strong><\/h2>\n<h2 id=\"-1-structural-design-cylindrical-top-and-bottom-lid-box-easy-to-operate-with-one-hand-\"><strong>1. Conception structurelle : bo\u00eete cylindrique \u00e0 couvercle sup\u00e9rieur et inf\u00e9rieur, facile \u00e0 manipuler d'une seule main.<\/strong><\/h2>\n<ul>\n<li>La structure cylindrique des couvercles sup\u00e9rieur et inf\u00e9rieur, s\u00e9par\u00e9s, optimise l'ouverture et la fermeture et peut \u00eatre facilement manipul\u00e9e d'une seule main, ce qui est conforme au design ergonomique.<\/li>\n<li>Permet de personnaliser la taille (diam\u00e8tre 15-32 mm, hauteur 50-150 mm). Convient aux produits de rouge \u00e0 l\u00e8vres et de baume \u00e0 l\u00e8vres de diff\u00e9rentes sp\u00e9cifications.<\/li>\n<\/ul>\n<h2 id=\"-2-visual-aesthetics-red-and-pink-contrast-and-artistic-lines-\"><strong>2. Esth\u00e9tique visuelle : contraste entre le rouge et le rose et lignes artistiques<\/strong><\/h2>\n<ul>\n<li>La couleur principale est un rouge et un rose tr\u00e8s satur\u00e9s, combin\u00e9s \u00e0 un d\u00e9grad\u00e9 ou \u00e0 une technologie d'\u00e9pissage pour cr\u00e9er un impact visuel jeune et branch\u00e9.<\/li>\n<li>Le corps de la bo\u00eete incorpore des lignes artistiques douces ou des motifs g\u00e9om\u00e9triques, et les couleurs contrast\u00e9es renforcent le th\u00e8me de la beaut\u00e9 et transmettent la vitalit\u00e9 et le sens artistique de la marque.<\/li>\n<\/ul>\n<h2 id=\"-3-craft-details-hot-silver-logo-and-layering-enhancement-\"><strong>3. D\u00e9tails artisanaux : logo en argent chaud et mise en valeur des couches.<\/strong><\/h2>\n<ul>\n<li>La technologie de l'argent chaud est utilis\u00e9e pour pr\u00e9senter avec pr\u00e9cision des d\u00e9tails tels que le LOGO de la marque et le logo du texte, en veillant \u00e0 ce que les minuscules motifs soient clairs et d\u00e9licats, et que le toucher soit tridimensionnel et riche en couches.<\/li>\n<li>Le rev\u00eatement UV, le film mat et d'autres proc\u00e9d\u00e9s de traitement de surface peuvent \u00eatre superpos\u00e9s pour am\u00e9liorer la texture et la r\u00e9sistance \u00e0 l'usure.<\/li>\n<\/ul>\n<h2 id=\"-4-material-and-printing-full-dimensional-customized-service-\"><strong>4. Mat\u00e9riau et impression : service personnalis\u00e9 en toutes dimensions<\/strong><\/h2>\n<ul>\n<li><strong>S\u00e9lection des mat\u00e9riaux<\/strong>: Fournir du papier kraft, du plastique d\u00e9gradable, du carton blanc et d'autres substrats respectueux de l'environnement, en tenant compte de la durabilit\u00e9 et du d\u00e9veloppement durable.<\/li>\n<li><strong>Processus d'impression<\/strong>: Elle prend en charge l'impression couleur, le gaufrage, la surface brillante locale UV et d'autres processus, et s'adapte aux motifs complexes et aux exigences de couleur de la marque.<\/li>\n<\/ul>\n<h2 id=\"-5-production-and-quality-control-efficient-and-stable-large-scale-delivery-capabilities-\"><strong>5. Production et contr\u00f4le de la qualit\u00e9 : capacit\u00e9s de livraison \u00e0 grande \u00e9chelle efficaces et stables<\/strong><\/h2>\n<ul>\n<li><strong>Ligne de production automatis\u00e9e<\/strong>: \u00c9quip\u00e9e d'un mat\u00e9riel de moulage par injection, d'impression et d'assemblage enti\u00e8rement automatique, avec une capacit\u00e9 de production quotidienne de plus de 5 millions de pi\u00e8ces, permettant de r\u00e9pondre rapidement aux commandes d'urgence.<\/li>\n<li><strong>Syst\u00e8me de qualit\u00e9<\/strong>: De l'approvisionnement en mati\u00e8res premi\u00e8res (telles que les encres \u00e9cologiques certifi\u00e9es par MSDS) \u00e0 la livraison du produit fini, 12 processus d'inspection sont mis en \u0153uvre pour garantir que l'erreur dimensionnelle est \u22640,1mm et la diff\u00e9rence de couleur d'impression \u0394E\u22641,5.<\/li>\n<\/ul>\n<h2 id=\"-6-value-added-services-one-stop-brand-empowerment-\"><strong>6. Services \u00e0 valeur ajout\u00e9e : renforcement de la marque par un guichet unique<\/strong><\/h2>\n<ul>\n<li>Fournir des services OEM\/ODM, soutenir la personnalisation des moules, l'autorisation de marques priv\u00e9es et l'utilisation sp\u00e9ciale transfrontali\u00e8re.<\/li>\n<li>Fournir des solutions d'emballage ext\u00e9rieur (telles que des sacs \u00e0 poussi\u00e8re, des bo\u00eetes en papier ruban, des plateaux int\u00e9rieurs en EVA) et optimiser la logistique afin de r\u00e9duire les pertes de transport.<\/li>\n<\/ul>","protected":false},"excerpt":{"rendered":"<p>L'emballage tubulaire en papier avec couvercle et base adopte une structure s\u00e9par\u00e9e pour les couvercles sup\u00e9rieur et inf\u00e9rieur, ce qui est facile \u00e0 manipuler d'une seule main. Le corps de la bo\u00eete est principalement rouge et rose, ce qui a un fort impact visuel et correspond au ton d'une marque jeune et branch\u00e9e.<\/p>","protected":false},"featured_media":548,"template":"","meta":{"_kad_post_transparent":"default","_kad_post_title":"","_kad_post_layout":"default","_kad_post_sidebar_id":"","_kad_post_content_style":"default","_kad_post_vertical_padding":"default","_kad_post_feature":"","_kad_post_feature_position":"","_kad_post_header":false,"_kad_post_footer":false,"_kad_post_classname":""},"product_brand":[],"product_cat":[15,28,17],"product_tag":[184,183,182],"class_list":{"0":"post-546","1":"product","2":"type-product","3":"status-publish","4":"has-post-thumbnail","6":"product_cat-red-light-therapy","7":"product_cat-customize","8":"product_cat-services","9":"product_tag-custom-lipstick-lip-balm-packaging-supplier","10":"product_tag-lip-balm-packaging","11":"product_tag-lipstick-paper-tube","13":"first","14":"instock","15":"shipping-taxable","16":"product-type-simple","17":"entry","18":"content-bg","19":"loop-entry"},"_links":{"self":[{"href":"https:\/\/red-lighttherapy.com\/fr_fr\/wp-json\/wp\/v2\/product\/546","targetHints":{"allow":["GET"]}}],"collection":[{"href":"https:\/\/red-lighttherapy.com\/fr_fr\/wp-json\/wp\/v2\/product"}],"about":[{"href":"https:\/\/red-lighttherapy.com\/fr_fr\/wp-json\/wp\/v2\/types\/product"}],"wp:featuredmedia":[{"embeddable":true,"href":"https:\/\/red-lighttherapy.com\/fr_fr\/wp-json\/wp\/v2\/media\/548"}],"wp:attachment":[{"href":"https:\/\/red-lighttherapy.com\/fr_fr\/wp-json\/wp\/v2\/media?parent=546"}],"wp:term":[{"taxonomy":"product_brand","embeddable":true,"href":"https:\/\/red-lighttherapy.com\/fr_fr\/wp-json\/wp\/v2\/product_brand?post=546"},{"taxonomy":"product_cat","embeddable":true,"href":"https:\/\/red-lighttherapy.com\/fr_fr\/wp-json\/wp\/v2\/product_cat?post=546"},{"taxonomy":"product_tag","embeddable":true,"href":"https:\/\/red-lighttherapy.com\/fr_fr\/wp-json\/wp\/v2\/product_tag?post=546"}],"curies":[{"name":"wp","href":"https:\/\/api.w.org\/{rel}","templated":true}]}}