{"id":539,"date":"2025-04-12T07:12:46","date_gmt":"2025-04-12T07:12:46","guid":{"rendered":"https:\/\/red-lighttherapy.com\/?post_type=product&#038;p=539"},"modified":"2025-04-12T07:30:03","modified_gmt":"2025-04-12T07:30:03","slug":"custom-wine-glasses-cup-drinkware-lid-and-base-box-wholesale","status":"publish","type":"product","link":"https:\/\/red-lighttherapy.com\/fr_fr\/custom-wine-glasses-cup-drinkware-lid-and-base-box-wholesale\/","title":{"rendered":"Verres \u00e0 vin personnalis\u00e9s Verres \u00e0 boire Couvercle et bo\u00eete de base Wholesale"},"content":{"rendered":"<h2 id=\"-customized-wine-glasses-and-wineware-box-with-lid-and-top-cover-product-description-\"><strong>Bo\u00eete de verres \u00e0 vin personnalis\u00e9s avec couvercle et base Description du produit<\/strong><\/h2>\n<h2 id=\"-1-innovative-box-design-with-lid-and-top-cover-\"><strong>1. Bo\u00eete de conception innovante avec couvercle et capot sup\u00e9rieur<\/strong><\/h2>\n<p>Adopter\u00a0<strong>structure s\u00e9par\u00e9e des couvercles sup\u00e9rieur et inf\u00e9rieur<\/strong>Il peut \u00eatre facilement ouvert et ferm\u00e9 d'une seule main, en tenant compte de la commodit\u00e9 et du sens du rituel. L'int\u00e9rieur de la bo\u00eete est pr\u00e9cis\u00e9ment adapt\u00e9 \u00e0 la taille du verre \u00e0 vin et fix\u00e9 par une \u00e9ponge EVA ou une doublure en blister.\u00a0<strong>protection contre les chocs \u00e0 d\u00e9placement nul<\/strong>\u00a0pendant le transport, ce qui garantit la s\u00e9curit\u00e9 et l'int\u00e9grit\u00e9 des produits en verre.<\/p>\n<h2 id=\"-2-three-dimensional-hot-stamping-process-details-highlight-the-brand-\"><strong>2. Processus d'estampage \u00e0 chaud tridimensionnel, les d\u00e9tails mettent en valeur la marque.<\/strong><\/h2>\n<p>Utilisation\u00a0<strong>technologie de marquage \u00e0 chaud tridimensionnel de haute pr\u00e9cision<\/strong>Il peut pr\u00e9senter le LOGO, les motifs ou le texte de la marque au micron pr\u00e8s, m\u00eame les lignes complexes et les petits motifs peuvent \u00eatre clairement affich\u00e9s, ce qui permet \u00e0 la bo\u00eete d'emballage de s'adapter \u00e0 l'\u00e9volution du march\u00e9.\u00a0<strong>texture m\u00e9tallique et couches tridimensionnelles<\/strong>. Combin\u00e9e \u00e0 la s\u00e9rigraphie, au gaufrage et \u00e0 d'autres proc\u00e9d\u00e9s, elle renforce l'impact visuel et contribue \u00e0 am\u00e9liorer l'image haut de gamme de la marque.<\/p>\n<h2 id=\"-3-one-stop-customization-service-worry-free-throughout-the-process-\"><strong>3. Service de personnalisation \u00e0 guichet unique, sans souci tout au long du processus<\/strong><\/h2>\n<ul>\n<li><strong>Adaptation pr\u00e9cise de la taille<\/strong>: Permet la personnalisation des verres \u00e0 vin de 3 \u00e0 10 oz (85 \u00e0 285 ml) et d\u00e9veloppe des moules selon les dessins ou les \u00e9chantillons du client \u00e0 l'\u00e9chelle 1:1 afin de garantir que la doublure et les verres \u00e0 vin ne sont pas endommag\u00e9s par la chaleur.\u00a0<strong>s'int\u00e9grer parfaitement<\/strong>.<\/li>\n<li><strong>Assistance gratuite \u00e0 la conception<\/strong>: Une \u00e9quipe de professionnels se charge de la structure de l'emballage et de la conception du sch\u00e9ma visuel, en int\u00e9grant le ton de la marque pour cr\u00e9er un emballage diff\u00e9renci\u00e9.<\/li>\n<li><strong>Pr\u00e9-inspection de la qualit\u00e9 de l'\u00e9chantillon<\/strong>: Des \u00e9chantillons gratuits sont envoy\u00e9s avec des rapports d'inspection de la qualit\u00e9, et la production en s\u00e9rie sera effectu\u00e9e apr\u00e8s confirmation.<\/li>\n<\/ul>\n<h2 id=\"-4-intelligent-production-guarantees-efficiency-and-quality-\"><strong>4. La production intelligente garantit l'efficacit\u00e9 et la qualit\u00e9<\/strong><\/h2>\n<p>S'appuyer sur\u00a0<strong>16 ans d'exp\u00e9rience dans le secteur<\/strong>\u00a0et\u00a0<strong>syst\u00e8me intelligent de gestion de la production<\/strong>L'ensemble du processus, de l'approvisionnement en mati\u00e8res premi\u00e8res \u00e0 la livraison des produits finis, est automatis\u00e9 et contr\u00f4l\u00e9. L'usine est \u00e9quip\u00e9e d'un syst\u00e8me de suivi des commandes ERP et d'un syst\u00e8me d'ex\u00e9cution de la production MES afin de garantir la livraison des commandes dans les d\u00e9lais et un taux de qualification des produits de 99,8%.<\/p>\n<h2 id=\"-5-successful-cases-and-word-of-mouth-endorsement-\"><strong>5. Cas de r\u00e9ussite et soutien de bouche \u00e0 oreille<\/strong><\/h2>\n<p>Les services couvrent\u00a0<strong>vin blanc, vin rouge, marques de vins \u00e9trangers haut de gamme<\/strong>Parmi ses clients, on trouve des soci\u00e9t\u00e9s vinicoles de renom et des exportateurs transfrontaliers. Avec l'aide de l\u00a0<strong>source factory direct supply<\/strong>\u00a0Avantage : nous fournissons des solutions rentables pour les commandes d'essai en petits lots et la production de masse \u00e0 grande \u00e9chelle.<\/p>\n<h2 id=\"-why-choose-us-\"><strong>Pourquoi nous choisir ?<\/strong><\/h2>\n<p>\u2705\u00a0<strong>Conception gratuite + \u00e9preuvage gratuit<\/strong>R\u00e9ponse rapide aux besoins dans les 48 heures<br \/>\n\u2705\u00a0<strong>Usine certifi\u00e9e ISO<\/strong>Les normes de protection de l'environnement pour les exportations transfrontali\u00e8res sont respect\u00e9es.<br \/>\n\u2705\u00a0<strong>100% contr\u00f4le de qualit\u00e9 avant l'entreposage<\/strong>taux de rupture promis inf\u00e9rieur \u00e0 0,1%<\/p>","protected":false},"excerpt":{"rendered":"<p>Le type de bo\u00eete \u00e0 couvercle et \u00e0 base adopte la m\u00e9thode de s\u00e9paration des couvercles sup\u00e9rieur et inf\u00e9rieur, qui est facile \u00e0 manipuler d'une seule main. Le processus de marquage \u00e0 chaud permet d'afficher parfaitement la qualit\u00e9 de l'artisanat devant les clients et de renforcer la popularit\u00e9 de votre marque. Il peut \u00eatre hautement personnalis\u00e9 pour s'adapter \u00e0 l'emballage de vos verres \u00e0 vin et ustensiles de vin.<\/p>","protected":false},"featured_media":540,"template":"","meta":{"_kad_post_transparent":"default","_kad_post_title":"","_kad_post_layout":"default","_kad_post_sidebar_id":"","_kad_post_content_style":"default","_kad_post_vertical_padding":"default","_kad_post_feature":"","_kad_post_feature_position":"","_kad_post_header":false,"_kad_post_footer":false,"_kad_post_classname":""},"product_brand":[],"product_cat":[15,19,17],"product_tag":[178,176,177],"class_list":{"0":"post-539","1":"product","2":"type-product","3":"status-publish","4":"has-post-thumbnail","6":"product_cat-red-light-therapy","7":"product_cat-red-light-therapy-stand","8":"product_cat-services","9":"product_tag-custom-drinkware-box-wholesale","10":"product_tag-custom-wine-box","11":"product_tag-glasses-cup-lid-and-base-box","13":"first","14":"instock","15":"shipping-taxable","16":"product-type-simple","17":"entry","18":"content-bg","19":"loop-entry"},"_links":{"self":[{"href":"https:\/\/red-lighttherapy.com\/fr_fr\/wp-json\/wp\/v2\/product\/539","targetHints":{"allow":["GET"]}}],"collection":[{"href":"https:\/\/red-lighttherapy.com\/fr_fr\/wp-json\/wp\/v2\/product"}],"about":[{"href":"https:\/\/red-lighttherapy.com\/fr_fr\/wp-json\/wp\/v2\/types\/product"}],"wp:featuredmedia":[{"embeddable":true,"href":"https:\/\/red-lighttherapy.com\/fr_fr\/wp-json\/wp\/v2\/media\/540"}],"wp:attachment":[{"href":"https:\/\/red-lighttherapy.com\/fr_fr\/wp-json\/wp\/v2\/media?parent=539"}],"wp:term":[{"taxonomy":"product_brand","embeddable":true,"href":"https:\/\/red-lighttherapy.com\/fr_fr\/wp-json\/wp\/v2\/product_brand?post=539"},{"taxonomy":"product_cat","embeddable":true,"href":"https:\/\/red-lighttherapy.com\/fr_fr\/wp-json\/wp\/v2\/product_cat?post=539"},{"taxonomy":"product_tag","embeddable":true,"href":"https:\/\/red-lighttherapy.com\/fr_fr\/wp-json\/wp\/v2\/product_tag?post=539"}],"curies":[{"name":"wp","href":"https:\/\/api.w.org\/{rel}","templated":true}]}}