{"id":529,"date":"2025-04-12T06:52:35","date_gmt":"2025-04-12T06:52:35","guid":{"rendered":"https:\/\/red-lighttherapy.com\/?post_type=product&#038;p=529"},"modified":"2025-04-20T06:01:01","modified_gmt":"2025-04-20T06:01:01","slug":"lid-and-base-box-clothes-apparel-shapewear-packaging-factory","status":"publish","type":"product","link":"https:\/\/red-lighttherapy.com\/fr_fr\/lid-and-base-box-clothes-apparel-shapewear-packaging-factory\/","title":{"rendered":"Couvercle et bo\u00eete de base V\u00eatements Shapewear Emballage Factory"},"content":{"rendered":"<h2>Couvercle et bo\u00eete de base V\u00eatements Shapewear Emballage Factory<\/h2>\n<h2 id=\"1-appearance-design-\">1.\u00a0<strong>Conception de l'apparence<\/strong><\/h2>\n<p>Le corps de la bo\u00eete adopte la structure classique d'un couvercle sup\u00e9rieur et d'un couvercle inf\u00e9rieur, les couvercles sup\u00e9rieur et inf\u00e9rieur sont bien serr\u00e9s, et l'ouverture et la fermeture sont pratiques et stables. La couleur principale marron mat est assortie au LOGO ou au motif du processus de marquage \u00e0 chaud\/embossage, ce qui r\u00e9v\u00e8le la texture l\u00e9g\u00e8re et luxueuse d'une mani\u00e8re discr\u00e8te. Si vous souhaitez am\u00e9liorer le niveau visuel, vous pouvez ajouter un relief ou une technologie de gaufrage pour am\u00e9liorer le toucher et le sens tridimensionnel.<\/p>\n<h2 id=\"2-inner-lining-adaptation-\">2.\u00a0<strong>Adaptation de la doublure int\u00e9rieure<\/strong><\/h2>\n<p>En fonction de la taille et du positionnement des cat\u00e9gories de v\u00eatements (tels que les body shapers, les T-shirts, les jupes), proposer des options de doublure diversifi\u00e9es :<\/p>\n<ul>\n<li><strong>Doublure en flocage EVA<\/strong>: La surface est recouverte de flanelle d\u00e9licate, douce et r\u00e9sistante aux rayures, convenant aux dentelles et aux tissus de soie haut de gamme ;<\/li>\n<li><strong>Support int\u00e9rieur en coton perl\u00e9<\/strong>: Respectueux de l'environnement et r\u00e9sistant \u00e0 la pression, la rainure peut \u00eatre personnalis\u00e9e pour fixer les v\u00eatements afin d'assurer un transport antichoc ;<\/li>\n<li><strong>Cloison en tissu de soie<\/strong>: Gr\u00e2ce \u00e0 ses bretelles en forme de n\u0153ud papillon, il permet de s\u00e9parer plusieurs pi\u00e8ces de v\u00eatements et de renforcer le sentiment de c\u00e9r\u00e9monie lors du d\u00e9ballage.<\/li>\n<\/ul>\n<h2 id=\"3-decorative-details-\">3.\u00a0<strong>D\u00e9tails d\u00e9coratifs<\/strong><\/h2>\n<p>Le couvercle de la bo\u00eete est accompagn\u00e9 d'un ruban en satin de la m\u00eame couleur ou d'une couleur contrastante, qui pr\u00e9sente une forme compl\u00e8te gr\u00e2ce \u00e0 un processus de pliage tridimensionnel. La queue du ruban peut \u00eatre imprim\u00e9e avec un slogan de la marque, ce qui permet de combiner la reconnaissance de la marque et l'aspect d\u00e9coratif. La bo\u00eete int\u00e9rieure peut \u00eatre munie d'une boucle magn\u00e9tique ou d'une poign\u00e9e en ruban pour faciliter l'ouverture.<\/p>\n<h2 id=\"4-customized-service-\">4.\u00a0<strong>Service personnalis\u00e9<\/strong><\/h2>\n<p>S'appuyant sur 16 ans d'exp\u00e9rience dans le domaine de l'impression et de l'emballage, il permet une personnalisation compl\u00e8te des liens :<\/p>\n<ul>\n<li><strong>Taille flexible<\/strong>: Des bo\u00eetes \u00e0 sous-v\u00eatements compactes (16\u00d724 cm) aux bo\u00eetes \u00e0 manteaux de grande capacit\u00e9 (30\u00d750 cm), elles conviennent \u00e0 diff\u00e9rents produits ;<\/li>\n<li><strong>Mise \u00e0 niveau technologique<\/strong>: Impression UV en option, laser partiel, mat\u00e9riaux d\u00e9gradables, etc., pour r\u00e9pondre aux besoins en mati\u00e8re de protection de l'environnement ou aux besoins haut de gamme ;<\/li>\n<li><strong>\u00c9l\u00e9ments de la marque<\/strong>: La doublure int\u00e9rieure du carton peut \u00eatre imprim\u00e9e avec des instructions de lavage ou des histoires de la marque, et la bo\u00eete ext\u00e9rieure peut \u00eatre imprim\u00e9e avec des \u00e9tiquettes anti-contrefa\u00e7on pour am\u00e9liorer l'exp\u00e9rience du client.<\/li>\n<\/ul>\n<h2 id=\"5-quality-assurance-\">5.\u00a0<strong>Assurance qualit\u00e9<\/strong><\/h2>\n<p>La cha\u00eene d'approvisionnement int\u00e8gre la production de mati\u00e8res premi\u00e8res telles que le papier, l'EVA et le ruban, et a obtenu la certification du syst\u00e8me de qualit\u00e9 ISO9001 afin de garantir un contr\u00f4le de qualit\u00e9 complet, de l'\u00e9preuve de conception \u00e0 la livraison en masse. Elle permet un suivi en temps r\u00e9el de l'avancement de la production sur WeChat, une livraison rapide dans un d\u00e9lai de 7 \u00e0 15 jours et une logistique directe vers d'autres pays.<\/p>\n<h2 id=\"-application-scenarios-\"><strong>Sc\u00e9narios d'application :<\/strong><\/h2>\n<p>Convient \u00e0 l'emballage de produits tels que les body shapers, les v\u00eatements d'int\u00e9rieur et les v\u00eatements de pr\u00eat-\u00e0-porter haut de gamme, en tenant compte des besoins de mise en valeur de l'image de marque et de protection du transport. Elle prend en charge la personnalisation des manuscrits et des \u00e9chantillons et propose des services gratuits d'optimisation de la conception et d'\u00e9preuvage.<\/p>","protected":false},"excerpt":{"rendered":"<p>L'ensemble de la bo\u00eete est de couleur marron, avec un couvercle et des bo\u00eetes de base de style discret et stable, tout \u00e0 fait \u00e0 la mode, et a un effet tridimensionnel avec des accessoires en ruban \u00e0 n\u0153uds. Elle est vari\u00e9e et pratique, et ajoute une touche de couleur \u00e0 votre bo\u00eete d'emballage.<\/p>","protected":false},"featured_media":534,"template":"","meta":{"_kad_post_transparent":"default","_kad_post_title":"","_kad_post_layout":"default","_kad_post_sidebar_id":"","_kad_post_content_style":"default","_kad_post_vertical_padding":"default","_kad_post_feature":"","_kad_post_feature_position":"","_kad_post_header":false,"_kad_post_footer":false,"_kad_post_classname":""},"product_brand":[],"product_cat":[15,30,19,17],"product_tag":[174,173,175],"class_list":{"0":"post-529","1":"product","2":"type-product","3":"status-publish","4":"has-post-thumbnail","6":"product_cat-red-light-therapy","7":"product_cat-dropshipping","8":"product_cat-red-light-therapy-stand","9":"product_cat-services","10":"product_tag-apparel-lid-and-base-box","11":"product_tag-clothes-packaging-factory","12":"product_tag-shapewear-packaging-factory","14":"first","15":"instock","16":"shipping-taxable","17":"product-type-simple","18":"entry","19":"content-bg","20":"loop-entry"},"_links":{"self":[{"href":"https:\/\/red-lighttherapy.com\/fr_fr\/wp-json\/wp\/v2\/product\/529","targetHints":{"allow":["GET"]}}],"collection":[{"href":"https:\/\/red-lighttherapy.com\/fr_fr\/wp-json\/wp\/v2\/product"}],"about":[{"href":"https:\/\/red-lighttherapy.com\/fr_fr\/wp-json\/wp\/v2\/types\/product"}],"wp:featuredmedia":[{"embeddable":true,"href":"https:\/\/red-lighttherapy.com\/fr_fr\/wp-json\/wp\/v2\/media\/534"}],"wp:attachment":[{"href":"https:\/\/red-lighttherapy.com\/fr_fr\/wp-json\/wp\/v2\/media?parent=529"}],"wp:term":[{"taxonomy":"product_brand","embeddable":true,"href":"https:\/\/red-lighttherapy.com\/fr_fr\/wp-json\/wp\/v2\/product_brand?post=529"},{"taxonomy":"product_cat","embeddable":true,"href":"https:\/\/red-lighttherapy.com\/fr_fr\/wp-json\/wp\/v2\/product_cat?post=529"},{"taxonomy":"product_tag","embeddable":true,"href":"https:\/\/red-lighttherapy.com\/fr_fr\/wp-json\/wp\/v2\/product_tag?post=529"}],"curies":[{"name":"wp","href":"https:\/\/api.w.org\/{rel}","templated":true}]}}