{"id":517,"date":"2025-04-12T06:12:15","date_gmt":"2025-04-12T06:12:15","guid":{"rendered":"https:\/\/red-lighttherapy.com\/?post_type=product&#038;p=517"},"modified":"2025-04-12T06:52:22","modified_gmt":"2025-04-12T06:52:22","slug":"child-resistant-510-vape-cartridge-packaging-boxes-wholesale","status":"publish","type":"product","link":"https:\/\/red-lighttherapy.com\/fr_fr\/child-resistant-510-vape-cartridge-packaging-boxes-wholesale\/","title":{"rendered":"Bo\u00eetes d'emballage pour cartouches de vapeur 510 r\u00e9sistantes aux enfants Wholesale"},"content":{"rendered":"<h2 id=\"-child-safe-510-e-cigarette-cartridge-packaging-box-wholesale-product-description-\"><strong>Bo\u00eetes d'emballage de cartouches de vapeur 510 r\u00e9sistantes aux enfants Description du produit<\/strong><\/h2>\n<p>Adh\u00e9rant au double concept de l'innovation et de la s\u00e9curit\u00e9, nous avons lanc\u00e9 une campagne de sensibilisation sur le th\u00e8me de la s\u00e9curit\u00e9.\u00a0<strong>bo\u00eete d'emballage \u00e0 l'\u00e9preuve des enfants<\/strong>\u00a0con\u00e7u sp\u00e9cifiquement pour les cartouches d'e-cigarette 510, int\u00e9grant des fonctions de s\u00e9curit\u00e9 pour les enfants, une texture haut de gamme et un design personnalis\u00e9, s'adaptant pleinement aux besoins du cannabis et des produits d'e-cigarette, et aidant les marques \u00e0 se d\u00e9marquer.<\/p>\n<h2 id=\"1-child-proof-certification-compliance-guarantee-\">1.\u00a0<strong>Certification de s\u00e9curit\u00e9 pour les enfants, garantie de conformit\u00e9<\/strong><\/h2>\n<ul>\n<li>Adopter un\u00a0<strong>structure coulissante \u00e0 s\u00e9curit\u00e9 enfant<\/strong>Il est conforme aux r\u00e9glementations des \u00c9tats-Unis (16 CFR 1700.20, ASTM D3475) et de l'Europe (EN ISO 8317), et a pass\u00e9 avec succ\u00e8s le test d'\u00e9valuation de la qualit\u00e9 de l'air.\u00a0<strong>Certification FSC de s\u00e9curit\u00e9 pour les enfants<\/strong>Les enfants de moins de 52 mois ont du mal \u00e0 l'ouvrir, tandis que les adultes peuvent facilement l'utiliser, en tenant compte de la s\u00e9curit\u00e9 et de la commodit\u00e9.<\/li>\n<\/ul>\n<h2 id=\"2-pull-out-box-design-ceremonial-unboxing-experience-\">2.\u00a0<strong>Bo\u00eete extractible, pour un d\u00e9ballage c\u00e9r\u00e9monieux<\/strong><\/h2>\n<ul>\n<li>Innovante\u00a0<strong>bo\u00eete coulissante lat\u00e9rale<\/strong>Les cartouches sont lentement pr\u00e9sent\u00e9es avec le corps de la bo\u00eete, ce qui renforce le sentiment de surprise et de rituel de l'utilisateur lors du d\u00e9ballage. La bo\u00eete s'ouvre et se ferme en douceur, ce qui correspond au positionnement des produits d'e-cigarette haut de gamme et renforce la m\u00e9moire de la marque.<\/li>\n<\/ul>\n<h2 id=\"3-customized-appearance-eye-catching-tool-on-the-shelf-\">3.\u00a0<strong>Aspect personnalis\u00e9, outil accrocheur en rayon<\/strong><\/h2>\n<ul>\n<li>Soutien\u00a0<strong>conception de l'impression en pleine page<\/strong>La bo\u00eete peut \u00eatre int\u00e9gr\u00e9e au LOGO de la marque, \u00e0 la palette de couleurs et aux \u00e9l\u00e9ments artistiques, et cr\u00e9er une image visuelle diff\u00e9renci\u00e9e gr\u00e2ce \u00e0 l'impression UV de haute pr\u00e9cision, au marquage \u00e0 chaud\/\u00e0 la technologie de l'argent ou \u00e0 l'effet de relief partiel. La structure de la bo\u00eete a \u00e9t\u00e9 optimis\u00e9e pour garantir\u00a0<strong>tridimensionnelle et nette<\/strong>\u00a0lorsqu'il est pr\u00e9sent\u00e9, ce qui lui conf\u00e8re un fort impact visuel sur l'\u00e9tag\u00e8re.<\/li>\n<\/ul>\n<h2 id=\"4-coated-paper-material-sturdy-and-durable-\">4.\u00a0<strong>Mat\u00e9riau en papier couch\u00e9, robuste et durable<\/strong><\/h2>\n<ul>\n<li>S\u00e9lectionner\u00a0<strong>Papier couch\u00e9 \u00e0 haut grammage 300-400g<\/strong>La bo\u00eete est compos\u00e9e d'un film mat ou brillant sur la surface, qui pr\u00e9sente \u00e0 la fois une r\u00e9sistance \u00e0 la pression et un aspect brillant. Le corps de la bo\u00eete ne se d\u00e9forme pas facilement et r\u00e9siste \u00e0 l'usure. Il conserve une texture d\u00e9licate apr\u00e8s un stockage de longue dur\u00e9e. La couche int\u00e9rieure est \u00e9paissie pour soutenir la structure et am\u00e9liorer encore la r\u00e9sistance aux chocs.<\/li>\n<\/ul>\n<h2 id=\"5-adaptable-to-multiple-categories-strong-compatibility-\">5.\u00a0<strong>Adaptation \u00e0 de multiples cat\u00e9gories, forte compatibilit\u00e9<\/strong><\/h2>\n<ul>\n<li>Taille sp\u00e9cialement optimis\u00e9e pour\u00a0<strong>Cartouches standard \u00e0 filetage 510<\/strong>\u00a0(adaptable aux sp\u00e9cifications courantes de 10 mm de diam\u00e8tre et 60-80 mm de longueur), compatible avec les cartouches d'huile de THC\/CBD, les produits jetables et rechargeables. L'espace \u00e0 l'int\u00e9rieur de la bo\u00eete peut \u00eatre adapt\u00e9 de mani\u00e8re flexible aux besoins de l'utilisateur.\u00a0<strong>Doublure EVA, plateau de flocage ou carte blister<\/strong>\u00a0pour r\u00e9pondre aux besoins de fixation et de r\u00e9sistance aux chocs des cartouches de diff\u00e9rentes tailles.<\/li>\n<\/ul>\n<h2 id=\"6-craftsmanship-quality-assurance-\">6.\u00a0<strong>Artisanat, assurance qualit\u00e9<\/strong><\/h2>\n<ul>\n<li>S'appuyer sur\u00a0<strong>16 ans d'exp\u00e9rience dans le domaine de l'impression et de l'emballage<\/strong>L'utilisation d'une encre respectueuse de l'environnement et d'une technologie de collage sans trace garantit que le corps de la bo\u00eete n'a pas d'odeur irritante et que les coutures sont planes. Support\u00a0<strong>\u00e9tiquettes anti-contrefa\u00e7on, tra\u00e7abilit\u00e9 par code QR<\/strong>\u00a0et d'autres services \u00e0 valeur ajout\u00e9e pour renforcer la confiance dans la marque.<\/li>\n<\/ul>\n<h2 id=\"-application-scenarios-\"><strong>7. Sc\u00e9narios d'application<\/strong><\/h2>\n<ul>\n<li><strong>Cigarettes \u00e9lectroniques au cannabis<\/strong>: Adapt\u00e9e aux cartouches pr\u00e9-remplies de 1g\/0,5g, la doublure peut \u00eatre personnalis\u00e9e avec une feuille d'aluminium anti-oxydation pour prolonger la dur\u00e9e de conservation des huiles essentielles.<\/li>\n<li><strong>Vaporisateur CBD<\/strong>: La fen\u00eatre transparente permet d'afficher intuitivement la couleur et la quantit\u00e9 d'huile.<\/li>\n<li><strong>Coffret cadeau haut de gamme<\/strong>: Permet d'emballer des coffrets cadeaux, d'int\u00e9grer des accessoires tels que des cartouches et des chargeurs, et d'augmenter l'espace r\u00e9serv\u00e9 aux produits haut de gamme.<\/li>\n<\/ul>\n<h2 id=\"-cooperation-advantages-\"><strong>Avantages de la coop\u00e9ration<\/strong><\/h2>\n<ul>\n<li><strong>R\u00e9ponse rapide<\/strong>: Service unique de la conception \u00e0 la livraison, \u00e9preuvage complet en 7 \u00e0 15 jours, et soutien \u00e0 la production d'essais en petites s\u00e9ries.<\/li>\n<li><strong>Conformit\u00e9 mondiale<\/strong>: Certifications FSC, REACH, RoHS et autres pour r\u00e9pondre aux exigences d'acc\u00e8s au march\u00e9 en Europe et aux \u00c9tats-Unis.<\/li>\n<li><strong>Optimisation des co\u00fbts<\/strong>: La production \u00e0 grande \u00e9chelle r\u00e9duit le co\u00fbt d'une seule bo\u00eete, et vous pouvez b\u00e9n\u00e9ficier de remises sur les prix de gros \u00e0 partir d'une commande de 5 000 unit\u00e9s.<\/li>\n<\/ul>","protected":false},"excerpt":{"rendered":"<p>Conception de bo\u00eete en papier \u00e0 tiroir \u00e0 l'\u00e9preuve des enfants La conception \u00e0 l'\u00e9preuve des enfants peut efficacement emp\u00eacher les enfants de l'ouvrir et les adultes de l'ouvrir facilement. Tirez et faites glisser pour ouvrir afin que votre cartouche de vape 510 apparaisse lentement devant vous, am\u00e9liorant ainsi l'exp\u00e9rience de d\u00e9ballage.<\/p>","protected":false},"featured_media":520,"template":"","meta":{"_kad_post_transparent":"default","_kad_post_title":"","_kad_post_layout":"default","_kad_post_sidebar_id":"","_kad_post_content_style":"default","_kad_post_vertical_padding":"default","_kad_post_feature":"","_kad_post_feature_position":"","_kad_post_header":false,"_kad_post_footer":false,"_kad_post_classname":""},"product_brand":[],"product_cat":[15,20,17],"product_tag":[167,169,168],"class_list":{"0":"post-517","1":"product","2":"type-product","3":"status-publish","4":"has-post-thumbnail","6":"product_cat-red-light-therapy","7":"product_cat-led-face-light-therapy","8":"product_cat-services","9":"product_tag-cartridge-packaging","10":"product_tag-vape-cartridge-packaging","11":"product_tag-vape-packaging","13":"first","14":"instock","15":"shipping-taxable","16":"product-type-simple","17":"entry","18":"content-bg","19":"loop-entry"},"_links":{"self":[{"href":"https:\/\/red-lighttherapy.com\/fr_fr\/wp-json\/wp\/v2\/product\/517","targetHints":{"allow":["GET"]}}],"collection":[{"href":"https:\/\/red-lighttherapy.com\/fr_fr\/wp-json\/wp\/v2\/product"}],"about":[{"href":"https:\/\/red-lighttherapy.com\/fr_fr\/wp-json\/wp\/v2\/types\/product"}],"wp:featuredmedia":[{"embeddable":true,"href":"https:\/\/red-lighttherapy.com\/fr_fr\/wp-json\/wp\/v2\/media\/520"}],"wp:attachment":[{"href":"https:\/\/red-lighttherapy.com\/fr_fr\/wp-json\/wp\/v2\/media?parent=517"}],"wp:term":[{"taxonomy":"product_brand","embeddable":true,"href":"https:\/\/red-lighttherapy.com\/fr_fr\/wp-json\/wp\/v2\/product_brand?post=517"},{"taxonomy":"product_cat","embeddable":true,"href":"https:\/\/red-lighttherapy.com\/fr_fr\/wp-json\/wp\/v2\/product_cat?post=517"},{"taxonomy":"product_tag","embeddable":true,"href":"https:\/\/red-lighttherapy.com\/fr_fr\/wp-json\/wp\/v2\/product_tag?post=517"}],"curies":[{"name":"wp","href":"https:\/\/api.w.org\/{rel}","templated":true}]}}