{"id":511,"date":"2025-04-12T05:38:05","date_gmt":"2025-04-12T05:38:05","guid":{"rendered":"https:\/\/red-lighttherapy.com\/?post_type=product&#038;p=511"},"modified":"2025-04-12T06:12:03","modified_gmt":"2025-04-12T06:12:03","slug":"custom-perfume-cosmetic-skincare-drawer-paper-boxes-factory","status":"publish","type":"product","link":"https:\/\/red-lighttherapy.com\/fr_fr\/custom-perfume-cosmetic-skincare-drawer-paper-boxes-factory\/","title":{"rendered":"Bo\u00eetes en papier \u00e0 tiroir pour parfums, cosm\u00e9tiques et soins Factory"},"content":{"rendered":"<h2 id=\"-customized-perfume-cosmetics-and-skincare-drawer-paper-box-product-description-\"><strong>Bo\u00eete \u00e0 tiroirs en papier pour parfums, cosm\u00e9tiques et soins de la peau Description du produit<\/strong><\/h2>\n<p>Adh\u00e9rant au concept de personnalisation haut de gamme, notre soci\u00e9t\u00e9 est sp\u00e9cialis\u00e9e dans la cr\u00e9ation d'emballages pratiques et artistiques en papier \u00e0 tiroirs pour les marques de parfums, de cosm\u00e9tiques et de soins de la peau, renfor\u00e7ant la valeur de la marque gr\u00e2ce \u00e0 des concepts d'artisanat et de protection de l'environnement. Les caract\u00e9ristiques sp\u00e9cifiques des produits sont les suivantes :<\/p>\n<h2 id=\"1-pull-out-box-design-convenience-and-ritual-coexistence-\">1.\u00a0<strong>Conception d'une bo\u00eete \u00e0 papier \u00e0 tiroir : coexistence de la commodit\u00e9 et du rituel<\/strong><\/h2>\n<p>La structure de la bo\u00eete en papier du tiroir est adopt\u00e9e, et la sortie est douce et lisse, et l'exp\u00e9rience d'ouverture et de fermeture est pratique et pleine de rituel. La bo\u00eete int\u00e9rieure et la bo\u00eete ext\u00e9rieure sont adapt\u00e9es avec pr\u00e9cision pour rester stables apr\u00e8s plusieurs tirages, ce qui permet non seulement de prot\u00e9ger l'int\u00e9grit\u00e9 du produit, mais aussi d'accro\u00eetre le plaisir de l'utilisateur lors du d\u00e9ballage.<\/p>\n<h2 id=\"2-festival-atmosphere-aesthetics-red-main-tone-with-hot-stamping-technology-\">2.\u00a0<strong>Esth\u00e9tique de l'atmosph\u00e8re de f\u00eate : tonalit\u00e9 principale rouge avec technologie de marquage \u00e0 chaud<\/strong><\/h2>\n<p>Le corps de la bo\u00eete utilise le rouge classique comme visuel principal, ce qui correspond \u00e0 la sc\u00e8ne de c\u00e9l\u00e9bration du festival et transmet une image de marque festive et enthousiaste. La surface adopte une technologie d'estampage \u00e0 chaud de haute pr\u00e9cision, pr\u00e9sentant un \u00e9clat d\u00e9licat et une texture tridimensionnelle, renfor\u00e7ant l'impact visuel et le positionnement haut de gamme du produit.<\/p>\n<h2 id=\"3-luxury-details-enhancement-ribbon-pull-ring-and-environmentally-friendly-materials-\">3.\u00a0<strong>Am\u00e9lioration des d\u00e9tails de luxe : anneau de traction en ruban et mat\u00e9riaux respectueux de l'environnement<\/strong><\/h2>\n<ul>\n<li><strong>Anneau de traction en ruban<\/strong>: Les rubans s\u00e9lectionn\u00e9s, tr\u00e8s r\u00e9sistants, qui peuvent \u00eatre ouverts et ferm\u00e9s \u00e0 plusieurs reprises sans usure, associ\u00e9s \u00e0 des fermetures en m\u00e9tal dor\u00e9 ou argent\u00e9, conf\u00e8rent \u00e0 la bo\u00eete d'emballage une texture l\u00e9g\u00e8re et luxueuse.<\/li>\n<li><strong>Mat\u00e9riaux certifi\u00e9s FSC<\/strong>: Le corps de la bo\u00eete utilise des mat\u00e9riaux en papier respectueux de l'environnement qui ont obtenu la certification foresti\u00e8re FSC, en tenant compte du concept durable et des exigences de r\u00e9sistance, et en r\u00e9pondant \u00e0 la double exigence des marques haut de gamme en mati\u00e8re de qualit\u00e9 et de protection de l'environnement.<\/li>\n<\/ul>\n<h2 id=\"4-professional-customization-service-full-link-support-from-demand-to-delivery-\">4.\u00a0<strong>Service professionnel de personnalisation : assistance compl\u00e8te de la demande \u00e0 la livraison<\/strong><\/h2>\n<ul>\n<li><strong>Solution d'adaptabilit\u00e9<\/strong>: En fonction de la taille, de la forme et de la marque du produit, des recommandations sur le type de bo\u00eete et des suggestions d'optimisation de la structure, telles que la conception d'un plateau int\u00e9rieur antichoc pour les flacons de parfum ou des solutions de stockage en couches pour les ensembles de produits cosm\u00e9tiques.<\/li>\n<li><strong>Une garantie de livraison efficace<\/strong>: Dot\u00e9e d'une \u00e9quipe de service sp\u00e9cialis\u00e9e, elle assure le suivi depuis l'\u00e9preuve de conception jusqu'\u00e0 la production en s\u00e9rie, et assure une livraison rapide en 15 \u00e0 25 jours (le cycle sp\u00e9cifique est ajust\u00e9 en fonction de la complexit\u00e9 du processus), afin de garantir que la qualit\u00e9 et le respect des d\u00e9lais sont conformes aux normes en vigueur.<\/li>\n<\/ul>\n<h2 id=\"5-value-added-services-brand-image-and-user-experience-upgrade-\">5.\u00a0<strong>Services \u00e0 valeur ajout\u00e9e : am\u00e9lioration de l'image de marque et de l'exp\u00e9rience utilisateur<\/strong><\/h2>\n<ul>\n<li><strong>S\u00e9lection de processus diversifi\u00e9s<\/strong>: Outre le marquage \u00e0 chaud, l'impression UV, le gaufrage, la s\u00e9rigraphie et d'autres proc\u00e9d\u00e9s peuvent \u00eatre superpos\u00e9s pour r\u00e9pondre \u00e0 des besoins personnalis\u00e9s.<\/li>\n<li><strong>Solution compl\u00e8te<\/strong>: Fournir des services personnalis\u00e9s tels que des coffrets cadeaux pour les f\u00eates, des emballages en \u00e9dition limit\u00e9e, des fournitures sp\u00e9ciales transfrontali\u00e8res, etc. pour aider les marques \u00e0 cr\u00e9er une comp\u00e9titivit\u00e9 diff\u00e9renci\u00e9e.<\/li>\n<\/ul>\n<h2 id=\"-cooperation-advantages-\"><strong>Avantages de la coop\u00e9ration<\/strong>:<\/h2>\n<ul>\n<li><strong>Un co\u00fbt \u00e9lev\u00e9<\/strong>: La production \u00e0 grande \u00e9chelle r\u00e9duit les co\u00fbts et permet une commande minimale de 500 pi\u00e8ces.<\/li>\n<li><strong>Engagement en mati\u00e8re de qualit\u00e9<\/strong>: Normes strictes d'inspection de la qualit\u00e9 (erreur &lt;1mm), r\u00e9ponse aux probl\u00e8mes de service apr\u00e8s-vente dans les 24 heures.<\/li>\n<\/ul>\n<p><strong>Sc\u00e9narios applicables<\/strong>: Cadeaux de vacances, lancement de nouveaux produits de marque, personnalisation des adh\u00e9sions haut de gamme, approvisionnement sp\u00e9cial pour le commerce \u00e9lectronique transfrontalier, etc.<\/p>\n<p>Avec une conception professionnelle, des concepts de protection de l'environnement et des services efficaces, nous nous engageons \u00e0 fournir aux marques mondiales des solutions d'emballage qui combinent valeur esth\u00e9tique et fonctions pratiques pour aider les produits \u00e0 se d\u00e9marquer sur le march\u00e9. Si vous avez besoin d'une solution personnalis\u00e9e ou d'un devis, veuillez contacter le service client\u00e8le pour une assistance exclusive !<\/p>","protected":false},"excerpt":{"rendered":"<p>La bo\u00eete \u00e0 papier \u00e0 tiroir est facile \u00e0 tirer et plus pratique pour am\u00e9liorer l'exp\u00e9rience de d\u00e9ballage de l'utilisateur. La surface de la bo\u00eete adopte un processus de \"marquage \u00e0 chaud\" haut de gamme pour am\u00e9liorer la texture et l'esth\u00e9tique du produit.<\/p>","protected":false},"featured_media":512,"template":"","meta":{"_kad_post_transparent":"default","_kad_post_title":"","_kad_post_layout":"default","_kad_post_sidebar_id":"","_kad_post_content_style":"default","_kad_post_vertical_padding":"default","_kad_post_feature":"","_kad_post_feature_position":"","_kad_post_header":false,"_kad_post_footer":false,"_kad_post_classname":""},"product_brand":[],"product_cat":[15,28,20,17],"product_tag":[165,166,164],"class_list":{"0":"post-511","1":"product","2":"type-product","3":"status-publish","4":"has-post-thumbnail","6":"product_cat-red-light-therapy","7":"product_cat-customize","8":"product_cat-led-face-light-therapy","9":"product_cat-services","10":"product_tag-cosmetic-skincare-drawer-paper-boxes","11":"product_tag-custom-perfume-boxes-factory","12":"product_tag-custom-perfume-paper-boxes","14":"first","15":"instock","16":"shipping-taxable","17":"product-type-simple","18":"entry","19":"content-bg","20":"loop-entry"},"_links":{"self":[{"href":"https:\/\/red-lighttherapy.com\/fr_fr\/wp-json\/wp\/v2\/product\/511","targetHints":{"allow":["GET"]}}],"collection":[{"href":"https:\/\/red-lighttherapy.com\/fr_fr\/wp-json\/wp\/v2\/product"}],"about":[{"href":"https:\/\/red-lighttherapy.com\/fr_fr\/wp-json\/wp\/v2\/types\/product"}],"wp:featuredmedia":[{"embeddable":true,"href":"https:\/\/red-lighttherapy.com\/fr_fr\/wp-json\/wp\/v2\/media\/512"}],"wp:attachment":[{"href":"https:\/\/red-lighttherapy.com\/fr_fr\/wp-json\/wp\/v2\/media?parent=511"}],"wp:term":[{"taxonomy":"product_brand","embeddable":true,"href":"https:\/\/red-lighttherapy.com\/fr_fr\/wp-json\/wp\/v2\/product_brand?post=511"},{"taxonomy":"product_cat","embeddable":true,"href":"https:\/\/red-lighttherapy.com\/fr_fr\/wp-json\/wp\/v2\/product_cat?post=511"},{"taxonomy":"product_tag","embeddable":true,"href":"https:\/\/red-lighttherapy.com\/fr_fr\/wp-json\/wp\/v2\/product_tag?post=511"}],"curies":[{"name":"wp","href":"https:\/\/api.w.org\/{rel}","templated":true}]}}