{"id":505,"date":"2025-04-12T05:11:26","date_gmt":"2025-04-12T05:11:26","guid":{"rendered":"https:\/\/red-lighttherapy.com\/?post_type=product&#038;p=505"},"modified":"2025-04-12T05:37:34","modified_gmt":"2025-04-12T05:37:34","slug":"custom-home-wireless-cam-security-camera-packaging-boxes","status":"publish","type":"product","link":"https:\/\/red-lighttherapy.com\/fr_fr\/custom-home-wireless-cam-security-camera-packaging-boxes\/","title":{"rendered":"Bo\u00eetes d'emballage personnalis\u00e9es pour cam\u00e9ras de s\u00e9curit\u00e9 sans fil pour la maison"},"content":{"rendered":"<h2 id=\"-customized-home-wireless-camera-packaging-box-product-description-\"><strong>Bo\u00eete d'emballage personnalis\u00e9e pour cam\u00e9ra de s\u00e9curit\u00e9 sans fil Description du produit<\/strong><\/h2>\n<h2 id=\"-design-concept-and-appearance-\"><strong>1. Concept et apparence de la conception<\/strong><\/h2>\n<ul>\n<li><strong>\u00a0 Une conception esth\u00e9tique simple<\/strong>\u00a0La bo\u00eete d'emballage adopte le blanc pur comme couleur principale, avec des lignes de bordure noires mates, et cr\u00e9e un style minimaliste moderne gr\u00e2ce \u00e0 la segmentation g\u00e9om\u00e9trique et \u00e0 la superposition de couches, soulignant visuellement le sens de la technologie et de la texture haut de gamme. La surface de la bo\u00eete peut \u00eatre \u00e9quip\u00e9e en option de la technologie d'impression UV pour renforcer la sensation tridimensionnelle et la brillance des lignes noires, ce qui fait \u00e9cho aux attributs intelligents de l'appareil photo.<\/li>\n<li><strong>Structure d'ouverture et de fermeture magn\u00e9tique<\/strong>\u00a0La conception innovante du couvercle de bo\u00eete magn\u00e9tique permet une ouverture en une seule fois gr\u00e2ce \u00e0 l'aimant int\u00e9gr\u00e9 \u00e0 haute r\u00e9sistance. Il est facile \u00e0 ouvrir et \u00e0 fermer et pr\u00e9sente une excellente \u00e9tanch\u00e9it\u00e9. Il peut \u00eatre ouvert et ferm\u00e9 plus de 5 000 fois sans perte apr\u00e8s les tests. Apr\u00e8s ouverture, elle peut \u00eatre utilis\u00e9e comme bo\u00eete de rangement domestique pour stocker des accessoires num\u00e9riques ou des cadeaux de vacances, et valoriser la r\u00e9utilisation de l'emballage.<\/li>\n<\/ul>\n<h2 id=\"-inner-lining-and-unboxing-experience-\"><strong>2. Doublure int\u00e9rieure et exp\u00e9rience de d\u00e9ballage<\/strong><\/h2>\n<ul>\n<li><strong>Configuration immersive de la doublure int\u00e9rieure<\/strong>\u00a0La couche int\u00e9rieure est remplie de raphia naturel, avec des guirlandes lumineuses LED chaudes r\u00e9glables (chargeur USB pris en charge), et la lumi\u00e8re et l'ombre s'entrecroisent au moment du d\u00e9ballage, cr\u00e9ant une atmosph\u00e8re chaleureuse. Le bo\u00eetier de l'appareil photo est fix\u00e9 par une fente en \u00e9ponge EVA personnalis\u00e9e, et la zone des accessoires est \u00e9quip\u00e9e d'une fente pour carte ind\u00e9pendante afin de garantir la s\u00e9curit\u00e9 du transport tout en renfor\u00e7ant le sens du rituel de l'utilisateur au moment du d\u00e9ballage gr\u00e2ce aux doubles d\u00e9tails du toucher et de la vision, ce qui r\u00e9pond aux besoins du marketing \u00e9motionnel.<\/li>\n<\/ul>\n<h2 id=\"-customized-service-and-function-expansion-\"><strong>3. Service personnalis\u00e9 et extension des fonctions<\/strong><\/h2>\n<ul>\n<li><strong>Type et taille de la bo\u00eete<\/strong>: Il offre une vari\u00e9t\u00e9 de types de bo\u00eetiers tels que des couvercles sup\u00e9rieurs et inf\u00e9rieurs, des bo\u00eetiers en forme de livre, des bo\u00eetiers \u00e0 tiroirs, etc., permet de personnaliser la taille et est adapt\u00e9 \u00e0 diff\u00e9rents mod\u00e8les de cam\u00e9ras sans fil.<\/li>\n<li><strong>Mat\u00e9riaux et ex\u00e9cution<\/strong>: En option, carton blanc de 300-400 g, papier ondul\u00e9 respectueux de l'environnement ou papier d'art, la surface peut \u00eatre recouverte d'un film mat, d'un film brillant, d'un marquage \u00e0 chaud\/argent et d'autres proc\u00e9d\u00e9s, et permet le gaufrage, le vernis local et d'autres effets.<\/li>\n<li><strong>Co-marquage de la marque et sc\u00e8nes de vacances<\/strong>: Vous pouvez int\u00e9grer des illustrations sur le th\u00e8me des f\u00eates, des dessins en relief du logo de la marque, ou les associer \u00e0 des \u00e9l\u00e9ments de cadeaux tels que des rubans et des cartes de v\u0153ux estampill\u00e9es en or pour cr\u00e9er des emballages exclusifs co-marqu\u00e9s.<\/li>\n<\/ul>\n<h2 id=\"-manufacturing-strength-and-service-guarantee-\"><strong>4. Solidit\u00e9 de la fabrication et garantie de service<\/strong><\/h2>\n<ul>\n<li><strong>16 ans de service unique \u00e0 partir de l'usine d'origine<\/strong>\u00a0S'appuyant sur 16 ann\u00e9es d'exp\u00e9rience dans la fabrication d'emballages professionnels dans la r\u00e9gion du delta de la rivi\u00e8re des Perles, nous fournissons des services complets, de la conception \u00e0 la production en s\u00e9rie, en passant par la v\u00e9rification des \u00e9preuves. Nous r\u00e9alisons la premi\u00e8re \u00e9bauche de proposition dans les 48 heures et fournissons des \u00e9chantillons physiques dans les 72 heures. L'usine a obtenu la certification environnementale FSC et le syst\u00e8me de gestion de la qualit\u00e9 ISO pour garantir que les mat\u00e9riaux sont s\u00fbrs et d\u00e9gradables et qu'ils r\u00e9pondent aux normes d'exportation mondiales.<\/li>\n<\/ul>\n<p><strong>Sc\u00e9narios applicables<\/strong>Les produits de l'UE sont les suivants : cadeaux de fin d'ann\u00e9e, co-marquage de marques, lancement de nouveaux produits, personnalisation de produits haut de gamme pour les clients, etc.\u00a0<strong>Avantages principaux<\/strong>Les caract\u00e9ristiques de ce produit sont les suivantes : conception simple et pratique, exp\u00e9rience d'ouverture et de fermeture am\u00e9lior\u00e9e, sens aigu du rituel de la doublure, personnalisation tr\u00e8s souple et r\u00e9ponse efficace de l'usine d'origine.<\/p>\n<p>Gr\u00e2ce \u00e0 cet emballage, le produit b\u00e9n\u00e9ficie non seulement d'une protection professionnelle, mais aussi d'un design \u00e9motionnel qui transmet la chaleur de la marque, ce qui contribue \u00e0 augmenter la valeur du produit et \u00e0 fid\u00e9liser les utilisateurs.<\/p>","protected":false},"excerpt":{"rendered":"<p>La bo\u00eete \u00e0 fermeture magn\u00e9tique est principalement blanche avec des lignes de bordure noires. Le design est simple et riche en hi\u00e9rarchie visuelle. Elle convient comme cadeau de vacances ou comme emballage co-brand\u00e9. Le type de bo\u00eete, la taille, la couleur, le mat\u00e9riau et l'effet d'impression de surface peuvent \u00eatre fortement personnalis\u00e9s en fonction de vos besoins afin de convenir \u00e0 l'emballage de votre cam\u00e9ra sans fil.<\/p>","protected":false},"featured_media":506,"template":"","meta":{"_kad_post_transparent":"default","_kad_post_title":"","_kad_post_layout":"default","_kad_post_sidebar_id":"","_kad_post_content_style":"default","_kad_post_vertical_padding":"default","_kad_post_feature":"","_kad_post_feature_position":"","_kad_post_header":false,"_kad_post_footer":false,"_kad_post_classname":""},"product_brand":[],"product_cat":[15,17],"product_tag":[161,163,162],"class_list":{"0":"post-505","1":"product","2":"type-product","3":"status-publish","4":"has-post-thumbnail","6":"product_cat-red-light-therapy","7":"product_cat-services","8":"product_tag-custom-camera-boxes","9":"product_tag-home-camera-packaging-boxes","10":"product_tag-wireless-cam-packaging-boxes","12":"first","13":"instock","14":"shipping-taxable","15":"product-type-simple","16":"entry","17":"content-bg","18":"loop-entry"},"_links":{"self":[{"href":"https:\/\/red-lighttherapy.com\/fr_fr\/wp-json\/wp\/v2\/product\/505","targetHints":{"allow":["GET"]}}],"collection":[{"href":"https:\/\/red-lighttherapy.com\/fr_fr\/wp-json\/wp\/v2\/product"}],"about":[{"href":"https:\/\/red-lighttherapy.com\/fr_fr\/wp-json\/wp\/v2\/types\/product"}],"wp:featuredmedia":[{"embeddable":true,"href":"https:\/\/red-lighttherapy.com\/fr_fr\/wp-json\/wp\/v2\/media\/506"}],"wp:attachment":[{"href":"https:\/\/red-lighttherapy.com\/fr_fr\/wp-json\/wp\/v2\/media?parent=505"}],"wp:term":[{"taxonomy":"product_brand","embeddable":true,"href":"https:\/\/red-lighttherapy.com\/fr_fr\/wp-json\/wp\/v2\/product_brand?post=505"},{"taxonomy":"product_cat","embeddable":true,"href":"https:\/\/red-lighttherapy.com\/fr_fr\/wp-json\/wp\/v2\/product_cat?post=505"},{"taxonomy":"product_tag","embeddable":true,"href":"https:\/\/red-lighttherapy.com\/fr_fr\/wp-json\/wp\/v2\/product_tag?post=505"}],"curies":[{"name":"wp","href":"https:\/\/api.w.org\/{rel}","templated":true}]}}