{"id":498,"date":"2025-04-12T03:55:30","date_gmt":"2025-04-12T03:55:30","guid":{"rendered":"https:\/\/red-lighttherapy.com\/?post_type=product&#038;p=498"},"modified":"2025-04-12T05:11:12","modified_gmt":"2025-04-12T05:11:12","slug":"custom-creative-nuts-chocolate-packaging-rigid-boxes-factory","status":"publish","type":"product","link":"https:\/\/red-lighttherapy.com\/fr_fr\/custom-creative-nuts-chocolate-packaging-rigid-boxes-factory\/","title":{"rendered":"Bo\u00eetes rigides d'emballage de chocolats aux noix cr\u00e9atives sur mesure Factory"},"content":{"rendered":"<h2 id=\"-customized-creative-nut-chocolate-magnetic-gift-box-product-description-\"><strong>Description du produit : Bo\u00eete cadeau magn\u00e9tique personnalis\u00e9e et cr\u00e9ative pour noix et chocolat<\/strong><\/h2>\n<h2 id=\"-1-soothing-color-design-conveying-emotional-value-\"><strong>1. Conception de couleurs apaisantes, v\u00e9hiculant une valeur \u00e9motionnelle<\/strong><\/h2>\n<ul>\n<li><strong>Couleur principale<\/strong>: Les couleurs d\u00e9grad\u00e9es bleu marine et bleu ciel r\u00e9duisent l'anxi\u00e9t\u00e9 gr\u00e2ce \u00e0 l'apaisement visuel que procurent les couleurs froides.<\/li>\n<li><strong>Application de la psychologie des couleurs<\/strong>: Le bleu symbolise la tranquillit\u00e9 et la confiance, s'inscrit dans le contexte des f\u00eates de fin d'ann\u00e9e et renforce la r\u00e9sonance \u00e9motionnelle des consommateurs.<\/li>\n<li><strong>Technologie de surface<\/strong>: La bo\u00eete cadeau est recouverte d'un film mat ou brillant, qui r\u00e9siste \u00e0 l'usure, aux rayures et \u00e0 la d\u00e9coloration, et qui peut conserver sa brillance en l'essuyant quotidiennement.<\/li>\n<\/ul>\n<h2 id=\"-2-food-grade-safety-lining-double-protection-guarantee-\"><strong>2. Doublure de s\u00e9curit\u00e9 de qualit\u00e9 alimentaire, double garantie de protection<\/strong><\/h2>\n<ul>\n<li><strong>Mat\u00e9riau de la doublure<\/strong>: Film PE (poly\u00e9thyl\u00e8ne), PP (polypropyl\u00e8ne) ou PET (polyester) de qualit\u00e9 alimentaire, conforme aux normes de s\u00e9curit\u00e9 alimentaire GB4806.9-2016, contact direct avec les aliments sans risque de migration.<\/li>\n<li><strong>Adaptation fonctionnelle<\/strong>:<\/li>\n<li><strong>Doublure en EVA<\/strong>Le chocolat est un produit de haute qualit\u00e9, qui convient aux chocolats fragiles ;<\/li>\n<li><strong>Coton perl\u00e9<\/strong>Les \u00e9crous : l\u00e9gers et r\u00e9sistants aux chocs, ils conviennent aux \u00e9crous pour \u00e9viter l'extrusion ;<\/li>\n<li><strong>Plateau blister<\/strong>Les produits de la gamme sont transparents et visibles, ce qui permet d'am\u00e9liorer la pr\u00e9sentation des produits ;<\/li>\n<li><strong>Raphia\/flanelle<\/strong>Les produits de la collection sont : respectueux de l'environnement et naturels, en ligne avec le positionnement des cadeaux haut de gamme.<\/li>\n<\/ul>\n<h2 id=\"-3-highly-flexible-customization-to-meet-diverse-needs-\"><strong>3. Personnalisation tr\u00e8s souple pour r\u00e9pondre \u00e0 des besoins divers<\/strong><\/h2>\n<ul>\n<li><strong>S\u00e9lection du type de bo\u00eete<\/strong>Les produits sont disponibles en plusieurs versions : carr\u00e9e, octogonale, \u00e0 ventouse magn\u00e9tique et autres, et les sculptures de forme sp\u00e9ciale (telles que le relief et l'\u00e9vidage) sont prises en charge pour am\u00e9liorer l'attrait visuel.<\/li>\n<li><strong>Personnalisation des mat\u00e9riaux<\/strong>:<\/li>\n<li><strong>Bo\u00eete m\u00e9tallique<\/strong>Les mat\u00e9riaux utilis\u00e9s sont : le fer blanc (\u00e9paisseur 0,19-0,35 mm), l'impression recto-verso et le rev\u00eatement anti-oxydation peuvent \u00eatre r\u00e9alis\u00e9s ;<\/li>\n<li><strong>Carton dur<\/strong>: La surface est recouverte d'un film respectueux de l'environnement, adapt\u00e9 aux besoins des personnes l\u00e9g\u00e8res.<\/li>\n<li><strong>Adaptation de la taille<\/strong>Le syst\u00e8me d'\u00e9tiquetage : permet un ajustement personnalis\u00e9 de la longueur de 50 \u00e0 300 mm et de la hauteur de 20 \u00e0 100 mm, ce qui permet d'adapter avec pr\u00e9cision les sp\u00e9cifications du produit.<\/li>\n<\/ul>\n<h2 id=\"-4-printing-and-process-innovation-to-enhance-brand-recognition-\"><strong>4. Innovation en mati\u00e8re d'impression et de processus pour am\u00e9liorer la reconnaissance de la marque<\/strong><\/h2>\n<ul>\n<li><strong>Technologie d'impression<\/strong>: L'impression se fait en offset ou en quadrichromie (CMYK). Les couleurs d'accompagnement, le laser, le marquage \u00e0 chaud et d'autres effets sont possibles, et la pr\u00e9cision du motif peut atteindre 300 dpi.<\/li>\n<li><strong>Processus sp\u00e9cial<\/strong>:<\/li>\n<li>Grille 3D, gaufrage, fen\u00eatre or et argent ;<\/li>\n<li>Une encre lumineuse, un rev\u00eatement nacr\u00e9 ou un film mat respectueux de l'environnement peuvent \u00eatre ajout\u00e9s \u00e0 la surface.<\/li>\n<li><strong>Impression du fond<\/strong>: Le code-barres, l'histoire de la marque ou les instructions nutritionnelles permettent d'am\u00e9liorer la transmission des informations.<\/li>\n<\/ul>\n<h2 id=\"-5-supply-chain-and-quality-control-advantages-\"><strong>5. Avantages de la cha\u00eene d'approvisionnement et du contr\u00f4le de la qualit\u00e9<\/strong><\/h2>\n<ul>\n<li><strong>Normes de production<\/strong>: Ligne de production enti\u00e8rement automatique combin\u00e9e \u00e0 un emballage en atelier sans poussi\u00e8re, certification SGS et Intertek pour garantir la s\u00e9curit\u00e9 alimentaire.<\/li>\n<li><strong>Engagement en faveur de la protection de l'environnement<\/strong>: Utiliser des sacs en plastique OPP d\u00e9gradables et des bo\u00eetes en carton ondul\u00e9 double pour r\u00e9duire l'empreinte carbone.<\/li>\n<li><strong>Soutien au service<\/strong>: Fournir des \u00e9preuves de mod\u00e9lisation en 3D, d\u00e9velopper des moules et assurer un suivi logistique complet, avec une quantit\u00e9 de commande minimale de 300 pi\u00e8ces et prendre en charge la personnalisation du LOGO.<\/li>\n<\/ul>\n<p><strong>Sc\u00e9narios d'application<\/strong>Les produits de cette cat\u00e9gorie sont les suivants : cadeaux de No\u00ebl, bonbons de mariage, cadeaux d'affaires, snacks pour enfants, etc., ce qui permet aux marques d'am\u00e9liorer leur espace premium et leur comp\u00e9titivit\u00e9 sur le march\u00e9.<\/p>","protected":false},"excerpt":{"rendered":"<p>Personnalis\u00e9 par un professionnel\u00a0<strong>Bo\u00eete cadeau \u00e0 fermeture magn\u00e9tique pour le chocolat aux noix<\/strong>Le processus de laminage de la surface garantit la r\u00e9sistance \u00e0 l'usure et \u00e0 la d\u00e9coloration.<\/p>","protected":false},"featured_media":499,"template":"","meta":{"_kad_post_transparent":"default","_kad_post_title":"","_kad_post_layout":"default","_kad_post_sidebar_id":"","_kad_post_content_style":"default","_kad_post_vertical_padding":"default","_kad_post_feature":"","_kad_post_feature_position":"","_kad_post_header":false,"_kad_post_footer":false,"_kad_post_classname":""},"product_brand":[],"product_cat":[15,17],"product_tag":[159,160,158],"class_list":{"0":"post-498","1":"product","2":"type-product","3":"status-publish","4":"has-post-thumbnail","6":"product_cat-red-light-therapy","7":"product_cat-services","8":"product_tag-chocolate-packaging-rigid-boxes","9":"product_tag-custom-food-rigid-boxes-factory","10":"product_tag-custom-nuts-packaging","12":"first","13":"instock","14":"shipping-taxable","15":"product-type-simple","16":"entry","17":"content-bg","18":"loop-entry"},"_links":{"self":[{"href":"https:\/\/red-lighttherapy.com\/fr_fr\/wp-json\/wp\/v2\/product\/498","targetHints":{"allow":["GET"]}}],"collection":[{"href":"https:\/\/red-lighttherapy.com\/fr_fr\/wp-json\/wp\/v2\/product"}],"about":[{"href":"https:\/\/red-lighttherapy.com\/fr_fr\/wp-json\/wp\/v2\/types\/product"}],"wp:featuredmedia":[{"embeddable":true,"href":"https:\/\/red-lighttherapy.com\/fr_fr\/wp-json\/wp\/v2\/media\/499"}],"wp:attachment":[{"href":"https:\/\/red-lighttherapy.com\/fr_fr\/wp-json\/wp\/v2\/media?parent=498"}],"wp:term":[{"taxonomy":"product_brand","embeddable":true,"href":"https:\/\/red-lighttherapy.com\/fr_fr\/wp-json\/wp\/v2\/product_brand?post=498"},{"taxonomy":"product_cat","embeddable":true,"href":"https:\/\/red-lighttherapy.com\/fr_fr\/wp-json\/wp\/v2\/product_cat?post=498"},{"taxonomy":"product_tag","embeddable":true,"href":"https:\/\/red-lighttherapy.com\/fr_fr\/wp-json\/wp\/v2\/product_tag?post=498"}],"curies":[{"name":"wp","href":"https:\/\/api.w.org\/{rel}","templated":true}]}}