{"id":492,"date":"2025-04-12T03:29:01","date_gmt":"2025-04-12T03:29:01","guid":{"rendered":"https:\/\/red-lighttherapy.com\/?post_type=product&#038;p=492"},"modified":"2025-04-12T03:55:15","modified_gmt":"2025-04-12T03:55:15","slug":"foldable-magnetic-cap-baseball-hat-gift-box-packaging-vendor","status":"publish","type":"product","link":"https:\/\/red-lighttherapy.com\/fr_fr\/foldable-magnetic-cap-baseball-hat-gift-box-packaging-vendor\/","title":{"rendered":"Casquette magn\u00e9tique pliable Chapeau de baseball Bo\u00eete cadeau Emballage Vendeur"},"content":{"rendered":"<h2 id=\"-product-description-of-foldable-magnetic-baseball-cap-gift-box-\"><strong>Description du produit Casquette de baseball magn\u00e9tique pliable Bo\u00eete cadeau<\/strong><\/h2>\n<h2 id=\"-1-simple-appearance-high-end-texture-\"><strong>1. Aspect simple, texture haut de gamme<\/strong><\/h2>\n<p>Cette bo\u00eete pliante \u00e0 fermeture magn\u00e9tique pour cadeaux adopte une couleur principale noire classique, avec une surface de texture mate. L'apparence est simple et \u00e9l\u00e9gante, illustrant le ton sobre et haut de gamme de la marque. Le corps de la bo\u00eete pr\u00e9sente des lignes nettes et un couvercle \u00e0 fermeture magn\u00e9tique. Il est facile \u00e0 ouvrir et \u00e0 fermer et stable. Elle est bien ajust\u00e9e lorsqu'elle est ferm\u00e9e, ce qui garantit la s\u00e9curit\u00e9 du produit pendant le transport et le stockage.<\/p>\n<h2 id=\"-3-flexible-adaptation-exclusive-customization-\"><strong>2. Adaptation souple, personnalisation exclusive<\/strong><\/h2>\n<p>Ce type de bo\u00eete convient \u00e0 diverses cat\u00e9gories de v\u00eatements, comme les casquettes de baseball, les T-shirts, les \u00e9charpes, etc. et permet de personnaliser l'emballage interne et externe :<\/p>\n<ul>\n<li><strong>Personnalisation de l'impression<\/strong>: Le LOGO de la marque, le motif ou le texte peuvent \u00eatre imprim\u00e9s, et l'impression offset de haute pr\u00e9cision, l'estampage \u00e0 chaud et d'autres proc\u00e9d\u00e9s sont utilis\u00e9s pour am\u00e9liorer la reconnaissance du produit ;<\/li>\n<li><strong>Personnalisation de la taille<\/strong>: Ils offrent une vari\u00e9t\u00e9 de sp\u00e9cifications pour la personnalisation et permettent le r\u00e9glage \u00e0 la demande du diam\u00e8tre int\u00e9rieur et de la hauteur de la bo\u00eete, s'adaptant ainsi parfaitement aux diff\u00e9rentes tailles de v\u00eatements ;<\/li>\n<li><strong>Personnalisation de la doublure int\u00e9rieure<\/strong>: Les rev\u00eatements optionnels en flocage, \u00e9ponge, EVA et autres mat\u00e9riaux offrent une protection tampon ou des fonctions de stockage s\u00e9par\u00e9es pour r\u00e9pondre aux besoins de fixation des v\u00eatements, de pr\u00e9vention des plis et de pr\u00e9vention de la poussi\u00e8re.<\/li>\n<\/ul>\n<h2 id=\"-4-ingenious-craftsmanship-quality-assurance-\"><strong>3. Artisanat ing\u00e9nieux, assurance de la qualit\u00e9<\/strong><\/h2>\n<p>Forts de nos 16 ann\u00e9es d'exp\u00e9rience dans l'industrie de l'impression et de l'emballage, nous avons mis en place un syst\u00e8me de cha\u00eene d'approvisionnement mature, contr\u00f4lant rigoureusement les mati\u00e8res premi\u00e8res jusqu'aux produits finis :<\/p>\n<ul>\n<li><strong>S\u00e9lection des mat\u00e9riaux<\/strong>: Utilisant du carton gris de haute qualit\u00e9 de 1200 g et du papier de haut grammage de 250 g, la bo\u00eete est robuste et durable, avec d'excellentes performances de support de charge ;<\/li>\n<li><strong>Technologie magn\u00e9tique<\/strong>: Aimants haute performance int\u00e9gr\u00e9s, force d'adsorption stable, ouverture et fermeture r\u00e9p\u00e9t\u00e9es sans att\u00e9nuation, garantissant la facilit\u00e9 d'utilisation et la durabilit\u00e9 ;<\/li>\n<li><strong>Production respectueuse de l'environnement<\/strong>: Certification ISO r\u00e9ussie, utilisation d'encre non polluante et de mat\u00e9riaux recyclables, conform\u00e9ment aux normes environnementales applicables aux exportations transfrontali\u00e8res.<\/li>\n<\/ul>\n<h2 id=\"-5-one-stop-service-efficient-delivery-\"><strong>4. Service \u00e0 guichet unique, livraison efficace<\/strong><\/h2>\n<p>Nous fournissons des services complets, de la conception \u00e0 la production de masse :<\/p>\n<ul>\n<li><strong>\u00c9preuve rapide<\/strong>: Fournir des \u00e9chantillons dans un d\u00e9lai de 3 \u00e0 5 jours, proc\u00e9der \u00e0 de multiples ajustements jusqu'\u00e0 ce que le client soit satisfait ;<\/li>\n<li><strong>Production de masse<\/strong>: La capacit\u00e9 de production quotidienne atteint 10 000 000 de pi\u00e8ces, ce qui permet la livraison d'une seule pi\u00e8ce et l'adaptation de la logistique \u00e0 plusieurs plates-formes ;<\/li>\n<li><strong>Un service apr\u00e8s-vente sans souci<\/strong>: Fournir un service client\u00e8le disponible 24 heures sur 24 et des services de tra\u00e7abilit\u00e9 de qualit\u00e9 afin de garantir une livraison pr\u00e9cise \u00e0 chaque \u00e9tape.<\/li>\n<\/ul>\n<h2 id=\"-applicable-scenarios-\"><strong>Sc\u00e9narios applicables<\/strong><\/h2>\n<ul>\n<li><strong>Vente au d\u00e9tail de marques<\/strong>: Am\u00e9liore le niveau de pr\u00e9sentation des produits, convient aux magasins d'exp\u00e9rience hors ligne, aux pop-up stores et aux emballages cadeaux haut de gamme du commerce \u00e9lectronique ;<\/li>\n<li><strong>Commerce transfrontalier<\/strong>: Optimiser les co\u00fbts logistiques gr\u00e2ce \u00e0 un transport plat, et s'adapter aux ventes sur des plateformes telles qu'Amazon et les stations ind\u00e9pendantes ;<\/li>\n<li><strong>Personnalisation de l'entreprise<\/strong>: Il peut \u00eatre utilis\u00e9 comme cadeau promotionnel, comme avantage pour les employ\u00e9s ou comme emballage exclusif pour une coop\u00e9ration commune afin d'am\u00e9liorer l'image de la marque.<\/li>\n<\/ul>\n<p>Nous choisir, c'est choisir la double garantie de la qualit\u00e9 et de l'innovation. 16 ans de savoir-faire, pour cr\u00e9er des solutions d'emballage qui compl\u00e8tent vos produits d'habillement.<\/p>","protected":false},"excerpt":{"rendered":"<p>Cette bo\u00eete pliante \u00e0 fermeture magn\u00e9tique adopte un design noir mat classique, avec une apparence simple et avanc\u00e9e, qui r\u00e9pond parfaitement aux exigences de la marque en mati\u00e8re de texture de luxe discr\u00e8te. En m\u00eame temps, la structure de fermeture magn\u00e9tique int\u00e9gr\u00e9e est facile \u00e0 ouvrir et \u00e0 fermer, stable et durable. Convient aux casquettes de baseball, aux T-shirts et \u00e0 d'autres cat\u00e9gories de v\u00eatements.<\/p>","protected":false},"featured_media":493,"template":"","meta":{"_kad_post_transparent":"default","_kad_post_title":"","_kad_post_layout":"default","_kad_post_sidebar_id":"","_kad_post_content_style":"default","_kad_post_vertical_padding":"default","_kad_post_feature":"","_kad_post_feature_position":"","_kad_post_header":false,"_kad_post_footer":false,"_kad_post_classname":""},"product_brand":[],"product_cat":[15,30,22,17],"product_tag":[156,155,157],"class_list":{"0":"post-492","1":"product","2":"type-product","3":"status-publish","4":"has-post-thumbnail","6":"product_cat-red-light-therapy","7":"product_cat-dropshipping","8":"product_cat-red-light-therapy-blanket","9":"product_cat-services","10":"product_tag-baseball-cap-hat-box","11":"product_tag-baseball-cap-packaging-wholesale","12":"product_tag-custom-baseball-cap-boxes","14":"first","15":"instock","16":"shipping-taxable","17":"product-type-simple","18":"entry","19":"content-bg","20":"loop-entry"},"_links":{"self":[{"href":"https:\/\/red-lighttherapy.com\/fr_fr\/wp-json\/wp\/v2\/product\/492","targetHints":{"allow":["GET"]}}],"collection":[{"href":"https:\/\/red-lighttherapy.com\/fr_fr\/wp-json\/wp\/v2\/product"}],"about":[{"href":"https:\/\/red-lighttherapy.com\/fr_fr\/wp-json\/wp\/v2\/types\/product"}],"wp:featuredmedia":[{"embeddable":true,"href":"https:\/\/red-lighttherapy.com\/fr_fr\/wp-json\/wp\/v2\/media\/493"}],"wp:attachment":[{"href":"https:\/\/red-lighttherapy.com\/fr_fr\/wp-json\/wp\/v2\/media?parent=492"}],"wp:term":[{"taxonomy":"product_brand","embeddable":true,"href":"https:\/\/red-lighttherapy.com\/fr_fr\/wp-json\/wp\/v2\/product_brand?post=492"},{"taxonomy":"product_cat","embeddable":true,"href":"https:\/\/red-lighttherapy.com\/fr_fr\/wp-json\/wp\/v2\/product_cat?post=492"},{"taxonomy":"product_tag","embeddable":true,"href":"https:\/\/red-lighttherapy.com\/fr_fr\/wp-json\/wp\/v2\/product_tag?post=492"}],"curies":[{"name":"wp","href":"https:\/\/api.w.org\/{rel}","templated":true}]}}