{"id":485,"date":"2025-04-12T02:56:28","date_gmt":"2025-04-12T02:56:28","guid":{"rendered":"https:\/\/red-lighttherapy.com\/?post_type=product&#038;p=485"},"modified":"2025-04-12T03:28:31","modified_gmt":"2025-04-12T03:28:31","slug":"wholesale-cheap-paper-tube-packaging-for-tea-coffee-spices","status":"publish","type":"product","link":"https:\/\/red-lighttherapy.com\/fr_fr\/wholesale-cheap-paper-tube-packaging-for-tea-coffee-spices\/","title":{"rendered":"Emballage en gros de tubes en papier pour le th\u00e9, le caf\u00e9 et les \u00e9pices"},"content":{"rendered":"<h2 id=\"wholesale-cheap-paper-tube-packaging-product-description\">Emballage en tube papier pour th\u00e9, caf\u00e9 et \u00e9pices Description du produit<\/h2>\n<h2 id=\"1-gradient-color-design-full-visual-appeal-\">1.\u00a0<strong>Conception de couleurs d\u00e9grad\u00e9es, attrait visuel complet<\/strong><\/h2>\n<p>Cet emballage en tube de papier adopte une couleur principale avec un d\u00e9grad\u00e9 allant du noir profond en haut \u00e0 l'orange vibrant en bas. La transition des couleurs est naturelle et lumineuse, en accord avec les tendances esth\u00e9tiques modernes. L'effet visuel dynamique du d\u00e9grad\u00e9 de couleurs peut instantan\u00e9ment attirer l'attention des consommateurs. Il est particuli\u00e8rement adapt\u00e9 \u00e0 la pr\u00e9sentation en rayon et conf\u00e8re aux produits tels que le th\u00e9, le caf\u00e9 et les \u00e9pices une image de marque plus jeune et plus \u00e0 la mode.<\/p>\n<h2 id=\"2-gold-geometric-elements-integrating-environmental-protection-and-artistic-sense-\">2.\u00a0<strong>\u00c9l\u00e9ments g\u00e9om\u00e9triques en or, int\u00e9grant la protection de l'environnement et le sens artistique<\/strong><\/h2>\n<p>Le dessus de la bo\u00eete est d\u00e9cor\u00e9 d'un motif g\u00e9om\u00e9trique en forme d'\u00e9toile dor\u00e9e, qui s'inspire de la combinaison de l'art d\u00e9coratif traditionnel et du style minimaliste moderne. Le contraste entre les \u00e9l\u00e9ments dor\u00e9s et la couleur d\u00e9grad\u00e9e rehausse non seulement le luxe de l'emballage, mais transmet \u00e9galement le sens de l'ordre et de la durabilit\u00e9 du concept de protection de l'environnement \u00e0 travers des lignes g\u00e9om\u00e9triques, qui font \u00e9cho aux propri\u00e9t\u00e9s naturelles des produits naturels tels que le th\u00e9 et le caf\u00e9. La surface de la bo\u00eete int\u00e9rieure est trait\u00e9e par un proc\u00e9d\u00e9 mat, qui est doux et non \u00e9blouissant, ce qui renforce encore l'effet \"doux\".<\/p>\n<h2 id=\"3-scientific-structural-design-both-practical-and-comfortable-\">3.\u00a0<strong>Conception structurelle scientifique, \u00e0 la fois pratique et confortable<\/strong><\/h2>\n<p>Le tube de papier adopte une structure de rouleau plat, et le diam\u00e8tre et la hauteur du corps principal peuvent \u00eatre personnalis\u00e9s en fonction des besoins (gamme de r\u00e9f\u00e9rence : diam\u00e8tre 2-32 mm, hauteur 2-50 mm). L'\u00e9paississement du corps du tube permet de r\u00e9partir uniform\u00e9ment la force externe afin d'\u00e9viter la d\u00e9formation de l'extrusion du transport. La conception de l'ouverture et de la fermeture de la spirale sup\u00e9rieure avec texture antid\u00e9rapante peut \u00eatre facilement ouverte d'une seule main, et l'\u00e9tanch\u00e9it\u00e9 est excellente pour garantir que le contenu est \u00e0 l'abri de l'humidit\u00e9 et frais.<\/p>\n<h2 id=\"4-environmentally-friendly-soybean-ink-printing-zero-pollution-degradation-\">4.\u00a0<strong>Impression \u00e0 l'encre de soja respectueuse de l'environnement, sans d\u00e9gradation de la pollution<\/strong><\/h2>\n<p>Le processus d'impression adopte la technologie de l'encre de soja, et les mati\u00e8res premi\u00e8res sont d\u00e9riv\u00e9es de ressources v\u00e9g\u00e9tales renouvelables, ne contiennent pas de m\u00e9taux lourds ni de compos\u00e9s organiques volatils (COV), et peuvent \u00eatre compl\u00e8tement int\u00e9gr\u00e9es dans l'environnement naturel apr\u00e8s d\u00e9composition. La diff\u00e9rence de couleur d'impression est strictement contr\u00f4l\u00e9e dans la gamme de \u0394E\u22643, et la technologie professionnelle de gestion des couleurs est utilis\u00e9e pour s'assurer que le motif est clair et n'a pas de d\u00e9viation de couleur, et le LOGO de la marque et le logo ont une reconnaissance \u00e9lev\u00e9e.<\/p>\n<h2 id=\"5-customized-buffer-lining-food-grade-safety-guarantee-\">5.\u00a0<strong>Doublure tampon personnalis\u00e9e, garantie de s\u00e9curit\u00e9 alimentaire<\/strong><\/h2>\n<p>La doublure peut \u00eatre constitu\u00e9e d'une \u00e9ponge de qualit\u00e9 alimentaire ou d'un mat\u00e9riau EVA de densit\u00e9 r\u00e9glable (l'EVA \u00e0 haute densit\u00e9 convient par exemple aux particules d'\u00e9pices fragiles), ce qui permet d'amortir efficacement les vibrations pendant le transport et d'\u00e9viter que le contenu ne soit endommag\u00e9. La doublure s'adapte \u00e9troitement au tube en papier, et un trou d'a\u00e9ration est r\u00e9serv\u00e9 \u00e0 l'emballage du th\u00e9, du caf\u00e9 et d'autres aliments qui doivent \u00eatre conserv\u00e9s au sec.<\/p>\n<h2 id=\"6-diversified-box-type-selection-to-enhance-consumer-experience-\">6.\u00a0<strong>Une s\u00e9lection diversifi\u00e9e de types de bo\u00eetes pour am\u00e9liorer l'exp\u00e9rience du consommateur<\/strong><\/h2>\n<p>Permet de personnaliser diff\u00e9rents types de bo\u00eetes, tels que les couvercles sup\u00e9rieurs et inf\u00e9rieurs, les bo\u00eetes \u00e0 rabat, les bo\u00eetes \u00e0 tiroir et les bo\u00eetes de forme sp\u00e9ciale, afin de r\u00e9pondre aux besoins de diff\u00e9rents sc\u00e9narios, tels que l'emballage de cadeaux, l'emballage portable et l'emballage familial. Par exemple :<\/p>\n<ul>\n<li><strong>Bo\u00eete \u00e0 tiroirs<\/strong>Le syst\u00e8me d'emballage : convient \u00e0 l'emballage de petits volumes de th\u00e9, \u00e0 l'\u00e9tirement en douceur ;<\/li>\n<li><strong>Bo\u00eete de forme sp\u00e9ciale<\/strong>: personnalisable en forme d'hexagone ou d'\u00e9toile pour renforcer l'int\u00e9r\u00eat ;<\/li>\n<li><strong>Bo\u00eete en forme de livre<\/strong>Les bo\u00eetes-cadeaux : elles conviennent aux bo\u00eetes-cadeaux haut de gamme, avec une forte impression de rituel lors de l'ouverture et de la fermeture.<\/li>\n<\/ul>\n<h2 id=\"7-sustainable-packaging-solutions-\">7.\u00a0<strong>Solutions d'emballage durables<\/strong><\/h2>\n<p>La protection de l'environnement est mise en \u0153uvre tout au long du processus, des mat\u00e9riaux aux proc\u00e9d\u00e9s :<\/p>\n<ul>\n<li><strong>Mati\u00e8res premi\u00e8res<\/strong>: Le papier utilis\u00e9 est certifi\u00e9 FSC, avec un taux de recyclabilit\u00e9 de 95% ;<\/li>\n<li><strong>Production<\/strong>: La capacit\u00e9 de production quotidienne atteint 5 millions de pi\u00e8ces, avec une quantit\u00e9 de commande minimale de 500 pi\u00e8ces, et la personnalisation flexible de petits lots est possible ;<\/li>\n<li><strong>Transport<\/strong>: La conception l\u00e9g\u00e8re (seulement 30% de bo\u00eetes en fer) r\u00e9duit les \u00e9missions de carbone de la logistique.<\/li>\n<\/ul>\n<p><strong>Sc\u00e9narios applicables<\/strong>Les bo\u00eetes \u00e0 th\u00e9, les emballages de vente au d\u00e9tail de grains de caf\u00e9, les bo\u00eetes de bouteilles d'\u00e9pices, les bo\u00eetes de produits di\u00e9t\u00e9tiques, etc.\u00a0<strong>Avantages de la coop\u00e9ration<\/strong>: Personnalisation gratuite des \u00e9chantillons (livraison dans les 5 \u00e0 7 jours), possibilit\u00e9 de marquage \u00e0 chaud\/UV\/embossage et autres combinaisons de processus multiples, et usines propres pour garantir la comp\u00e9titivit\u00e9 des prix.<\/p>","protected":false},"excerpt":{"rendered":"<p>Cet emballage en tube de papier en gros est con\u00e7u pour le th\u00e9, le caf\u00e9 et les \u00e9pices. Il adopte une palette de couleurs vives, du noir en haut \u00e0 l'orange en bas, et est assorti d'un gaufrage g\u00e9om\u00e9trique en forme d'\u00e9toile dor\u00e9e sur le dessus de la bo\u00eete, v\u00e9hiculant le concept de protection de l'environnement avec un impact visuel. Le tube adopte une structure \u00e9paisse lamin\u00e9e \u00e0 plat, qui peut r\u00e9partir uniform\u00e9ment les forces externes et est confortable \u00e0 tenir.<\/p>","protected":false},"featured_media":486,"template":"","meta":{"_kad_post_transparent":"default","_kad_post_title":"","_kad_post_layout":"default","_kad_post_sidebar_id":"","_kad_post_content_style":"default","_kad_post_vertical_padding":"default","_kad_post_feature":"","_kad_post_feature_position":"","_kad_post_header":false,"_kad_post_footer":false,"_kad_post_classname":""},"product_brand":[],"product_cat":[15,17],"product_tag":[153,152,154],"class_list":{"0":"post-485","1":"product","2":"type-product","3":"status-publish","4":"has-post-thumbnail","6":"product_cat-red-light-therapy","7":"product_cat-services","8":"product_tag-cocoa-powder-paper-tube","9":"product_tag-tea-coffee-paper-tube","10":"product_tag-wholesale-paper-tube-spices-food","12":"first","13":"instock","14":"shipping-taxable","15":"product-type-simple","16":"entry","17":"content-bg","18":"loop-entry"},"_links":{"self":[{"href":"https:\/\/red-lighttherapy.com\/fr_fr\/wp-json\/wp\/v2\/product\/485","targetHints":{"allow":["GET"]}}],"collection":[{"href":"https:\/\/red-lighttherapy.com\/fr_fr\/wp-json\/wp\/v2\/product"}],"about":[{"href":"https:\/\/red-lighttherapy.com\/fr_fr\/wp-json\/wp\/v2\/types\/product"}],"wp:featuredmedia":[{"embeddable":true,"href":"https:\/\/red-lighttherapy.com\/fr_fr\/wp-json\/wp\/v2\/media\/486"}],"wp:attachment":[{"href":"https:\/\/red-lighttherapy.com\/fr_fr\/wp-json\/wp\/v2\/media?parent=485"}],"wp:term":[{"taxonomy":"product_brand","embeddable":true,"href":"https:\/\/red-lighttherapy.com\/fr_fr\/wp-json\/wp\/v2\/product_brand?post=485"},{"taxonomy":"product_cat","embeddable":true,"href":"https:\/\/red-lighttherapy.com\/fr_fr\/wp-json\/wp\/v2\/product_cat?post=485"},{"taxonomy":"product_tag","embeddable":true,"href":"https:\/\/red-lighttherapy.com\/fr_fr\/wp-json\/wp\/v2\/product_tag?post=485"}],"curies":[{"name":"wp","href":"https:\/\/api.w.org\/{rel}","templated":true}]}}