{"id":479,"date":"2025-04-12T02:37:40","date_gmt":"2025-04-12T02:37:40","guid":{"rendered":"https:\/\/red-lighttherapy.com\/?post_type=product&#038;p=479"},"modified":"2025-04-12T02:56:13","modified_gmt":"2025-04-12T02:56:13","slug":"custom-consumer-electronics-product-packaging-boxes-company","status":"publish","type":"product","link":"https:\/\/red-lighttherapy.com\/fr_fr\/custom-consumer-electronics-product-packaging-boxes-company\/","title":{"rendered":"Bo\u00eetes d'emballage personnalis\u00e9es pour produits \u00e9lectroniques grand public Soci\u00e9t\u00e9"},"content":{"rendered":"<h2 id=\"-customized-consumer-electronics-product-packaging-box-product-description-\"><strong>Bo\u00eete d'emballage personnalis\u00e9e pour produits \u00e9lectroniques grand public Description du produit<\/strong><\/h2>\n<p>Adh\u00e9rant au concept de design \"esth\u00e9tique simple et fonctionnalit\u00e9 pratique\", nous fournissons des solutions d'emballage personnalis\u00e9es haut de gamme pour les marques d'\u00e9lectronique grand public, avec le noir comme ton principal, en int\u00e9grant l'artisanat classique et la structure innovante pour cr\u00e9er une exp\u00e9rience d'emballage exclusive avec \u00e0 la fois un impact visuel et une protection pratique.<\/p>\n<h2 id=\"1-minimalist-aesthetics-luxury-hot-stamping-technology-\">1.\u00a0<strong>Esth\u00e9tique minimaliste Technologie de marquage \u00e0 chaud de l'or de luxe<\/strong><\/h2>\n<p>Le corps de la bo\u00eete adopte une base noire mate, avec une technologie de marquage \u00e0 chaud personnalis\u00e9e (LOGO de la marque, texture ou lignes), et cr\u00e9e un effet visuel discret et luxueux gr\u00e2ce au contraste entre l'\u00e9clat m\u00e9tallique et le noir profond. Le processus de marquage \u00e0 chaud utilise des mat\u00e9riaux m\u00e9talliques respectueux de l'environnement pour garantir que le motif est fix\u00e9 avec pr\u00e9cision et qu'il r\u00e9siste \u00e0 l'usure et aux rayures, ce qui am\u00e9liore la reconnaissance de la marque et la qualit\u00e9 du produit.<\/p>\n<h2 id=\"2-one-handed-opening-and-closing-ritual-pull-out-structure-\">2.\u00a0<strong>Structure coulissante rituelle \u00e0 ouverture et fermeture d'une seule main<\/strong><\/h2>\n<p>La conception innovante de la bo\u00eete extractible, combin\u00e9e \u00e0 une d\u00e9coupe de pr\u00e9cision et \u00e0 la technologie de la boucle magn\u00e9tique, permet aux utilisateurs d'ouvrir la bo\u00eete en douceur d'une seule main, et le processus de d\u00e9ballage est \u00e0 la fois pratique et c\u00e9r\u00e9monieux. L'int\u00e9rieur de la bo\u00eete adopte des couches \u00e9tag\u00e9es ou des fentes pour cartes int\u00e9gr\u00e9es afin de s'adapter \u00e0 la forme des produits \u00e9lectroniques, \u00e9vitant ainsi les secousses tout en am\u00e9liorant l'effet de pr\u00e9sentation.<\/p>\n<h2 id=\"3-high-strength-protection-optimized-coated-paper-material-\">3.\u00a0<strong>Protection haute r\u00e9sistance Papier couch\u00e9 optimis\u00e9<\/strong><\/h2>\n<p>La surface du papier est lisse et d\u00e9licate et pr\u00e9sente une excellente duret\u00e9. La r\u00e9sistance \u00e0 la compression est sup\u00e9rieure de 30% \u00e0 celle du carton ordinaire, ce qui permet de r\u00e9sister efficacement aux chocs et \u00e0 l'extrusion pendant le transport. La surface du corps de la bo\u00eete est recouverte d'un film mat respectueux de l'environnement, anti-traces de doigts et anti-t\u00e2ches. Il n'est pas facile de l'oxyder et de le d\u00e9colorer apr\u00e8s une utilisation \u00e0 long terme, ce qui permet \u00e0 l'emballage de rester neuf pendant longtemps.<\/p>\n<h2 id=\"4-deep-customization-flexible-adaptation-needs-\">4.\u00a0<strong>Personnalisation approfondie Besoins d'adaptation flexibles<\/strong><\/h2>\n<p>Soutenir des services de personnalisation complets :<\/p>\n<ul>\n<li><strong>Type de bo\u00eete<\/strong>: En plus du type extractible, elle peut fournir des structures diversifi\u00e9es telles que des couvercles sup\u00e9rieurs et inf\u00e9rieurs, des bo\u00eetes en forme de livre et des bo\u00eetes de forme sp\u00e9ciale ;<\/li>\n<li><strong>Mat\u00e9riau<\/strong>: En option, carton blanc, carton or et argent, papier sp\u00e9cial, etc., pour r\u00e9pondre \u00e0 des besoins particuliers tels que l'\u00e9tanch\u00e9it\u00e9 \u00e0 l'humidit\u00e9 et l'antistatique ;<\/li>\n<li><strong>Artisanat<\/strong>: Le vernis local UV, le gaufrage, les fen\u00eatres creuses et d'autres proc\u00e9d\u00e9s sont librement combin\u00e9s pour am\u00e9liorer le niveau visuel.<\/li>\n<\/ul>\n<h2 id=\"5-safe-inner-support-precise-fit-protection-\">5.\u00a0<strong>Soutien interne s\u00fbr, protection pr\u00e9cise de l'ajustement<\/strong><\/h2>\n<p>La doublure int\u00e9rieure est compos\u00e9e de flocage EVA, de coton perl\u00e9, de blister et d'autres mat\u00e9riaux, et la couleur peut \u00eatre personnalis\u00e9e (noir, gris fonc\u00e9, rouge vin, etc.). La technologie de balayage 3D permet d'obtenir une d\u00e9coupe \u00e0 l'\u00e9chelle 1:1 et le produit fixe ne subit aucun d\u00e9placement. Pour les composants \u00e9lectroniques de pr\u00e9cision, un support interne antistatique peut \u00eatre int\u00e9gr\u00e9 afin d'\u00e9viter les dommages dus \u00e0 l'\u00e9lectricit\u00e9 statique pendant le transport.<\/p>\n<h2 id=\"-core-advantages-\"><strong>Avantages principaux<\/strong><\/h2>\n<ul>\n<li><strong>Certification de la qualit\u00e9<\/strong>: Tous les mat\u00e9riaux ont pass\u00e9 le test de protection de l'environnement SGS et r\u00e9pondent aux normes d'emballage alimentaire ;<\/li>\n<li><strong>R\u00e9ponse rapide<\/strong>: Le prototypage est r\u00e9alis\u00e9 en 7 \u00e0 15 jours, et la personnalisation de petites s\u00e9ries est possible (quantit\u00e9 minimale de 500) ;<\/li>\n<li><strong>Service complet de la cha\u00eene<\/strong>: Solution unique allant de la conception \u00e0 la s\u00e9lection des mat\u00e9riaux en passant par la logistique de production, afin de r\u00e9duire les co\u00fbts de communication des clients.<\/li>\n<\/ul>\n<p>Nous nous engageons \u00e0 faire de l'emballage un vecteur \u00e9tendu de la valeur de la marque en peaufinant chaque d\u00e9tail. Qu'il s'agisse d'appareils portables intelligents, d'\u00e9couteurs haut de gamme ou d'instruments de pr\u00e9cision, des solutions exclusives peuvent \u00eatre con\u00e7ues pour vous aider \u00e0 vous d\u00e9marquer de la concurrence.<\/p>","protected":false},"excerpt":{"rendered":"<p>Le corps de la bo\u00eete utilise un noir mat profond comme base, avec une technologie de marquage \u00e0 chaud personnalis\u00e9e (comme le logo de la marque ou la texture g\u00e9om\u00e9trique), par la collision de l'\u00e9clat m\u00e9tallique et du fond sombre, il pr\u00e9sente un niveau visuel discret et luxueux.<\/p>","protected":false},"featured_media":482,"template":"","meta":{"_kad_post_transparent":"default","_kad_post_title":"","_kad_post_layout":"default","_kad_post_sidebar_id":"","_kad_post_content_style":"default","_kad_post_vertical_padding":"default","_kad_post_feature":"","_kad_post_feature_position":"","_kad_post_header":false,"_kad_post_footer":false,"_kad_post_classname":""},"product_brand":[],"product_cat":[15,20,17],"product_tag":[151,150,149],"class_list":{"0":"post-479","1":"product","2":"type-product","3":"status-publish","4":"has-post-thumbnail","6":"product_cat-red-light-therapy","7":"product_cat-led-face-light-therapy","8":"product_cat-services","9":"product_tag-consumer-electronics-boxes-company","10":"product_tag-consumer-electronics-packaging-boxes","11":"product_tag-custom-consumer-product-packaging","13":"first","14":"instock","15":"shipping-taxable","16":"product-type-simple","17":"entry","18":"content-bg","19":"loop-entry"},"_links":{"self":[{"href":"https:\/\/red-lighttherapy.com\/fr_fr\/wp-json\/wp\/v2\/product\/479","targetHints":{"allow":["GET"]}}],"collection":[{"href":"https:\/\/red-lighttherapy.com\/fr_fr\/wp-json\/wp\/v2\/product"}],"about":[{"href":"https:\/\/red-lighttherapy.com\/fr_fr\/wp-json\/wp\/v2\/types\/product"}],"wp:featuredmedia":[{"embeddable":true,"href":"https:\/\/red-lighttherapy.com\/fr_fr\/wp-json\/wp\/v2\/media\/482"}],"wp:attachment":[{"href":"https:\/\/red-lighttherapy.com\/fr_fr\/wp-json\/wp\/v2\/media?parent=479"}],"wp:term":[{"taxonomy":"product_brand","embeddable":true,"href":"https:\/\/red-lighttherapy.com\/fr_fr\/wp-json\/wp\/v2\/product_brand?post=479"},{"taxonomy":"product_cat","embeddable":true,"href":"https:\/\/red-lighttherapy.com\/fr_fr\/wp-json\/wp\/v2\/product_cat?post=479"},{"taxonomy":"product_tag","embeddable":true,"href":"https:\/\/red-lighttherapy.com\/fr_fr\/wp-json\/wp\/v2\/product_tag?post=479"}],"curies":[{"name":"wp","href":"https:\/\/api.w.org\/{rel}","templated":true}]}}