{"id":472,"date":"2025-04-12T02:12:17","date_gmt":"2025-04-12T02:12:17","guid":{"rendered":"https:\/\/red-lighttherapy.com\/?post_type=product&#038;p=472"},"modified":"2025-04-12T02:37:26","modified_gmt":"2025-04-12T02:37:26","slug":"custom-pearl-paper-fashion-apparel-packaging-box-vendor","status":"publish","type":"product","link":"https:\/\/red-lighttherapy.com\/fr_fr\/custom-pearl-paper-fashion-apparel-packaging-box-vendor\/","title":{"rendered":"Bo\u00eete d'emballage en papier perl\u00e9 pour v\u00eatements de mode Vendeur"},"content":{"rendered":"<h2 id=\"-customized-pearlescent-paper-fashion-clothing-packaging-box-supplier-product-description-\"><strong>Bo\u00eete d'emballage de v\u00eatements en papier perl\u00e9 personnalis\u00e9e Description du produit<\/strong><\/h2>\n<h2 id=\"-2-strengthen-the-box-structure-to-ensure-the-safety-of-clothing-\"><strong>1. Renforcer la structure de la bo\u00eete pour assurer la s\u00e9curit\u00e9 des v\u00eatements<\/strong><\/h2>\n<ul>\n<li><strong>Conception de compression et d'anti-d\u00e9formation<\/strong>: Le corps de la bo\u00eete utilise du papier gris ou du carton ondul\u00e9 haute densit\u00e9 comme rev\u00eatement, combin\u00e9 \u00e0 une structure de pliage \u00e0 deux ou plusieurs couches (comme le support triangulaire), la r\u00e9sistance \u00e0 la compression est augment\u00e9e de plus de 40%, et elle peut r\u00e9sister \u00e0 l'extrusion et \u00e0 l'impact pendant le transport.<\/li>\n<li><strong>Optimisation de la forme de la bo\u00eete des couvercles sup\u00e9rieur et inf\u00e9rieur<\/strong>: La conception des couvercles sup\u00e9rieur et inf\u00e9rieur (embo\u00eet\u00e9s l'un dans l'autre) permet d'obtenir un effet de fermeture sans couture gr\u00e2ce \u00e0 une technologie de d\u00e9coupe pr\u00e9cise, ce qui est pratique pour prendre et mettre des v\u00eatements de grande taille tels que des manteaux et des costumes, et peut \u00e9galement emp\u00eacher la bo\u00eete de se desserrer et de se d\u00e9former.<\/li>\n<\/ul>\n<h2 id=\"-3-hot-stamping-and-embossing-technology-dual-sensory-upgrade-\"><strong>2. Technologie d'estampage \u00e0 chaud et de gaufrage, double am\u00e9lioration sensorielle<\/strong><\/h2>\n<ul>\n<li><strong>Technologie de marquage \u00e0 chaud<\/strong>: En utilisant une feuille d'aluminium \u00e9lectrochimique import\u00e9e d'Allemagne, la texture platine mate est form\u00e9e sur le papier nacr\u00e9 par gaufrage \u00e0 haute temp\u00e9rature. La texture m\u00e9tallique et la couleur de fond nacr\u00e9e se compl\u00e8tent, cr\u00e9ant un effet visuel discret et luxueux.<\/li>\n<li><strong>Toucher tridimensionnel gaufr\u00e9<\/strong>: Combin\u00e9 \u00e0 la technologie de gaufrage 3D, le gaufrage tridimensionnel est effectu\u00e9 sur le LOGO de la marque ou sur la zone du motif, ce qui donne un toucher d\u00e9licat et des couches claires, renfor\u00e7ant ainsi le point de m\u00e9morisation de la marque.<\/li>\n<\/ul>\n<h2 id=\"-4-all-round-customization-service-to-match-brand-needs-\"><strong>3. Service de personnalisation complet pour r\u00e9pondre aux besoins de la marque<\/strong><\/h2>\n<ul>\n<li><strong>Adaptation souple de la taille et de la couleur<\/strong>: Permet de personnaliser plusieurs tailles, de 26\u00d717,5\u00d73,5 cm (version standard) \u00e0 50\u00d740\u00d710 cm (version large) ; fournit 12 couleurs de base telles que le papier nacr\u00e9, le rose, le noir et l'or, et peut \u00eatre ajust\u00e9 avec des couleurs sp\u00e9ciales Pantone pour assurer une grande coh\u00e9rence avec le syst\u00e8me VI de la marque.<\/li>\n<li><strong>LOGO et personnalisation des motifs<\/strong>: Elle prend en charge la s\u00e9rigraphie, le vernis local UV et d'autres proc\u00e9d\u00e9s, et peut imprimer des logos de marque, des \u00e9l\u00e9ments culturels ou des motifs artistiques pour r\u00e9pondre \u00e0 des besoins personnalis\u00e9s.<\/li>\n<\/ul>\n<h2 id=\"-5-one-stop-service-focusing-on-foreign-trade-\"><strong>4. Un service unique ax\u00e9 sur le commerce ext\u00e9rieur<\/strong><\/h2>\n<ul>\n<li><strong>Une \u00e9quipe exp\u00e9riment\u00e9e<\/strong>: Les membres de l'\u00e9quipe sont profond\u00e9ment impliqu\u00e9s dans le domaine de l'emballage pour le commerce ext\u00e9rieur depuis plus de 10 ans et connaissent les normes du march\u00e9 telles que celles de l'Europe, des \u00c9tats-Unis et de l'Asie du Sud-Est (comme le syst\u00e8me de cotation FOB\/ELC, la certification environnementale). Ils peuvent fournir une assistance pour l'ensemble du processus, de la conception \u00e0 la d\u00e9claration en douane et \u00e0 la logistique, en passant par l'\u00e9preuvage.<\/li>\n<li><strong>R\u00e9ponse rapide et garantie de contr\u00f4le de la qualit\u00e9<\/strong>: Adoption d'un syst\u00e8me de gestion de la production num\u00e9rique (MES), permettant de v\u00e9rifier l'\u00e9tat d'avancement des commandes en temps r\u00e9el ; certification de l'inspection de la qualit\u00e9 SGS, garantissant un rendement du produit fini sup\u00e9rieur \u00e0 99%, et prise en charge de l'inspection par une tierce partie.<\/li>\n<\/ul>\n<h2 id=\"-cooperation-process-\"><strong>Processus de coop\u00e9ration<\/strong><\/h2>\n<ol>\n<li><strong>Communication de la demande<\/strong>: Fournir des informations sur la marque VI, la taille du produit et les exigences de personnalisation ;<\/li>\n<li><strong>V\u00e9rification de la conception<\/strong>: Fournir des rendus en 3D et des \u00e9chantillons physiques dans un d\u00e9lai de 3 jours ouvrables ;<\/li>\n<li><strong>Production de masse<\/strong>: Livraison dans un d\u00e9lai de 10 \u00e0 15 jours apr\u00e8s confirmation (pour les commandes acc\u00e9l\u00e9r\u00e9es) ;<\/li>\n<li><strong>Suivi logistique<\/strong>: Fournir un service de suivi logistique unique pour le transport maritime et a\u00e9rien.<\/li>\n<\/ol>\n<h2 id=\"-core-advantages-\"><strong>Avantages principaux<\/strong><\/h2>\n<ul>\n<li><strong>Rapport co\u00fbt-efficacit\u00e9<\/strong>: R\u00e9duire les co\u00fbts d'emballage de 15% gr\u00e2ce \u00e0 l'optimisation de la structure (comme le type de bo\u00eete moul\u00e9e en une seule pi\u00e8ce) tout en conservant une texture haut de gamme ;<\/li>\n<li><strong>Durabilit\u00e9<\/strong>: Utiliser des mat\u00e9riaux recyclables, se conformer aux normes de protection de l'environnement REACH de l'UE et contribuer \u00e0 la transformation \u00e9cologique de la marque.<\/li>\n<\/ul>","protected":false},"excerpt":{"rendered":"<p>Nous nous concentrons sur le commerce ext\u00e9rieur et fournissons des solutions d'emballage personnalis\u00e9es haut de gamme. Fabriqu\u00e9 en\u00a0<strong>Papier perl\u00e9<\/strong>La surface pr\u00e9sente un doux \u00e9clat nacr\u00e9, conf\u00e9rant \u00e0 la bo\u00eete d'emballage une texture luxueuse et une superposition visuelle ;\u00a0<strong>La conception de la bo\u00eete \u00e0 couvercle sup\u00e9rieur et inf\u00e9rieur<\/strong>\u00a0est facile \u00e0 ouvrir et \u00e0 fermer et convient parfaitement aux v\u00eatements de grande taille tels que les costumes et les manteaux.<\/p>","protected":false},"featured_media":473,"template":"","meta":{"_kad_post_transparent":"default","_kad_post_title":"","_kad_post_layout":"default","_kad_post_sidebar_id":"","_kad_post_content_style":"default","_kad_post_vertical_padding":"default","_kad_post_feature":"","_kad_post_feature_position":"","_kad_post_header":false,"_kad_post_footer":false,"_kad_post_classname":""},"product_brand":[],"product_cat":[15,30,19,17],"product_tag":[147,146,148],"class_list":{"0":"post-472","1":"product","2":"type-product","3":"status-publish","4":"has-post-thumbnail","6":"product_cat-red-light-therapy","7":"product_cat-dropshipping","8":"product_cat-red-light-therapy-stand","9":"product_cat-services","10":"product_tag-apparel-packaging-box","11":"product_tag-custom-apparel-packaging","12":"product_tag-fashion-apparel-packaging","14":"first","15":"instock","16":"shipping-taxable","17":"product-type-simple","18":"entry","19":"content-bg","20":"loop-entry"},"_links":{"self":[{"href":"https:\/\/red-lighttherapy.com\/fr_fr\/wp-json\/wp\/v2\/product\/472","targetHints":{"allow":["GET"]}}],"collection":[{"href":"https:\/\/red-lighttherapy.com\/fr_fr\/wp-json\/wp\/v2\/product"}],"about":[{"href":"https:\/\/red-lighttherapy.com\/fr_fr\/wp-json\/wp\/v2\/types\/product"}],"wp:featuredmedia":[{"embeddable":true,"href":"https:\/\/red-lighttherapy.com\/fr_fr\/wp-json\/wp\/v2\/media\/473"}],"wp:attachment":[{"href":"https:\/\/red-lighttherapy.com\/fr_fr\/wp-json\/wp\/v2\/media?parent=472"}],"wp:term":[{"taxonomy":"product_brand","embeddable":true,"href":"https:\/\/red-lighttherapy.com\/fr_fr\/wp-json\/wp\/v2\/product_brand?post=472"},{"taxonomy":"product_cat","embeddable":true,"href":"https:\/\/red-lighttherapy.com\/fr_fr\/wp-json\/wp\/v2\/product_cat?post=472"},{"taxonomy":"product_tag","embeddable":true,"href":"https:\/\/red-lighttherapy.com\/fr_fr\/wp-json\/wp\/v2\/product_tag?post=472"}],"curies":[{"name":"wp","href":"https:\/\/api.w.org\/{rel}","templated":true}]}}