{"id":466,"date":"2025-04-12T01:53:16","date_gmt":"2025-04-12T01:53:16","guid":{"rendered":"https:\/\/red-lighttherapy.com\/?post_type=product&#038;p=466"},"modified":"2025-04-12T02:11:58","modified_gmt":"2025-04-12T02:11:58","slug":"custom-luxury-apparel-clothing-shirt-packaging-box-wholesale","status":"publish","type":"product","link":"https:\/\/red-lighttherapy.com\/fr_fr\/custom-luxury-apparel-clothing-shirt-packaging-box-wholesale\/","title":{"rendered":"Bo\u00eete d'emballage de v\u00eatements de luxe sur mesure pour chemises Wholesale"},"content":{"rendered":"<h2 id=\"-customized-product-description-of-magnetic-packaging-box-for-luxury-clothing-shirts-\"><strong>Description du produit personnalis\u00e9 de la bo\u00eete d'emballage \u00e0 fermeture magn\u00e9tique pour les chemises de v\u00eatements de luxe<\/strong><\/h2>\n<p>--Usine d'origine depuis 16 ans, la combinaison parfaite d'un co\u00fbt \u00e9lev\u00e9 et d'une garantie de qualit\u00e9<\/p>\n<h2 id=\"-i-color-psychology-design-lavender-tone-soothing-and-elegant-coexist-\"><strong>1. Psychologie des couleurs : le ton lavande, apaisant et \u00e9l\u00e9gant, coexiste.<\/strong><\/h2>\n<ol>\n<li><strong>Esth\u00e9tique de la lavande<\/strong>: La bo\u00eete d'emballage adopte une couleur lavande \u00e0 faible luminosit\u00e9 et \u00e0 faible saturation, inspir\u00e9e par la recherche en psychologie des couleurs. Les tons doux peuvent soulager efficacement la fatigue visuelle et r\u00e9duire l'anxi\u00e9t\u00e9, tout en transmettant le temp\u00e9rament \u00e9l\u00e9gant et noble de la marque, particuli\u00e8rement adapt\u00e9 aux sc\u00e8nes d'emballage de v\u00eatements haut de gamme.<\/li>\n<li><strong>Sc\u00e9narios applicables<\/strong>: Il r\u00e9pond aux besoins d'emballage des cadeaux d'affaires et des chemises de luxe, renforce le sentiment de c\u00e9r\u00e9monie de d\u00e9ballage et convient au commerce de d\u00e9tail haut de gamme, aux magasins de marque et aux march\u00e9s des cadeaux personnalis\u00e9s.<\/li>\n<\/ol>\n<h2 id=\"-ii-magnetic-box-design-exquisite-opening-and-closing-minimalist-aesthetics-\"><strong>2. Conception de la bo\u00eete magn\u00e9tique : ouverture et fermeture exquises, esth\u00e9tique minimaliste<\/strong><\/h2>\n<ol>\n<li><strong>Syst\u00e8me de fermeture magn\u00e9tique<\/strong>: Il adopte une conception de boucle magn\u00e9tique int\u00e9gr\u00e9e, qui s'ouvre et se ferme en douceur et en silence, se ferme herm\u00e9tiquement, \u00e9vite les d\u00e9fauts des bo\u00eetes \u00e0 rabat traditionnelles qui sont faciles \u00e0 desserrer, et am\u00e9liore l'exp\u00e9rience de l'utilisateur.<\/li>\n<li><strong>Optimisation structurelle<\/strong>: Les lignes en forme de bo\u00eete sont simples et nettes, sans d\u00e9coration superflue, adapt\u00e9es au style minimaliste moderne. La texture des d\u00e9tails est mise en valeur par un traitement de surface mat et un processus de marquage \u00e0 chaud\/UV (en option).<\/li>\n<\/ol>\n<h2 id=\"-iii-materials-and-processes-professional-grade-protection-stable-and-durable-\"><strong>3. Mat\u00e9riaux et proc\u00e9d\u00e9s : protection de qualit\u00e9 professionnelle, stable et durable<\/strong><\/h2>\n<ol>\n<li><strong>Mat\u00e9riaux de base<\/strong>:<\/li>\n<li><strong>Carton gris haute densit\u00e9 1200 GSM<\/strong>: Il pr\u00e9sente une excellente r\u00e9sistance \u00e0 la compression et peut supporter plus de 15 kg apr\u00e8s test, ce qui garantit qu'il ne se d\u00e9formera pas pendant le transport et qu'il r\u00e9pondra aux normes internationales en mati\u00e8re d'emballage.<\/li>\n<li><strong>Pelliculage du papier couch\u00e9 157 GSM<\/strong>: La surface est huil\u00e9e mate ou trait\u00e9e aux UV, avec un toucher d\u00e9licat et une saturation \u00e9lev\u00e9e des couleurs d'impression, ce qui permet de restituer avec pr\u00e9cision le LOGO et le motif de la marque.<\/li>\n<li><strong>Doublure personnalis\u00e9e<\/strong>:<\/li>\n<li><strong>Doublure en EVA\/papier d\u00e9coup\u00e9<\/strong>: En fonction de la taille de la chemise, le moule est ouvert 1:1 pour obtenir une fixation sans d\u00e9placement, \u00e9viter les frottements et les plis, et s'adapter \u00e0 diverses formes de chemises telles que le col montant et le pliage.<\/li>\n<li><strong>Conception des cloisons<\/strong>: Des emplacements ind\u00e9pendants pour les accessoires (tels que les boutons de manchette et les pinces \u00e0 cravate) sont disponibles en option pour am\u00e9liorer la fonctionnalit\u00e9 et l'efficacit\u00e9 du rangement.<\/li>\n<\/ol>\n<h2 id=\"-fourth-brand-empowerment-texture-upgrade-added-value-doubled-\"><strong>4. Renforcement de la marque : am\u00e9lioration de la texture, doublement de la valeur ajout\u00e9e<\/strong><\/h2>\n<ol>\n<li><strong>Identit\u00e9 visuelle unifi\u00e9e<\/strong>: L'impression de couleurs d'accompagnement Pantone et le processus de marquage \u00e0 chaud\/embossage permettent d'int\u00e9grer les \u00e9l\u00e9ments de la marque VI dans la conception de l'emballage et de renforcer les points de m\u00e9morisation du consommateur.<\/li>\n<li><strong>Concept de protection de l'environnement<\/strong>: Utiliser du papier certifi\u00e9 FSC et de la colle d\u00e9gradable pour r\u00e9pondre \u00e0 la tendance de la mode durable et renforcer l'image de responsabilit\u00e9 sociale de la marque.<\/li>\n<\/ol>\n<h2 id=\"-five-flexible-customization-service-one-stop-solution-\"><strong>5. Service de personnalisation flexible : solution \u00e0 guichet unique<\/strong><\/h2>\n<ol>\n<li><strong>Taille flexible<\/strong>: Il prend en charge une vari\u00e9t\u00e9 de types de bo\u00eetes tels que les couvercles sup\u00e9rieurs et inf\u00e9rieurs, les bo\u00eetes \u00e0 tiroirs, les bo\u00eetes \u00e0 livres, etc., avec des tailles hautement personnalis\u00e9es pour r\u00e9pondre aux exigences d'une pi\u00e8ce unique ou d'un ensemble.<\/li>\n<li><strong>Combinaison de proc\u00e9d\u00e9s<\/strong>: S\u00e9rigraphie, flocage, UV local, marquage \u00e0 chaud argent et plus de 20 autres proc\u00e9d\u00e9s pour obtenir des effets visuels diff\u00e9renci\u00e9s.<\/li>\n<li><strong>Service \u00e0 valeur ajout\u00e9e<\/strong>: Pr\u00e9visualisation gratuite de la conception en 3D, confirmation de l'\u00e9preuve, entreposage et soutien logistique global (FOB\/DDP et autres termes).<\/li>\n<\/ol>\n<h2 id=\"-six-the-advantages-of-the-source-factory-16-years-of-accumulation-quality-control-\"><strong>6. Les avantages de l'usine source : 16 ans d'accumulation, contr\u00f4le de la qualit\u00e9<\/strong><\/h2>\n<ol>\n<li><strong>Int\u00e9gration de la cha\u00eene d'approvisionnement<\/strong>Les co\u00fbts d'approvisionnement en p\u00e2te \u00e0 papier sont moins \u00e9lev\u00e9s que ceux des interm\u00e9diaires : approvisionnement en p\u00e2te \u00e0 papier autonome, ligne de production de d\u00e9coupe enti\u00e8rement automatis\u00e9e et syst\u00e8me d'inspection de la qualit\u00e9, 30%-50%.<\/li>\n<li><strong>Garantie de contr\u00f4le de la qualit\u00e9<\/strong>Les produits sont certifi\u00e9s ISO9001, les rapports d'inspection de la qualit\u00e9 des lots sont fournis, le taux de d\u00e9fectuosit\u00e9 est inf\u00e9rieur \u00e0 0,5%, l'indemnisation des dommages est prise en charge.<\/li>\n<li><strong>R\u00e9ponse rapide<\/strong>: Quantit\u00e9 minimale de commande de 500, cycle de livraison de 7 \u00e0 15 jours, possibilit\u00e9 d'effectuer des commandes d'essai par petits lots, r\u00e9duction du risque li\u00e9 au stock du client.<\/li>\n<\/ol>","protected":false},"excerpt":{"rendered":"<p>La bo\u00eete d'emballage \u00e0 fermeture magn\u00e9tique pour v\u00eatements lavande f, sp\u00e9cialement con\u00e7ue pour les marques haut de gamme, adopte un design aux tons apaisants avec une faible luminosit\u00e9 et une faible saturation, associ\u00e9 \u00e0 un carton rigide haute densit\u00e9 de 1200 GSM et \u00e0 un papier d'art couch\u00e9 de 157 GSM pour garantir une structure stable et un toucher d\u00e9licat.<\/p>","protected":false},"featured_media":470,"template":"","meta":{"_kad_post_transparent":"default","_kad_post_title":"","_kad_post_layout":"default","_kad_post_sidebar_id":"","_kad_post_content_style":"default","_kad_post_vertical_padding":"default","_kad_post_feature":"","_kad_post_feature_position":"","_kad_post_header":false,"_kad_post_footer":false,"_kad_post_classname":""},"product_brand":[],"product_cat":[15,30,17],"product_tag":[144,143,145],"class_list":{"0":"post-466","1":"product","2":"type-product","3":"status-publish","4":"has-post-thumbnail","6":"product_cat-red-light-therapy","7":"product_cat-dropshipping","8":"product_cat-services","9":"product_tag-custom-clothing-boxes","10":"product_tag-custom-luxury-clothing-packaging","11":"product_tag-shirt-boxes-wholesale","13":"first","14":"instock","15":"shipping-taxable","16":"product-type-simple","17":"entry","18":"content-bg","19":"loop-entry"},"_links":{"self":[{"href":"https:\/\/red-lighttherapy.com\/fr_fr\/wp-json\/wp\/v2\/product\/466","targetHints":{"allow":["GET"]}}],"collection":[{"href":"https:\/\/red-lighttherapy.com\/fr_fr\/wp-json\/wp\/v2\/product"}],"about":[{"href":"https:\/\/red-lighttherapy.com\/fr_fr\/wp-json\/wp\/v2\/types\/product"}],"wp:featuredmedia":[{"embeddable":true,"href":"https:\/\/red-lighttherapy.com\/fr_fr\/wp-json\/wp\/v2\/media\/470"}],"wp:attachment":[{"href":"https:\/\/red-lighttherapy.com\/fr_fr\/wp-json\/wp\/v2\/media?parent=466"}],"wp:term":[{"taxonomy":"product_brand","embeddable":true,"href":"https:\/\/red-lighttherapy.com\/fr_fr\/wp-json\/wp\/v2\/product_brand?post=466"},{"taxonomy":"product_cat","embeddable":true,"href":"https:\/\/red-lighttherapy.com\/fr_fr\/wp-json\/wp\/v2\/product_cat?post=466"},{"taxonomy":"product_tag","embeddable":true,"href":"https:\/\/red-lighttherapy.com\/fr_fr\/wp-json\/wp\/v2\/product_tag?post=466"}],"curies":[{"name":"wp","href":"https:\/\/api.w.org\/{rel}","templated":true}]}}