{"id":459,"date":"2025-04-11T14:22:58","date_gmt":"2025-04-11T14:22:58","guid":{"rendered":"https:\/\/red-lighttherapy.com\/?post_type=product&#038;p=459"},"modified":"2025-04-12T01:52:50","modified_gmt":"2025-04-12T01:52:50","slug":"custom-artisan-chocolate-telescopic-packaging-box-wholesale","status":"publish","type":"product","link":"https:\/\/red-lighttherapy.com\/fr_fr\/custom-artisan-chocolate-telescopic-packaging-box-wholesale\/","title":{"rendered":"Bo\u00eete d'emballage t\u00e9lescopique pour chocolat artisanal sur mesure Wholesale"},"content":{"rendered":"<h2 id=\"customized-handmade-chocolate-telescopic-packaging-box-wholesale-product-description\">Bo\u00eete d'emballage t\u00e9lescopique pour chocolat artisanal fait \u00e0 la main Description du produit en gros<\/h2>\n<h2 id=\"1-excellent-printing-technology-highlighting-brand-texture-\">1.\u00a0<strong>Excellente technologie d'impression, mise en valeur de la texture de la marque<\/strong><\/h2>\n<ul>\n<li>La technologie d'impression offset de haute pr\u00e9cision est utilis\u00e9e pour garantir des motifs clairs et d\u00e9licats, une encre noire uniforme et compl\u00e8te, une couverture de la gamme de couleurs 98%, des couleurs pures sans d\u00e9viation, et une pr\u00e9sentation parfaite du LOGO de la marque et des \u00e9l\u00e9ments de conception.<\/li>\n<li>Le marquage \u00e0 chaud, le vernis local UV et d'autres proc\u00e9d\u00e9s peuvent \u00eatre associ\u00e9s \u00e0 une texture gaufr\u00e9e ou \u00e0 un effet de brillance m\u00e9tallique afin d'am\u00e9liorer la superposition visuelle et l'exp\u00e9rience de luxe de l'emballage.<\/li>\n<\/ul>\n<h2 id=\"2-stiff-material-combination-all-round-protection-of-products-\">2.\u00a0<strong>Combinaison de mat\u00e9riaux rigides, protection int\u00e9grale des produits<\/strong><\/h2>\n<ul>\n<li>La bo\u00eete ext\u00e9rieure adopte le processus composite du carton gris transparent import\u00e9 des Pays-Bas (\u00e9paisseur 1,5-3,0 mm) et du papier couch\u00e9 de 300 g. Le carton gris a une forte adh\u00e9rence entre les couches et r\u00e9siste efficacement \u00e0 la d\u00e9formation par extrusion pendant le transport. Le carton gris pr\u00e9sente une forte adh\u00e9rence entre les couches, r\u00e9siste \u00e0 la pression et aux chocs, et r\u00e9siste efficacement \u00e0 la d\u00e9formation par extrusion pendant le transport.<\/li>\n<li>La structure de la bo\u00eete est optimis\u00e9e et peut supporter plus de 1,2 kg, ce qui convient aux besoins de logistique et d'entreposage sur de longues distances.<\/li>\n<\/ul>\n<h2 id=\"3-magnetic-opening-and-closing-design-upgraded-opening-experience-\">3.\u00a0<strong>Ouverture et fermeture magn\u00e9tiques, exp\u00e9rience d'ouverture am\u00e9lior\u00e9e<\/strong><\/h2>\n<ul>\n<li>Le couvercle est dot\u00e9 d'un module magn\u00e9tique int\u00e9gr\u00e9 en silicone de 0,8 mm d'\u00e9paisseur avec une force d'adsorption de 1,2 kg. Il peut \u00eatre facilement ouvert et ferm\u00e9 d'une seule main et fermement, \u00e9vitant ainsi le probl\u00e8me des boucles traditionnelles qui se desserrent facilement.<\/li>\n<li>La bo\u00eete est dot\u00e9e d'un couvercle rabattable en forme de livre. Apr\u00e8s un d\u00e9pliage \u00e0 180\u00b0, le produit appara\u00eet clairement au premier coup d'\u0153il, ce qui am\u00e9liore l'effet d'affichage et l'interaction avec le consommateur.<\/li>\n<\/ul>\n<h2 id=\"4-flexible-lining-partition-adapting-to-multiple-scene-requirements-\">4.\u00a0<strong>Cloison de doublage flexible, s'adaptant \u00e0 de multiples exigences sc\u00e9niques<\/strong><\/h2>\n<ul>\n<li>La doublure en carton standard permet une segmentation pr\u00e9cise de la grille 24\/36, et la profondeur et l'espacement de la grille sont r\u00e9glables, ce qui convient parfaitement aux chocolats faits \u00e0 la main, aux truffes et \u00e0 d'autres produits de forme sp\u00e9ciale.<\/li>\n<li>Le rev\u00eatement optionnel en EVA, en \u00e9ponge ou en flocage, d'une \u00e9paisseur de 2 \u00e0 10 mm, offre des solutions tampons personnalis\u00e9es, adapt\u00e9es aux bonbons cassants ou aux g\u00e2teaux fragiles.<\/li>\n<\/ul>\n<h2 id=\"5-multi-field-compatibility-expanded-application-scenarios-\">5.\u00a0<strong>Compatibilit\u00e9 multi-champs, sc\u00e9narios d'application \u00e9largis<\/strong><\/h2>\n<ul>\n<li>Outre le chocolat, la taille de la bo\u00eete peut \u00eatre personnalis\u00e9e de 8 cm \u00d7 8 cm \u00e0 30 cm \u00d7 30 cm. Elle convient aux macarons, aux biscuits, aux noix et \u00e0 d'autres aliments ; elle peut \u00e9galement \u00eatre transform\u00e9e en bo\u00eetes-cadeaux pour produits cosm\u00e9tiques ou en emballages pour produits culturels et cr\u00e9atifs.<\/li>\n<\/ul>\n<h2 id=\"-in-depth-customization-service-\"><strong>6. Service de personnalisation approfondie<\/strong><\/h2>\n<ul>\n<li><strong>Personnalisation de l'apparence<\/strong>: Fournir des cartes de couleurs Pantone pour une correspondance pr\u00e9cise des couleurs, des services d'\u00e9preuvage par mod\u00e9lisation 3D, prendre en charge le gaufrage, les fen\u00eatres creuses et d'autres conceptions personnalis\u00e9es.<\/li>\n<li><strong>Optimisation structurelle<\/strong>: Ajuster le poids du carton gris (250-400gsm) en fonction du poids du produit (\u22642kg), ou ajouter des nervures de renforcement pour am\u00e9liorer les performances de charge.<\/li>\n<li><strong>Am\u00e9lioration de la fonction<\/strong>: En option, rev\u00eatement anti-humidit\u00e9, cloisons amovibles, fentes pour \u00e9tiquettes de code QR et autres modules fonctionnels \u00e0 valeur ajout\u00e9e.<\/li>\n<\/ul>\n<h2 id=\"-production-and-delivery-guarantee-\"><strong>7. Garantie de production et de livraison<\/strong><\/h2>\n<ul>\n<li><strong>Augmentation de la capacit\u00e9 de production<\/strong>: 5320\u33a1 atelier normalis\u00e9 \u00e9quip\u00e9 d'une machine de d\u00e9coupe enti\u00e8rement automatique, d'une ligne de montage de papier \u00e0 grande vitesse et d'un laboratoire d'inspection de la qualit\u00e9, avec une production quotidienne de 50 000 pi\u00e8ces, supportant une livraison flexible de 500 000-500 000 commandes.<\/li>\n<li><strong>Syst\u00e8me de contr\u00f4le de la qualit\u00e9<\/strong>: Pass\u00e9 la certification de qualit\u00e9 ISO9001 et la certification environnementale FSC, 18 processus d'inspection de la qualit\u00e9 sont mis en \u0153uvre du stockage des mati\u00e8res premi\u00e8res \u00e0 la livraison du produit fini, garantissant l'erreur de plan\u00e9it\u00e9 du produit \u22640,1mm, la diff\u00e9rence de couleur \u0394E \u22641,5.<\/li>\n<li><strong>R\u00e9ponse du service<\/strong>: Fournir une \u00e9preuve en 48 heures et un cycle de production de masse de 15 jours, soutenir le suivi logistique mondial et l'engagement de r\u00e9\u00e9mission en cas de dommages.<\/li>\n<\/ul>\n<h2 id=\"-cooperation-process-\"><strong>Processus de coop\u00e9ration<\/strong><\/h2>\n<ol>\n<li><strong>Confirmation de l'exigence<\/strong>: Fournir la taille du produit, la quantit\u00e9 et le projet de conception (format AI\/CDR) ;<\/li>\n<li><strong>Formulation du r\u00e9gime<\/strong>: Retour d'information sur la s\u00e9lection des mat\u00e9riaux, le budget et les rendus 3D dans un d\u00e9lai de 3 jours ouvrables ;<\/li>\n<li><strong>Confirmation de l'\u00e9chantillon<\/strong>: Les \u00e9chantillons physiques sont livr\u00e9s dans un d\u00e9lai de 3 \u00e0 5 jours et trois modifications gratuites sont possibles ;<\/li>\n<li><strong>Production de masse<\/strong>: Les marchandises sont livr\u00e9es dans un d\u00e9lai de 7 \u00e0 14 jours apr\u00e8s la signature du contrat.<\/li>\n<\/ol>","protected":false},"excerpt":{"rendered":"<p>Cette bo\u00eete d'emballage t\u00e9lescopique pour le chocolat, faite \u00e0 la main et personnalis\u00e9e, est con\u00e7ue pour l'emballage alimentaire haut de gamme. Elle int\u00e8gre un savoir-faire exquis et une structure innovante, tout en tenant compte de la valeur pratique et esth\u00e9tique. Elle adopte des mat\u00e9riaux respectueux de l'environnement et des services de personnalisation flexibles, convenant \u00e0 divers sc\u00e9narios d'emballage alimentaire tels que le chocolat, les bonbons, les petits g\u00e2teaux, etc., aidant les marques \u00e0 am\u00e9liorer l'image de leurs produits et leur comp\u00e9titivit\u00e9 sur le march\u00e9.<\/p>","protected":false},"featured_media":464,"template":"","meta":{"_kad_post_transparent":"default","_kad_post_title":"","_kad_post_layout":"default","_kad_post_sidebar_id":"","_kad_post_content_style":"default","_kad_post_vertical_padding":"default","_kad_post_feature":"","_kad_post_feature_position":"","_kad_post_header":false,"_kad_post_footer":false,"_kad_post_classname":""},"product_brand":[],"product_cat":[15,17],"product_tag":[141,142,140],"class_list":{"0":"post-459","1":"product","2":"type-product","3":"status-publish","4":"has-post-thumbnail","6":"product_cat-red-light-therapy","7":"product_cat-services","8":"product_tag-chocolate-telescopic-packaging-box","9":"product_tag-custom-artisan-chocolate-box","10":"product_tag-custom-chocolate-packaging","12":"first","13":"instock","14":"shipping-taxable","15":"product-type-simple","16":"entry","17":"content-bg","18":"loop-entry"},"_links":{"self":[{"href":"https:\/\/red-lighttherapy.com\/fr_fr\/wp-json\/wp\/v2\/product\/459","targetHints":{"allow":["GET"]}}],"collection":[{"href":"https:\/\/red-lighttherapy.com\/fr_fr\/wp-json\/wp\/v2\/product"}],"about":[{"href":"https:\/\/red-lighttherapy.com\/fr_fr\/wp-json\/wp\/v2\/types\/product"}],"wp:featuredmedia":[{"embeddable":true,"href":"https:\/\/red-lighttherapy.com\/fr_fr\/wp-json\/wp\/v2\/media\/464"}],"wp:attachment":[{"href":"https:\/\/red-lighttherapy.com\/fr_fr\/wp-json\/wp\/v2\/media?parent=459"}],"wp:term":[{"taxonomy":"product_brand","embeddable":true,"href":"https:\/\/red-lighttherapy.com\/fr_fr\/wp-json\/wp\/v2\/product_brand?post=459"},{"taxonomy":"product_cat","embeddable":true,"href":"https:\/\/red-lighttherapy.com\/fr_fr\/wp-json\/wp\/v2\/product_cat?post=459"},{"taxonomy":"product_tag","embeddable":true,"href":"https:\/\/red-lighttherapy.com\/fr_fr\/wp-json\/wp\/v2\/product_tag?post=459"}],"curies":[{"name":"wp","href":"https:\/\/api.w.org\/{rel}","templated":true}]}}