{"id":434,"date":"2025-04-11T13:16:45","date_gmt":"2025-04-11T13:16:45","guid":{"rendered":"https:\/\/red-lighttherapy.com\/?post_type=product&#038;p=434"},"modified":"2025-04-11T14:21:02","modified_gmt":"2025-04-11T14:21:02","slug":"custom-essential-oil-perfume-drawer-paper-boxes-wholesale","status":"publish","type":"product","link":"https:\/\/red-lighttherapy.com\/fr_fr\/custom-essential-oil-perfume-drawer-paper-boxes-wholesale\/","title":{"rendered":"Bo\u00eetes en papier \u00e0 tiroir pour huiles essentielles et parfums Wholesale"},"content":{"rendered":"<h2 id=\"-customized-essential-oil-perfume-drawer-paper-box-wholesale-product-description-\"><strong>Bo\u00eetes en papier \u00e0 tiroir pour huiles essentielles et parfums Description du produit<\/strong><\/h2>\n<h2 id=\"-1-ribbon-pull-ring-design-to-enhance-brand-recognition-\"><strong>1. Conception de l'anneau de traction en ruban pour renforcer la reconnaissance de la marque<\/strong><\/h2>\n<p>Le dessus de la bo\u00eete est \u00e9quip\u00e9 d'un anneau de traction en ruban personnalis\u00e9, qui peut \u00eatre utilis\u00e9 comme traction auxiliaire et comme poign\u00e9e. La couleur et la mati\u00e8re du ruban (satin ou velours, par exemple) peuvent \u00eatre personnalis\u00e9es pour faire \u00e9cho \u00e0 la couleur principale de la marque, ce qui renforce l'attrait visuel et le point de m\u00e9morisation de la marque. Par exemple, les rubans dor\u00e9s ou roses font \u00e9cho au processus de marquage \u00e0 chaud et au th\u00e8me romantique pour cr\u00e9er un symbole esth\u00e9tique unique.<\/p>\n<h2 id=\"-2-hot-stamping-process-luxurious-texture-shows-the-brand-tone-\"><strong>2. Marquage \u00e0 chaud de la feuille d'or, texture luxueuse qui met en valeur la marque.<\/strong><\/h2>\n<p>La surface adopte un processus de marquage \u00e0 chaud de haute pr\u00e9cision, les lignes sont d\u00e9licates et lisses, et l'\u00e9clat dor\u00e9 forme un contraste visuel avec le corps de la bo\u00eete rose, soulignant le luxe et le positionnement haut de gamme de la marque. La bo\u00eete peut \u00eatre partiellement dor\u00e9e \u00e0 chaud (LOGO, motif, etc.) ou enti\u00e8rement dor\u00e9e \u00e0 chaud pour r\u00e9pondre \u00e0 diff\u00e9rents besoins en mati\u00e8re de design, ce qui fait de l'emballage un \"porte-parole\" silencieux de la marque.<\/p>\n<h2 id=\"-3-pink-as-the-main-color-awakening-emotional-resonance-\"><strong>3. Le rose comme couleur principale, \u00e9veillant une r\u00e9sonance \u00e9motionnelle<\/strong><\/h2>\n<p>Le corps de la bo\u00eete est principalement en rose tendre, v\u00e9hiculant un temp\u00e9rament de marque romantique et doux, ce qui correspond \u00e0 la recherche du bonheur et d'une vie \u00e9l\u00e9gante par les consommatrices. La personnalisation du num\u00e9ro de couleur Pantone permet de garantir une reproduction pr\u00e9cise des couleurs et de r\u00e9pondre aux besoins personnalis\u00e9s des diff\u00e9rentes marques en ce qui concerne la profondeur et la luminosit\u00e9 du rose.<\/p>\n<h2 id=\"-4-customized-lining-solution-to-protect-products-in-all-directions-\"><strong>4. Solution de rev\u00eatement personnalis\u00e9e pour prot\u00e9ger les produits dans toutes les directions<\/strong><\/h2>\n<p>Fournir une vari\u00e9t\u00e9 d'options de mat\u00e9riaux de rev\u00eatement, y compris :<\/p>\n<ul>\n<li><strong>Doublure en flocage EVA<\/strong>Les caract\u00e9ristiques du produit sont les suivantes : r\u00e9sistant aux chocs et \u00e0 la pression, toucher d\u00e9licat, adapt\u00e9 aux formes irr\u00e9guli\u00e8res des bouteilles ;<\/li>\n<li><strong>Doublure en tissu de soie\/\u00e9ponge<\/strong>Pour les emballages, fixer le flacon de parfum afin d'\u00e9viter les secousses pendant le transport, ce qui renforce la qualit\u00e9 de l'emballage ;<\/li>\n<li><strong>Structure en couches de carton<\/strong>Les emballages : ils permettent l'emballage de plusieurs bouteilles et optimisent l'utilisation de l'espace. Tous les rev\u00eatements peuvent \u00eatre fendus avec pr\u00e9cision en fonction de la taille du produit afin de garantir la s\u00e9curit\u00e9 du transport.<\/li>\n<\/ul>\n<h2 id=\"-5-highly-flexible-customization-to-meet-diverse-needs-\"><strong>5. Personnalisation tr\u00e8s souple pour r\u00e9pondre \u00e0 des besoins divers<\/strong><\/h2>\n<ul>\n<li><strong>Taille<\/strong>: Prend en charge l'adaptation de la bo\u00eete des flacons d'huile essentielle et des flacons de parfum de 10ml-100ml, avec une erreur de diam\u00e8tre int\u00e9rieur \u22640,1mm ;<\/li>\n<li><strong>Mat\u00e9riau<\/strong>: Carton facultatif, papier sp\u00e9cial (tel que le papier nacr\u00e9, le papier tactile), papier recycl\u00e9 respectueux de l'environnement, etc ;<\/li>\n<li><strong>Processus d'impression<\/strong>: Outre le marquage \u00e0 chaud, il permet l'impression UV, la s\u00e9rigraphie, le gaufrage et d'autres effets pour obtenir une texture mate, brillante ou textur\u00e9e ;<\/li>\n<li><strong>Extension du type de bo\u00eete<\/strong>: Il peut \u00eatre combin\u00e9 avec des couvercles sup\u00e9rieurs et inf\u00e9rieurs, des boucles magn\u00e9tiques et d'autres conceptions pour am\u00e9liorer la fonctionnalit\u00e9 de l'emballage.<\/li>\n<\/ul>\n<h2 id=\"-6-fsc-certified-materials-environmental-protection-and-quality-double-guarantee-\"><strong>6. Mat\u00e9riaux certifi\u00e9s FSC, protection de l'environnement et double garantie de qualit\u00e9<\/strong><\/h2>\n<p>Les mati\u00e8res premi\u00e8res ont obtenu la certification de gestion foresti\u00e8re FSC afin de garantir que la source de papier est durable et r\u00e9pond aux exigences de protection de l'environnement des march\u00e9s europ\u00e9ens et am\u00e9ricains. Fournir des solutions d'emballage \u00e9cologiques pour les marques haut de gamme et aider les marques \u00e0 v\u00e9hiculer le concept de responsabilit\u00e9 sociale.<\/p>\n<h2 id=\"-8-one-to-one-professional-service-efficient-delivery-without-worries-\"><strong>8. Service professionnel personnalis\u00e9, livraison efficace et sans souci<\/strong><\/h2>\n<ul>\n<li><strong>Soutien \u00e0 la conception<\/strong>: Fournir un service de v\u00e9rification de la mod\u00e9lisation 3D, produire des rendus dans les 48 heures et assurer une mise en \u0153uvre pr\u00e9cise de la conception ;<\/li>\n<li><strong>Livraison \u00e9clair<\/strong>: Commande minimum de 500 pi\u00e8ces, les commandes r\u00e9guli\u00e8res sont livr\u00e9es dans un d\u00e9lai de 7 \u00e0 15 jours, et les commandes acc\u00e9l\u00e9r\u00e9es sont exp\u00e9di\u00e9es dans un d\u00e9lai de 5 jours ;<\/li>\n<li><strong>Garantie apr\u00e8s-vente<\/strong>: Retour et \u00e9change sans condition sous 15 jours, suivi logistique complet, pour garantir une livraison sans d\u00e9faut de l'emballage.<\/li>\n<\/ul>\n<p><strong>Sc\u00e9narios applicables<\/strong>: Marques de parfum, fabricants d'huiles essentielles, coffrets cadeaux, personnalisation de produits de beaut\u00e9 haut de gamme.\u00a0<strong>Avantages de la coop\u00e9ration<\/strong>: Diff\u00e9rencier la marque par des co\u00fbts \u00e9lev\u00e9s, interpr\u00e9ter la qualit\u00e9 par des d\u00e9tails et faire en sorte que chaque parfum soit porteur d'un savoir-faire et d'une esth\u00e9tique.<\/p>","protected":false},"excerpt":{"rendered":"<p>La bo\u00eete en papier \u00e0 tiroir s'ouvre facilement et est plus pratique. Le processus de marquage \u00e0 chaud de la feuille d'or peut donner \u00e0 l'emballage une impression de luxe et une pr\u00e9sentation visuelle de haute qualit\u00e9.<\/p>","protected":false},"featured_media":435,"template":"","meta":{"_kad_post_transparent":"default","_kad_post_title":"","_kad_post_layout":"default","_kad_post_sidebar_id":"","_kad_post_content_style":"default","_kad_post_vertical_padding":"default","_kad_post_feature":"","_kad_post_feature_position":"","_kad_post_header":false,"_kad_post_footer":false,"_kad_post_classname":""},"product_brand":[],"product_cat":[15,28,20,17],"product_tag":[139,138,137],"class_list":{"0":"post-434","1":"product","2":"type-product","3":"status-publish","4":"has-post-thumbnail","6":"product_cat-red-light-therapy","7":"product_cat-customize","8":"product_cat-led-face-light-therapy","9":"product_cat-services","10":"product_tag-cosmetic-perfume-boxes-wholesale","11":"product_tag-custom-perfume-boxes-wholesale","12":"product_tag-essential-oil-drawer-paper-boxes","14":"first","15":"instock","16":"shipping-taxable","17":"product-type-simple","18":"entry","19":"content-bg","20":"loop-entry"},"_links":{"self":[{"href":"https:\/\/red-lighttherapy.com\/fr_fr\/wp-json\/wp\/v2\/product\/434","targetHints":{"allow":["GET"]}}],"collection":[{"href":"https:\/\/red-lighttherapy.com\/fr_fr\/wp-json\/wp\/v2\/product"}],"about":[{"href":"https:\/\/red-lighttherapy.com\/fr_fr\/wp-json\/wp\/v2\/types\/product"}],"wp:featuredmedia":[{"embeddable":true,"href":"https:\/\/red-lighttherapy.com\/fr_fr\/wp-json\/wp\/v2\/media\/435"}],"wp:attachment":[{"href":"https:\/\/red-lighttherapy.com\/fr_fr\/wp-json\/wp\/v2\/media?parent=434"}],"wp:term":[{"taxonomy":"product_brand","embeddable":true,"href":"https:\/\/red-lighttherapy.com\/fr_fr\/wp-json\/wp\/v2\/product_brand?post=434"},{"taxonomy":"product_cat","embeddable":true,"href":"https:\/\/red-lighttherapy.com\/fr_fr\/wp-json\/wp\/v2\/product_cat?post=434"},{"taxonomy":"product_tag","embeddable":true,"href":"https:\/\/red-lighttherapy.com\/fr_fr\/wp-json\/wp\/v2\/product_tag?post=434"}],"curies":[{"name":"wp","href":"https:\/\/api.w.org\/{rel}","templated":true}]}}