{"id":428,"date":"2025-04-11T12:53:29","date_gmt":"2025-04-11T12:53:29","guid":{"rendered":"https:\/\/red-lighttherapy.com\/?post_type=product&#038;p=428"},"modified":"2025-04-11T13:15:50","modified_gmt":"2025-04-11T13:15:50","slug":"wholesale-luxury-lid-and-base-ring-earring-necklace-packaging","status":"publish","type":"product","link":"https:\/\/red-lighttherapy.com\/fr_fr\/wholesale-luxury-lid-and-base-ring-earring-necklace-packaging\/","title":{"rendered":"Emballage en gros de couvercles et de bases de bagues de colliers de luxe"},"content":{"rendered":"<h2 id=\"-product-description-of-luxury-lid-base-ring-earring-necklace-packaging-box-\"><strong>Description du produit Bo\u00eete d'emballage de luxe avec couvercle et base pour bagues, boucles d'oreilles et colliers<\/strong><\/h2>\n<h2 id=\"-1-simple-and-elegant-design-highlighting-brand-texture-\"><strong>1. Design simple et \u00e9l\u00e9gant, mettant en valeur la texture de la marque<\/strong><\/h2>\n<p>Cette s\u00e9rie de bo\u00eetes d'emballage adopte un concept esth\u00e9tique minimaliste, et la surface est soulign\u00e9e par une technologie de marquage \u00e0 chaud en or mat de haute pr\u00e9cision pour souligner le logo de la marque ou le motif de la texture, r\u00e9v\u00e9lant un temp\u00e9rament luxueux d'une mani\u00e8re discr\u00e8te. Le mariage de la texture mate et de l'\u00e9clat m\u00e9tallique est non seulement conforme aux tendances esth\u00e9tiques modernes, mais renforce \u00e9galement la m\u00e9moire visuelle de la marque. Le corps de la bo\u00eete pr\u00e9sente des lignes douces et aucune d\u00e9coration redondante, ce qui r\u00e9pond \u00e0 l'attrait principal de la bijouterie haut de gamme et des produits de luxe pour un emballage \"simple mais pas simple\".<\/p>\n<h2 id=\"-2-full-size-flexible-customization-suitable-for-a-variety-of-products-\"><strong>2. Personnalisation flexible de la taille compl\u00e8te, adapt\u00e9e \u00e0 une vari\u00e9t\u00e9 de produits<\/strong><\/h2>\n<ul>\n<li><strong>Adaptation pr\u00e9cise de la taille<\/strong>: Permet de personnaliser la taille des bagues (minimum 5\u00d75\u00d73,5 cm) jusqu'aux colliers (maximum 23\u00d717,5\u00d73,5 cm), couvrant ainsi les besoins des bijoux l\u00e9gers, des accessoires en m\u00e9tal pr\u00e9cieux, etc.<\/li>\n<li><strong>S\u00e9lection flexible du type de bo\u00eete<\/strong>: Nous proposons une vari\u00e9t\u00e9 de types de bo\u00eetes, tels que des couvercles sup\u00e9rieurs et inf\u00e9rieurs, des couvercles magn\u00e9tiques, des bo\u00eetes \u00e0 oreillers, etc., et nous pouvons personnaliser des structures exclusives en fonction de la forme des produits et des exigences de pr\u00e9sentation. Par exemple, la bo\u00eete \u00e0 rabat magn\u00e9tique est facile \u00e0 ouvrir et \u00e0 fermer et pr\u00e9sente une forte \u00e9tanch\u00e9it\u00e9, ce qui convient \u00e0 la pr\u00e9sentation de bijoux \u00e0 haute fr\u00e9quence ; la bo\u00eete \u00e0 couvercle sup\u00e9rieur et inf\u00e9rieur offre \u00e0 la fois une protection et un sens du rituel, ce qui convient aux sc\u00e8nes de cadeaux haut de gamme.<\/li>\n<\/ul>\n<h2 id=\"-3-professional-inner-tray-customization-stable-and-worry-free-protection-\"><strong>3. Personnalisation professionnelle du plateau int\u00e9rieur, protection stable et sans souci<\/strong><\/h2>\n<ul>\n<li><strong>Diversit\u00e9 des mat\u00e9riaux<\/strong>: Le plateau int\u00e9rieur peut \u00eatre fabriqu\u00e9 en EVA, en coton perl\u00e9, en \u00e9ponge de flocage, en carton blister et en d'autres mat\u00e9riaux. Il permet de fixer avec pr\u00e9cision les bagues, boucles d'oreilles, colliers et autres produits afin d'\u00e9viter les secousses et l'usure pendant le transport ou l'exposition. Par exemple, la doublure en flocage a une fonction antistatique pour prot\u00e9ger la brillance des bijoux en m\u00e9tal ; le plateau int\u00e9rieur en blister a une forte plasticit\u00e9 et convient aux bijoux de forme sp\u00e9ciale.<\/li>\n<li><strong>Conception fonctionnelle<\/strong>: Personnalisez des emplacements exclusifs pour diff\u00e9rents types de bijoux, tels que des emplacements pour bagues, des piercings, des crochets pour colliers, etc., afin de garantir la stabilit\u00e9 du produit et l'intuitivit\u00e9 de l'affichage.<\/li>\n<\/ul>\n<h2 id=\"-4-full-dimensional-craftsmanship-and-material-customization-to-empower-brand-image-\"><strong>4. Un savoir-faire artisanal complet et la personnalisation des mat\u00e9riaux pour renforcer l'image de la marque<\/strong><\/h2>\n<ul>\n<li><strong>Am\u00e9lioration des mat\u00e9riaux<\/strong>: Fournir des mat\u00e9riaux haut de gamme tels que du papier d'art sp\u00e9cial (papier perl\u00e9, papier tactile), du velours et du cuir respectueux de l'environnement pour r\u00e9pondre aux diff\u00e9rents besoins, du luxe l\u00e9ger au luxe de haut niveau. Par exemple, le velours a un toucher d\u00e9licat qui correspond \u00e0 la texture chaude des bijoux ; le papier sp\u00e9cial peut am\u00e9liorer le niveau visuel gr\u00e2ce au gaufrage, \u00e0 l'estampage \u00e0 chaud et \u00e0 d'autres proc\u00e9d\u00e9s.<\/li>\n<li><strong>Combinaison de technologies et d'innovations<\/strong>: Permet la superposition de la dorure \u00e0 chaud\/argent, du gaufrage, de la surface brillante partielle UV, de la s\u00e9rigraphie et d'autres proc\u00e9d\u00e9s afin de cr\u00e9er un langage visuel unique pour l'emballage.<\/li>\n<\/ul>\n<h2 id=\"-5-industry-experience-endorsement-word-of-mouth-trust-choice-\"><strong>5. Approbation de l'exp\u00e9rience de l'industrie, choix de la confiance du bouche-\u00e0-oreille<\/strong><\/h2>\n<p>Avec plus de dix ans d'exp\u00e9rience dans le secteur de l'emballage, nos services couvrent des marques internationales telles que Tiffany et Cartier et des bijoutiers nationaux \u00e9mergents, et nous avons fourni des solutions personnalis\u00e9es \u00e0 plus de 500 clients. Gr\u00e2ce \u00e0 notre connaissance approfondie du secteur de la bijouterie, nous contr\u00f4lons avec pr\u00e9cision l'ad\u00e9quation esth\u00e9tique entre l'emballage et les produits, ce qui permet aux marques d'am\u00e9liorer leur capacit\u00e9 \u00e0 proposer des produits de qualit\u00e9 sup\u00e9rieure et l'exp\u00e9rience des utilisateurs au moment du d\u00e9ballage.<\/p>\n<h2 id=\"-6-intelligent-production-system-quality-and-efficiency-double-guarantee-\"><strong>6. Syst\u00e8me de production intelligent, double garantie de qualit\u00e9 et d'efficacit\u00e9<\/strong><\/h2>\n<p>S'appuyant sur un syst\u00e8me intelligent de gestion de la production, l'ensemble du processus, de la validation de la conception \u00e0 la production de masse, est automatis\u00e9 et informatis\u00e9 :<\/p>\n<ul>\n<li><strong>Un contr\u00f4le de qualit\u00e9 pr\u00e9cis<\/strong>: L'\u00e9quipement d'inspection visuelle AI garantit la pr\u00e9cision du processus et la coh\u00e9rence de chaque bo\u00eete d'emballage, avec un taux de d\u00e9faut inf\u00e9rieur \u00e0 0,1%.<\/li>\n<li><strong>Production flexible<\/strong>: Prise en charge de commandes flexibles de 50 pi\u00e8ces \u00e0 10 000 pi\u00e8ces, livraison rapide dans les 7 \u00e0 15 jours, pour r\u00e9pondre aux besoins des promotions de haute saison des marques ou des premi\u00e8res sorties en \u00e9dition limit\u00e9e.<\/li>\n<\/ul>\n<h2 id=\"-cooperation-value-\"><strong>Valeur de coop\u00e9ration<\/strong><\/h2>\n<p>En choisissant notre solution d'emballage, vous obtiendrez : \u2705\u00a0<strong>Am\u00e9lioration de l'image de marque<\/strong>: D\u00e9livrer le ton de la marque par le biais d'un design personnalis\u00e9 pour renforcer la sensibilisation des consommateurs ; \u2705\u00a0<strong>Optimisation de l'exp\u00e9rience utilisateur<\/strong>: Am\u00e9lioration multidimensionnelle du rituel d'ouverture et de fermeture, de la protection et de la portabilit\u00e9, renfor\u00e7ant la volont\u00e9 de r\u00e9achat des clients ; \u2705\u00a0<strong>\u00c9quilibre co\u00fbt-efficacit\u00e9<\/strong>: Approvisionnement \u00e0 grande \u00e9chelle et syst\u00e8me de production intelligent pour garantir une qualit\u00e9 sup\u00e9rieure et un co\u00fbt raisonnable.<\/p>","protected":false},"excerpt":{"rendered":"<p>Cette bo\u00eete d'emballage \u00e0 couvercle et \u00e0 base adopte une structure \u00e0 couvercle sup\u00e9rieur et inf\u00e9rieur, qui est facile \u00e0 prendre. Le proc\u00e9d\u00e9 de marquage UV ponctuel + dorure \u00e0 chaud conf\u00e8re \u00e0 l'emballage une impression de luxe et renforce la valeur ajout\u00e9e.<\/p>","protected":false},"featured_media":432,"template":"","meta":{"_kad_post_transparent":"default","_kad_post_title":"","_kad_post_layout":"default","_kad_post_sidebar_id":"","_kad_post_content_style":"default","_kad_post_vertical_padding":"default","_kad_post_feature":"","_kad_post_feature_position":"","_kad_post_header":false,"_kad_post_footer":false,"_kad_post_classname":""},"product_brand":[],"product_cat":[15,19,17],"product_tag":[132,130,131],"class_list":{"0":"post-428","1":"product","2":"type-product","3":"status-publish","4":"has-post-thumbnail","6":"product_cat-red-light-therapy","7":"product_cat-red-light-therapy-stand","8":"product_cat-services","9":"product_tag-necklace-packaging","10":"product_tag-ring-packaging","11":"product_tag-wholesale-earring-packaging","13":"first","14":"instock","15":"shipping-taxable","16":"product-type-simple","17":"entry","18":"content-bg","19":"loop-entry"},"_links":{"self":[{"href":"https:\/\/red-lighttherapy.com\/fr_fr\/wp-json\/wp\/v2\/product\/428","targetHints":{"allow":["GET"]}}],"collection":[{"href":"https:\/\/red-lighttherapy.com\/fr_fr\/wp-json\/wp\/v2\/product"}],"about":[{"href":"https:\/\/red-lighttherapy.com\/fr_fr\/wp-json\/wp\/v2\/types\/product"}],"wp:featuredmedia":[{"embeddable":true,"href":"https:\/\/red-lighttherapy.com\/fr_fr\/wp-json\/wp\/v2\/media\/432"}],"wp:attachment":[{"href":"https:\/\/red-lighttherapy.com\/fr_fr\/wp-json\/wp\/v2\/media?parent=428"}],"wp:term":[{"taxonomy":"product_brand","embeddable":true,"href":"https:\/\/red-lighttherapy.com\/fr_fr\/wp-json\/wp\/v2\/product_brand?post=428"},{"taxonomy":"product_cat","embeddable":true,"href":"https:\/\/red-lighttherapy.com\/fr_fr\/wp-json\/wp\/v2\/product_cat?post=428"},{"taxonomy":"product_tag","embeddable":true,"href":"https:\/\/red-lighttherapy.com\/fr_fr\/wp-json\/wp\/v2\/product_tag?post=428"}],"curies":[{"name":"wp","href":"https:\/\/api.w.org\/{rel}","templated":true}]}}