{"id":416,"date":"2025-04-11T11:52:55","date_gmt":"2025-04-11T11:52:55","guid":{"rendered":"https:\/\/red-lighttherapy.com\/?post_type=product&#038;p=416"},"modified":"2025-04-20T05:59:36","modified_gmt":"2025-04-20T05:59:36","slug":"lid-and-base-box-mobile-cell-phone-packaging-box-factory","status":"publish","type":"product","link":"https:\/\/red-lighttherapy.com\/fr_fr\/lid-and-base-box-mobile-cell-phone-packaging-box-factory\/","title":{"rendered":"Bo\u00eete \u00e0 couvercle et \u00e0 base Bo\u00eete d'emballage pour t\u00e9l\u00e9phone portable Factory"},"content":{"rendered":"<h2 id=\"-product-description-of-mobile-phone-box-with-top-and-bottom-cover-\"><strong>Description du produit Couvercle et bo\u00eete de base Bo\u00eete d'emballage pour t\u00e9l\u00e9phone portable Factory<\/strong><\/h2>\n<h2 id=\"-1-box-design-top-and-bottom-cover-structure-practical-and-environmentally-friendly-\"><strong>1. Conception de la bo\u00eete : Structure du couvercle et de la base, pratique et respectueuse de l'environnement<\/strong><\/h2>\n<p>Ce produit adopte la conception classique d'un couvercle et d'une bo\u00eete de base. Le couvercle sup\u00e9rieur et la bo\u00eete inf\u00e9rieure sont assembl\u00e9s avec pr\u00e9cision. Il est facile \u00e0 ouvrir et \u00e0 fermer et a un fort sens du rituel, offrant aux consommateurs une exp\u00e9rience unique de d\u00e9ballage. La structure du couvercle sup\u00e9rieur et du couvercle inf\u00e9rieur non seulement prot\u00e8ge efficacement la s\u00e9curit\u00e9 du transport des produits, mais pr\u00e9sente \u00e9galement les avantages suivants :<\/p>\n<ul>\n<li><strong>Utilisation secondaire<\/strong>: Le corps de la bo\u00eete adopte une conception modulaire et peut \u00eatre facilement s\u00e9par\u00e9 sans colle ni d\u00e9montage compliqu\u00e9. Les consommateurs peuvent la r\u00e9utiliser comme bo\u00eete de rangement, bo\u00eete d'exposition, etc., ce qui est conforme au concept de protection de l'environnement.<\/li>\n<li><strong>Grande capacit\u00e9 d'adaptation<\/strong>: Prise en charge de la taille personnalis\u00e9e (hauteur, largeur et profondeur illimit\u00e9es), adapt\u00e9e aux t\u00e9l\u00e9phones portables, aux accessoires num\u00e9riques, aux produits de luxe et \u00e0 d'autres produits.<\/li>\n<\/ul>\n<h2 id=\"-2-appearance-craftsmanship-light-luxury-blue-and-gold-color-matching-highlighting-brand-style-\"><strong>2. Apparence artisanale : Les couleurs bleu luxe et or sont assorties, ce qui met en valeur le style de la marque.<\/strong><\/h2>\n<ul>\n<li><strong>Correspondance des couleurs<\/strong>: La couleur principale est un bleu profond, assorti d'une technologie de marquage \u00e0 chaud (LOGO de la marque, motifs, etc.), formant un fort contraste visuel, cr\u00e9ant une atmosph\u00e8re l\u00e9g\u00e8re, luxueuse et noble.<\/li>\n<li><strong>Technologie de marquage \u00e0 chaud<\/strong>: L'utilisation d'un \u00e9quipement de marquage \u00e0 chaud de haute pr\u00e9cision permet de garantir que les bords du motif sont clairs et exempts de bavures, et que les fonds or et bleu forment une hi\u00e9rarchie tridimensionnelle, ce qui renforce l'attrait de la pr\u00e9sentation des produits.<\/li>\n<\/ul>\n<h2 id=\"-3-core-material-high-load-bearing-gray-board-coated-paper-quality-and-performance-\"><strong>3. Mat\u00e9riau de base : carton gris \u00e0 haute r\u00e9sistance + papier couch\u00e9, qualit\u00e9 et performance<\/strong><\/h2>\n<ul>\n<li><strong>Substrat en carton gris<\/strong>: S\u00e9lectionner un carton gris haute densit\u00e9 de 1200 GSM, avec une \u00e9paisseur uniforme, une forte liaison entre les couches et une r\u00e9sistance \u00e0 la compression de plus de 150 kg, emp\u00eachant efficacement les d\u00e9formations dues au transport. La surface du carton gris est plate, ce qui facilite le processus de montage ult\u00e9rieur et permet le pliage et le formage, avec des bords et des coins nets et une apparence exquise.<\/li>\n<li><strong>Mat\u00e9riau du papier frontal<\/strong>: La couche ext\u00e9rieure est recouverte d'un papier couch\u00e9 157 GSM, avec une reproduction \u00e9lev\u00e9e des couleurs, supportant l'impression offset, l'impression UV et d'autres processus, et le motif est d\u00e9licat, r\u00e9sistant \u00e0 l'usure et aux rayures.<\/li>\n<\/ul>\n<h2 id=\"-4-inner-support-design-multiple-material-selection-precise-product-fixation-\"><strong>4. Conception du support int\u00e9rieur : s\u00e9lection de mat\u00e9riaux multiples, fixation pr\u00e9cise du produit<\/strong><\/h2>\n<ul>\n<li><strong>Solution de support int\u00e9rieur<\/strong>: Nous fournissons de l'EVA, du coton perl\u00e9, de l'\u00e9ponge, des blisters en papier et d'autres mat\u00e9riaux de rev\u00eatement, nous personnalisons des rainures de forme sp\u00e9ciale en fonction de la forme du produit pour garantir que le t\u00e9l\u00e9phone portable et les accessoires sont stables et \u00e0 l'\u00e9preuve des chocs.<\/li>\n<li><strong>Optimisation des fonctions<\/strong>:<\/li>\n<li><strong>EVA\/coton nacr\u00e9<\/strong>: Tampon \u00e0 haute \u00e9lasticit\u00e9, adapt\u00e9 aux objets fragiles ;<\/li>\n<li><strong>Blister en carton<\/strong>: Respectueux de l'environnement et d\u00e9gradable, il convient au positionnement de cadeaux haut de gamme ;<\/li>\n<li><strong>Fixation de la langue<\/strong>: La structure de la languette et du v\u00e9rin permet l'assemblage rapide du plateau int\u00e9rieur et du corps de la bo\u00eete afin d'am\u00e9liorer l'efficacit\u00e9 de l'emballage.<\/li>\n<\/ul>\n<h2 id=\"-5-production-capacity-automated-production-line-efficient-delivery-of-large-scale-orders-\"><strong>5. Capacit\u00e9 de production : Ligne de production automatis\u00e9e, livraison efficace des commandes \u00e0 grande \u00e9chelle.<\/strong><\/h2>\n<ul>\n<li><strong>\u00c9quipement intelligent<\/strong>: \u00c9quip\u00e9 de machines de d\u00e9coupe enti\u00e8rement automatiques, de machines de formation de blisters, de machines d'estampage \u00e0 chaud et d'autres \u00e9quipements pour r\u00e9aliser une production int\u00e9gr\u00e9e allant du d\u00e9coupage, de l'encollage des coins au moulage, avec une capacit\u00e9 de production journali\u00e8re moyenne de plus de 100 000 pi\u00e8ces.<\/li>\n<li><strong>Avantages du processus<\/strong>:<\/li>\n<li><strong>D\u00e9coupe pr\u00e9cise<\/strong>: La technologie de positionnement laser garantit que l'erreur de fente du carton gris est \u22641mm, \u00e9vitant ainsi les bavures de la bo\u00eete pliante ;<\/li>\n<li><strong>Changement rapide de moule<\/strong>: Les moules modulaires permettent de changer les sp\u00e9cifications des produits en 15 minutes pour r\u00e9pondre aux besoins de plusieurs lots de commandes.<\/li>\n<\/ul>\n<h2 id=\"-6-quality-control-full-process-inspection-to-ensure-zero-product-defects-\"><strong>6. Contr\u00f4le de la qualit\u00e9 : inspection compl\u00e8te du processus afin de garantir l'absence de d\u00e9fauts dans le produit<\/strong><\/h2>\n<ul>\n<li><strong>Inspection des mati\u00e8res premi\u00e8res<\/strong>Les param\u00e8tres tels que la perm\u00e9abilit\u00e9 du carton gris et le grammage du papier couch\u00e9 sont tous certifi\u00e9s FSC afin d'\u00e9liminer le risque de d\u00e9lamination et de d\u00e9formation.<\/li>\n<li><strong>Surveillance des processus<\/strong>:<\/li>\n<li><strong>Inspection de la premi\u00e8re pi\u00e8ce<\/strong>La production de la premi\u00e8re pi\u00e8ce est pr\u00e9c\u00e9d\u00e9e d'un test de pression et d'une v\u00e9rification des dimensions de la premi\u00e8re pi\u00e8ce ;<\/li>\n<li><strong>Inspection en ligne<\/strong>Syst\u00e8me de vision industrielle : contr\u00f4le en temps r\u00e9el de la d\u00e9viation de la position du marquage \u00e0 chaud, de la diff\u00e9rence de couleur de l'impression, etc.<\/li>\n<li><strong>Acceptation du produit fini<\/strong>: Les normes ASTM sont appliqu\u00e9es et les tests de vibration dans les transports sont simul\u00e9s pour garantir que le taux de r\u00e9ussite du test de chute est \u226599,9%.<\/li>\n<\/ul>\n<h2 id=\"-cooperation-advantages-and-service-commitments-\"><strong>Avantages de la coop\u00e9ration et engagements de service<\/strong><\/h2>\n<ul>\n<li><strong>Service personnalis\u00e9<\/strong>: Les projets de conception en 3D et les \u00e9preuves physiques sont fournis gratuitement, et les \u00e9chantillons sont livr\u00e9s dans les trois jours ;<\/li>\n<li><strong>Certification environnementale<\/strong>: les mat\u00e9riaux sont conformes aux normes REACH et RoHS et favorisent les processus de d\u00e9gradation ;<\/li>\n<li><strong>Garantie apr\u00e8s-vente<\/strong>L'entreprise est en mesure d'offrir un service de reprise inconditionnelle en cas de probl\u00e8mes de qualit\u00e9 et de fournir un rapport de tra\u00e7abilit\u00e9 de la qualit\u00e9 sur l'ensemble du cycle de vie de l'entreprise.<\/li>\n<\/ul>\n<p>Gr\u00e2ce \u00e0 l'int\u00e9gration approfondie des conceptions, mat\u00e9riaux et processus susmentionn\u00e9s, les bo\u00eetes d'emballage \u00e0 couvercle et \u00e0 dessus produites par cette usine r\u00e9pondent non seulement aux besoins fonctionnels, mais renforcent \u00e9galement la valeur de la marque gr\u00e2ce \u00e0 une esth\u00e9tique de luxe l\u00e9g\u00e8re et \u00e0 des concepts de protection de l'environnement, aidant ainsi les clients \u00e0 cr\u00e9er une image de produit haut de gamme diff\u00e9renci\u00e9e.<\/p>","protected":false},"excerpt":{"rendered":"<p>Cette bo\u00eete d'emballage \u00e0 couvercle et \u00e0 base adopte une structure \u00e0 couvercle sup\u00e9rieur et inf\u00e9rieur, qui est facile \u00e0 prendre. Le proc\u00e9d\u00e9 de marquage UV ponctuel + dorure \u00e0 chaud conf\u00e8re \u00e0 l'emballage une impression de luxe et renforce la valeur ajout\u00e9e.<\/p>","protected":false},"featured_media":425,"template":"","meta":{"_kad_post_transparent":"default","_kad_post_title":"","_kad_post_layout":"default","_kad_post_sidebar_id":"","_kad_post_content_style":"default","_kad_post_vertical_padding":"default","_kad_post_feature":"","_kad_post_feature_position":"","_kad_post_header":false,"_kad_post_footer":false,"_kad_post_classname":""},"product_brand":[],"product_cat":[15,19,17],"product_tag":[129,128,127],"class_list":{"0":"post-416","1":"product","2":"type-product","3":"status-publish","4":"has-post-thumbnail","6":"product_cat-red-light-therapy","7":"product_cat-red-light-therapy-stand","8":"product_cat-services","9":"product_tag-cell-phone-packaging-factory","10":"product_tag-cellphone-packaging-box","11":"product_tag-mobile-phone-boxes","13":"first","14":"instock","15":"shipping-taxable","16":"product-type-simple","17":"entry","18":"content-bg","19":"loop-entry"},"_links":{"self":[{"href":"https:\/\/red-lighttherapy.com\/fr_fr\/wp-json\/wp\/v2\/product\/416","targetHints":{"allow":["GET"]}}],"collection":[{"href":"https:\/\/red-lighttherapy.com\/fr_fr\/wp-json\/wp\/v2\/product"}],"about":[{"href":"https:\/\/red-lighttherapy.com\/fr_fr\/wp-json\/wp\/v2\/types\/product"}],"wp:featuredmedia":[{"embeddable":true,"href":"https:\/\/red-lighttherapy.com\/fr_fr\/wp-json\/wp\/v2\/media\/425"}],"wp:attachment":[{"href":"https:\/\/red-lighttherapy.com\/fr_fr\/wp-json\/wp\/v2\/media?parent=416"}],"wp:term":[{"taxonomy":"product_brand","embeddable":true,"href":"https:\/\/red-lighttherapy.com\/fr_fr\/wp-json\/wp\/v2\/product_brand?post=416"},{"taxonomy":"product_cat","embeddable":true,"href":"https:\/\/red-lighttherapy.com\/fr_fr\/wp-json\/wp\/v2\/product_cat?post=416"},{"taxonomy":"product_tag","embeddable":true,"href":"https:\/\/red-lighttherapy.com\/fr_fr\/wp-json\/wp\/v2\/product_tag?post=416"}],"curies":[{"name":"wp","href":"https:\/\/api.w.org\/{rel}","templated":true}]}}