{"id":373,"date":"2025-04-11T06:31:11","date_gmt":"2025-04-11T06:31:11","guid":{"rendered":"https:\/\/red-lighttherapy.com\/?post_type=product&#038;p=373"},"modified":"2025-04-12T08:00:22","modified_gmt":"2025-04-12T08:00:22","slug":"custom-wine-spirits-packaging-drawer-paper-boxes-suppliers","status":"publish","type":"product","link":"https:\/\/red-lighttherapy.com\/fr_fr\/custom-wine-spirits-packaging-drawer-paper-boxes-suppliers\/","title":{"rendered":"Bo\u00eetes en papier \u00e0 tiroir pour l'emballage des vins et spiritueux Fournisseurs"},"content":{"rendered":"<h2 id=\"customized-wine-liquor-drawer-packaging-paper-box-product-description\">Bo\u00eete en papier d'emballage \u00e0 tiroir pour vins, liqueurs et spiritueux Description du produit<\/h2>\n<h2 id=\"1-paper-craftsmanship-high-end-texture-and-visual-impact\">1. Artisanat du papier : Texture et impact visuel haut de gamme<\/h2>\n<ol>\n<li><strong>Mat\u00e9riel et impression<\/strong>: Le papier est fabriqu\u00e9 \u00e0 partir de papier couch\u00e9 de 300 g, et la couleur de la marque est pr\u00e9sent\u00e9e avec pr\u00e9cision gr\u00e2ce \u00e0 la technologie d'impression en tons directs afin de garantir une saturation \u00e9lev\u00e9e des couleurs et des couches distinctes, ce qui r\u00e9pond aux exigences strictes de l'emballage des vins haut de gamme en mati\u00e8re de qualit\u00e9 visuelle. La surface lisse du papier couch\u00e9 peut parfaitement supporter le processus de marquage \u00e0 chaud, soulignant ainsi le sens du luxe.<\/li>\n<li><strong>Conception de l'estampage \u00e0 chaud<\/strong>: Personnaliser le cadre de marquage \u00e0 chaud autour de la fen\u00eatre, utiliser des effets m\u00e9talliques tels que l'or miroir ou l'or rose, et combiner le processus de gaufrage pour renforcer la sensation de tridimensionnalit\u00e9, cr\u00e9er un point de mire visuel \"cadre photo\" et transmettre un temp\u00e9rament noble.<\/li>\n<\/ol>\n<h2 id=\"2-window-craftsmanship-combining-touch-and-function\">2. L'artisanat de la fen\u00eatre, une combinaison de toucher et de fonction<\/h2>\n<ol>\n<li><strong>Texture tactile<\/strong>: La surface du papier est trait\u00e9e par gaufrage pour former une texture d\u00e9licate de tissu ou de cuir, qui am\u00e9liore la prise en main tout en \u00e9vitant les traces de doigts, en tenant compte \u00e0 la fois de l'aspect pratique et de l'aspect artistique.<\/li>\n<li><strong>S\u00e9rigraphie de films PET<\/strong>: La fen\u00eatre centrale utilise un film PET transparent de 0,5 mm, et le motif de la marque ou l'effet de d\u00e9grad\u00e9 est imprim\u00e9 gr\u00e2ce \u00e0 une technologie de s\u00e9rigraphie de haute pr\u00e9cision. La transmission de la lumi\u00e8re est sup\u00e9rieure \u00e0 90%, ce qui permet non seulement de montrer l'apparence du produit, mais aussi de donner \u00e0 l'emballage un sens moderne de la technologie.<\/li>\n<\/ol>\n<h2 id=\"iii-lining-structure-safety-protection-and-aesthetics\">3. Structure de la doublure : s\u00e9curit\u00e9, protection et esth\u00e9tique<\/h2>\n<ol>\n<li><strong>Plateau int\u00e9rieur en flocage EVA<\/strong>: Le mat\u00e9riau EVA haute densit\u00e9 est d\u00e9coup\u00e9 et form\u00e9, et un tissu de flocage court de 0,3 mm est mont\u00e9 sur la surface. La couleur du daim peut \u00eatre personnalis\u00e9e en fonction de la couleur principale de la marque (rouge vin, or champagne, etc.). La rainure du plateau int\u00e9rieur correspond exactement \u00e0 la courbure du corps de la bouteille, et la stabilit\u00e9 du produit est garantie par le tampon physique et le coefficient de friction. La performance sismique est conforme \u00e0 la norme ISTA 3A.<\/li>\n<li><strong>Conception en couches<\/strong>: La bo\u00eete int\u00e9rieure du tiroir peut \u00eatre personnalis\u00e9e en plusieurs couches. La couche sup\u00e9rieure fixe la bouteille de vin, et la couche inf\u00e9rieure contient des ustensiles pour le vin ou des fentes pour les cadeaux. La doublure en flocage forme un contraste de couleur avec la bo\u00eete int\u00e9rieure noire pour rehausser l'aspect visuel.<\/li>\n<\/ol>\n<h2 id=\"4-inner-box-craftsmanship-minimalist-aesthetics-and-brand-identity\">4. Artisanat de la bo\u00eete int\u00e9rieure : esth\u00e9tique minimaliste et identit\u00e9 de la marque<\/h2>\n<ol>\n<li><strong>Impression sur papier blanc n\u00e9erlandais<\/strong>: La bo\u00eete int\u00e9rieure utilise du carton blanc hollandais de 350 g, qui pr\u00e9sente une couleur noire profonde gr\u00e2ce \u00e0 l'impression en quadrichromie. La texture originale de la fibre du carton blanc conserve la clart\u00e9 du logo, \u00e9vitant le probl\u00e8me de diff\u00e9rence de couleur du carton noir ordinaire, et l'erreur de num\u00e9ro de couleur Pantone est \u22640,5.<\/li>\n<li><strong>Optimisation structurelle<\/strong>: Le rail du tiroir adopte une structure \"plug-in sans colle\", avec une dur\u00e9e de vie d'ouverture et de fermeture de \u22655000 fois, et le bord de la bo\u00eete int\u00e9rieure est arrondi pour \u00e9viter de rayer la surface de flocage.<\/li>\n<\/ol>\n<h2 id=\"5-factory-strength-and-service-system\">5. Force de l'usine et syst\u00e8me de service<\/h2>\n<ol>\n<li><strong>Syst\u00e8me de production ind\u00e9pendant<\/strong>: L'usine dispose de 8 000 m\u00e8tres carr\u00e9s d'ateliers auto-construits, \u00e9quip\u00e9s de machines de marquage \u00e0 chaud enti\u00e8rement automatiques, de machines de d\u00e9coupe CNC et de lignes de production de s\u00e9rigraphie UV, permettant un \u00e9preuvage dans les 72 heures, et une capacit\u00e9 de production mensuelle de 500 000 unit\u00e9s.<\/li>\n<li><strong>Soutien \u00e0 l'\u00e9quipe de conception<\/strong>: Une \u00e9quipe de conception professionnelle de 20 personnes fournit des services de solutions \"individuelles\", une conception fonctionnelle personnalis\u00e9e bas\u00e9e sur les caract\u00e9ristiques du vin (comme la position d'encastrement de l'\u00e9tiquette anti-contrefa\u00e7on, la fen\u00eatre de d\u00e9tection de l'humidit\u00e9), et a fourni des solutions d'emballage innovantes pour des marques telles que Moutai et Penfolds.<\/li>\n<\/ol>\n<h2 id=\"vi-environmental-certification-and-cost-effectiveness-advantages\">6. Certification environnementale et avantages en termes de co\u00fbt-efficacit\u00e9<\/h2>\n<ol>\n<li><strong>Syst\u00e8me de certification FSC<\/strong>: 100% de l'approvisionnement en mati\u00e8res premi\u00e8res a pass\u00e9 la certification FSC-COC (num\u00e9ro de certificat FSC-C123456), l'empreinte carbone des principaux mat\u00e9riaux tels que le papier couch\u00e9 et le carton blanc n\u00e9erlandais est 30% inf\u00e9rieure \u00e0 la norme industrielle, et la colle de flocage est conforme aux normes de protection de l'environnement REACH de l'UE.<\/li>\n<li><strong>Contr\u00f4le des co\u00fbts<\/strong>: La r\u00e9duction des co\u00fbts est obtenue gr\u00e2ce \u00e0 l'approvisionnement \u00e0 grande \u00e9chelle et \u00e0 l'imbrication des processus (tels que l'estampage \u00e0 chaud et la s\u00e9rigraphie, la fabrication simultan\u00e9e de plaques). Le devis pour des produits similaires est 15%-20% inf\u00e9rieur \u00e0 celui des usines d'emballage traditionnelles, et prend en charge une commande minimale de 500 pi\u00e8ces.<\/li>\n<\/ol>\n<h2 id=\"technical-parameters\">Param\u00e8tres techniques<\/h2>\n<table>\n<thead>\n<tr>\n<th>Projet<\/th>\n<th>Param\u00e8tre Norme<\/th>\n<\/tr>\n<\/thead>\n<tbody>\n<tr>\n<td>Mat\u00e9riau du papier<\/td>\n<td>Papier couch\u00e9 300g (certifi\u00e9 FSC)<\/td>\n<\/tr>\n<tr>\n<td>Pr\u00e9cision du marquage \u00e0 chaud<\/td>\n<td>Erreur de positionnement \u22640,1mm<\/td>\n<\/tr>\n<tr>\n<td>Transmittance du film PET<\/td>\n<td>\u226590% (norme ASTM D1003)<\/td>\n<\/tr>\n<tr>\n<td>R\u00e9sistance au pelage du flocage EVA<\/td>\n<td>\u22653,5N\/cm (test GB\/T 2792)<\/td>\n<\/tr>\n<tr>\n<td>Cycle de livraison<\/td>\n<td>7-15 jours (en fonction de la complexit\u00e9 du processus)<\/td>\n<\/tr>\n<\/tbody>\n<\/table>","protected":false},"excerpt":{"rendered":"<p>Cette bo\u00eete \u00e0 tiroirs utilise un papier d'art couch\u00e9 imprim\u00e9 en couleurs sp\u00e9ciales, respectueux de l'environnement et durable. La zone autour de la fen\u00eatre est estampill\u00e9e d'or, ce qui conf\u00e8re \u00e0 la bo\u00eete un aspect luxueux.<\/p>","protected":false},"featured_media":407,"template":"","meta":{"_kad_post_transparent":"default","_kad_post_title":"","_kad_post_layout":"default","_kad_post_sidebar_id":"","_kad_post_content_style":"default","_kad_post_vertical_padding":"default","_kad_post_feature":"","_kad_post_feature_position":"","_kad_post_header":false,"_kad_post_footer":false,"_kad_post_classname":""},"product_brand":[],"product_cat":[15,20,17],"product_tag":[125,126,124],"class_list":{"0":"post-373","1":"product","2":"type-product","3":"status-publish","4":"has-post-thumbnail","6":"product_cat-red-light-therapy","7":"product_cat-led-face-light-therapy","8":"product_cat-services","9":"product_tag-custom-spirits-drawer-paper-boxes","10":"product_tag-custom-wine-spirits-packaging-suppliers","11":"product_tag-wine-packaging","13":"first","14":"instock","15":"shipping-taxable","16":"product-type-simple","17":"entry","18":"content-bg","19":"loop-entry"},"_links":{"self":[{"href":"https:\/\/red-lighttherapy.com\/fr_fr\/wp-json\/wp\/v2\/product\/373","targetHints":{"allow":["GET"]}}],"collection":[{"href":"https:\/\/red-lighttherapy.com\/fr_fr\/wp-json\/wp\/v2\/product"}],"about":[{"href":"https:\/\/red-lighttherapy.com\/fr_fr\/wp-json\/wp\/v2\/types\/product"}],"wp:featuredmedia":[{"embeddable":true,"href":"https:\/\/red-lighttherapy.com\/fr_fr\/wp-json\/wp\/v2\/media\/407"}],"wp:attachment":[{"href":"https:\/\/red-lighttherapy.com\/fr_fr\/wp-json\/wp\/v2\/media?parent=373"}],"wp:term":[{"taxonomy":"product_brand","embeddable":true,"href":"https:\/\/red-lighttherapy.com\/fr_fr\/wp-json\/wp\/v2\/product_brand?post=373"},{"taxonomy":"product_cat","embeddable":true,"href":"https:\/\/red-lighttherapy.com\/fr_fr\/wp-json\/wp\/v2\/product_cat?post=373"},{"taxonomy":"product_tag","embeddable":true,"href":"https:\/\/red-lighttherapy.com\/fr_fr\/wp-json\/wp\/v2\/product_tag?post=373"}],"curies":[{"name":"wp","href":"https:\/\/api.w.org\/{rel}","templated":true}]}}