{"id":367,"date":"2025-04-11T06:02:12","date_gmt":"2025-04-11T06:02:12","guid":{"rendered":"https:\/\/red-lighttherapy.com\/?post_type=product&#038;p=367"},"modified":"2025-04-11T06:30:31","modified_gmt":"2025-04-11T06:30:31","slug":"luxury-perfume-cosmetics-clamshell-rigid-boxes-suppliers","status":"publish","type":"product","link":"https:\/\/red-lighttherapy.com\/fr_fr\/luxury-perfume-cosmetics-clamshell-rigid-boxes-suppliers\/","title":{"rendered":"Bo\u00eetes rigides de luxe pour parfums et cosm\u00e9tiques Fournisseurs"},"content":{"rendered":"<h2 id=\"-product-description-of-high-end-perfume-and-cosmetics-flip-top-hard-box-\"><strong>Description des bo\u00eetes rigides de luxe pour parfums et cosm\u00e9tiques Fournisseurs<\/strong><\/h2>\n<p><strong>--Artisanat, solutions d'emballage de luxe personnalis\u00e9es<\/strong><\/p>\n<h2 id=\"-i-innovative-design-one-handed-operation-smooth-opening-and-closing-\"><strong>1. Conception innovante : utilisation d'une seule main, ouverture et fermeture en douceur<\/strong><\/h2>\n<p>Ce coffret cadeau \u00e0 clapet adopte la forme d'un clapet.<strong>\u00a0conception de la structure<\/strong>La partie charni\u00e8re est trait\u00e9e par des moules de pr\u00e9cision pour assurer une ouverture et une fermeture en douceur, et peut \u00eatre facilement manipul\u00e9e d'une seule main. Le corps de la bo\u00eete a \u00e9t\u00e9 test\u00e9 pour sa durabilit\u00e9 et sa r\u00e9sistance.\u00a0<strong>plus de 10 000 ouvertures et fermetures r\u00e9p\u00e9t\u00e9es<\/strong>Le couvercle \u00e0 rabat est combin\u00e9 \u00e0 une ventouse magn\u00e9tique ou \u00e0 une boucle (en option) pour am\u00e9liorer la stabilit\u00e9 de la fermeture et \u00e9viter l'ouverture accidentelle pendant le transport. Le couvercle \u00e0 rabat est associ\u00e9 \u00e0 une aspiration magn\u00e9tique ou \u00e0 une boucle (en option) pour renforcer la stabilit\u00e9 de la fermeture et \u00e9viter une ouverture accidentelle pendant le transport.<\/p>\n<h2 id=\"-ii-material-and-structure-stable-protection-upgraded-touch-\"><strong>2. Mat\u00e9riau et structure : protection stable, toucher am\u00e9lior\u00e9<\/strong><\/h2>\n<ol>\n<li><strong>Papier couch\u00e9 157GGSM<\/strong>Les produits de cette cat\u00e9gorie sont les suivants : surface lisse et d\u00e9licate, haute reproduction des couleurs, motifs imprim\u00e9s clairs et tridimensionnels.<\/li>\n<li><strong>Carton gris haute densit\u00e9 1200GSM<\/strong>La duret\u00e9 du corps de la bo\u00eete atteint le niveau le plus \u00e9lev\u00e9 de l'industrie et la r\u00e9sistance \u00e0 la compression est augment\u00e9e de 30%, ce qui permet de r\u00e9sister efficacement aux chocs ext\u00e9rieurs.<\/li>\n<li>La couleur principale est\u00a0<strong>vert fonc\u00e9 et noir mat<\/strong>. Le ton vert fonc\u00e9 donne une impression de luxe naturel, et les lignes noires soulignent la simplicit\u00e9 des contours, ce qui r\u00e9duit la fatigue visuelle et renforce la reconnaissance de la marque.<\/li>\n<\/ol>\n<h2 id=\"-third-surface-technology-long-term-protection-excellent-texture-\"><strong>3. Technologie de surface : protection \u00e0 long terme, excellente texture<\/strong><\/h2>\n<p>Le corps de la bo\u00eete est trait\u00e9 avec\u00a0<strong>technologie de pelliculage int\u00e9gral<\/strong>\u00a0(film brillant\/mat\/tactile en option) :<\/p>\n<ul>\n<li><strong>Imperm\u00e9able et antisalissure<\/strong>Les produits de l'emballage : ils bloquent efficacement la p\u00e9n\u00e9tration des liquides et prolongent la dur\u00e9e de vie de l'emballage.<\/li>\n<li><strong>R\u00e9sistant \u00e0 l'usure et aux rayures<\/strong>: La duret\u00e9 de la surface atteint 3H pour \u00e9viter les rayures pendant le transport ou l'affichage.<\/li>\n<li><strong>Personnalisation de la brillance<\/strong>: Le film mat offre un luxe discret, le film brillant renforce l'impact visuel et le film tactile donne une texture de velours unique.<\/li>\n<\/ul>\n<h2 id=\"-fourth-functional-lining-shock-resistant-and-cushioning-details-win-\"><strong>4. Doublure fonctionnelle : r\u00e9sistante aux chocs et amortissante, d\u00e9tails gagner<\/strong><\/h2>\n<ol>\n<li><strong>Doublure en flocage EVA<\/strong>Les \u00e9ponges : s'adaptent au contour de la bouteille, la performance d'amortissement est meilleure que celle des \u00e9ponges traditionnelles, et elles peuvent r\u00e9duire 80% de la force d'impact lors du test de chute.<\/li>\n<li><strong>Structure en couches de carton<\/strong>: La conception en nid d'abeille am\u00e9liore la capacit\u00e9 de charge et convient aux articles fragiles tels que les bouteilles en verre et les bocaux en c\u00e9ramique.<\/li>\n<li><strong>Doublure en tissu de soie\/raffia<\/strong>: Tissu de soie en option pour am\u00e9liorer le toucher, ou raphia naturel pour ajouter une texture respectueuse de l'environnement afin de r\u00e9pondre au ton des diff\u00e9rentes marques.<\/li>\n<\/ol>\n<h2 id=\"-v-deep-customization-flexible-adaptation-to-multiple-needs-\"><strong>5. Personnalisation approfondie : Adaptation flexible \u00e0 des besoins multiples<\/strong><\/h2>\n<ol>\n<li>Soutien\u00a0<strong>fond et couvercle de fond, type tiroir, type couvercle coulissant<\/strong>\u00a0et d'autres types de bo\u00eetes, d'une taille comprise entre 50\u00d750\u00d750mm et 300\u00d7300\u00d7200mm, convenant aux flacons de parfum, aux essences, aux rouges \u00e0 l\u00e8vres et \u00e0 d'autres produits.<\/li>\n<li><strong>Marquage \u00e0 chaud \/ gaufrage UV<\/strong>: Marquage \u00e0 chaud partiel du LOGO ou impression UV tridimensionnelle pour am\u00e9liorer la m\u00e9moire visuelle de la marque.<\/li>\n<li><strong>Fen\u00eatre creuse<\/strong>: Le mat\u00e9riau PET transparent permet de pr\u00e9senter les produits de mani\u00e8re intuitive et d'am\u00e9liorer l'attrait de la pr\u00e9sentation.<\/li>\n<\/ol>\n<h2 id=\"-six-production-guarantee-large-scale-intelligent-manufacturing-worry-free-delivery-\"><strong>6. Garantie de production : fabrication intelligente \u00e0 grande \u00e9chelle, livraison sans souci<\/strong><\/h2>\n<ul>\n<li><strong>R\u00e9sistance de l'usine<\/strong>: 5320\u33a1 usine normalis\u00e9e, 16 ans d'exp\u00e9rience dans l'industrie, \u00e9quip\u00e9e d'une machine de d\u00e9coupe enti\u00e8rement automatique, d'une machine de laminage et d'une ligne d'impression num\u00e9rique, avec une capacit\u00e9 de production quotidienne de 50 000 pi\u00e8ces.<\/li>\n<li><strong>Syst\u00e8me de contr\u00f4le de la qualit\u00e9<\/strong>: Certifi\u00e9 ISO 9001, il contr\u00f4le strictement 12 liens d'inspection de la qualit\u00e9, de l'approvisionnement en mati\u00e8res premi\u00e8res \u00e0 la livraison du produit fini, et le taux de d\u00e9faut est inf\u00e9rieur \u00e0 0,3%.<\/li>\n<li><strong>D\u00e9lai de livraison<\/strong>: Les commandes r\u00e9guli\u00e8res sont livr\u00e9es dans un d\u00e9lai de 7 \u00e0 10 jours, et les commandes acc\u00e9l\u00e9r\u00e9es peuvent \u00eatre r\u00e9duites \u00e0 3 jours, ce qui favorise la coop\u00e9ration logistique \u00e0 l'\u00e9chelle mondiale.<\/li>\n<\/ul>\n<h2 id=\"-application-scenarios-\"><strong>Sc\u00e9narios d'application<\/strong><\/h2>\n<ul>\n<li><strong>Parfum haut de gamme<\/strong>: Bo\u00eete magn\u00e9tique personnalis\u00e9e avec doublure en flocage EVA pour prot\u00e9ger la bouteille en verre et mettre en valeur le style de la marque.<\/li>\n<li><strong>Coffret cadeau pour soins de la peau<\/strong>: La structure \u00e0 tiroirs multicouches permet de ranger les essences, les cr\u00e8mes et d'autres cat\u00e9gories, et le film tactile est recouvert pour renforcer le sentiment de c\u00e9r\u00e9monie \u00e0 l'ouverture de la bo\u00eete.<\/li>\n<li><strong>Maquillage en \u00e9dition limit\u00e9e<\/strong>: Le corps de la bo\u00eete, de forme sp\u00e9ciale, est associ\u00e9 \u00e0 des accessoires m\u00e9talliques pour cr\u00e9er un emballage de collection.<\/li>\n<\/ul>","protected":false},"excerpt":{"rendered":"<p>Cette bo\u00eete cadeau \u00e0 clapet est facile \u00e0 ouvrir et \u00e0 fermer et peut \u00eatre r\u00e9utilis\u00e9e. Le corps de la bo\u00eete est principalement vert pour r\u00e9duire la fatigue visuelle. Il peut \u00eatre hautement personnalis\u00e9 pour s'adapter \u00e0 l'emballage de vos parfums et cosm\u00e9tiques.<\/p>","protected":false},"featured_media":372,"template":"","meta":{"_kad_post_transparent":"default","_kad_post_title":"","_kad_post_layout":"default","_kad_post_sidebar_id":"","_kad_post_content_style":"default","_kad_post_vertical_padding":"default","_kad_post_feature":"","_kad_post_feature_position":"","_kad_post_header":false,"_kad_post_footer":false,"_kad_post_classname":""},"product_brand":[],"product_cat":[15,28,27,17],"product_tag":[121,122,120],"class_list":{"0":"post-367","1":"product","2":"type-product","3":"status-publish","4":"has-post-thumbnail","6":"product_cat-red-light-therapy","7":"product_cat-customize","8":"product_cat-red-light-therapy-belt","9":"product_cat-services","10":"product_tag-cosmetics-rigid-boxes","11":"product_tag-luxury-perfume-boxes-suppliers","12":"product_tag-perfume-clamshell-boxes","14":"first","15":"instock","16":"shipping-taxable","17":"product-type-simple","18":"entry","19":"content-bg","20":"loop-entry"},"_links":{"self":[{"href":"https:\/\/red-lighttherapy.com\/fr_fr\/wp-json\/wp\/v2\/product\/367","targetHints":{"allow":["GET"]}}],"collection":[{"href":"https:\/\/red-lighttherapy.com\/fr_fr\/wp-json\/wp\/v2\/product"}],"about":[{"href":"https:\/\/red-lighttherapy.com\/fr_fr\/wp-json\/wp\/v2\/types\/product"}],"wp:featuredmedia":[{"embeddable":true,"href":"https:\/\/red-lighttherapy.com\/fr_fr\/wp-json\/wp\/v2\/media\/372"}],"wp:attachment":[{"href":"https:\/\/red-lighttherapy.com\/fr_fr\/wp-json\/wp\/v2\/media?parent=367"}],"wp:term":[{"taxonomy":"product_brand","embeddable":true,"href":"https:\/\/red-lighttherapy.com\/fr_fr\/wp-json\/wp\/v2\/product_brand?post=367"},{"taxonomy":"product_cat","embeddable":true,"href":"https:\/\/red-lighttherapy.com\/fr_fr\/wp-json\/wp\/v2\/product_cat?post=367"},{"taxonomy":"product_tag","embeddable":true,"href":"https:\/\/red-lighttherapy.com\/fr_fr\/wp-json\/wp\/v2\/product_tag?post=367"}],"curies":[{"name":"wp","href":"https:\/\/api.w.org\/{rel}","templated":true}]}}