{"id":350,"date":"2025-04-11T04:15:43","date_gmt":"2025-04-11T04:15:43","guid":{"rendered":"https:\/\/red-lighttherapy.com\/?post_type=product&#038;p=350"},"modified":"2025-04-11T05:27:29","modified_gmt":"2025-04-11T05:27:29","slug":"custom-lid-and-base-led-flashlight-boxes-packaging-wholesale","status":"publish","type":"product","link":"https:\/\/red-lighttherapy.com\/fr_fr\/custom-lid-and-base-led-flashlight-boxes-packaging-wholesale\/","title":{"rendered":"Bo\u00eetes d'emballage de lampes de poche LED avec couvercle et base sur mesure Wholesale"},"content":{"rendered":"<h2 id=\"-customized-led-flashlight-lid-and-base-box-packaging-wholesale-product-description-\"><strong>Emballage en gros de couvercle et de bo\u00eete de base de lampe de poche LED personnalis\u00e9 Description du produit<\/strong><\/h2>\n<h2 id=\"-1-exquisite-printing-technology-highlighting-quality-\"><strong>1. Technologie d'impression exquise, qualit\u00e9 remarquable<\/strong><\/h2>\n<p>Cette bo\u00eete d'emballage pour lampe de poche adopte une technologie d'impression offset et de s\u00e9rigraphie de haute pr\u00e9cision, l'encre noire est uniform\u00e9ment remplie, le motif est clair et net, et la couleur est pure et sans d\u00e9viation. La surface peut \u00eatre recouverte d'un film mat, d'un film brillant ou d'un traitement UV pour am\u00e9liorer la r\u00e9sistance \u00e0 l'usure et la brillance, afin de garantir que le logo de la marque conserve toujours une texture haut de gamme pendant le transport et l'exposition. Le marquage \u00e0 chaud, l'argenture \u00e0 chaud, le gaufrage et d'autres proc\u00e9d\u00e9s permettent de r\u00e9pondre \u00e0 des besoins visuels personnalis\u00e9s et d'am\u00e9liorer la reconnaissance et l'attrait de l'emballage des produits.<\/p>\n<h2 id=\"-2-stiff-material-combination-double-protection-\"><strong>2. Combinaison de mat\u00e9riaux rigides, double protection<\/strong><\/h2>\n<p>Le corps de la bo\u00eete utilise\u00a0<strong>Papier couch\u00e9 350g<\/strong>\u00a0et\u00a0<strong>panneau gris \u00e0 haute r\u00e9sistance<\/strong>\u00a0La structure composite du carton gris adopte un processus de pressage de fibres enti\u00e8rement recycl\u00e9es afin de garantir une excellente r\u00e9sistance \u00e0 la compression et \u00e0 la d\u00e9formation. La surface du papier couch\u00e9 est lisse et d\u00e9licate, et la reproduction des couleurs d'impression est \u00e9lev\u00e9e. La couche centrale en carton gris fournit un support rigide qui peut r\u00e9sister \u00e0 l'impact des forces externes pendant le transport et prot\u00e9ger efficacement les appareils \u00e9lectroniques de pr\u00e9cision tels que les lampes de poche.<\/p>\n<h2 id=\"-3-box-design-with-top-and-bottom-lid-for-intuitive-display-\"><strong>3. Bo\u00eete avec couvercle sup\u00e9rieur et inf\u00e9rieur pour une pr\u00e9sentation intuitive<\/strong><\/h2>\n<p>Adopter le mod\u00e8le classique\u00a0<strong>structure du couvercle sup\u00e9rieur et inf\u00e9rieur<\/strong>\u00a0(le couvercle sup\u00e9rieur et la bo\u00eete inf\u00e9rieure sont compl\u00e8tement boucl\u00e9s), il est facile \u00e0 ouvrir et \u00e0 fermer et a un fort sens de la c\u00e9r\u00e9monie. L'apparence et les d\u00e9tails fonctionnels de la lampe de poche peuvent \u00eatre pleinement mis en \u00e9vidence au moment de l'ouverture, ce qui renforce la premi\u00e8re impression du client. La taille de la bo\u00eete est pr\u00e9cis\u00e9ment adapt\u00e9e, la cavit\u00e9 int\u00e9rieure est compacte et ne pr\u00e9sente aucune redondance, ce qui emp\u00eache le produit de trembler et facilite l'empilage, le stockage et le transport.<\/p>\n<h2 id=\"-4-multi-scenario-application-strong-compatibility-\"><strong>4. Application multi-sc\u00e9narios, forte compatibilit\u00e9<\/strong><\/h2>\n<p>Con\u00e7ue sp\u00e9cifiquement pour les lampes de poche \u00e0 LED, compatible avec de nombreux mod\u00e8les tels que les lampes \u00e0 lumi\u00e8re forte, les mini lampes et les lampes rechargeables. Les sc\u00e9narios d'application \u00e9tendus comprennent :<\/p>\n<ul>\n<li><strong>Mat\u00e9riel de plein air<\/strong>les t\u00e9lescopes, les boussoles, les outils portatifs, etc ;<\/li>\n<li><strong>Produits \u00e9lectroniques<\/strong>les petits instruments, les accessoires (tels que les chargeurs, les packs de batteries) ;<\/li>\n<li><strong>Personnalisation des cadeaux<\/strong>Les cadeaux d'affaires, les coffrets cadeaux promotionnels, les th\u00e8mes de vacances ou les conceptions communes \u00e0 une marque.<\/li>\n<\/ul>\n<h2 id=\"-5-customized-lining-solution-precise-fit-\"><strong>5. Solution de doublure personnalis\u00e9e, ajustement pr\u00e9cis<\/strong><\/h2>\n<p>Fournir une vari\u00e9t\u00e9 d'options de rev\u00eatement pour assurer la fixation du produit et la r\u00e9sistance aux chocs :<\/p>\n<ul>\n<li><strong>\u00c9ponge EVA<\/strong>Les caract\u00e9ristiques de ce produit sont les suivantes : d\u00e9coupe et moulage haute densit\u00e9, excellente capacit\u00e9 d'amortissement, adapt\u00e9 aux contours des lampes de poche de forme sp\u00e9ciale ;<\/li>\n<li><strong>Plateau de flocage<\/strong>: Am\u00e9liore la qualit\u00e9 du toucher, convient \u00e0 l'emballage de cadeaux haut de gamme ;<\/li>\n<li><strong>Compartiment amovible<\/strong>: Conception modulaire, compatible avec les emballages combin\u00e9s multi-produits (tels que lampe de poche + batterie de rechange).<\/li>\n<\/ul>\n<h2 id=\"-6-all-round-flexible-customization-service-\"><strong>6. Un service de personnalisation flexible et complet<\/strong><\/h2>\n<p>Soutenir l'ajustement personnalis\u00e9 tout au long du processus, de la conception \u00e0 la production :<\/p>\n<ul>\n<li><strong>Conception de l'apparence<\/strong>: LOGO, motif, sch\u00e9ma de couleurs personnalisables, compatible avec l'impression Pantone en tons directs ;<\/li>\n<li><strong>Optimisation structurelle<\/strong>: Ajustez l'\u00e9paisseur de la bo\u00eete, la position de la fen\u00eatre, la boucle magn\u00e9tique et d'autres d\u00e9tails selon vos besoins ;<\/li>\n<li><strong>Am\u00e9lioration de la fonction<\/strong>: Ajouter des modules fonctionnels suppl\u00e9mentaires tels que des poign\u00e9es, des rubans, des \u00e9tiquettes anti-contrefa\u00e7on, etc.<\/li>\n<\/ul>\n<h2 id=\"-7-large-scale-production-capacity-quality-assurance-\"><strong>7. Capacit\u00e9 de production \u00e0 grande \u00e9chelle, assurance qualit\u00e9<\/strong><\/h2>\n<p>L'usine dispose d'un\u00a0<strong>5 320 m\u00e8tres carr\u00e9s<\/strong>\u00a0L'entreprise dispose d'un atelier moderne, \u00e9quip\u00e9 de machines d'impression offset enti\u00e8rement automatiques, de machines de d\u00e9coupe et de lignes d'inspection de contr\u00f4le de la qualit\u00e9, avec une capacit\u00e9 de production quotidienne de 100 000 pi\u00e8ces. Certifi\u00e9 par le syst\u00e8me de gestion de la qualit\u00e9 ISO, l'ensemble du processus, de l'approvisionnement en mati\u00e8res premi\u00e8res \u00e0 la livraison du produit fini, peut \u00eatre suivi afin de garantir la stabilit\u00e9 des lots. Prise en charge de l'approvisionnement transfrontalier (emballage conforme sur des plateformes telles qu'Amazon et eBay) et service acc\u00e9l\u00e9r\u00e9 pour les commandes urgentes, cycle de livraison de 7 \u00e0 15 jours, pour r\u00e9pondre aux besoins de gros volumes et de personnalisation des petites et moyennes entreprises.<\/p>\n<h2 id=\"-cooperation-advantages-\"><strong>Avantages de la coop\u00e9ration<\/strong><\/h2>\n<ul>\n<li><strong>Service \u00e0 guichet unique<\/strong>La connexion transparente de l'ensemble du processus de conception, d'\u00e9preuvage, de production et de logistique ;<\/li>\n<li><strong>Certification environnementale<\/strong>: Le carton gris certifi\u00e9 FSC et l'encre \u00e0 base d'eau sont utilis\u00e9s, ce qui est conforme aux normes de protection de l'environnement REACH de l'UE ;<\/li>\n<li><strong>Optimisation des co\u00fbts<\/strong>: Les achats \u00e0 grande \u00e9chelle r\u00e9duisent le prix unitaire, avec une commande minimale de 500 pi\u00e8ces et la possibilit\u00e9 d'obtenir des devis \u00e9chelonn\u00e9s.<\/li>\n<\/ul>\n<p>Si vous avez besoin d'\u00e9chantillons ou de solutions personnalis\u00e9es, veuillez contacter notre \u00e9quipe de conception. Nous utiliserons une technologie professionnelle et des services efficaces pour donner \u00e0 vos produits une valeur d'emballage plus comp\u00e9titive.<\/p>","protected":false},"excerpt":{"rendered":"<p>Le couvercle et la base s'ouvrent rapidement d'une seule main pour faciliter le d\u00e9ballage. La bo\u00eete est dot\u00e9e d'une technologie d'impression exquise et de motifs clairs. Elle peut parfaitement imprimer l'emballage de votre lampe de poche LED.<\/p>","protected":false},"featured_media":359,"template":"","meta":{"_kad_post_transparent":"default","_kad_post_title":"","_kad_post_layout":"default","_kad_post_sidebar_id":"","_kad_post_content_style":"default","_kad_post_vertical_padding":"default","_kad_post_feature":"","_kad_post_feature_position":"","_kad_post_header":false,"_kad_post_footer":false,"_kad_post_classname":""},"product_brand":[],"product_cat":[15,19,17],"product_tag":[116,115,114],"class_list":{"0":"post-350","1":"product","2":"type-product","3":"status-publish","4":"has-post-thumbnail","6":"product_cat-red-light-therapy","7":"product_cat-red-light-therapy-stand","8":"product_cat-services","9":"product_tag-custom-led-flashlight-boxes","10":"product_tag-flashlight-boxes-packaging","11":"product_tag-lid-and-base-led-boxes","13":"first","14":"instock","15":"shipping-taxable","16":"product-type-simple","17":"entry","18":"content-bg","19":"loop-entry"},"_links":{"self":[{"href":"https:\/\/red-lighttherapy.com\/fr_fr\/wp-json\/wp\/v2\/product\/350","targetHints":{"allow":["GET"]}}],"collection":[{"href":"https:\/\/red-lighttherapy.com\/fr_fr\/wp-json\/wp\/v2\/product"}],"about":[{"href":"https:\/\/red-lighttherapy.com\/fr_fr\/wp-json\/wp\/v2\/types\/product"}],"wp:featuredmedia":[{"embeddable":true,"href":"https:\/\/red-lighttherapy.com\/fr_fr\/wp-json\/wp\/v2\/media\/359"}],"wp:attachment":[{"href":"https:\/\/red-lighttherapy.com\/fr_fr\/wp-json\/wp\/v2\/media?parent=350"}],"wp:term":[{"taxonomy":"product_brand","embeddable":true,"href":"https:\/\/red-lighttherapy.com\/fr_fr\/wp-json\/wp\/v2\/product_brand?post=350"},{"taxonomy":"product_cat","embeddable":true,"href":"https:\/\/red-lighttherapy.com\/fr_fr\/wp-json\/wp\/v2\/product_cat?post=350"},{"taxonomy":"product_tag","embeddable":true,"href":"https:\/\/red-lighttherapy.com\/fr_fr\/wp-json\/wp\/v2\/product_tag?post=350"}],"curies":[{"name":"wp","href":"https:\/\/api.w.org\/{rel}","templated":true}]}}