{"id":344,"date":"2025-04-11T03:46:15","date_gmt":"2025-04-11T03:46:15","guid":{"rendered":"https:\/\/red-lighttherapy.com\/?post_type=product&#038;p=344"},"modified":"2025-04-11T04:15:32","modified_gmt":"2025-04-11T04:15:32","slug":"direct-factory-magnetic-closure-box-oral-irrigator-packaging","status":"publish","type":"product","link":"https:\/\/red-lighttherapy.com\/fr_fr\/direct-factory-magnetic-closure-box-oral-irrigator-packaging\/","title":{"rendered":"Emballage de bo\u00eete \u00e0 fermeture magn\u00e9tique pour irrigateur buccal Direct Factory"},"content":{"rendered":"<h2 id=\"-product-description-of-the-factory-direct-magnetic-sealed-box-oral-irrigator-packaging-\"><strong>Description du produit Direct Factory Magnetic Closure Box Oral Irrigator Packaging<\/strong><\/h2>\n<h2 id=\"-1-magnetic-sealing-design-convenient-and-durable-\"><strong>1. Fermeture magn\u00e9tique Conception de l'\u00e9tanch\u00e9it\u00e9 : Pratique et durable<\/strong><\/h2>\n<ul>\n<li><strong>Conception d'aimants int\u00e9gr\u00e9s<\/strong>: Le couvercle de la bo\u00eete adopte une structure de fermeture magn\u00e9tique cach\u00e9e, et l'aimant est int\u00e9gr\u00e9 dans le bord du corps de la bo\u00eete et du couvercle pour \u00e9viter l'usure ou la chute caus\u00e9e par l'exposition.<\/li>\n<li><strong>Alignement automatique de l'adsorption<\/strong>: La force magn\u00e9tique s'absorbe automatiquement lors de l'ouverture et de la fermeture, s'aligne avec pr\u00e9cision et peut \u00eatre facilement utilis\u00e9e d'une seule main pour am\u00e9liorer l'exp\u00e9rience de l'utilisateur.<\/li>\n<li><strong>Durabilit\u00e9 \u00e0 long terme<\/strong>: Le syst\u00e8me magn\u00e9tique a \u00e9t\u00e9 test\u00e9 des milliers de fois pour l'ouverture et la fermeture afin de s'assurer qu'il conserve une adsorption stable apr\u00e8s une utilisation \u00e0 long terme, ce qui convient aux sc\u00e9narios d'utilisation \u00e0 haute fr\u00e9quence.<\/li>\n<\/ul>\n<h2 id=\"-2-simple-aesthetic-design-blue-and-white-color-matching-and-brand-recognition-\"><strong>2. Conception esth\u00e9tique simple : Correspondance des couleurs bleu et blanc et reconnaissance de la marque<\/strong><\/h2>\n<ul>\n<li><strong>Le langage visuel<\/strong>: Le corps de la bo\u00eete est principalement bleu et blanc. Le bleu symbolise le professionnalisme et la propret\u00e9, tandis que le blanc \u00e9voque la simplicit\u00e9 et la technologie. L'association de couleurs douces peut soulager la pression psychologique des utilisateurs avant l'utilisation.<\/li>\n<li><strong>Am\u00e9lioration de la marque<\/strong>: La surface de la bo\u00eete adopte une technologie mate pour imprimer le logo de la marque, avec un design minimaliste pour am\u00e9liorer la reconnaissance visuelle et transmettre un sentiment de qualit\u00e9 haut de gamme.<\/li>\n<\/ul>\n<h2 id=\"-3-double-sided-printing-process-dual-optimization-of-environmental-protection-and-information-communication-\"><strong>3. Processus d'impression recto-verso : double optimisation de la protection de l'environnement et de la communication de l'information<\/strong><\/h2>\n<ul>\n<li><strong>Concept de protection de l'environnement<\/strong>: Adopter des mat\u00e9riaux en papier recyclable, une technologie d'impression recto-verso pour r\u00e9duire les d\u00e9chets de papier, conform\u00e9ment \u00e0 la tendance de l'emballage \u00e9cologique.<\/li>\n<li><strong>Division fonctionnelle<\/strong>:<\/li>\n<li><strong>Externe<\/strong>: Le logo de la marque et les principaux arguments de vente (tels que \"rin\u00e7age de qualit\u00e9 m\u00e9dicale\" et \"conception portable\") sont mis en \u00e9vidence pour renforcer le positionnement sur le march\u00e9.<\/li>\n<li><strong>Interne<\/strong>: Impression d\u00e9taill\u00e9e des instructions relatives au produit, des informations sur les ingr\u00e9dients et des certificats de s\u00e9curit\u00e9 pour renforcer la confiance des utilisateurs.<\/li>\n<\/ul>\n<h2 id=\"-4-customized-inner-tray-design-impact-resistance-and-personalized-adaptation-\"><strong>4. Conception personnalis\u00e9e du plateau int\u00e9rieur : r\u00e9sistance aux chocs et adaptation personnalis\u00e9e<\/strong><\/h2>\n<ul>\n<li><strong>Plateau int\u00e9rieur r\u00e9sistant aux chocs<\/strong>: Le plateau int\u00e9rieur est en plastique PP tr\u00e8s r\u00e9sistant. Il passe le test d'impact sur une poutre simple selon la norme ISO 179 et peut r\u00e9sister aux vibrations et aux chutes pendant le transport.<\/li>\n<li><strong>Options de personnalisation flexibles<\/strong>:<\/li>\n<li><strong>S\u00e9lection des mat\u00e9riaux<\/strong>: Une doublure en EVA, en \u00e9ponge, en tissu de soie ou en raphia est pr\u00e9vue pour s'adapter aux diff\u00e9rentes formes de produits (tels que l'h\u00f4te de la machine de rin\u00e7age, la buse, le c\u00e2ble de chargement, etc.<\/li>\n<li><strong>Optimisation structurelle<\/strong>: Les plateaux int\u00e9rieurs superpos\u00e9s ou int\u00e9gr\u00e9s peuvent \u00eatre con\u00e7us en fonction de la taille du produit afin de maximiser l'utilisation de l'espace.<\/li>\n<\/ul>\n<h2 id=\"-5-factory-strength-and-service-guarantee-\"><strong>5. Solidit\u00e9 de l'usine et garantie de service<\/strong><\/h2>\n<ul>\n<li><strong>Chef de file de l'industrie<\/strong>: En tant que troisi\u00e8me usine d'impression et d'emballage de Chine, elle a servi plus de 5 000 clients de marque, dans les domaines de la m\u00e9decine, de l'\u00e9lectronique, des biens de consommation \u00e0 rotation rapide et d'autres secteurs.<\/li>\n<li><strong>Syst\u00e8me de production efficace<\/strong>:<\/li>\n<li><strong>\u00c9quipement et capacit\u00e9 de production<\/strong>: \u00c9quip\u00e9e de machines de d\u00e9coupe enti\u00e8rement automatiques, de machines d'impression num\u00e9rique UV et de syst\u00e8mes intelligents d'inspection de la qualit\u00e9, la capacit\u00e9 de production quotidienne atteint plus d'un million de pi\u00e8ces, ce qui permet de livrer les commandes urgentes en 48 heures.<\/li>\n<li><strong>Contr\u00f4le de la qualit\u00e9<\/strong>: Certifi\u00e9 ISO 9001, chaque lot de produits subit des tests multidimensionnels tels que la r\u00e9sistance \u00e0 la compression, la r\u00e9sistance \u00e0 l'usure et la diff\u00e9rence de couleur afin de garantir que le taux de qualification des produits d'emballage finis est \u226599,8%.<\/li>\n<li><strong>Service \u00e0 guichet unique<\/strong>: Suivi de la conception, de l'\u00e9preuvage \u00e0 la production en s\u00e9rie, suggestions gratuites d'optimisation de la conception et r\u00e9duction des co\u00fbts de prise de d\u00e9cision du client.<\/li>\n<\/ul>\n<h2 id=\"-reasons-for-choosing-us-\"><strong>Raisons de nous choisir<\/strong><\/h2>\n<ul>\n<li><strong>Innovation en mati\u00e8re de conception<\/strong>: La combinaison d'une structure d'aspiration magn\u00e9tique et d'un design esth\u00e9tique tient compte \u00e0 la fois de la fonction et de la communication de la marque.<\/li>\n<li><strong>Respect de l'environnement<\/strong>: Les mat\u00e9riaux et les processus sont conformes \u00e0 la certification FSC et aux normes environnementales REACH de l'UE.<\/li>\n<li><strong>Avantage en termes de co\u00fbts<\/strong>: La production \u00e0 grande \u00e9chelle r\u00e9duit les co\u00fbts unitaires et les services personnalis\u00e9s ne sont pas soumis \u00e0 des restrictions de quantit\u00e9 minimale.<\/li>\n<\/ul>","protected":false},"excerpt":{"rendered":"<p>Cette bo\u00eete \u00e0 fermeture magn\u00e9tique s'absorbe et s'aligne automatiquement, est facile \u00e0 ouvrir et \u00e0 fermer, a un design simple et \u00e9l\u00e9gant, et est imprim\u00e9e recto-verso pour \u00e9conomiser les ressources.<\/p>","protected":false},"featured_media":348,"template":"","meta":{"_kad_post_transparent":"default","_kad_post_title":"","_kad_post_layout":"default","_kad_post_sidebar_id":"","_kad_post_content_style":"default","_kad_post_vertical_padding":"default","_kad_post_feature":"","_kad_post_feature_position":"","_kad_post_header":false,"_kad_post_footer":false,"_kad_post_classname":""},"product_brand":[],"product_cat":[15,28,17],"product_tag":[113,112,111],"class_list":{"0":"post-344","1":"product","2":"type-product","3":"status-publish","4":"has-post-thumbnail","6":"product_cat-red-light-therapy","7":"product_cat-customize","8":"product_cat-services","9":"product_tag-custom-oral-irrigator-packaging","10":"product_tag-magnetic-closure-oral-irrigator-box","11":"product_tag-oral-irrigator-packaging","13":"first","14":"instock","15":"shipping-taxable","16":"product-type-simple","17":"entry","18":"content-bg","19":"loop-entry"},"_links":{"self":[{"href":"https:\/\/red-lighttherapy.com\/fr_fr\/wp-json\/wp\/v2\/product\/344","targetHints":{"allow":["GET"]}}],"collection":[{"href":"https:\/\/red-lighttherapy.com\/fr_fr\/wp-json\/wp\/v2\/product"}],"about":[{"href":"https:\/\/red-lighttherapy.com\/fr_fr\/wp-json\/wp\/v2\/types\/product"}],"wp:featuredmedia":[{"embeddable":true,"href":"https:\/\/red-lighttherapy.com\/fr_fr\/wp-json\/wp\/v2\/media\/348"}],"wp:attachment":[{"href":"https:\/\/red-lighttherapy.com\/fr_fr\/wp-json\/wp\/v2\/media?parent=344"}],"wp:term":[{"taxonomy":"product_brand","embeddable":true,"href":"https:\/\/red-lighttherapy.com\/fr_fr\/wp-json\/wp\/v2\/product_brand?post=344"},{"taxonomy":"product_cat","embeddable":true,"href":"https:\/\/red-lighttherapy.com\/fr_fr\/wp-json\/wp\/v2\/product_cat?post=344"},{"taxonomy":"product_tag","embeddable":true,"href":"https:\/\/red-lighttherapy.com\/fr_fr\/wp-json\/wp\/v2\/product_tag?post=344"}],"curies":[{"name":"wp","href":"https:\/\/api.w.org\/{rel}","templated":true}]}}