{"id":338,"date":"2025-04-11T03:21:02","date_gmt":"2025-04-11T03:21:02","guid":{"rendered":"https:\/\/red-lighttherapy.com\/?post_type=product&#038;p=338"},"modified":"2025-04-11T03:46:10","modified_gmt":"2025-04-11T03:46:10","slug":"custom-tempered-glass-screen-protector-packaging-box-factory","status":"publish","type":"product","link":"https:\/\/red-lighttherapy.com\/fr_fr\/custom-tempered-glass-screen-protector-packaging-box-factory\/","title":{"rendered":"Bo\u00eete d'emballage pour protecteur d'\u00e9cran en verre tremp\u00e9 Factory"},"content":{"rendered":"<h2 id=\"-customized-tempered-glass-screen-protector-packaging-box-factory-product-description-\"><strong>Bo\u00eete d'emballage de protecteur d'\u00e9cran en verre tremp\u00e9 personnalis\u00e9e Description du produit<\/strong><\/h2>\n<h2 id=\"-i-top-and-bottom-cover-box-design-both-ritual-and-practicality-\"><strong>1. Conception du couvercle et de la bo\u00eete de base : \u00e0 la fois rituel et pratique<\/strong><\/h2>\n<ol>\n<li><strong>Structure classique du couvercle et de la base<\/strong>\u00a0La conception de la bo\u00eete \u00e0 couvercle sup\u00e9rieur et inf\u00e9rieur s\u00e9par\u00e9 est simple et pratique \u00e0 ouvrir et \u00e0 fermer, ce qui conf\u00e8re au produit un sens rituel unique. Le corps de la bo\u00eete est d\u00e9coup\u00e9 par des moules de pr\u00e9cision, et l'erreur est contr\u00f4l\u00e9e \u00e0 \u00b10,1 mm pour garantir qu'elle s'ajuste parfaitement lorsqu'elle est ferm\u00e9e, ce qui renforce la texture haut de gamme du produit.<\/li>\n<li><strong>Optimisation de la protection et du confort<\/strong>\u00a0Le mat\u00e9riau du corps de la bo\u00eete utilise un processus composite de plaque grise 1200GSM et de papier de plaque de cuivre 157G, avec une r\u00e9sistance \u00e0 la compression de 50 kg de pression statique sans d\u00e9formation, r\u00e9sistant efficacement \u00e0 l'extrusion et \u00e0 la collision pendant le transport. La structure d'aspiration magn\u00e9tique int\u00e9gr\u00e9e, l'erreur d'ajustement est \u22640,2mm lorsqu'elle est ferm\u00e9e, et elle peut \u00eatre ouverte et ferm\u00e9e en douceur d'une seule main, en tenant compte de la s\u00e9curit\u00e9 et de la commodit\u00e9.<\/li>\n<\/ol>\n<h2 id=\"-second-orange-main-visual-design-stimulate-brand-vitality-\"><strong>2. Conception visuelle principale orange : stimuler la vitalit\u00e9 de la marque<\/strong><\/h2>\n<ol>\n<li><strong>La psychologie des couleurs au service de la marque<\/strong>\u00a0L'orange est la couleur principale, combin\u00e9e \u00e0 une technologie de gradient \u00e0 faible saturation, pour transmettre la vitalit\u00e9, la chaleur et les \u00e9motions positives. La longueur d'onde de l'orange (590-610 nm) \u00e9tablit un \u00e9quilibre entre la p\u00e9n\u00e9tration visuelle et le confort, ce qui peut augmenter la reconnaissance en rayon de 20%-30% et renforcer la m\u00e9moire de la marque chez les consommateurs.<\/li>\n<li><strong>Le logo de la marque est clairement pr\u00e9sent\u00e9<\/strong>\u00a0La surface adopte la technologie de l'impression offset en quadrichromie, qui permet une correspondance pr\u00e9cise des num\u00e9ros de couleur Pantone et garantit l'absence de diff\u00e9rence de couleur lors de l'impression. Le logo de la marque peut \u00eatre combin\u00e9 avec la technologie de marquage \u00e0 chaud, UV ou gaufrage pour former un fort contraste visuel sur la base orange et renforcer l'effet de la marque.<\/li>\n<\/ol>\n<h2 id=\"-third-customized-adaptation-solution-accurately-match-product-needs-\"><strong>3. Solution d'adaptation personnalis\u00e9e : correspond exactement aux besoins du produit<\/strong><\/h2>\n<ol>\n<li><strong>Personnalisation flexible du type de bo\u00eete<\/strong>\u00a0Il est possible de l'adapter \u00e0 toutes les tailles et de personnaliser des types de bo\u00eetes exclusifs en fonction de la taille du film tremp\u00e9 (de 0,15 mm \u00e0 0,33 mm d'\u00e9paisseur) et de la courbure de la surface (2,5D\/3D\/profondeur \u00e9gale, surface incurv\u00e9e \u00e0 quatre niveaux). A titre d'exemple :<\/li>\n<li><strong>Version ultra-mince<\/strong>: Convient au film tremp\u00e9 ultra-mince de 0,15 mm, l'\u00e9paisseur de la bo\u00eete est contr\u00f4l\u00e9e \u00e0 1,5 cm pr\u00e8s ;<\/li>\n<li><strong>Version incurv\u00e9e<\/strong>: Support int\u00e9rieur en forme de U pour les films tremp\u00e9s 3D pli\u00e9s \u00e0 chaud, afin de s'adapter \u00e0 la courbure du film.<\/li>\n<li><strong>Divers choix de mat\u00e9riaux de rev\u00eatement<\/strong>\u00a0Fournir des options de doublure telles que le flocage EVA, le tissu de soie, le carton, l'\u00e9ponge, etc :<\/li>\n<li><strong>Flocage EVA<\/strong>: Excellente r\u00e9sistance aux chocs, convient \u00e0 la protection des bords par film tremp\u00e9 de pr\u00e9cision ;<\/li>\n<li><strong>Doublure en tissu de soie<\/strong>: Toucher d\u00e9licat, adapt\u00e9 \u00e0 un emballage cadeau haut de gamme ;<\/li>\n<li><strong>La stratification de l'\u00e9ponge<\/strong>: Plusieurs films tremp\u00e9s peuvent \u00eatre stock\u00e9s dans des cloisons, ce qui permet d'\u00e9viter les rayures et d'\u00e9conomiser de l'espace.<\/li>\n<\/ol>\n<h2 id=\"-fourth-china-s-source-factory-advantages-one-stop-service-and-cost-optimization-\"><strong>4. Avantages de l'usine source en Chine : service \u00e0 guichet unique et optimisation des co\u00fbts<\/strong><\/h2>\n<ol>\n<li><strong>\u00c9chantillons gratuits et aide \u00e0 la conception<\/strong>\u00a0Nous fournissons un service d'\u00e9preuvage gratuit, nous envoyons des \u00e9chantillons physiques dans un d\u00e9lai de 3 \u00e0 5 jours ouvrables et nous prenons en charge l'ajustement complet du type de bo\u00eete, de l'impression et de la doublure. L'\u00e9quipe de conception peut optimiser la structure de l'emballage et personnaliser la solution visuelle sur la base du syst\u00e8me de marque VI afin de r\u00e9duire les co\u00fbts de d\u00e9veloppement du client.<\/li>\n<li><strong>Solution de production de masse tr\u00e8s rentable<\/strong>\u00a0L'usine de Dongguan\/Shenzhen, Guangdong, adopte une ligne de production automatis\u00e9e et accepte une commande minimale de 10 pi\u00e8ces. Le co\u00fbt d'une seule bo\u00eete est 30%-40% inf\u00e9rieur au prix moyen du march\u00e9. L'entreprise propose diverses options d'emballage, telles que des sacs OPP, des bo\u00eetes blister et des bo\u00eetes en couleur, pour r\u00e9pondre aux besoins de la logistique transfrontali\u00e8re et de la vente au d\u00e9tail.<\/li>\n<li><strong>Garantie de qualit\u00e9 et de certification<\/strong>\u00a0Le mat\u00e9riau de la doublure est conforme aux normes m\u00e9dicales (YY\/T 0114), et le corps de la bo\u00eete passe le test du cycle de temp\u00e9rature et d'humidit\u00e9 de -25\u2103 \u00e0 50\u2103 pour garantir la stabilit\u00e9 du transport dans le monde entier. Il prend en charge la certification CE et l'impression d'encre respectueuse de l'environnement, et r\u00e9pond aux exigences d'acc\u00e8s au march\u00e9 en Europe et aux \u00c9tats-Unis.<\/li>\n<\/ol>\n<h2 id=\"-v-technical-parameters-and-service-process-\"><strong>5. Param\u00e8tres techniques et processus de service<\/strong><\/h2>\n<table>\n<thead>\n<tr>\n<th>Projet<\/th>\n<th>Param\u00e8tres\/d\u00e9tails du service<\/th>\n<\/tr>\n<\/thead>\n<tbody>\n<tr>\n<td><strong>Type de bo\u00eete<\/strong><\/td>\n<td>Couvercle sup\u00e9rieur et inf\u00e9rieur (tiroir, fen\u00eatre et autres variantes personnalisables)<\/td>\n<\/tr>\n<tr>\n<td><strong>Mat\u00e9riau<\/strong><\/td>\n<td>Papier couch\u00e9 157G + carton gris 1200GSM, film mat sur la surface<\/td>\n<\/tr>\n<tr>\n<td><strong>Processus d'impression<\/strong><\/td>\n<td>Impression offset en quadrichromie + marquage \u00e0 chaud\/UV partiel, correspondance des couleurs Pantone<\/td>\n<\/tr>\n<tr>\n<td><strong>Cycle de livraison<\/strong><\/td>\n<td>3-5 jours pour les \u00e9chantillons, 7-15 jours pour la production de masse (livraison acc\u00e9l\u00e9r\u00e9e possible)<\/td>\n<\/tr>\n<tr>\n<td><strong>Logistique Emballage<\/strong><\/td>\n<td>Sac OPP ind\u00e9pendant + carton en nid d'abeille r\u00e9sistant aux chocs, livraison directe par DHL\/FedEx.<\/td>\n<\/tr>\n<\/tbody>\n<\/table>","protected":false},"excerpt":{"rendered":"<p>Le type de bo\u00eete avec couvercle et base est s\u00e9par\u00e9, et la m\u00e9thode d'ouverture et de fermeture est simple et pratique, ce qui conf\u00e8re au produit un rituel unique et le rend facile \u00e0 utiliser.<\/p>","protected":false},"featured_media":341,"template":"","meta":{"_kad_post_transparent":"default","_kad_post_title":"","_kad_post_layout":"default","_kad_post_sidebar_id":"","_kad_post_content_style":"default","_kad_post_vertical_padding":"default","_kad_post_feature":"","_kad_post_feature_position":"","_kad_post_header":false,"_kad_post_footer":false,"_kad_post_classname":""},"product_brand":[],"product_cat":[15,19,17],"product_tag":[108,109,110],"class_list":{"0":"post-338","1":"product","2":"type-product","3":"status-publish","4":"has-post-thumbnail","6":"product_cat-red-light-therapy","7":"product_cat-red-light-therapy-stand","8":"product_cat-services","9":"product_tag-custom-tempered-glass-packaging","10":"product_tag-screen-protector-packaging-box","11":"product_tag-screen-protector-packaging-factory","13":"first","14":"instock","15":"shipping-taxable","16":"product-type-simple","17":"entry","18":"content-bg","19":"loop-entry"},"_links":{"self":[{"href":"https:\/\/red-lighttherapy.com\/fr_fr\/wp-json\/wp\/v2\/product\/338","targetHints":{"allow":["GET"]}}],"collection":[{"href":"https:\/\/red-lighttherapy.com\/fr_fr\/wp-json\/wp\/v2\/product"}],"about":[{"href":"https:\/\/red-lighttherapy.com\/fr_fr\/wp-json\/wp\/v2\/types\/product"}],"wp:featuredmedia":[{"embeddable":true,"href":"https:\/\/red-lighttherapy.com\/fr_fr\/wp-json\/wp\/v2\/media\/341"}],"wp:attachment":[{"href":"https:\/\/red-lighttherapy.com\/fr_fr\/wp-json\/wp\/v2\/media?parent=338"}],"wp:term":[{"taxonomy":"product_brand","embeddable":true,"href":"https:\/\/red-lighttherapy.com\/fr_fr\/wp-json\/wp\/v2\/product_brand?post=338"},{"taxonomy":"product_cat","embeddable":true,"href":"https:\/\/red-lighttherapy.com\/fr_fr\/wp-json\/wp\/v2\/product_cat?post=338"},{"taxonomy":"product_tag","embeddable":true,"href":"https:\/\/red-lighttherapy.com\/fr_fr\/wp-json\/wp\/v2\/product_tag?post=338"}],"curies":[{"name":"wp","href":"https:\/\/api.w.org\/{rel}","templated":true}]}}