{"id":332,"date":"2025-04-11T02:59:08","date_gmt":"2025-04-11T02:59:08","guid":{"rendered":"https:\/\/red-lighttherapy.com\/?post_type=product&#038;p=332"},"modified":"2025-04-11T03:20:51","modified_gmt":"2025-04-11T03:20:51","slug":"oral-irrigator-dental-water-flosser-magnetic-closure-box","status":"publish","type":"product","link":"https:\/\/red-lighttherapy.com\/fr_fr\/oral-irrigator-dental-water-flosser-magnetic-closure-box\/","title":{"rendered":"Irrigateur buccal Dental Water Flosser Magnetic Closure Box"},"content":{"rendered":"<h2 id=\"-oral-irrigator-and-dental-flosser-magnetic-box-product-description-\"><strong>Bo\u00eete magn\u00e9tique pour irrigateur buccal et fil dentaire Description du produit<\/strong><\/h2>\n<h2 id=\"-i-packaging-design-and-structure-\"><strong>1. Conception et structure de l'emballage<\/strong><\/h2>\n<ol>\n<li><strong>Mat\u00e9riau et capacit\u00e9 de charge<\/strong>\u00a0En utilisant du papier couch\u00e9 157G comme papier de surface, combin\u00e9 \u00e0 une base en carton gris haute r\u00e9sistance 1200GSM, une structure de bo\u00eete stable est form\u00e9e, qui peut r\u00e9sister \u00e0 l'extrusion et aux vibrations lors d'une utilisation quotidienne, garantissant la fixation correcte d'instruments de pr\u00e9cision tels que les fils dentaires et les irrigateurs int\u00e9gr\u00e9s. La r\u00e9sistance \u00e0 la compression du corps de la bo\u00eete a \u00e9t\u00e9 test\u00e9e pour une pression statique de 50 kg sans d\u00e9formation, ce qui r\u00e9pond aux exigences de durabilit\u00e9 des sc\u00e9narios m\u00e9dicaux et de voyage.<\/li>\n<li><strong>Apparence et pr\u00e9sentation de la marque<\/strong>\u00a0Avec des couleurs claires (comme le vert menthe et le corail clair) comme base, des tons \u00e0 faible saturation sont utilis\u00e9s pour cr\u00e9er un profond sentiment de luxe, tout en pr\u00e9sentant clairement le logo de la marque. Le processus de laminage de la surface am\u00e9liore les performances anti-salissures et anti-rayures. Il a \u00e9t\u00e9 v\u00e9rifi\u00e9 en laboratoire qu'il n'y a pas de r\u00e9tr\u00e9cissement ni de d\u00e9formation lorsqu'il est stock\u00e9 \u00e0 une temp\u00e9rature constante de 40\u00b0C pendant 72 heures, ce qui tient compte \u00e0 la fois de l'esth\u00e9tique et de l'aspect pratique.<\/li>\n<li><strong>Ouverture et fermeture magn\u00e9tiques et sens de la c\u00e9r\u00e9monie<\/strong>\u00a0La conception de la bo\u00eete magn\u00e9tique en forme de livre, le coefficient d'amortissement de l'ouverture et de la fermeture est optimis\u00e9 de mani\u00e8re ergonomique \u00e0 0,3N, et peut \u00eatre utilis\u00e9 en douceur d'une seule main. La structure magn\u00e9tique est align\u00e9e avec pr\u00e9cision et l'ajustement est de \u00b10,1 mm lorsqu'elle est ferm\u00e9e, ce qui donne \u00e0 l'action d'ouverture un sens solennel de c\u00e9r\u00e9monie, qui correspond au ton professionnel des produits m\u00e9dicaux.<\/li>\n<\/ol>\n<h2 id=\"-second-customized-function-adaptation-\"><strong>2. Adaptation personnalis\u00e9e des fonctions<\/strong><\/h2>\n<ol>\n<li><strong>Flexibilit\u00e9 du type de bo\u00eete et de l'impression<\/strong>\u00a0Elle prend en charge plusieurs types de bo\u00eetes (oblongues, en forme de U) et s'adapte aux diff\u00e9rentes sp\u00e9cifications des irrigateurs buccaux (30 ml-500 ml) et du fil dentaire emball\u00e9 de mani\u00e8re ind\u00e9pendante. La mise en page imprim\u00e9e peut \u00eatre personnalis\u00e9e avec des logos m\u00e9dicaux, des guides d'utilisation ou des \u00e9l\u00e9ments de culture de marque pour transmettre avec pr\u00e9cision les caract\u00e9ristiques du produit et les informations professionnelles.<\/li>\n<li><strong>Am\u00e9lioration du mat\u00e9riau et de la texture du support int\u00e9rieur<\/strong>\u00a0Fournir un flocage EVA, un tissu de soie, une \u00e9ponge et d'autres options de doublure :<\/li>\n<li><strong>Flocage EVA<\/strong>Le syst\u00e8me de protection de la t\u00eate de rin\u00e7age : excellente r\u00e9sistance aux chocs, convient \u00e0 la protection de la t\u00eate de rin\u00e7age de pr\u00e9cision ;<\/li>\n<li><strong>Doublure en tissu de soie<\/strong>Le toucher est d\u00e9licat, l'exp\u00e9rience de soin haut de gamme est am\u00e9lior\u00e9e ;<\/li>\n<li><strong>Superposition de cartons<\/strong>L'espace de stockage : peut \u00eatre divis\u00e9 en cloisons pour stocker les irrigateurs et les buses de remplacement afin d'optimiser l'utilisation de l'espace.<\/li>\n<\/ol>\n<h2 id=\"-three-scenario-application-and-detail-optimization-\"><strong>3. Application du sc\u00e9nario et optimisation des d\u00e9tails<\/strong><\/h2>\n<ol>\n<li><strong>Adaptation d'un sc\u00e9nario mobile<\/strong>\u00a0L'\u00e9paisseur de la bo\u00eete est contr\u00f4l\u00e9e \u00e0 1,8 cm, ce qui permet de la ranger facilement dans une poche de chemise ou un bagage \u00e0 main. Le poids total apr\u00e8s chargement de 50 fils dentaires ind\u00e9pendants n'\u00e9quivaut qu'\u00e0 deux smartphones, et la portabilit\u00e9 est exceptionnelle.<\/li>\n<li><strong>Garantie de s\u00e9curit\u00e9 et d'hygi\u00e8ne<\/strong>\u00a0Les mat\u00e9riaux de rev\u00eatement sont tous conformes aux normes m\u00e9dicales (telles que YY\/T 0114, GB18457) afin d'\u00e9viter les d\u00e9formations \u00e0 haute temp\u00e9rature et les risques de r\u00e9sidus chimiques. Le bord du corps de la bo\u00eete est arrondi et la prise en main est am\u00e9lior\u00e9e par 18%, ce qui r\u00e9duit la probabilit\u00e9 de blessure accidentelle pendant l'utilisation.<\/li>\n<li><strong>Conception intelligente des d\u00e9tails<\/strong>\u00a0Le micro-miroir int\u00e9gr\u00e9 en option sur le couvercle (optimisation de l'angle de vision de 3 cm) permet aux utilisateurs d'effectuer des soins bucco-dentaires et des soins de toilette en m\u00eame temps, et 17 r\u00e9glages d'angle garantissent la meilleure exp\u00e9rience d'utilisation.<\/li>\n<\/ol>","protected":false},"excerpt":{"rendered":"<p>Cette bo\u00eete \u00e0 fermeture magn\u00e9tique est facile \u00e0 ouvrir et \u00e0 fermer. Elle utilise du carton rigide 157GSM et du carton d'art gris 1200GSM pour la structure de la bo\u00eete et prot\u00e8ge vos produits contre les dommages pendant le transport.<\/p>","protected":false},"featured_media":335,"template":"","meta":{"_kad_post_transparent":"default","_kad_post_title":"","_kad_post_layout":"default","_kad_post_sidebar_id":"","_kad_post_content_style":"default","_kad_post_vertical_padding":"default","_kad_post_feature":"","_kad_post_feature_position":"","_kad_post_header":false,"_kad_post_footer":false,"_kad_post_classname":""},"product_brand":[],"product_cat":[15,28,17],"product_tag":[106,105,107],"class_list":{"0":"post-332","1":"product","2":"type-product","3":"status-publish","4":"has-post-thumbnail","6":"product_cat-red-light-therapy","7":"product_cat-customize","8":"product_cat-services","9":"product_tag-dental-water-flosser-box","10":"product_tag-oral-irrigator-box","11":"product_tag-oral-irrigator-magnetic-closure-box","13":"first","14":"instock","15":"shipping-taxable","16":"product-type-simple","17":"entry","18":"content-bg","19":"loop-entry"},"_links":{"self":[{"href":"https:\/\/red-lighttherapy.com\/fr_fr\/wp-json\/wp\/v2\/product\/332","targetHints":{"allow":["GET"]}}],"collection":[{"href":"https:\/\/red-lighttherapy.com\/fr_fr\/wp-json\/wp\/v2\/product"}],"about":[{"href":"https:\/\/red-lighttherapy.com\/fr_fr\/wp-json\/wp\/v2\/types\/product"}],"wp:featuredmedia":[{"embeddable":true,"href":"https:\/\/red-lighttherapy.com\/fr_fr\/wp-json\/wp\/v2\/media\/335"}],"wp:attachment":[{"href":"https:\/\/red-lighttherapy.com\/fr_fr\/wp-json\/wp\/v2\/media?parent=332"}],"wp:term":[{"taxonomy":"product_brand","embeddable":true,"href":"https:\/\/red-lighttherapy.com\/fr_fr\/wp-json\/wp\/v2\/product_brand?post=332"},{"taxonomy":"product_cat","embeddable":true,"href":"https:\/\/red-lighttherapy.com\/fr_fr\/wp-json\/wp\/v2\/product_cat?post=332"},{"taxonomy":"product_tag","embeddable":true,"href":"https:\/\/red-lighttherapy.com\/fr_fr\/wp-json\/wp\/v2\/product_tag?post=332"}],"curies":[{"name":"wp","href":"https:\/\/api.w.org\/{rel}","templated":true}]}}