{"id":326,"date":"2025-04-11T02:38:38","date_gmt":"2025-04-11T02:38:38","guid":{"rendered":"https:\/\/red-lighttherapy.com\/?post_type=product&#038;p=326"},"modified":"2025-04-11T02:58:59","modified_gmt":"2025-04-11T02:58:59","slug":"custom-kraft-paper-eyeglasses-glasses-drawer-box-wholesale","status":"publish","type":"product","link":"https:\/\/red-lighttherapy.com\/fr_fr\/custom-kraft-paper-eyeglasses-glasses-drawer-box-wholesale\/","title":{"rendered":"Bo\u00eete \u00e0 tiroirs \u00e0 lunettes en papier kraft personnalis\u00e9e Wholesale"},"content":{"rendered":"<h3 id=\"-customized-kraft-paper-glasses-drawer-box-wholesale-product-description-\"><strong>Bo\u00eete \u00e0 tiroirs \u00e0 lunettes en papier kraft personnalis\u00e9e Description du produit<\/strong><\/h3>\n<h2 id=\"-1-innovative-triangular-shape-to-create-brand-visual-symbols-\"><strong>1. Une forme triangulaire innovante pour cr\u00e9er des symboles visuels de marque<\/strong><\/h2>\n<p>Cette bo\u00eete \u00e0 lunettes adopte une structure tridimensionnelle triangulaire unique, qui rompt avec le design monotone de la bo\u00eete carr\u00e9e traditionnelle et conf\u00e8re au produit une forte reconnaissance et un impact visuel gr\u00e2ce \u00e0 l'esth\u00e9tique g\u00e9om\u00e9trique. L'ouverture et la fermeture du tiroir triangulaire permettent non seulement d'optimiser l'utilisation de l'espace, mais aussi de transmettre un sentiment de modernit\u00e9 gr\u00e2ce \u00e0 des lignes nettes et des bords sym\u00e9triques, ce qui permet \u00e0 la marque de se d\u00e9marquer des emballages similaires et de former un point de m\u00e9morisation diff\u00e9renci\u00e9.<\/p>\n<h2 id=\"-2-environmentally-friendly-materials-practicing-the-concept-of-sustainable-development-\"><strong>2. Mat\u00e9riaux respectueux de l'environnement, appliquant le concept de d\u00e9veloppement durable<\/strong><\/h2>\n<p>Le corps de la bo\u00eete utilise du papier kraft haute r\u00e9sistance de 120 g combin\u00e9 \u00e0 une doublure en carton gris. Par rapport au papier couch\u00e9 traditionnel, ses composants en fibres de bois naturelles peuvent se d\u00e9grader rapidement et le processus de production ne contient pas d'additifs nocifs tels que des agents fluorescents. Le papier kraft est \u00e0 la fois r\u00e9sistant \u00e0 l'usure et \u00e0 la pression, prot\u00e9geant efficacement les verres des collisions, tout en respectant les normes environnementales internationales et en r\u00e9pondant aux besoins urgents des consommateurs en mati\u00e8re d'emballage \u00e9cologique.<\/p>\n<h2 id=\"-3-printing-with-soybean-ink-to-achieve-environmental-protection-throughout-the-life-cycle-\"><strong>3. Impression avec de l'encre de soja pour assurer la protection de l'environnement tout au long du cycle de vie.<\/strong><\/h2>\n<p>Le processus d'impression utilise de l'encre de soja (SOYBEAN OIL INK), dont la mati\u00e8re premi\u00e8re est de l'huile de soja renouvelable. Apr\u00e8s d\u00e9composition, elle peut \u00eatre compl\u00e8tement int\u00e9gr\u00e9e dans l'environnement naturel sans r\u00e9sidus de polluants organiques volatils (COV). L'encre est d'une couleur vive et stable, elle permet l'impression de motifs de haute pr\u00e9cision et l'efficacit\u00e9 du d\u00e9sencrage est plus \u00e9lev\u00e9e lorsque les d\u00e9chets de papier sont recycl\u00e9s, ce qui permet de r\u00e9duire davantage le gaspillage des ressources.<\/p>\n<h2 id=\"-4-multi-field-adaptation-empowering-high-end-product-packaging-\"><strong>4. Adaptation \u00e0 plusieurs domaines, renforcement de l'emballage des produits haut de gamme<\/strong><\/h2>\n<p>La bo\u00eete \u00e0 tiroirs triangulaire, avec son design avant-gardiste et sa compatibilit\u00e9 fonctionnelle, convient \u00e0.. :<\/p>\n<ul>\n<li><strong>Accessoires de mode<\/strong>Les produits de l'exposition sont des objets d'art : lunettes de soleil, bijoux, etc. qui mettent en valeur le ton l\u00e9ger et luxueux de l'objet ;<\/li>\n<li><strong>Jouets tendance<\/strong>: Fournir un espace de pr\u00e9sentation unique pour les figurines en \u00e9dition limit\u00e9e ;<\/li>\n<li><strong>Papeterie haut de gamme<\/strong>: Stocker des stylos et des outils artistiques pour am\u00e9liorer la texture de la marque. Ses sc\u00e9narios d'application flexibles peuvent couvrir l'ensemble des besoins de liaison, de la vente au d\u00e9tail aux cadeaux.<\/li>\n<\/ul>\n<h2 id=\"-5-exquisite-accessory-details-to-enhance-brand-aesthetic-expression-\"><strong>5. Des accessoires raffin\u00e9s pour renforcer l'expression esth\u00e9tique de la marque<\/strong><\/h2>\n<p>Le dessus de la bo\u00eete est \u00e9quip\u00e9 d'un anneau de traction en ruban de satin, qui permet de personnaliser les couleurs exclusives de la marque ou d'apposer le logo \u00e0 chaud, ce qui conf\u00e8re un caract\u00e8re c\u00e9r\u00e9monieux \u00e0 l'ouverture de la bo\u00eete. Le rail du tiroir est magn\u00e9tique ou encliquetable, avec un tampon interne en flanelle pour assurer une traction en douceur et une r\u00e9sistance aux chocs et aux rayures, en tenant compte de l'aspect pratique et de l'attrait visuel.<\/p>\n<h2 id=\"-6-full-dimensional-customization-service-to-meet-personalized-needs-\"><strong>6. Service de personnalisation complet pour r\u00e9pondre aux besoins individuels<\/strong><\/h2>\n<p>Fournir une solution de personnalisation unique et permettre un ajustement flexible des param\u00e8tres suivants :<\/p>\n<ul>\n<li><strong>Type de bo\u00eete<\/strong>: Outre le mod\u00e8le standard de tiroir triangulaire, il peut \u00eatre \u00e9tendu \u00e0 des cloisons multicouches ou \u00e0 des structures de forme sp\u00e9ciale ;<\/li>\n<li><strong>Mat\u00e9riau<\/strong>: Papier kraft mat\/brillant en option, ou rev\u00eatement composite imperm\u00e9able (respectueux de l'environnement) ;<\/li>\n<li><strong>Impression<\/strong>: Elle prend en charge le marquage \u00e0 chaud, la s\u00e9rigraphie, le gaufrage et d'autres proc\u00e9d\u00e9s, et convient au syst\u00e8me de la marque VI ;<\/li>\n<li><strong>Taille<\/strong>: Couvre les besoins des bo\u00eetes d'affichage \u00e0 verres simples ou \u00e0 grilles multiples, et prend en charge le d\u00e9veloppement de tailles non standard.<\/li>\n<\/ul>\n<h2 id=\"-technical-parameters-and-delivery-guarantee-\"><strong>Param\u00e8tres techniques et garantie de livraison<\/strong><\/h2>\n<ul>\n<li><strong>Taille de base<\/strong>: 160-240 mm de long \u00d7 66-120 mm de large \u00d7 55-120 mm de haut (r\u00e9glable) ;<\/li>\n<li><strong>Quantit\u00e9 minimale de commande<\/strong>: 500 pi\u00e8ces, v\u00e9rification de l'\u00e9preuvage des petits lots ;<\/li>\n<li><strong>Cycle de production<\/strong>D\u00e9lai de livraison : 7 \u00e0 15 jours (ajust\u00e9 en fonction de la complexit\u00e9 de la personnalisation) ;<\/li>\n<li><strong>Normes d'inspection de la qualit\u00e9<\/strong>: Syst\u00e8me de protection de l'environnement ISO 14001 et test de r\u00e9sistance \u00e0 la pression de transport pass\u00e9s avec succ\u00e8s.<\/li>\n<\/ul>\n<p><strong>Valeur de coop\u00e9ration<\/strong>: Gr\u00e2ce \u00e0 la combinaison de mat\u00e9riaux respectueux de l'environnement, d'un design innovant et d'une personnalisation pouss\u00e9e, ce produit peut aider les marques \u00e0 r\u00e9duire leur empreinte carbone, tout en am\u00e9liorant l'exp\u00e9rience du consommateur final gr\u00e2ce \u00e0 un emballage de grande valeur, cr\u00e9ant ainsi une situation gagnant-gagnant en termes de valeur commerciale et de responsabilit\u00e9 sociale.<\/p>","protected":false},"excerpt":{"rendered":"<p>La bo\u00eete adopte une forme unique de papier \u00e0 tiroir triangulaire, rompant avec la forme conventionnelle de la bo\u00eete carr\u00e9e, ce qui rend l'ensemble de la bo\u00eete et la marque associ\u00e9e \u00e0 la bo\u00eete tr\u00e8s reconnaissables et visuellement percutantes.<\/p>","protected":false},"featured_media":329,"template":"","meta":{"_kad_post_transparent":"default","_kad_post_title":"","_kad_post_layout":"default","_kad_post_sidebar_id":"","_kad_post_content_style":"default","_kad_post_vertical_padding":"default","_kad_post_feature":"","_kad_post_feature_position":"","_kad_post_header":false,"_kad_post_footer":false,"_kad_post_classname":""},"product_brand":[],"product_cat":[15,20,17],"product_tag":[104,102,103],"class_list":{"0":"post-326","1":"product","2":"type-product","3":"status-publish","4":"has-post-thumbnail","6":"product_cat-red-light-therapy","7":"product_cat-led-face-light-therapy","8":"product_cat-services","9":"product_tag-custom-eyeglasses-box-wholesale","10":"product_tag-eyeglasses-drawer-box","11":"product_tag-glasses-drawer-box","13":"first","14":"instock","15":"shipping-taxable","16":"product-type-simple","17":"entry","18":"content-bg","19":"loop-entry"},"_links":{"self":[{"href":"https:\/\/red-lighttherapy.com\/fr_fr\/wp-json\/wp\/v2\/product\/326","targetHints":{"allow":["GET"]}}],"collection":[{"href":"https:\/\/red-lighttherapy.com\/fr_fr\/wp-json\/wp\/v2\/product"}],"about":[{"href":"https:\/\/red-lighttherapy.com\/fr_fr\/wp-json\/wp\/v2\/types\/product"}],"wp:featuredmedia":[{"embeddable":true,"href":"https:\/\/red-lighttherapy.com\/fr_fr\/wp-json\/wp\/v2\/media\/329"}],"wp:attachment":[{"href":"https:\/\/red-lighttherapy.com\/fr_fr\/wp-json\/wp\/v2\/media?parent=326"}],"wp:term":[{"taxonomy":"product_brand","embeddable":true,"href":"https:\/\/red-lighttherapy.com\/fr_fr\/wp-json\/wp\/v2\/product_brand?post=326"},{"taxonomy":"product_cat","embeddable":true,"href":"https:\/\/red-lighttherapy.com\/fr_fr\/wp-json\/wp\/v2\/product_cat?post=326"},{"taxonomy":"product_tag","embeddable":true,"href":"https:\/\/red-lighttherapy.com\/fr_fr\/wp-json\/wp\/v2\/product_tag?post=326"}],"curies":[{"name":"wp","href":"https:\/\/api.w.org\/{rel}","templated":true}]}}