{"id":314,"date":"2025-04-11T02:01:19","date_gmt":"2025-04-11T02:01:19","guid":{"rendered":"https:\/\/red-lighttherapy.com\/?post_type=product&#038;p=314"},"modified":"2025-04-11T02:38:29","modified_gmt":"2025-04-11T02:38:29","slug":"custom-jewelry-drawer-style-rigid-packaging-boxes-wholesale","status":"publish","type":"product","link":"https:\/\/red-lighttherapy.com\/fr_fr\/custom-jewelry-drawer-style-rigid-packaging-boxes-wholesale\/","title":{"rendered":"Bo\u00eetes d'emballage rigides personnalis\u00e9es \u00e0 tiroir pour bijoux Wholesale"},"content":{"rendered":"<h2 id=\"-customized-jewelry-drawer-style-hard-packaging-box-product-description-\">Bo\u00eetes d'emballage rigides personnalis\u00e9es \u00e0 tiroir pour bijoux Wholesale<\/h2>\n<h2 id=\"-i-design-concept-dual-presentation-of-simple-aesthetics-and-ritual-sense-\"><strong>1. Concept de design : double pr\u00e9sentation d'une esth\u00e9tique simple et d'un sens rituel<\/strong><\/h2>\n<ol>\n<li><strong>Texture noire pure et mate<\/strong>\u00a0La bo\u00eete ext\u00e9rieure est fabriqu\u00e9e \u00e0 partir de papier sp\u00e9cial rempli de cuir noir pur. Le traitement de surface mat permet d'\u00e9viter les interf\u00e9rences r\u00e9fl\u00e9chissantes et de cr\u00e9er un effet de transparence.\u00a0<strong>un luxe discret<\/strong>\u00a0effet visuel. La base noire est assortie d'un design minimaliste qui renforce l'image de marque de l'entreprise.\u00a0<strong>positionnement haut de gamme<\/strong>L'image de marque de l'entreprise, qui contraste avec l'\u00e9clat des bijoux, met en \u00e9vidence la valeur fondamentale du produit.<\/li>\n<li><strong>Ouverture coulissante<\/strong>\u00a0Abandonnant la structure traditionnelle de la bo\u00eete du ciel et de la terre, la conception des tiroirs \u00e0 coulisses renforce le sens du rituel gr\u00e2ce \u00e0 un syst\u00e8me d'ouverture et de fermeture \u00e0 l'aide d'un bouton.\u00a0<strong>exp\u00e9rience d'ouverture progressive de bo\u00eetes<\/strong>. Le processus d'extraction s'accompagne d'une sensation d'amortissement soyeux, donnant aux utilisateurs l'impression psychologique de \"d\u00e9couvrir des tr\u00e9sors\". La bo\u00eete int\u00e9rieure et le cadre ext\u00e9rieur sont encliquet\u00e9s avec pr\u00e9cision afin d'assurer une extraction en douceur, sans secousses, et d'am\u00e9liorer le confort d'utilisation.\u00a0<strong>sens du haut de gamme<\/strong>\u00a0de l'exp\u00e9rience de l'utilisateur.<\/li>\n<\/ol>\n<h2 id=\"-second-material-and-structure-taking-into-account-both-protection-and-uniqueness-\"><strong>2. Mat\u00e9riau et structure : prise en compte de la protection et de l'unicit\u00e9<\/strong><\/h2>\n<ol>\n<li><strong>Mat\u00e9riau composite \u00e0 haute r\u00e9sistance<\/strong><\/li>\n<li><strong>Papier sp\u00e9cial 120g rempli de cuir<\/strong>: La surface est aussi d\u00e9licate que le cuir, elle est r\u00e9sistante \u00e0 l'usure et aux salissures et convient pour le stockage et le transport \u00e0 long terme.<\/li>\n<li><strong>Carton gris 1200GSM<\/strong>: Le carton gris \u00e0 haute densit\u00e9 offre\u00a0<strong>un soutien tr\u00e8s fort<\/strong>La r\u00e9sistance \u00e0 la compression de la caisse est plus de deux fois sup\u00e9rieure \u00e0 la norme industrielle, ce qui permet de r\u00e9sister efficacement aux collisions et \u00e0 l'extrusion pendant le transport.<\/li>\n<li><strong>Conception structurelle modulaire<\/strong>\u00a0Le corps de la bo\u00eete adopte une structure en deux parties, qui supporte\u00a0<strong>personnalisation souple de la taille<\/strong>\u00a0(supportant un minimum de 10 cm\u00b3 \u00e0 un maximum de 50 cm\u00b3). La doublure peut \u00eatre personnalis\u00e9e avec des rainures en flanelle EVA ou des compartiments r\u00e9glables en fonction de la forme des bijoux, ce qui permet de r\u00e9pondre \u00e0 divers besoins de rangement tels que les bagues, les colliers et les boucles d'oreilles.<\/li>\n<\/ol>\n<h2 id=\"-iii-craftsmanship-details-exquisite-touch-and-brand-enhancement-\"><strong>3. D\u00e9tails artisanaux : toucher exquis et mise en valeur de la marque<\/strong><\/h2>\n<ol>\n<li><strong>Artisanat gaufr\u00e9 et accessoires en ruban<\/strong><\/li>\n<li><strong>LOGO\/motif en relief tridimensionnel<\/strong>: Gr\u00e2ce \u00e0 un moulage de pr\u00e9cision, le logo de la marque ou un motif personnalis\u00e9 est pr\u00e9sent\u00e9 sur le couvercle ou le c\u00f4t\u00e9 de la bo\u00eete, ce qui donne une touche tridimensionnelle et des couches visuelles riches.<\/li>\n<li><strong>Anneau de traction pour ruban et accessoires en m\u00e9tal<\/strong>: L'extr\u00e9mit\u00e9 avant du tiroir est assortie d'un ruban de satin ou d'un anneau de traction m\u00e9tallique de la m\u00eame couleur pour faciliter l'ouverture de la bo\u00eete et de l'\u00e9tui.\u00a0<strong>attrait visuel<\/strong>; le ruban peut \u00eatre personnalis\u00e9 par marquage \u00e0 chaud de la couleur ou du texte de la marque pour renforcer la reconnaissance de la marque.<\/li>\n<li><strong>Protection de l'environnement et durabilit\u00e9<\/strong>\u00a0Le papier cuir et le carton gris sont tous deux certifi\u00e9s FSC et r\u00e9pondent aux crit\u00e8res suivants\u00a0<strong>normes de protection de l'environnement<\/strong>; la bo\u00eete est coll\u00e9e avec une colle de qualit\u00e9 alimentaire, qui n'a pas d'odeur irritante et garantit la s\u00e9curit\u00e9 du stockage des bijoux.<\/li>\n<\/ol>\n<h2 id=\"-iv-customized-service-full-process-personalized-solution-\"><strong>4. Service personnalis\u00e9 : solution personnalis\u00e9e pour l'ensemble du processus<\/strong><\/h2>\n<ol>\n<li><strong>Soutien approfondi \u00e0 la conception<\/strong><\/li>\n<li>Fournir\u00a0<strong>Mod\u00e9lisation 3D \u00e9preuvage<\/strong>\u00a0les clients peuvent participer \u00e0 l'ajustement d\u00e9taill\u00e9 du type de bo\u00eete, du mod\u00e8le et de la structure du rev\u00eatement pour s'assurer que le degr\u00e9 de restauration de la conception atteint 99%.<\/li>\n<li>Soutien\u00a0<strong>Plus de 20 processus de surface<\/strong>\u00a0tels que le marquage \u00e0 chaud, l'UV, la gravure au laser, etc. pour r\u00e9pondre aux diff\u00e9rentes exigences en mati\u00e8re de style (motifs clairs et fonc\u00e9s, laser aurora, etc.).<\/li>\n<li><strong>Production de masse et garantie logistique<\/strong><\/li>\n<li>Quantit\u00e9 minimale de commande\u00a0<strong>500<\/strong>Cycle d'\u00e9preuvage 3-5 jours, cycle de production en s\u00e9rie 7-14 jours.<\/li>\n<li>Soutenir SF Express\/Deppon Logistics dans l'ensemble du pays, fournir\u00a0<strong>indemnisation des dommages<\/strong>\u00a0afin de garantir une livraison sans souci.<\/li>\n<\/ol>\n<h2 id=\"-v-application-scenarios-and-brand-value-\"><strong>5. Sc\u00e9narios d'application et valeur de la marque<\/strong><\/h2>\n<ul>\n<li><strong>Sc\u00e9narios applicables<\/strong>les magasins de marques de bijoux, la personnalisation de cadeaux haut de gamme, l'emballage de joints de luxe, les ensembles de bijoux de mariage, etc.<\/li>\n<li><strong>Renforcement de la marque<\/strong>: A travers les\u00a0<strong>unit\u00e9 visuelle<\/strong>\u00a0et\u00a0<strong>points de m\u00e9moire tactiles<\/strong> de l'emballage, renforcer la perception par les consommateurs de la marque \"exquise, professionnelle et respectueuse de l'environnement\", augmenter le taux de r\u00e9achat et le potentiel de communication sociale.<\/li>\n<\/ul>\n<p>Cette bo\u00eete d'emballage n'est pas seulement un contenant, mais aussi un vecteur de l'histoire de la marque et un point de contact avec les \u00e9motions des utilisateurs, ce qui vous aide \u00e0 vous d\u00e9marquer sur le march\u00e9 de la bijouterie.<\/p>","protected":false},"excerpt":{"rendered":"<p>Cette bo\u00eete en papier pour tiroir \u00e0 bijoux a un plus grand impact visuel et un sens du rituel que la m\u00e9thode traditionnelle d'ouverture de la bo\u00eete. Le LOGO est emboss\u00e9, ce qui ajoute au raffinement visuel et \u00e0 la richesse de l'exp\u00e9rience tactile.<\/p>","protected":false},"featured_media":316,"template":"","meta":{"_kad_post_transparent":"default","_kad_post_title":"","_kad_post_layout":"default","_kad_post_sidebar_id":"","_kad_post_content_style":"default","_kad_post_vertical_padding":"default","_kad_post_feature":"","_kad_post_feature_position":"","_kad_post_header":false,"_kad_post_footer":false,"_kad_post_classname":""},"product_brand":[],"product_cat":[15,20,17],"product_tag":[101,100,99],"class_list":{"0":"post-314","1":"product","2":"type-product","3":"status-publish","4":"has-post-thumbnail","6":"product_cat-red-light-therapy","7":"product_cat-led-face-light-therapy","8":"product_cat-services","9":"product_tag-custom-boxes-wholesale","10":"product_tag-jewelry-packaging-boxes","11":"product_tag-jewelry-rigid-boxes","13":"first","14":"instock","15":"shipping-taxable","16":"product-type-simple","17":"entry","18":"content-bg","19":"loop-entry"},"_links":{"self":[{"href":"https:\/\/red-lighttherapy.com\/fr_fr\/wp-json\/wp\/v2\/product\/314","targetHints":{"allow":["GET"]}}],"collection":[{"href":"https:\/\/red-lighttherapy.com\/fr_fr\/wp-json\/wp\/v2\/product"}],"about":[{"href":"https:\/\/red-lighttherapy.com\/fr_fr\/wp-json\/wp\/v2\/types\/product"}],"wp:featuredmedia":[{"embeddable":true,"href":"https:\/\/red-lighttherapy.com\/fr_fr\/wp-json\/wp\/v2\/media\/316"}],"wp:attachment":[{"href":"https:\/\/red-lighttherapy.com\/fr_fr\/wp-json\/wp\/v2\/media?parent=314"}],"wp:term":[{"taxonomy":"product_brand","embeddable":true,"href":"https:\/\/red-lighttherapy.com\/fr_fr\/wp-json\/wp\/v2\/product_brand?post=314"},{"taxonomy":"product_cat","embeddable":true,"href":"https:\/\/red-lighttherapy.com\/fr_fr\/wp-json\/wp\/v2\/product_cat?post=314"},{"taxonomy":"product_tag","embeddable":true,"href":"https:\/\/red-lighttherapy.com\/fr_fr\/wp-json\/wp\/v2\/product_tag?post=314"}],"curies":[{"name":"wp","href":"https:\/\/api.w.org\/{rel}","templated":true}]}}