{"id":308,"date":"2025-04-11T01:44:45","date_gmt":"2025-04-11T01:44:45","guid":{"rendered":"https:\/\/red-lighttherapy.com\/?post_type=product&#038;p=308"},"modified":"2025-04-11T02:01:12","modified_gmt":"2025-04-11T02:01:12","slug":"premium-quality-custom-tea-packaging-pouches-boxes-wholesale","status":"publish","type":"product","link":"https:\/\/red-lighttherapy.com\/fr_fr\/premium-quality-custom-tea-packaging-pouches-boxes-wholesale\/","title":{"rendered":"Emballages de th\u00e9 personnalis\u00e9s de premi\u00e8re qualit\u00e9 Bo\u00eetes d'emballage en gros"},"content":{"rendered":"<h2 id=\"-high-end-customized-tea-gift-box-a-packaging-solution-that-combines-traditional-aesthetics-with-modern-practicality-\"><strong>Emballages de th\u00e9 personnalis\u00e9s de premi\u00e8re qualit\u00e9 - Une solution d'emballage qui allie l'esth\u00e9tique traditionnelle \u00e0 la praticit\u00e9 moderne<\/strong><\/h2>\n<h2 id=\"-1-core-material-a-perfect-balance-between-environmental-protection-and-pressure-resistance-\"><strong>1. Mat\u00e9riau de base : un \u00e9quilibre parfait entre la protection de l'environnement et la r\u00e9sistance \u00e0 la pression<\/strong><\/h2>\n<p>Cette bo\u00eete d'emballage pour le th\u00e9 adopte un\u00a0<strong>conception d'une structure composite \u00e0 double couche\u00a0<\/strong>La couche ext\u00e9rieure est\u00a0<strong>Carton rouge certifi\u00e9 FSC\u00a0<\/strong>et la couche int\u00e9rieure est compl\u00e9t\u00e9e par\u00a0<strong>carton gris \u00e0 haute densit\u00e9\u00a0<\/strong>Le syst\u00e8me de gestion de l'eau de l'Union europ\u00e9enne permet de r\u00e9aliser une double perc\u00e9e en mati\u00e8re de protection de l'environnement et de fonctionnalit\u00e9.<\/p>\n<ul>\n<li><strong>Certification environnementale\u00a0<\/strong>: Les tests SGS et les normes de s\u00e9curit\u00e9 EN71 ont \u00e9t\u00e9 pass\u00e9s avec succ\u00e8s. La pulpe de bois pure et les colorants de qualit\u00e9 alimentaire garantissent un contact direct avec les feuilles de th\u00e9.<\/li>\n<li><strong>R\u00e9sistance \u00e0 la compression\u00a0<\/strong>: Selon des essais en laboratoire, la bo\u00eete peut supporter 15 kg sans d\u00e9formation, et sa performance antisismique est 30% sup\u00e9rieure \u00e0 la norme industrielle (donn\u00e9es tir\u00e9es du livre blanc de l'Association de l'industrie de l'emballage).<\/li>\n<li><strong>Traitement de d\u00e9tail\u00a0<\/strong>: La surface est recouverte d'un film mat, au toucher d\u00e9licat et anti-traces de doigts, qui rehausse la texture haut de gamme.<\/li>\n<\/ul>\n<h2 id=\"-ii-humanized-design-innovative-experience-of-pull-out-opening-and-closing-\"><strong>2. Conception humanis\u00e9e : exp\u00e9rience innovante d'ouverture et de fermeture par traction<\/strong><\/h2>\n<p>Adopter\u00a0<strong>syst\u00e8me d'extraction par gravit\u00e9<\/strong>Il permet d'ouvrir d'un seul geste et de fermer d'une seule pression :<\/p>\n<ul>\n<li><strong>Un sens accru de la c\u00e9r\u00e9monie<\/strong>: La conception de l'amortissement de 3 mm fait que le processus d'extraction ressemble \u00e0 l'ouverture d'un livre pr\u00e9cieux, am\u00e9liorant ainsi l'exp\u00e9rience interactive des consommateurs.<\/li>\n<li><strong>Structure stable<\/strong>: La voie adopte une technologie de renforcement inclin\u00e9e \u00e0 45\u00b0, et reste lisse comme avant apr\u00e8s 5000 tests d'ouverture et de fermeture (conform\u00e9ment \u00e0 la norme GB\/T 4857).<\/li>\n<li><strong>Optimisation de l'espace<\/strong>: La profondeur de la bo\u00eete est 20% inf\u00e9rieure \u00e0 celle de la bo\u00eete traditionnelle, ce qui convient mieux \u00e0 la pr\u00e9sentation dans les supermarch\u00e9s, \u00e0 l'entreposage et au transport.<\/li>\n<\/ul>\n<h2 id=\"-iii-visual-communication-modern-expression-of-oriental-aesthetics-\"><strong>3. Communication visuelle : expression moderne de l'esth\u00e9tique orientale<\/strong><\/h2>\n<p><strong>Langage de conception<\/strong>\u00a0a pour concept de base \"moins, c'est plus\" :<\/p>\n<ul>\n<li><strong>Syst\u00e8me de couleurs<\/strong>: La couleur principale est\u00a0<strong>Mur rouge de la Cit\u00e9 interdite (Pantone 18-1663TPX)<\/strong>qui symbolise la dignit\u00e9 et le bon augure. La psychologie des couleurs a d\u00e9montr\u00e9 qu'elle peut augmenter la volont\u00e9 d'acheter des cadeaux de 32%.<\/li>\n<li><strong>Concentration visuelle<\/strong>Le logo centr\u00e9 en or mat de 2 mm estamp\u00e9 \u00e0 chaud, associ\u00e9 \u00e0 un cadre concave ultrafin de 0,3 mm, augmente la reconnaissance de la marque de 57% (donn\u00e9es issues de l'enqu\u00eate de l'Association chinoise de conception d'emballages).<\/li>\n<li><strong>Symboles culturels<\/strong>: En option, 24 termes solaires, des motifs de marquage \u00e0 chaud ou des reliefs de l'Ancienne Route du Cheval de Th\u00e9 pour approfondir les attributs culturels.<\/li>\n<\/ul>\n<h2 id=\"-fourth-lining-protection-dual-upgrade-of-function-and-aesthetics-\"><strong>4. Protection de la doublure : double am\u00e9lioration de la fonction et de l'esth\u00e9tique<\/strong><\/h2>\n<p>Innovante\u00a0<strong>syst\u00e8me de tampon \u00e0 trois \u00e9tages<\/strong>\u00a0garantit la s\u00e9curit\u00e9 du th\u00e9 :<\/p>\n<ol>\n<li><strong>Premi\u00e8re couche de protection<\/strong>Support int\u00e9rieur en mousse EVA noire de 2 mm, conforme \u00e0 la norme de test de transport ISTA 3A<\/li>\n<li><strong>Stabilit\u00e9 de la couche interm\u00e9diaire<\/strong>La cloison en carton ondul\u00e9 disperse efficacement l'impact de la force ext\u00e9rieure.<\/li>\n<li><strong>Support de la couche inf\u00e9rieure<\/strong>Le papier de qualit\u00e9 alimentaire \u00e0 base d'acide sulfurique est emball\u00e9 de mani\u00e8re ind\u00e9pendante, avec un taux de r\u00e9sistance \u00e0 l'humidit\u00e9 de 98,7%.\u00a0<em>Note : La doublure en carton noir est calibr\u00e9e par un colorim\u00e8tre LAB, ce qui peut augmenter le contraste des couleurs du th\u00e9 de 41%.<\/em><\/li>\n<\/ol>\n<h2 id=\"-five-flexible-customization-adapt-to-full-scene-needs-\"><strong>5. Personnalisation flexible : adaptation aux besoins de chaque sc\u00e8ne<\/strong><\/h2>\n<p>Nous fournissons\u00a0<strong>services de personnalisation modulaire<\/strong>:<\/p>\n<ul>\n<li><strong>Adaptation de la taille<\/strong>Les caract\u00e9ristiques de l'appareil sont les suivantes : couverture compl\u00e8te de 50 g \u00e0 5 kg, cycle d'\u00e9preuvage 3D de type bo\u00eete sp\u00e9ciale de 24 heures seulement.<\/li>\n<li><strong>Extension de la fonction<\/strong>Le syst\u00e8me de gestion de l'entrep\u00f4t : puce NFC anti-contrefa\u00e7on en option, fen\u00eatre de balayage de l'entrep\u00f4t\/AR et autres modules intelligents.<\/li>\n<li><strong>Service \u00e0 valeur ajout\u00e9e<\/strong>: kit de mat\u00e9riel de marketing de sc\u00e8ne gratuit (comprenant un script vid\u00e9o de d\u00e9ballage, un mod\u00e8le de page de d\u00e9tail pour le commerce \u00e9lectronique)<\/li>\n<\/ul>\n<h2 id=\"-cooperation-process-\"><strong>Processus de coop\u00e9ration<\/strong><\/h2>\n<ol>\n<li><strong>Confirmation des besoins<\/strong>: Fournir les exigences en mati\u00e8re de taille du produit, de positionnement dans la sc\u00e8ne et d'\u00e9l\u00e9ments culturels.<\/li>\n<li><strong>Sortie de la solution<\/strong>: Fournir trois s\u00e9ries de propositions de conception dans un d\u00e9lai de trois jours ouvrables.<\/li>\n<li><strong>Confirmation de l'\u00e9preuve<\/strong>: Prise en charge de la double v\u00e9rification du mod\u00e8le physique et du mod\u00e8le 3D<\/li>\n<li><strong>Production de masse<\/strong>: Commande minimale de 1 000 pi\u00e8ces, exp\u00e9dition directe \u00e0 partir de trois entrep\u00f4ts en Chine orientale, en Chine m\u00e9ridionale et en Chine m\u00e9ridionale.<\/li>\n<\/ol>","protected":false},"excerpt":{"rendered":"<p>Cette bo\u00eete pr\u00e9sente un design classique d'ouverture et de fermeture de tiroir en papier. Elle est fabriqu\u00e9e en carton rigide rouge et en carton d'art gris, des mat\u00e9riaux durables et respectueux de l'environnement qui prot\u00e8gent les produits \u00e0 l'int\u00e9rieur de la bo\u00eete.<\/p>","protected":false},"featured_media":311,"template":"","meta":{"_kad_post_transparent":"default","_kad_post_title":"","_kad_post_layout":"default","_kad_post_sidebar_id":"","_kad_post_content_style":"default","_kad_post_vertical_padding":"default","_kad_post_feature":"","_kad_post_feature_position":"","_kad_post_header":false,"_kad_post_footer":false,"_kad_post_classname":""},"product_brand":[],"product_cat":[15,20,17],"product_tag":[98,96,97],"class_list":{"0":"post-308","1":"product","2":"type-product","3":"status-publish","4":"has-post-thumbnail","6":"product_cat-red-light-therapy","7":"product_cat-led-face-light-therapy","8":"product_cat-services","9":"product_tag-custom-tea-packaging-wholesale","10":"product_tag-tea-packaging-boxes","11":"product_tag-tea-pouches-boxes","13":"first","14":"instock","15":"shipping-taxable","16":"product-type-simple","17":"entry","18":"content-bg","19":"loop-entry"},"_links":{"self":[{"href":"https:\/\/red-lighttherapy.com\/fr_fr\/wp-json\/wp\/v2\/product\/308","targetHints":{"allow":["GET"]}}],"collection":[{"href":"https:\/\/red-lighttherapy.com\/fr_fr\/wp-json\/wp\/v2\/product"}],"about":[{"href":"https:\/\/red-lighttherapy.com\/fr_fr\/wp-json\/wp\/v2\/types\/product"}],"wp:featuredmedia":[{"embeddable":true,"href":"https:\/\/red-lighttherapy.com\/fr_fr\/wp-json\/wp\/v2\/media\/311"}],"wp:attachment":[{"href":"https:\/\/red-lighttherapy.com\/fr_fr\/wp-json\/wp\/v2\/media?parent=308"}],"wp:term":[{"taxonomy":"product_brand","embeddable":true,"href":"https:\/\/red-lighttherapy.com\/fr_fr\/wp-json\/wp\/v2\/product_brand?post=308"},{"taxonomy":"product_cat","embeddable":true,"href":"https:\/\/red-lighttherapy.com\/fr_fr\/wp-json\/wp\/v2\/product_cat?post=308"},{"taxonomy":"product_tag","embeddable":true,"href":"https:\/\/red-lighttherapy.com\/fr_fr\/wp-json\/wp\/v2\/product_tag?post=308"}],"curies":[{"name":"wp","href":"https:\/\/api.w.org\/{rel}","templated":true}]}}