{"id":302,"date":"2025-04-10T14:48:23","date_gmt":"2025-04-10T14:48:23","guid":{"rendered":"https:\/\/red-lighttherapy.com\/?post_type=product&#038;p=302"},"modified":"2025-04-11T01:44:37","modified_gmt":"2025-04-11T01:44:37","slug":"custom-triangular-packaging-rigid-boxes-wholesale-with-logo","status":"publish","type":"product","link":"https:\/\/red-lighttherapy.com\/fr_fr\/custom-triangular-packaging-rigid-boxes-wholesale-with-logo\/","title":{"rendered":"Bo\u00eetes rigides d'emballage triangulaires personnalis\u00e9es Wholesale With Logo"},"content":{"rendered":"<h2 id=\"customized-triangular-packaging-hard-box-products\">Bo\u00eetes rigides d'emballage triangulaires personnalis\u00e9es Wholesale With Logo<\/h2>\n<h2 id=\"-1-unique-design-subverting-traditional-visual-experience-\"><strong>1. Un design unique qui bouleverse l'exp\u00e9rience visuelle traditionnelle<\/strong><\/h2>\n<p>Cette bo\u00eete d'emballage adopte une structure tridimensionnelle triangulaire innovante, brisant les limites des bo\u00eetes carr\u00e9es conventionnelles et utilisant l'esth\u00e9tique g\u00e9om\u00e9trique pour am\u00e9liorer la reconnaissance de la marque et l'impact visuel.<\/p>\n<h2 id=\"-2-minimalist-aesthetic-design-strengthening-brand-memory-\"><strong>2. Conception esth\u00e9tique minimaliste, renfor\u00e7ant la m\u00e9moire de la marque<\/strong><\/h2>\n<p>L'emballage est bas\u00e9 sur les couleurs classiques noir et blanc. L'ensemble du corps est en carton noir pur avec un montage en carton noir et gris simple face de 1 200 g. Le carton a un toucher d\u00e9licat et une texture \u00e9paisse, conservant parfaitement la forme tridimensionnelle de la bo\u00eete rigide triangulaire. Le toucher est d\u00e9licat et la texture \u00e9paisse, ce qui permet de conserver parfaitement la forme tridimensionnelle de la bo\u00eete triangulaire rigide. La surface de la bo\u00eete est orn\u00e9e du texte ou des graphiques blancs de la marque, formant un fort contraste visuel, simple et atmosph\u00e9rique tout en transmettant le ton haut de gamme de la marque. La partie du logo adopte la technologie de l'estampage \u00e0 chaud pour rehausser la texture par un \u00e9clat m\u00e9tallique. Il peut \u00e9galement \u00eatre personnalis\u00e9 \u00e0 la demande pour un traitement UV local, un gaufrage, un aspect mat et d'autres processus afin de r\u00e9pondre aux divers besoins d'expression de la marque.<\/p>\n<h2 id=\"-3-environmentally-friendly-materials-and-craftsmanship-taking-into-account-both-quality-and-sustainability-\"><strong>3. Des mat\u00e9riaux et un savoir-faire respectueux de l'environnement, tenant compte \u00e0 la fois de la qualit\u00e9 et de la durabilit\u00e9.<\/strong><\/h2>\n<ul>\n<li><strong>Mat\u00e9riau principal<\/strong>: S\u00e9lection de carton noir \u00e9cologique neutre \u00e0 base de p\u00e2te de bois, avec une valeur PH neutre, 100% recyclable, et conforme aux normes environnementales internationales ; doublure en carton gris haute densit\u00e9 de 1200 g garantissant la solidit\u00e9 et la durabilit\u00e9 de la bo\u00eete.<\/li>\n<li><strong>Artisanat<\/strong>: La surface peut \u00eatre rev\u00eatue en option d'un film\/sous-film brillant, d'un gaufrage, etc. pour am\u00e9liorer les performances en mati\u00e8re d'\u00e9tanch\u00e9it\u00e9 et d'antisalissure ; le marquage \u00e0 chaud, les UV et d'autres proc\u00e9d\u00e9s utilisent tous des encres non toxiques et respectueuses de l'environnement et sont certifi\u00e9s SGS.<\/li>\n<\/ul>\n<h2 id=\"-4-customized-inner-support-solution-precise-adaptation-to-product-protection-\"><strong>4. Solution personnalis\u00e9e de soutien interne, adaptation pr\u00e9cise \u00e0 la protection du produit<\/strong><\/h2>\n<p>En fonction des caract\u00e9ristiques des produits des clients, nous fournissons une vari\u00e9t\u00e9 de mat\u00e9riaux de support interne respectueux de l'environnement, tels que l'\u00e9ponge, l'EVA, le coton perl\u00e9, etc., et nous parvenons \u00e0 une adaptation parfaite \u00e0 la forme du produit gr\u00e2ce \u00e0 une ouverture de moule pr\u00e9cise afin d'\u00e9viter les secousses dues au transport. Le support int\u00e9rieur peut \u00eatre con\u00e7u comme une structure sectionnelle, un type de blister ou une structure de doublure souple, convenant \u00e0 diff\u00e9rentes cat\u00e9gories telles que les bijoux, les accessoires \u00e9lectroniques et les instruments de pr\u00e9cision.<\/p>\n<h2 id=\"-5-wide-application-fields-and-brand-empowerment-\"><strong>5. Des champs d'application \u00e9tendus et l'autonomisation de la marque<\/strong><\/h2>\n<p>Cette bo\u00eete d'emballage triangulaire est con\u00e7ue pour les produits \u00e0 haute valeur ajout\u00e9e, couvrant les industries suivantes :<\/p>\n<ul>\n<li><strong>Accessoires de mode<\/strong>Les bijoux : tels que les bijoux de luxe l\u00e9gers et les bijoux de cr\u00e9ateurs, mettant en valeur la tonalit\u00e9 artistique.<\/li>\n<li><strong>Jouets tendance<\/strong>Les produits de l'UE sont des produits de consommation courante, tels que les bo\u00eetes aveugles et les figurines, qui attirent les jeunes groupes de consommateurs gr\u00e2ce \u00e0 des formes uniques.<\/li>\n<li><strong>Papeterie haut de gamme<\/strong>Les produits de la collection sont des objets de valeur, tels que des stylos et des carnets d'art en \u00e9dition limit\u00e9e, qui renforcent les attributs du cadeau.<\/li>\n<li><strong>Alimentation\/th\u00e9<\/strong>Les bo\u00eetes cadeaux : peuvent \u00eatre assorties de la technologie de marquage \u00e0 chaud et d'une doublure r\u00e9sistante \u00e0 l'humidit\u00e9, et conviennent aux bo\u00eetes cadeaux pour les f\u00eates.<\/li>\n<\/ul>\n<h2 id=\"-6-leading-enterprise-strength-guarantee-full-link-service-support-\"><strong>6. Garantie de solidit\u00e9 de l'entreprise leader, service d'assistance complet<\/strong><\/h2>\n<p>En tant qu'entreprise leader dans l'industrie de l'impression et de l'emballage, nous avons servi plus de 2 500 marques nationales et \u00e9trang\u00e8res et offrons les avantages fondamentaux suivants :<\/p>\n<ul>\n<li><strong>Production flexible<\/strong>Les produits de l'entreprise : 500 pi\u00e8ces par commande minimum, une capacit\u00e9 de production quotidienne de plusieurs millions d'unit\u00e9s, pour r\u00e9pondre aux besoins des commandes urgentes.<\/li>\n<li><strong>Service complet de traitement<\/strong>Les d\u00e9lais de livraison sont extr\u00eamement courts : de l'optimisation de l'\u00e9bauche (format AI\/CDR\/AI) \u00e0 la production en s\u00e9rie, en passant par la confirmation de l'\u00e9preuve, 7 \u00e0 14 jours de livraison extr\u00eamement rapide.<\/li>\n<li><strong>Garantie apr\u00e8s-vente<\/strong>: Fournir des services d'indemnisation des dommages, de suivi logistique et de gestion de l'entreposage, et le d\u00e9lai de r\u00e9ponse apr\u00e8s-vente est inf\u00e9rieur \u00e0 24 heures.<\/li>\n<\/ul>\n<h2 id=\"-technical-parameters-\"><strong>Param\u00e8tres techniques<\/strong><\/h2>\n<table>\n<thead>\n<tr>\n<th>Projet<\/th>\n<th>Sp\u00e9cifications<\/th>\n<\/tr>\n<\/thead>\n<tbody>\n<tr>\n<td>Mat\u00e9riau<\/td>\n<td>Carton noir respectueux de l'environnement + carton gris noir simple face 1200g<\/td>\n<\/tr>\n<tr>\n<td>Processus<\/td>\n<td>Marquage \u00e0 chaud \/ Spot UV \/ gaufrage \/ pelliculage (en option)<\/td>\n<\/tr>\n<tr>\n<td>Taille<\/td>\n<td>Prise en charge de la personnalisation de 1 \u00e0 100 cm<\/td>\n<\/tr>\n<tr>\n<td>Quantit\u00e9 minimale de commande<\/td>\n<td>500 pi\u00e8ces<\/td>\n<\/tr>\n<tr>\n<td>Cycle de livraison<\/td>\n<td>7-14 jours (ajust\u00e9s en fonction de la complexit\u00e9 du processus)<\/td>\n<\/tr>\n<\/tbody>\n<\/table>\n<h2 id=\"-cooperation-process-\"><strong>Processus de coop\u00e9ration<\/strong><\/h2>\n<ol>\n<li><strong>Confirmation de la demande<\/strong>: Fournir la taille du produit, l'\u00e9bauche de la conception et les exigences du processus.<\/li>\n<li><strong>R\u00e9vision des \u00e9preuves<\/strong>: Fournir des bo\u00eetes d'\u00e9chantillons physiques dans un d\u00e9lai de 3 \u00e0 5 jours ouvrables.<\/li>\n<li><strong>Production de masse<\/strong>: Lancement de la production apr\u00e8s paiement anticip\u00e9 et contr\u00f4le de la qualit\u00e9 tout au long du processus.<\/li>\n<li><strong>Livraison de la logistique<\/strong>: Soutenir le fret mondial et fournir des solutions d'emballage \u00e0 l'\u00e9preuve des chocs.<\/li>\n<\/ol>","protected":false},"excerpt":{"rendered":"<p>Cette bo\u00eete adopte une forme triangulaire unique, rompant avec la forme traditionnelle des bo\u00eetes carr\u00e9es. La bo\u00eete sup\u00e9rieure et inf\u00e9rieure est facile \u00e0 ouvrir et \u00e0 fermer, ce qui am\u00e9liore l'exp\u00e9rience de d\u00e9ballage.<\/p>","protected":false},"featured_media":305,"template":"","meta":{"_kad_post_transparent":"default","_kad_post_title":"","_kad_post_layout":"default","_kad_post_sidebar_id":"","_kad_post_content_style":"default","_kad_post_vertical_padding":"default","_kad_post_feature":"","_kad_post_feature_position":"","_kad_post_header":false,"_kad_post_footer":false,"_kad_post_classname":""},"product_brand":[],"product_cat":[15,19,17],"product_tag":[95,93,94],"class_list":{"0":"post-302","1":"product","2":"type-product","3":"status-publish","4":"has-post-thumbnail","6":"product_cat-red-light-therapy","7":"product_cat-red-light-therapy-stand","8":"product_cat-services","9":"product_tag-triangular-boxes-wholesale","10":"product_tag-triangular-packaging-boxes","11":"product_tag-triangular-rigid-boxes","13":"first","14":"instock","15":"shipping-taxable","16":"product-type-simple","17":"entry","18":"content-bg","19":"loop-entry"},"_links":{"self":[{"href":"https:\/\/red-lighttherapy.com\/fr_fr\/wp-json\/wp\/v2\/product\/302","targetHints":{"allow":["GET"]}}],"collection":[{"href":"https:\/\/red-lighttherapy.com\/fr_fr\/wp-json\/wp\/v2\/product"}],"about":[{"href":"https:\/\/red-lighttherapy.com\/fr_fr\/wp-json\/wp\/v2\/types\/product"}],"wp:featuredmedia":[{"embeddable":true,"href":"https:\/\/red-lighttherapy.com\/fr_fr\/wp-json\/wp\/v2\/media\/305"}],"wp:attachment":[{"href":"https:\/\/red-lighttherapy.com\/fr_fr\/wp-json\/wp\/v2\/media?parent=302"}],"wp:term":[{"taxonomy":"product_brand","embeddable":true,"href":"https:\/\/red-lighttherapy.com\/fr_fr\/wp-json\/wp\/v2\/product_brand?post=302"},{"taxonomy":"product_cat","embeddable":true,"href":"https:\/\/red-lighttherapy.com\/fr_fr\/wp-json\/wp\/v2\/product_cat?post=302"},{"taxonomy":"product_tag","embeddable":true,"href":"https:\/\/red-lighttherapy.com\/fr_fr\/wp-json\/wp\/v2\/product_tag?post=302"}],"curies":[{"name":"wp","href":"https:\/\/api.w.org\/{rel}","templated":true}]}}