{"id":296,"date":"2025-04-10T14:37:20","date_gmt":"2025-04-10T14:37:20","guid":{"rendered":"https:\/\/red-lighttherapy.com\/?post_type=product&#038;p=296"},"modified":"2025-04-10T14:47:44","modified_gmt":"2025-04-10T14:47:44","slug":"wholesale-perfume-cosmetic-packaging-gift-boxes-supplier","status":"publish","type":"product","link":"https:\/\/red-lighttherapy.com\/fr_fr\/wholesale-perfume-cosmetic-packaging-gift-boxes-supplier\/","title":{"rendered":"Emballages de parfum et de cosm\u00e9tique en gros Bo\u00eetes cadeaux Fournisseur"},"content":{"rendered":"<h3 id=\"product-description-of-perfume-and-cosmetics-gift-box-with-top-and-bottom-cover\">Emballages de parfum et de cosm\u00e9tique en gros Bo\u00eetes cadeaux Fournisseur<\/h3>\n<h2 id=\"-1-top-and-bottom-cover-box-design-combining-practicality-and-aesthetic-value-\"><strong>1. Conception de la bo\u00eete sup\u00e9rieure et inf\u00e9rieure, alliant praticit\u00e9 et valeur esth\u00e9tique<\/strong><\/h2>\n<p>Ce coffret cadeau adopte le type classique de coffret \u00e0 couvercle sup\u00e9rieur et inf\u00e9rieur, avec une structure simple et stable. Le couvercle sup\u00e9rieur et la bo\u00eete inf\u00e9rieure sont reli\u00e9s par un syst\u00e8me d'embo\u00eetement pr\u00e9cis ou d'aspiration magn\u00e9tique, ce qui facilite l'ouverture et la fermeture et conf\u00e8re \u00e0 l'ensemble un caract\u00e8re rituel.<\/p>\n<h2 id=\"-2-high-standard-material-combination-taking-into-account-both-protection-and-texture-\"><strong>2. Combinaison de mat\u00e9riaux de haute qualit\u00e9, tenant compte \u00e0 la fois de la protection et de la texture<\/strong><\/h2>\n<ul>\n<li><strong>Mat\u00e9riau de la bo\u00eete ext\u00e9rieure<\/strong>: Le papier couch\u00e9 157g + le carton gris 1200G sont s\u00e9lectionn\u00e9s pour leur grande rigidit\u00e9 et leur forte r\u00e9sistance \u00e0 la pression. Ils peuvent r\u00e9sister efficacement aux collisions et \u00e0 l'extrusion pendant le transport et garantir la s\u00e9curit\u00e9 des produits internes.<\/li>\n<li><strong>Conception de la bo\u00eete int\u00e9rieure<\/strong>: La surface de la bo\u00eete int\u00e9rieure adopte le proc\u00e9d\u00e9 de l'effet flash d'argent, combin\u00e9 \u00e0 la technologie de la s\u00e9rigraphie ou de l'h\u00e9liogravure, pr\u00e9sentant un \u00e9clat m\u00e9tallique et un toucher d\u00e9licat, rehaussant le luxe de l'ensemble de l'emballage.<\/li>\n<\/ul>\n<h2 id=\"-3-high-end-craft-details-creating-a-dual-visual-and-tactile-experience-\"><strong>3. D\u00e9tails artisanaux haut de gamme, cr\u00e9ant une double exp\u00e9rience visuelle et tactile<\/strong><\/h2>\n<ul>\n<li><strong>Artisanat gaufr\u00e9<\/strong>: La surface de la bo\u00eete ext\u00e9rieure est fa\u00e7onn\u00e9e avec des motifs ou des logos de marque gr\u00e2ce \u00e0 la technologie du gaufrage tridimensionnel afin d'am\u00e9liorer le raffinement visuel et la superposition tactile.<\/li>\n<li><strong>Argent chaud et UV partiel<\/strong>: Le logo et le texte sur la surface de la bo\u00eete sont en argent chaud, avec une couverture partielle de vernis UV, formant un contraste mat et brillant, soulignant davantage le ton de la marque et la qualit\u00e9 du produit.<\/li>\n<\/ul>\n<h2 id=\"-4-customized-lining-structure-all-round-product-protection-\"><strong>4. Structure de la doublure personnalis\u00e9e, protection totale du produit<\/strong><\/h2>\n<p>Le plateau int\u00e9rieur est fabriqu\u00e9 en EVA noir, avec une surface en velours doux, ce qui permet non seulement de fixer les bouteilles de parfum ou les produits cosm\u00e9tiques, mais aussi d'amortir les vibrations et d'\u00e9viter les rayures. Il peut \u00eatre personnalis\u00e9 et remplac\u00e9 par de la mousse haute densit\u00e9, du flocage ou des mat\u00e9riaux d\u00e9gradables selon les besoins du client, afin de s'adapter \u00e0 la forme et aux besoins de protection des diff\u00e9rents produits.<\/p>\n<h2 id=\"-5-simple-aesthetic-design-conveying-the-high-end-image-of-the-brand-\"><strong>5. Conception esth\u00e9tique simple, v\u00e9hiculant l'image haut de gamme de la marque<\/strong><\/h2>\n<p>L'ensemble de l'emballage est principalement noir et argent\u00e9, avec un LOGO de marque simple et une disposition du texte, cr\u00e9ant un style visuel haut de gamme, \u00e0 la mode et professionnel. Le langage de conception suit le principe du \"moins c'est plus\", et renforce la reconnaissance de la marque par le contraste des couleurs et le traitement du blanc.<\/p>\n<h2 id=\"-6-personalized-customization-service-to-meet-diverse-needs-\"><strong>6. Service de personnalisation pour r\u00e9pondre \u00e0 des besoins divers<\/strong><\/h2>\n<p>Nous fournissons des services de personnalisation \u00e0 guichet unique, de la conception \u00e0 la production :<\/p>\n<ul>\n<li><strong>Innovation structurelle<\/strong>: Il prend en charge les bo\u00eetes d\u00e9riv\u00e9es expos\u00e9es \u00e0 la taille, \u00e0 bouche oblique, \u00e0 couvercle transparent en acrylique et d'autres types de bo\u00eetes d\u00e9riv\u00e9es \u00e0 couvercle sup\u00e9rieur et inf\u00e9rieur, et peut \u00eatre associ\u00e9 \u00e0 des structures cr\u00e9atives telles que la rotation et l'\u00e9clairage pour renforcer l'interactivit\u00e9.<\/li>\n<li><strong>Processus flexible<\/strong>: Il prend en charge l'impression offset, l'h\u00e9liogravure, le marquage \u00e0 chaud, la s\u00e9rigraphie et d'autres combinaisons de processus pour r\u00e9pondre aux besoins des commandes personnalis\u00e9es en petits lots.<\/li>\n<li><strong>Adaptation de la marque<\/strong>: Une gestion pr\u00e9cise des couleurs peut \u00eatre effectu\u00e9e en fonction de la carte de couleurs de la marque du client afin de garantir que l'effet d'impression est parfaitement conforme \u00e0 la norme de la marque.<\/li>\n<\/ul>\n<h2 id=\"-7-large-scale-production-capacity-to-ensure-quality-and-delivery-\"><strong>7. Capacit\u00e9 de production \u00e0 grande \u00e9chelle pour garantir la qualit\u00e9 et la livraison<\/strong><\/h2>\n<p>L'usine couvre une superficie de 5 320 m\u00e8tres carr\u00e9s et b\u00e9n\u00e9ficie de 16 ans d'exp\u00e9rience professionnelle en mati\u00e8re de production. Elle est \u00e9quip\u00e9e de lignes de production automatis\u00e9es et d'\u00e9quipements d'impression de pointe (tels que des machines d'impression offset et des machines d'impression UV). Gr\u00e2ce \u00e0 des processus standardis\u00e9s et \u00e0 des syst\u00e8mes d'inspection de la qualit\u00e9 tr\u00e8s stricts, une production quotidienne de plus de 100 000 pi\u00e8ces est assur\u00e9e pour garantir la stabilit\u00e9 de la livraison et l'homog\u00e9n\u00e9it\u00e9 de la qualit\u00e9 des commandes de gros volumes.<\/p>\n<h2 id=\"-advantages-of-cooperation-\"><strong>Avantages de la coop\u00e9ration<\/strong>:<\/h2>\n<ul>\n<li><strong>Optimisation des co\u00fbts<\/strong>: Fournir aux clients des solutions rentables gr\u00e2ce \u00e0 l'approvisionnement \u00e0 grande \u00e9chelle et \u00e0 l'optimisation des processus de production.<\/li>\n<li><strong>Concept de protection de l'environnement<\/strong>: Mat\u00e9riaux \u00e9cologiques en option (tels que le carton recycl\u00e9, l'EVA d\u00e9gradable) pour r\u00e9pondre \u00e0 la tendance du d\u00e9veloppement durable.<\/li>\n<li><strong>Assistance apr\u00e8s-vente<\/strong>: Fournir des services complets tels que l'examen des projets de conception, la confirmation des \u00e9preuves, le suivi logistique, etc., et offrir une garantie de retour et d'\u00e9change en cas de probl\u00e8mes de qualit\u00e9.<\/li>\n<\/ul>","protected":false},"excerpt":{"rendered":"<p>Cette bo\u00eete est compos\u00e9e d'un couvercle et d'un fond, avec une structure simple et \u00e9l\u00e9gante, facile \u00e0 ouvrir et \u00e0 fermer, et un embossage artisanal, ce qui ajoute une sensation de raffinement visuel et une exp\u00e9rience tactile riche.<\/p>","protected":false},"featured_media":298,"template":"","meta":{"_kad_post_transparent":"default","_kad_post_title":"","_kad_post_layout":"default","_kad_post_sidebar_id":"","_kad_post_content_style":"default","_kad_post_vertical_padding":"default","_kad_post_feature":"","_kad_post_feature_position":"","_kad_post_header":false,"_kad_post_footer":false,"_kad_post_classname":""},"product_brand":[],"product_cat":[15,28,19,17],"product_tag":[91,90,92],"class_list":{"0":"post-296","1":"product","2":"type-product","3":"status-publish","4":"has-post-thumbnail","6":"product_cat-red-light-therapy","7":"product_cat-customize","8":"product_cat-red-light-therapy-stand","9":"product_cat-services","10":"product_tag-cosmetic-packaging-supplier","11":"product_tag-perfume-boxes","12":"product_tag-perfume-cosmetic-gift-boxes","14":"first","15":"instock","16":"shipping-taxable","17":"product-type-simple","18":"entry","19":"content-bg","20":"loop-entry"},"_links":{"self":[{"href":"https:\/\/red-lighttherapy.com\/fr_fr\/wp-json\/wp\/v2\/product\/296","targetHints":{"allow":["GET"]}}],"collection":[{"href":"https:\/\/red-lighttherapy.com\/fr_fr\/wp-json\/wp\/v2\/product"}],"about":[{"href":"https:\/\/red-lighttherapy.com\/fr_fr\/wp-json\/wp\/v2\/types\/product"}],"wp:featuredmedia":[{"embeddable":true,"href":"https:\/\/red-lighttherapy.com\/fr_fr\/wp-json\/wp\/v2\/media\/298"}],"wp:attachment":[{"href":"https:\/\/red-lighttherapy.com\/fr_fr\/wp-json\/wp\/v2\/media?parent=296"}],"wp:term":[{"taxonomy":"product_brand","embeddable":true,"href":"https:\/\/red-lighttherapy.com\/fr_fr\/wp-json\/wp\/v2\/product_brand?post=296"},{"taxonomy":"product_cat","embeddable":true,"href":"https:\/\/red-lighttherapy.com\/fr_fr\/wp-json\/wp\/v2\/product_cat?post=296"},{"taxonomy":"product_tag","embeddable":true,"href":"https:\/\/red-lighttherapy.com\/fr_fr\/wp-json\/wp\/v2\/product_tag?post=296"}],"curies":[{"name":"wp","href":"https:\/\/api.w.org\/{rel}","templated":true}]}}