{"id":284,"date":"2025-04-10T14:14:31","date_gmt":"2025-04-10T14:14:31","guid":{"rendered":"https:\/\/red-lighttherapy.com\/?post_type=product&#038;p=284"},"modified":"2025-04-10T14:24:36","modified_gmt":"2025-04-10T14:24:36","slug":"wholesale-custom-cosmetic-essential-oil-packaging-boxes","status":"publish","type":"product","link":"https:\/\/red-lighttherapy.com\/fr_fr\/wholesale-custom-cosmetic-essential-oil-packaging-boxes\/","title":{"rendered":"Bo\u00eetes d'emballage pour huiles essentielles en gros et sur mesure"},"content":{"rendered":"<h3 id=\"high-end-customized-cosmetic-essential-oil-packaging-box-a-comprehensive-solution-that-integrates-craft-aesthetics-and-functionality\">Bo\u00eetes d'emballage pour huiles essentielles en gros et sur mesure - Une solution compl\u00e8te qui int\u00e8gre l'esth\u00e9tique artisanale et la fonctionnalit\u00e9<\/h3>\n<h2 id=\"-i-visual-core-the-ultimate-collision-of-single-black-printing-and-hot-stamping-technology-\"><strong>1. Le c\u0153ur visuel : la collision ultime de l'impression en noir simple et de la technologie de marquage \u00e0 chaud<\/strong><\/h2>\n<ol>\n<li><strong>Impression noire simple<\/strong>: Utilisant la technologie de l'encre noire pure C0\/M0\/Y0\/K100, elle pr\u00e9sente une couleur de fond profonde avec une pr\u00e9cision d'impression d\u00e9licate, \u00e9vite le risque d'erreurs de surimpression en quadrichromie et garantit que les bords du LOGO et du texte sont nets et clairs. Le fond noir est aussi myst\u00e9rieux que la nuit, injectant un ton visuel haut de gamme et stable \u00e0 la marque, tout en renfor\u00e7ant l'esth\u00e9tique minimaliste du logo de la marque gr\u00e2ce \u00e0 un design vierge.<\/li>\n<li><strong>Technologie de marquage \u00e0 chaud<\/strong>: Le LOGO utilise la technologie de marquage \u00e0 chaud d'une feuille d'or 24 carats, qui est fix\u00e9e avec pr\u00e9cision \u00e0 la surface de la bo\u00eete par gaufrage \u00e0 haute temp\u00e9rature, et dont l'\u00e9clat m\u00e9tallique forme un fort contraste avec le noir mat. La couche de marquage \u00e0 chaud a une \u00e9paisseur de 0,1 mm, elle est r\u00e9sistante \u00e0 l'usure et \u00e0 l'oxydation, et pr\u00e9sente un effet dynamique de serpentin sous l'effet de la r\u00e9fraction de la lumi\u00e8re, soulignant la texture luxueuse de la marque.<\/li>\n<\/ol>\n<h2 id=\"-second-structural-innovation-sky-and-earth-box-and-ritual-opening-and-closing-design-\"><strong>2. Innovation structurelle : bo\u00eete de ciel et de terre et conception de l'ouverture et de la fermeture rituelles<\/strong><\/h2>\n<ol>\n<li><strong>Structure en caisson de ciel et de terre<\/strong>: Le couvercle sup\u00e9rieur (ciel) et la bo\u00eete inf\u00e9rieure (sol) sont form\u00e9s ind\u00e9pendamment, adoptant une conception sol-ciel, encastr\u00e9s avec un substrat de carton gris 1200GSM de 1,2mm d'\u00e9paisseur, avec une r\u00e9sistance \u00e0 la compression de 50kg\/\u33a1, assurant la r\u00e9sistance aux chocs pendant le transport. Le bord du corps de la bo\u00eete est trait\u00e9 avec un processus de biseau de 5mm, et l'ouverture et la fermeture sont lisses et sans blocage.<\/li>\n<li><strong>Texture de la grille et sens du rituel<\/strong>: La surface de la bo\u00eete est int\u00e9gr\u00e9e \u00e0 des grilles g\u00e9om\u00e9triques en relief, d'une profondeur de 0,3 mm, et un toucher tridimensionnel est obtenu gr\u00e2ce \u00e0 l'estampage du moule ; la structure d'ouverture et de fermeture magn\u00e9tique (force magn\u00e9tique \u22651,2N) est assortie d'un anneau de traction \u00e0 ruban cach\u00e9, prenant en compte la praticit\u00e9 et le sens du rituel d'unboxing.<\/li>\n<\/ol>\n<h2 id=\"-third-material-and-adaptation-dual-guarantee-of-performance-and-aesthetics-\"><strong>3. Mat\u00e9riau et adaptation : double garantie de performance et d'esth\u00e9tique<\/strong><\/h2>\n<ol>\n<li><strong>Mat\u00e9riau de la bo\u00eete ext\u00e9rieure<\/strong>:<\/li>\n<li><strong>Papier hygi\u00e9nique<\/strong>: Papier double cuivre 157G, surface mate huil\u00e9e, toucher d\u00e9licat et anti-traces de doigts.<\/li>\n<li><strong>Doublure int\u00e9rieure<\/strong>: Carton gris 1200GSM, densit\u00e9 0,92g\/cm\u00b3, la capacit\u00e9 de charge est 30% sup\u00e9rieure \u00e0 celle du carton ordinaire.<\/li>\n<li><strong>Solution de plateau int\u00e9rieur personnalis\u00e9e<\/strong>:<\/li>\n<li><strong>Options de mat\u00e9riaux<\/strong>: Flocage (poils courts de 0,5 mm, rouge vin\/vert fonc\u00e9 en option), carton (carte double blanche de 350 g), tissu de soie (jacquard de soie).<\/li>\n<li><strong>Conception fonctionnelle<\/strong>: Le plateau int\u00e9rieur en mousse EVA (densit\u00e9 38D-60D) est fendu avec pr\u00e9cision et convient aux flacons d'huile essentielle de 5 \u00e0 100 ml. Les performances antisismiques ont \u00e9t\u00e9 certifi\u00e9es par l'ISTA 3A.<\/li>\n<\/ol>\n<h2 id=\"-fourth-flexible-customization-various-box-types-and-printing-adaptation-\"><strong>4. Personnalisation souple : diff\u00e9rents types de bo\u00eetes et d'impressions.<\/strong><\/h2>\n<ol>\n<li><strong>Biblioth\u00e8que de type bo\u00eete<\/strong>: Fournit 8 types de bo\u00eetes de base tels que les couvercles sup\u00e9rieurs et inf\u00e9rieurs, les bo\u00eetes \u00e0 tiroirs, les bo\u00eetes en forme de livre, etc., prend en charge la d\u00e9coupe de formes sp\u00e9ciales (telles que les ouvertures de fen\u00eatres hexagonales et incurv\u00e9es) et convient aux cadeaux d'affaires, aux pr\u00e9sentoirs de vente au d\u00e9tail et \u00e0 d'autres sc\u00e9narios.<\/li>\n<li><strong>Mise en page de l'impression<\/strong>: Le syst\u00e8me prend en charge de multiples combinaisons de processus tels que la couleur d'accompagnement Pantone, l'UV partiel, le gaufrage, etc., avec une quantit\u00e9 de commande minimale de 500 pi\u00e8ces par lot et un cycle d'\u00e9preuvage de 3 \u00e0 5 jours, r\u00e9pondant ainsi aux besoins d'it\u00e9ration rapide tels que les \u00e9ditions limit\u00e9es pour les f\u00eates et les articles co-brand\u00e9s.<\/li>\n<\/ol>\n<h2 id=\"-v-quality-commitment-and-value-added-services-\"><strong>5. Engagement de qualit\u00e9 et services \u00e0 valeur ajout\u00e9e<\/strong><\/h2>\n<ul>\n<li><strong>Norme de contr\u00f4le de la qualit\u00e9<\/strong>: A pass\u00e9 la certification environnementale SGS (d\u00e9tection des m\u00e9taux lourds et de la migration), supporte le test de r\u00e9sistance \u00e0 la temp\u00e9rature et \u00e0 l'humidit\u00e9 de 48 heures (cycle -20\u2103~60\u2103).<\/li>\n<li><strong>Lien de service<\/strong>: Offre une solution unique pour l'\u00e9preuvage de la mod\u00e9lisation 3D, l'entreposage et la distribution, et la logistique transfrontali\u00e8re (DDP\/DDU), avec une quantit\u00e9 de commande minimale de 500 pi\u00e8ces et un cycle de livraison de 7 \u00e0 14 jours.<\/li>\n<\/ul>","protected":false},"excerpt":{"rendered":"<p>La grille unique du couvercle et de la bo\u00eete de base est combin\u00e9e \u00e0 une m\u00e9thode d'ouverture et de fermeture c\u00e9r\u00e9monielle, qui est \u00e0 la fois originale et pratique \u00e0 utiliser.<\/p>","protected":false},"featured_media":289,"template":"","meta":{"_kad_post_transparent":"default","_kad_post_title":"","_kad_post_layout":"default","_kad_post_sidebar_id":"","_kad_post_content_style":"default","_kad_post_vertical_padding":"default","_kad_post_feature":"","_kad_post_feature_position":"","_kad_post_header":false,"_kad_post_footer":false,"_kad_post_classname":""},"product_brand":[],"product_cat":[15,28,19,17],"product_tag":[85,86,80],"class_list":{"0":"post-284","1":"product","2":"type-product","3":"status-publish","4":"has-post-thumbnail","6":"product_cat-red-light-therapy","7":"product_cat-customize","8":"product_cat-red-light-therapy-stand","9":"product_cat-services","10":"product_tag-cosmetic-packaging","11":"product_tag-custom-cosmetic-essential-oil-packaging","12":"product_tag-essential-oil-packaging","14":"first","15":"instock","16":"shipping-taxable","17":"product-type-simple","18":"entry","19":"content-bg","20":"loop-entry"},"_links":{"self":[{"href":"https:\/\/red-lighttherapy.com\/fr_fr\/wp-json\/wp\/v2\/product\/284","targetHints":{"allow":["GET"]}}],"collection":[{"href":"https:\/\/red-lighttherapy.com\/fr_fr\/wp-json\/wp\/v2\/product"}],"about":[{"href":"https:\/\/red-lighttherapy.com\/fr_fr\/wp-json\/wp\/v2\/types\/product"}],"wp:featuredmedia":[{"embeddable":true,"href":"https:\/\/red-lighttherapy.com\/fr_fr\/wp-json\/wp\/v2\/media\/289"}],"wp:attachment":[{"href":"https:\/\/red-lighttherapy.com\/fr_fr\/wp-json\/wp\/v2\/media?parent=284"}],"wp:term":[{"taxonomy":"product_brand","embeddable":true,"href":"https:\/\/red-lighttherapy.com\/fr_fr\/wp-json\/wp\/v2\/product_brand?post=284"},{"taxonomy":"product_cat","embeddable":true,"href":"https:\/\/red-lighttherapy.com\/fr_fr\/wp-json\/wp\/v2\/product_cat?post=284"},{"taxonomy":"product_tag","embeddable":true,"href":"https:\/\/red-lighttherapy.com\/fr_fr\/wp-json\/wp\/v2\/product_tag?post=284"}],"curies":[{"name":"wp","href":"https:\/\/api.w.org\/{rel}","templated":true}]}}