{"id":278,"date":"2025-04-10T14:03:32","date_gmt":"2025-04-10T14:03:32","guid":{"rendered":"https:\/\/red-lighttherapy.com\/?post_type=product&#038;p=278"},"modified":"2025-04-10T14:14:16","modified_gmt":"2025-04-10T14:14:16","slug":"custom-printed-logo-essential-oil-box-packaging-wholesale","status":"publish","type":"product","link":"https:\/\/red-lighttherapy.com\/fr_fr\/custom-printed-logo-essential-oil-box-packaging-wholesale\/","title":{"rendered":"Bo\u00eete d'emballage d'huile essentielle avec logo imprim\u00e9 sur mesure Wholesale"},"content":{"rendered":"<h2 id=\"-customized-printed-logo-essential-oil-box-packaging-wholesale-product-description-\">Bo\u00eete d'emballage d'huile essentielle avec logo imprim\u00e9 sur mesure Wholesale<\/h2>\n<h2 id=\"-i-visual-aesthetics-and-craft-design-\"><strong>1. Esth\u00e9tique visuelle et conception artisanale<\/strong><\/h2>\n<ol>\n<li><strong>Esth\u00e9tique avanc\u00e9e des tons noirs<\/strong>\u00a0L'utilisation d'un noir profond comme couleur principale, combin\u00e9e \u00e0 un traitement mat et local de la lumi\u00e8re, permet d'obtenir un impact visuel discret et luxueux gr\u00e2ce \u00e0 la r\u00e9fraction de la lumi\u00e8re et des ombres. Le processus UV pleine version couvre le corps de la bo\u00eete pour am\u00e9liorer la r\u00e9sistance \u00e0 l'usure et la brillance de la surface. Tout en conservant le ton calme du noir, il conf\u00e8re \u00e0 l'emballage des niveaux d'ombre et de lumi\u00e8re dynamiques, am\u00e9liorant ainsi de mani\u00e8re significative la reconnaissance de la marque.<\/li>\n<li><strong>Proc\u00e9d\u00e9 de marquage \u00e0 chaud LOGO<\/strong>\u00a0Le LOGO adopte le processus d'estampage \u00e0 chaud et forme une texture concave et convexe tridimensionnelle gr\u00e2ce \u00e0 un moule de haute pr\u00e9cision press\u00e9 \u00e0 chaud, superpos\u00e9 \u00e0 une feuille de m\u00e9tal (or, or rose ou or couleur laser en option), qui est d\u00e9licate au toucher et visuellement brillante. Ce processus renforce non seulement la tonalit\u00e9 de la marque, mais peut \u00e9galement \u00eatre utilis\u00e9 comme marque anti-contrefa\u00e7on pour augmenter l'espace premium du produit.<\/li>\n<\/ol>\n<h2 id=\"-second-structural-design-and-material-guarantee-\"><strong>2. Conception structurelle et garantie des mat\u00e9riaux<\/strong><\/h2>\n<ol>\n<li><strong>Type de bo\u00eete de couverture trois en un pour le ciel et la terre<\/strong><\/li>\n<li><strong>Bo\u00eete ext\u00e9rieure avec ouverture et fermeture atmosph\u00e9rique<\/strong>: La structure de couverture du ciel et de la terre est con\u00e7ue sous la forme d'un \"ciel couvrant la terre\". La bo\u00eete ext\u00e9rieure adopte un carton gris haute densit\u00e9 1200GSM d'une \u00e9paisseur de 1,3 mm, d'une grande duret\u00e9 et d'une forte r\u00e9sistance \u00e0 la pression. L'ouverture et la fermeture sont naturellement douces, et l'ouverture du couvercle donne une impression de rituel.<\/li>\n<li><strong>La bo\u00eete int\u00e9rieure met l'accent sur la pr\u00e9sentation<\/strong>: Le support int\u00e9rieur adopte un papier couch\u00e9 157G mont\u00e9 sur un carton gris avec un film mat sur la surface. Le produit est centr\u00e9 et assorti \u00e0 une doublure personnalis\u00e9e (support EVA, flanelle ou acrylique transparent en option) afin de garantir la stabilit\u00e9 du flacon d'huile essentielle et la concentration de l'attention visuelle.<\/li>\n<li><strong>Correspondance du mat\u00e9riel scientifique<\/strong><\/li>\n<li><strong>Papier couch\u00e9 157G<\/strong>: Haute reproduction des couleurs, adapt\u00e9e \u00e0 l'impression en quadrichromie et \u00e0 la personnalisation des couleurs d'accompagnement, le num\u00e9ro de couleur Pantone correspond exactement \u00e0 la vision de la marque.<\/li>\n<li><strong>Carton gris 1200GSM<\/strong>: Excellente capacit\u00e9 de charge, peut r\u00e9sister aux chocs du transport sur de longues distances, la production journali\u00e8re atteint 100 000 pi\u00e8ces et permet une personnalisation \u00e0 grande \u00e9chelle.<\/li>\n<\/ol>\n<h2 id=\"-three-diversified-adaptation-solutions-\"><strong>3. Des solutions d'adaptation diversifi\u00e9es<\/strong><\/h2>\n<ol>\n<li><strong>Personnalisation flexible du type et du style de la bo\u00eete<\/strong><\/li>\n<li><strong>S\u00e9lection du type de bo\u00eete<\/strong>: Outre les couvercles sup\u00e9rieur et inf\u00e9rieur, des bo\u00eetes \u00e0 tiroirs, des bo\u00eetes en forme de livre, des bo\u00eetes de forme sp\u00e9ciale et d'autres structures peuvent \u00eatre fournies pour r\u00e9pondre aux besoins de diff\u00e9rents sc\u00e9narios (tels que le transport du commerce \u00e9lectronique, l'exposition hors ligne).<\/li>\n<li><strong>Extension de la conception<\/strong>: La surface de la bo\u00eete peut \u00eatre combin\u00e9e avec un design de fen\u00eatre (fen\u00eatre en PVC transparent, texture gaufr\u00e9e en argent chaud, ou \u00e9l\u00e9ments interactifs AR superpos\u00e9s) afin d'am\u00e9liorer l'exp\u00e9rience du consommateur. La surface de la bo\u00eete peut \u00eatre combin\u00e9e avec un design de fen\u00eatre (fen\u00eatre en PVC transparent), une texture gaufr\u00e9e en argent chaud ou des \u00e9l\u00e9ments interactifs AR superpos\u00e9s pour am\u00e9liorer l'exp\u00e9rience du consommateur.<\/li>\n<li><strong>Am\u00e9lioration fonctionnelle de la doublure int\u00e9rieure<\/strong><\/li>\n<li><strong>Stockage en couches<\/strong>: Pour les coffrets d'huiles essentielles \u00e0 plusieurs flacons, la bo\u00eete int\u00e9rieure peut \u00eatre con\u00e7ue avec une structure \u00e0 couches coulissantes, avec des accessoires tels que des rubans et des boucles magn\u00e9tiques pour renforcer l'aspect pratique et le sens du rituel.<\/li>\n<li><strong>Adaptation respectueuse de l'environnement<\/strong>: Fournir des options de carton gris d\u00e9gradable et de vernis UV \u00e0 base d'eau, respecter les normes environnementales de l'UE et favoriser les exportations transfrontali\u00e8res.<\/li>\n<\/ol>\n<h2 id=\"-fourth-service-and-value-empowerment-\"><strong>4. Renforcement des services et des valeurs<\/strong><\/h2>\n<ol>\n<li><strong>Une solution unique<\/strong><\/li>\n<li><strong>Soutien \u00e0 l'\u00e9preuvage<\/strong>: La mod\u00e9lisation 3D et les \u00e9chantillons physiques sont fournis gratuitement, et les manuscrits personnalis\u00e9s ou la collaboration des concepteurs sont pris en charge pour garantir une mise en \u0153uvre pr\u00e9cise de la conception.<\/li>\n<li><strong>Avantage du lot<\/strong>: Commande minimale de 500 pi\u00e8ces, cycle de livraison de 15 jours, possibilit\u00e9 d'impression de LOGO, de marquage \u00e0 chaud, d'UV et d'autres productions de lots mixtes, co\u00fbts contr\u00f4lables.<\/li>\n<li><strong>Renforcement de la valeur de la marque<\/strong>\u00a0L'emballage permet de raconter l'histoire de la marque, par exemple : le fond noir UV peut \u00eatre int\u00e9gr\u00e9 dans les illustrations de la propri\u00e9t\u00e9 intellectuelle de la marque, l'estampage \u00e0 chaud du logo et la texture gaufr\u00e9e forment des points de m\u00e9morisation visuelle, ce qui permet au produit de se d\u00e9marquer dans les rayons et aux consommateurs de le r\u00e9pandre spontan\u00e9ment apr\u00e8s l'avoir d\u00e9ball\u00e9.<\/li>\n<\/ol>","protected":false},"excerpt":{"rendered":"<p>Le type de bo\u00eete avec couvercle sup\u00e9rieur et inf\u00e9rieur adopte la structure du couvercle sup\u00e9rieur et inf\u00e9rieur, qui est facile \u00e0 ouvrir et \u00e0 fermer et donne l'impression d'ouvrir le couvercle. L'ensemble du corps de la bo\u00eete est soigneusement cultiv\u00e9 avec la technologie UV pleine plaque pour montrer la reconnaissance de la marque. En m\u00eame temps, le logo est ajout\u00e9 par estampage \u00e0 chaud pour renforcer le ton de la marque.<\/p>","protected":false},"featured_media":281,"template":"","meta":{"_kad_post_transparent":"default","_kad_post_title":"","_kad_post_layout":"default","_kad_post_sidebar_id":"","_kad_post_content_style":"default","_kad_post_vertical_padding":"default","_kad_post_feature":"","_kad_post_feature_position":"","_kad_post_header":false,"_kad_post_footer":false,"_kad_post_classname":""},"product_brand":[],"product_cat":[15,28,19,17],"product_tag":[83,80,84],"class_list":{"0":"post-278","1":"product","2":"type-product","3":"status-publish","4":"has-post-thumbnail","6":"product_cat-red-light-therapy","7":"product_cat-customize","8":"product_cat-red-light-therapy-stand","9":"product_cat-services","10":"product_tag-custom-essential-oil-box","11":"product_tag-essential-oil-packaging","12":"product_tag-essential-oil-packaging-wholesale","14":"first","15":"instock","16":"shipping-taxable","17":"product-type-simple","18":"entry","19":"content-bg","20":"loop-entry"},"_links":{"self":[{"href":"https:\/\/red-lighttherapy.com\/fr_fr\/wp-json\/wp\/v2\/product\/278","targetHints":{"allow":["GET"]}}],"collection":[{"href":"https:\/\/red-lighttherapy.com\/fr_fr\/wp-json\/wp\/v2\/product"}],"about":[{"href":"https:\/\/red-lighttherapy.com\/fr_fr\/wp-json\/wp\/v2\/types\/product"}],"wp:featuredmedia":[{"embeddable":true,"href":"https:\/\/red-lighttherapy.com\/fr_fr\/wp-json\/wp\/v2\/media\/281"}],"wp:attachment":[{"href":"https:\/\/red-lighttherapy.com\/fr_fr\/wp-json\/wp\/v2\/media?parent=278"}],"wp:term":[{"taxonomy":"product_brand","embeddable":true,"href":"https:\/\/red-lighttherapy.com\/fr_fr\/wp-json\/wp\/v2\/product_brand?post=278"},{"taxonomy":"product_cat","embeddable":true,"href":"https:\/\/red-lighttherapy.com\/fr_fr\/wp-json\/wp\/v2\/product_cat?post=278"},{"taxonomy":"product_tag","embeddable":true,"href":"https:\/\/red-lighttherapy.com\/fr_fr\/wp-json\/wp\/v2\/product_tag?post=278"}],"curies":[{"name":"wp","href":"https:\/\/api.w.org\/{rel}","templated":true}]}}