{"id":271,"date":"2025-04-10T13:51:25","date_gmt":"2025-04-10T13:51:25","guid":{"rendered":"https:\/\/red-lighttherapy.com\/?post_type=product&#038;p=271"},"modified":"2025-04-10T14:03:24","modified_gmt":"2025-04-10T14:03:24","slug":"custom-essential-oil-aromatherapy-gift-sets-boxes-packaging","status":"publish","type":"product","link":"https:\/\/red-lighttherapy.com\/fr_fr\/custom-essential-oil-aromatherapy-gift-sets-boxes-packaging\/","title":{"rendered":"Coffrets cadeaux personnalis\u00e9s d'huiles essentielles d'aromath\u00e9rapie Emballage"},"content":{"rendered":"<h2 id=\"-customized-essential-oil-aromatherapy-gift-set-box-packaging-product-description-\">Coffrets cadeaux personnalis\u00e9s d'huiles essentielles d'aromath\u00e9rapie Emballage<\/h2>\n<h2 id=\"-1-single-black-printing-design-the-fusion-of-simple-aesthetics-and-brand-personality-\"><strong>1. Impression noire unique : la fusion de l'esth\u00e9tique simple et de la personnalit\u00e9 de la marque<\/strong><\/h2>\n<p>Gr\u00e2ce \u00e0 la technologie d'impression en noir simple (single black), l'esth\u00e9tique minimaliste interpr\u00e8te le sens du luxe et du myst\u00e8re. Gr\u00e2ce \u00e0 la combinaison de d\u00e9grad\u00e9s clairs et fonc\u00e9s et d'une texture mate, une couche visuelle profonde se forme \u00e0 la surface de la bo\u00eete, comme les \u00e9toiles dans la nuit, r\u00e9v\u00e9lant le luxe d'une mani\u00e8re discr\u00e8te. Le LOGO de la marque est pr\u00e9sent\u00e9 par un processus d'estampage \u00e0 chaud de haute pr\u00e9cision, et le sens tridimensionnel est renforc\u00e9 par des UV locaux ou un gaufrage concave et convexe, ce qui non seulement met en \u00e9vidence la reconnaissance de la marque, mais forme \u00e9galement un contraste marqu\u00e9 avec le simple fond noir, transmettant un ton de marque sobre et profond.<\/p>\n<h2 id=\"-2-elegant-hot-stamping-motto-the-finishing-touch-of-the-brand-spirit-\"><strong>2. \u00c9l\u00e9gante devise de marquage \u00e0 chaud : la touche finale de l'esprit de la marque<\/strong><\/h2>\n<p>La devise de la marque adopte la technologie du marquage \u00e0 chaud, avec une feuille d'or 24 carats ou une feuille d'or rose comme support, les lignes du texte sont lisses et d\u00e9licates, et l'\u00e9clat de l'or et le simple fond noir se compl\u00e8tent, tout comme une galaxie lumineuse dans la nuit noire. La position du marquage \u00e0 chaud peut \u00eatre personnalis\u00e9e au centre ou sur le c\u00f4t\u00e9 du couvercle de la bo\u00eete et, gr\u00e2ce au processus de micro-embossage, le toucher du doigt est tridimensionnel et plein de sens rituel, v\u00e9hiculant la valeur fondamentale de la marque : \"discret et extraordinaire\".<\/p>\n<h2 id=\"-3-book-magnetic-box-structure-opening-and-closing-with-a-sense-of-ritual-both-innovative-and-practical-\"><strong>3. Structure de la bo\u00eete magn\u00e9tique du livre : ouverture et fermeture avec un sens du rituel, \u00e0 la fois innovant et pratique.<\/strong><\/h2>\n<p>Adoptant la conception d'une bo\u00eete magn\u00e9tique en forme de livre, le couvercle et le fond de la bo\u00eete sont absorb\u00e9s avec pr\u00e9cision par des aimants int\u00e9gr\u00e9s, et l'ouverture et la fermeture s'accompagnent d'un \"clic\" net, offrant aux utilisateurs une exp\u00e9rience noble de l'ouverture de la bo\u00eete-cadeau. La forme de la bo\u00eete a des lignes nettes et des bords arrondis, ce qui est ergonomique et \u00e9vite l'usure pendant le transport. La force de succion magn\u00e9tique est r\u00e9glable pour r\u00e9pondre aux exigences de diff\u00e9rentes tailles, assurant la stabilit\u00e9 de la fermeture et la commodit\u00e9 de l'ouverture.<\/p>\n<h2 id=\"-4-material-combination-dual-guarantee-of-stability-and-texture-\"><strong>4. Combinaison de mat\u00e9riaux : double garantie de stabilit\u00e9 et de texture<\/strong><\/h2>\n<ul>\n<li><strong>Mat\u00e9riau de la bo\u00eete ext\u00e9rieure<\/strong>:<\/li>\n<li><strong>Surface<\/strong>: Papier couch\u00e9 157G, \u00e9paisseur d'environ 0,16 mm, le papier est d\u00e9licat et lisse, la couleur est pleine, et il convient \u00e0 l'expression en couches de l'impression en noir simple.<\/li>\n<li><strong>Structure de la doublure int\u00e9rieure<\/strong>: Carton gris 1200GSM, haute densit\u00e9, forte r\u00e9sistance \u00e0 la pression, peut transporter des articles fragiles tels que des flacons d'huiles essentielles, et garantir l'absence de d\u00e9formation pendant le transport.<\/li>\n<li><strong>D\u00e9tails du processus<\/strong>: Le carton gris et le papier couch\u00e9 sont coll\u00e9s \u00e0 l'aide d'une colle \u00e0 base d'eau respectueuse de l'environnement, et les bords sont ourl\u00e9s, sans bavures et r\u00e9sistants \u00e0 l'usure.<\/li>\n<\/ul>\n<h2 id=\"-5-diversified-box-types-adapt-to-different-scenes-and-design-styles-\"><strong>5. Types de bo\u00eetes diversifi\u00e9s : S'adaptent \u00e0 diff\u00e9rentes sc\u00e8nes et \u00e0 diff\u00e9rents styles de conception<\/strong><\/h2>\n<p>Fournir une vari\u00e9t\u00e9 de types de bo\u00eetes, y compris<\/p>\n<ul>\n<li><strong>Bo\u00eete \u00e0 couvercle de t\u00eate et de fond<\/strong>: Classique et atmosph\u00e9rique, convient aux sc\u00e8nes de cadeaux d'affaires.<\/li>\n<li><strong>Bo\u00eete \u00e0 tiroir<\/strong>: Une combinaison de myst\u00e8re et d'amusement, adapt\u00e9e aux coffrets d'aromath\u00e9rapie en \u00e9dition limit\u00e9e.<\/li>\n<li><strong>Bo\u00eete de d\u00e9coupe de forme sp\u00e9ciale<\/strong>: hexagonale, arc, etc., pour r\u00e9pondre aux besoins de la conception artistique. Le type de bo\u00eete prend en charge l'impression pleine page, qui peut \u00eatre assortie \u00e0 la peinture \u00e0 l'encre, aux motifs g\u00e9om\u00e9triques ou aux lignes minimalistes, et fait \u00e9cho de mani\u00e8re flexible au langage visuel de la marque.<\/li>\n<\/ul>\n<h2 id=\"-6-inner-tray-adaptation-solution-balance-between-ritual-and-functionality-\"><strong>6. Solution d'adaptation du plateau int\u00e9rieur : \u00e9quilibre entre rituel et fonctionnalit\u00e9<\/strong><\/h2>\n<ul>\n<li><strong>S\u00e9lection des mat\u00e9riaux<\/strong>:<\/li>\n<li><strong>Plateau int\u00e9rieur floqu\u00e9<\/strong>Les huiles essentielles en verre peuvent \u00eatre utilis\u00e9es dans des flacons en verre, mais aussi dans des flacons en verre, car elles sont douces et d\u00e9licates au toucher, absorbent les chocs et sont antid\u00e9rapantes.<\/li>\n<li><strong>Doublure en tissu de soie<\/strong>La surface en soie mate et la broderie de motifs fonc\u00e9s renforcent l'impact visuel lors de l'ouverture de la bo\u00eete.<\/li>\n<li><strong>Superposition de cartons<\/strong>Structure en nid d'abeille personnalisable ou cloison \u00e0 fente, fixation pr\u00e9cise des produits.<\/li>\n<li><strong>Couleur et texture<\/strong>Les couleurs : noir, gris, rouge vin et autres, combinaison des technologies de flocage et d'estampage \u00e0 chaud, renforcent l'impression g\u00e9n\u00e9rale de luxe.<\/li>\n<\/ul>\n<h2 id=\"-7-customized-service-full-process-support-from-design-to-implementation-\"><strong>7. Service personnalis\u00e9 : soutien complet du processus, de la conception \u00e0 la mise en \u0153uvre<\/strong><\/h2>\n<ul>\n<li><strong>Adaptation de la conception<\/strong>La solution de l'emballage : en fonction de la taille, du style et du budget du produit, optimisation de la solution du type de bo\u00eete 1 pour 1 afin de garantir que l'emballage est en parfaite ad\u00e9quation avec le temp\u00e9rament du produit.<\/li>\n<li><strong>Certification environnementale<\/strong>Le mat\u00e9riau est conforme \u00e0 la certification FSC et aux normes RoHS, et propose des options d\u00e9gradables.<\/li>\n<li><strong>Garantie d'\u00e9preuve<\/strong>: Fournir des bo\u00eetes d'\u00e9chantillons physiques dans un d\u00e9lai de 3 \u00e0 5 jours ouvrables, contribuer \u00e0 la mise au point des d\u00e9tails jusqu'\u00e0 ce que les clients soient satisfaits.<\/li>\n<\/ul>\n<h2 id=\"-conclusion-\"><strong>Conclusion<\/strong><\/h2>\n<p>Ce coffret cadeau d'aromath\u00e9rapie aux huiles essentielles, dont l'esth\u00e9tique noire est la cl\u00e9 de vo\u00fbte, interpr\u00e8te le concept de base du design \"myst\u00e8re, haut de gamme et sens du rituel\" gr\u00e2ce \u00e0 une combinaison innovante de mat\u00e9riaux, d'artisanat et de structure. De l'exp\u00e9rience tactile de l'ouverture et de la fermeture magn\u00e9tiques \u00e0 l'impact visuel du texte estamp\u00e9 \u00e0 chaud, chaque d\u00e9tail a \u00e9t\u00e9 soigneusement pris en compte, dans le but de cr\u00e9er un point de m\u00e9moire unique pour la marque, tout en cr\u00e9ant une exp\u00e9rience agr\u00e9able et compl\u00e8te pour les consommateurs, du d\u00e9ballage \u00e0 l'utilisation.<\/p>","protected":false},"excerpt":{"rendered":"<p>La bo\u00eete \u00e0 fermeture magn\u00e9tique du livre est dot\u00e9e d'une m\u00e9thode d'ouverture et de fermeture c\u00e9r\u00e9monielle, et l'effet d'impression noir unique est haut de gamme et myst\u00e9rieux, tout en mettant en \u00e9vidence le LOGO personnalis\u00e9 de la marque.<\/p>","protected":false},"featured_media":274,"template":"","meta":{"_kad_post_transparent":"default","_kad_post_title":"","_kad_post_layout":"default","_kad_post_sidebar_id":"","_kad_post_content_style":"default","_kad_post_vertical_padding":"default","_kad_post_feature":"","_kad_post_feature_position":"","_kad_post_header":false,"_kad_post_footer":false,"_kad_post_classname":""},"product_brand":[],"product_cat":[15,28,17],"product_tag":[81,82,80],"class_list":{"0":"post-271","1":"product","2":"type-product","3":"status-publish","4":"has-post-thumbnail","6":"product_cat-red-light-therapy","7":"product_cat-customize","8":"product_cat-services","9":"product_tag-aromatherapy-gift-sets-boxes","10":"product_tag-custom-gift-sets-boxes-packaging","11":"product_tag-essential-oil-packaging","13":"first","14":"instock","15":"shipping-taxable","16":"product-type-simple","17":"entry","18":"content-bg","19":"loop-entry"},"_links":{"self":[{"href":"https:\/\/red-lighttherapy.com\/fr_fr\/wp-json\/wp\/v2\/product\/271","targetHints":{"allow":["GET"]}}],"collection":[{"href":"https:\/\/red-lighttherapy.com\/fr_fr\/wp-json\/wp\/v2\/product"}],"about":[{"href":"https:\/\/red-lighttherapy.com\/fr_fr\/wp-json\/wp\/v2\/types\/product"}],"wp:featuredmedia":[{"embeddable":true,"href":"https:\/\/red-lighttherapy.com\/fr_fr\/wp-json\/wp\/v2\/media\/274"}],"wp:attachment":[{"href":"https:\/\/red-lighttherapy.com\/fr_fr\/wp-json\/wp\/v2\/media?parent=271"}],"wp:term":[{"taxonomy":"product_brand","embeddable":true,"href":"https:\/\/red-lighttherapy.com\/fr_fr\/wp-json\/wp\/v2\/product_brand?post=271"},{"taxonomy":"product_cat","embeddable":true,"href":"https:\/\/red-lighttherapy.com\/fr_fr\/wp-json\/wp\/v2\/product_cat?post=271"},{"taxonomy":"product_tag","embeddable":true,"href":"https:\/\/red-lighttherapy.com\/fr_fr\/wp-json\/wp\/v2\/product_tag?post=271"}],"curies":[{"name":"wp","href":"https:\/\/api.w.org\/{rel}","templated":true}]}}