{"id":260,"date":"2025-04-10T13:18:48","date_gmt":"2025-04-10T13:18:48","guid":{"rendered":"https:\/\/red-lighttherapy.com\/?post_type=product&#038;p=260"},"modified":"2025-04-10T13:51:14","modified_gmt":"2025-04-10T13:51:14","slug":"luxury-customized-weed-cbd-oil-packaging-gift-box-wholesale","status":"publish","type":"product","link":"https:\/\/red-lighttherapy.com\/fr_fr\/luxury-customized-weed-cbd-oil-packaging-gift-box-wholesale\/","title":{"rendered":"Bo\u00eete cadeau de luxe personnalis\u00e9e pour l'emballage de l'huile de CBD"},"content":{"rendered":"<h3 id=\"luxury-customized-hemp-cbd-oil-packaging-gift-box-wholesale\">Emballage de luxe personnalis\u00e9 pour l'huile de chanvre et d'herbe CBD, bo\u00eete cadeau, vente en gros<\/h3>\n<h2 id=\"-1-high-end-visual-design-single-black-printing-and-stylized-patterns-\"><strong>1. Conception visuelle haut de gamme : impression noire unique et motifs stylis\u00e9s<\/strong><\/h2>\n<ul>\n<li><strong>Proc\u00e9d\u00e9 d'impression en noir simple<\/strong>: Gr\u00e2ce \u00e0 la technologie d'impression monochrome noire (Pantone Black), le contraste entre le clair et le fonc\u00e9 et les lignes d\u00e9licates donnent une impression de simplicit\u00e9 et de luxe, cr\u00e9ant un effet visuel profond et haut de gamme.<\/li>\n<li><strong>Esth\u00e9tique en noir et blanc<\/strong>: Avec le noir et le blanc classiques comme tonalit\u00e9 principale, combin\u00e9s \u00e0 une vari\u00e9t\u00e9 de motifs tels que des textures g\u00e9om\u00e9triques, de l'art abstrait ou des logos de marque minimalistes, ils refl\u00e8tent non seulement la texture de la marque, mais donnent \u00e9galement \u00e0 chaque bo\u00eete cadeau un style unique pour r\u00e9pondre aux besoins des diff\u00e9rents sc\u00e9narios de consommation (tels que le m\u00e9dical, les cadeaux et la vente au d\u00e9tail haut de gamme).<\/li>\n<\/ul>\n<h2 id=\"-2-innovative-magnetic-box-structure-function-and-experience-upgrade-\"><strong>2. Structure innovante de la bo\u00eete magn\u00e9tique : am\u00e9lioration de la fonction et de l'exp\u00e9rience<\/strong><\/h2>\n<ul>\n<li><strong>Boucle magn\u00e9tique lat\u00e9rale<\/strong>: Le c\u00f4t\u00e9 de la bo\u00eete est \u00e9quip\u00e9 d'une boucle magn\u00e9tique qui offre une exp\u00e9rience d'ouverture et de fermeture diff\u00e9rente de celle des emballages traditionnels. Elle est stable et fiable lorsqu'elle est ferm\u00e9e, \u00e9l\u00e9gante et lisse lorsqu'elle est ouverte, ce qui renforce le sentiment de rituel de l'utilisateur lors de l'interaction.<\/li>\n<li><strong>Conception du renforcement structurel<\/strong>: Associ\u00e9 \u00e0 une base en carton gris haute r\u00e9sistance 1200GSM, il garantit la r\u00e9sistance \u00e0 la compression et la durabilit\u00e9 du corps de la bo\u00eete, et prot\u00e8ge la bouteille d'huile CBD interne contre les chocs ext\u00e9rieurs pendant le transport ou le stockage.<\/li>\n<\/ul>\n<h2 id=\"-3-customized-materials-and-craftsmanship-\"><strong>3. Des mat\u00e9riaux et un savoir-faire personnalis\u00e9s<\/strong><\/h2>\n<ul>\n<li><strong>Combinaison de mat\u00e9riaux de haute qualit\u00e9<\/strong>: La couche ext\u00e9rieure utilise du papier couch\u00e9 157G, et la surface est recouverte d'un film mat ou d'un traitement UV partiel pour am\u00e9liorer le toucher et les propri\u00e9t\u00e9s anti-salissures ; la couche int\u00e9rieure est assortie d'un carton gris 1200GSM, en tenant compte de la duret\u00e9 et des caract\u00e9ristiques de protection de l'environnement (recyclable).<\/li>\n<li><strong>D\u00e9tails de l'artisanat<\/strong>: Il prend en charge des processus suppl\u00e9mentaires tels que le gaufrage, l'estampage \u00e0 chaud et la s\u00e9rigraphie afin de mettre davantage en valeur le caract\u00e8re tridimensionnel et luxueux des logos ou des motifs de la marque.<\/li>\n<\/ul>\n<h2 id=\"-4-flexible-box-type-and-differentiated-design-\"><strong>4. Type de bo\u00eete flexible et conception diff\u00e9renci\u00e9e<\/strong><\/h2>\n<ul>\n<li><strong>Service de personnalisation du type de bo\u00eete<\/strong>: Il existe une grande vari\u00e9t\u00e9 de types de bo\u00eetes, tels que les couvercles sup\u00e9rieurs et inf\u00e9rieurs, les bo\u00eetes en forme de livre, les bo\u00eetes \u00e0 tiroirs, etc. La taille et les m\u00e9thodes d'ouverture et de fermeture peuvent \u00eatre ajust\u00e9es en fonction des besoins pour r\u00e9pondre \u00e0 diff\u00e9rents positionnements, de la petite capacit\u00e9 portable aux cadeaux luxueux.<\/li>\n<li><strong>Solution de diff\u00e9renciation<\/strong>: Gr\u00e2ce \u00e0 la conception modulaire, les clients peuvent int\u00e9grer des \u00e9l\u00e9ments de la marque VI (LOGO, slogan), combin\u00e9s \u00e0 des structures diff\u00e9renci\u00e9es (plateau int\u00e9rieur en couches, fen\u00eatre transparente), afin d'am\u00e9liorer la reconnaissance du produit et l'exp\u00e9rience du consommateur.<\/li>\n<\/ul>\n<h2 id=\"-5-multifunctional-inner-tray-adaptation-solution-\"><strong>5. Solution multifonctionnelle d'adaptation du plateau int\u00e9rieur<\/strong><\/h2>\n<ul>\n<li><strong>Divers mat\u00e9riaux pour les plateaux int\u00e9rieurs<\/strong>:<\/li>\n<li><strong>Doublure en EVA<\/strong>: Adapt\u00e9 aux bouteilles en verre de CBD de grande valeur, le corps de la bouteille est fix\u00e9 par des rainures personnalis\u00e9es, r\u00e9sistant aux chocs et aux chutes.<\/li>\n<li><strong>Plateau int\u00e9rieur floqu\u00e9<\/strong>: Le luxe du toucher est mis en valeur, il convient aux sc\u00e8nes de cadeaux haut de gamme.<\/li>\n<li><strong>Moulage de p\u00e2te d\u00e9gradable<\/strong>: Option respectueuse de l'environnement, conforme au concept de marque durable.<\/li>\n<li><strong>Conception fonctionnelle du zonage<\/strong>: Compatible avec la mise en page en couches et en grille, compatible avec les bouteilles d'huile CBD, les compte-gouttes, les manuels et autres accessoires n\u00e9cessaires au stockage, en tenant compte \u00e0 la fois de l'esth\u00e9tique et de la praticit\u00e9.<\/li>\n<\/ul>\n<h2 id=\"-6-one-stop-customization-service-and-quality-assurance-\"><strong>6. Service de personnalisation et d'assurance qualit\u00e9 \u00e0 guichet unique<\/strong><\/h2>\n<ul>\n<li><strong>Soutien complet du processus, de la conception \u00e0 la production<\/strong>: Nous fournissons des services de mod\u00e9lisation et d'\u00e9preuvage en 3D pour garantir que l'effet de la conception est conforme au produit r\u00e9el, et les \u00e9chantillons peuvent \u00eatre livr\u00e9s dans un d\u00e9lai de 3 \u00e0 5 jours seulement.<\/li>\n<li><strong>Production de masse et logistique<\/strong>: La capacit\u00e9 de production mensuelle s'\u00e9l\u00e8ve \u00e0 des millions d'unit\u00e9s, et l'emballage utilise des caisses ma\u00eetresses personnalis\u00e9es pour un transport renforc\u00e9, couvrant plusieurs ports tels que Ningbo et Shanghai pour l'exportation.<\/li>\n<\/ul>\n<h2 id=\"-summary-of-product-advantages-\"><strong>R\u00e9sum\u00e9 des avantages du produit<\/strong>:<\/h2>\n<ul>\n<li><strong>Positionnement haut de gamme<\/strong>: Gr\u00e2ce \u00e0 l'impression noire unique et \u00e0 la structure d'aspiration magn\u00e9tique, il cr\u00e9e une texture d'emballage de luxe.<\/li>\n<li><strong>S\u00e9curit\u00e9 et conformit\u00e9<\/strong>: Le mat\u00e9riau est conforme aux normes environnementales internationales (comme le carton gris recyclable) et les informations figurant sur l'\u00e9tiquette peuvent \u00eatre personnalis\u00e9es en fonction de la r\u00e9glementation.<\/li>\n<li><strong>Personnalisation flexible<\/strong>: De la forme de la bo\u00eete au plateau int\u00e9rieur, il r\u00e9pond parfaitement aux besoins de diff\u00e9renciation de la marque et contribue \u00e0 am\u00e9liorer la comp\u00e9titivit\u00e9 du march\u00e9.<\/li>\n<\/ul>","protected":false},"excerpt":{"rendered":"<p>Cette bo\u00eete \u00e0 fermeture magn\u00e9tique est munie d'une boucle sur le c\u00f4t\u00e9, et la m\u00e9thode de commutation est nouvelle et unique, ce qui permet d'am\u00e9liorer la texture et la fermet\u00e9 g\u00e9n\u00e9rales de la bo\u00eete.<\/p>","protected":false},"featured_media":265,"template":"","meta":{"_kad_post_transparent":"default","_kad_post_title":"","_kad_post_layout":"default","_kad_post_sidebar_id":"","_kad_post_content_style":"default","_kad_post_vertical_padding":"default","_kad_post_feature":"","_kad_post_feature_position":"","_kad_post_header":false,"_kad_post_footer":false,"_kad_post_classname":""},"product_brand":[],"product_cat":[15,17],"product_tag":[78,77,79],"class_list":{"0":"post-260","1":"product","2":"type-product","3":"status-publish","4":"has-post-thumbnail","6":"product_cat-red-light-therapy","7":"product_cat-services","8":"product_tag-cbd-oil-packaging-box","9":"product_tag-customized-weed-packaging","10":"product_tag-weed-cbd-oil-packaging-wholesale","12":"first","13":"instock","14":"shipping-taxable","15":"product-type-simple","16":"entry","17":"content-bg","18":"loop-entry"},"_links":{"self":[{"href":"https:\/\/red-lighttherapy.com\/fr_fr\/wp-json\/wp\/v2\/product\/260","targetHints":{"allow":["GET"]}}],"collection":[{"href":"https:\/\/red-lighttherapy.com\/fr_fr\/wp-json\/wp\/v2\/product"}],"about":[{"href":"https:\/\/red-lighttherapy.com\/fr_fr\/wp-json\/wp\/v2\/types\/product"}],"wp:featuredmedia":[{"embeddable":true,"href":"https:\/\/red-lighttherapy.com\/fr_fr\/wp-json\/wp\/v2\/media\/265"}],"wp:attachment":[{"href":"https:\/\/red-lighttherapy.com\/fr_fr\/wp-json\/wp\/v2\/media?parent=260"}],"wp:term":[{"taxonomy":"product_brand","embeddable":true,"href":"https:\/\/red-lighttherapy.com\/fr_fr\/wp-json\/wp\/v2\/product_brand?post=260"},{"taxonomy":"product_cat","embeddable":true,"href":"https:\/\/red-lighttherapy.com\/fr_fr\/wp-json\/wp\/v2\/product_cat?post=260"},{"taxonomy":"product_tag","embeddable":true,"href":"https:\/\/red-lighttherapy.com\/fr_fr\/wp-json\/wp\/v2\/product_tag?post=260"}],"curies":[{"name":"wp","href":"https:\/\/api.w.org\/{rel}","templated":true}]}}