{"id":254,"date":"2025-04-10T13:05:03","date_gmt":"2025-04-10T13:05:03","guid":{"rendered":"https:\/\/red-lighttherapy.com\/?post_type=product&#038;p=254"},"modified":"2025-04-10T13:36:07","modified_gmt":"2025-04-10T13:36:07","slug":"magnetic-closure-saw-blade-rigid-gift-packaging-box-factory","status":"publish","type":"product","link":"https:\/\/red-lighttherapy.com\/fr_fr\/magnetic-closure-saw-blade-rigid-gift-packaging-box-factory\/","title":{"rendered":"Lame de scie \u00e0 fermeture magn\u00e9tique Bo\u00eete d'emballage cadeau rigide Factory"},"content":{"rendered":"<h3 id=\"magnetic-sealed-saw-blade-hard-gift-packaging-box\">Lame de scie magn\u00e9tique scell\u00e9e Bo\u00eete d'emballage cadeau rigide<\/h3>\n<h2 id=\"-i-core-materials-and-crafts-\"><strong>1. Mat\u00e9riaux de base et artisanat<\/strong><\/h2>\n<ol>\n<li><strong>S\u00e9lection de mat\u00e9riaux haut de gamme<\/strong>: Le produit utilise\u00a0<strong>Papier couch\u00e9 157g<\/strong>\u00a0comme papier pour montage en surface, combin\u00e9 avec\u00a0<strong>Carton gris haute densit\u00e9 1200g<\/strong>\u00a0comme substrat de rev\u00eatement. La surface du papier couch\u00e9 est trait\u00e9e par\u00a0<strong>proc\u00e9d\u00e9 d'impression en quadrichromie<\/strong>Le carton gris pr\u00e9sente une excellente r\u00e9sistance \u00e0 la compression et une bonne plan\u00e9it\u00e9, il peut r\u00e9sister aux chocs dus au transport et garantit que le corps de la bo\u00eete ne se d\u00e9forme pas pendant une longue p\u00e9riode.<\/li>\n<li><strong>Conception structurelle de qualit\u00e9 industrielle<\/strong>: Le\u00a0<strong>structure de la bo\u00eete \u00e0 rabat<\/strong>\u00a0Le couvercle de la bo\u00eete s'ouvre et se ferme facilement gr\u00e2ce \u00e0 un dispositif de scellement magn\u00e9tique. Il est \u00e9tanche et stable lorsqu'il est ferm\u00e9, et le couvercle de la bo\u00eete est facile \u00e0 ouvrir et \u00e0 fermer gr\u00e2ce \u00e0 un dispositif de scellement magn\u00e9tique.\u00a0<strong>mod\u00e8le de contour personnalis\u00e9<\/strong>\u00a0form\u00e9 par la superposition du panneau gris interne fixe avec pr\u00e9cision la lame de scie pour \u00e9viter les secousses. La structure globale tient compte \u00e0 la fois de la pr\u00e9sentation et de la protection, et convient \u00e0 la pr\u00e9sentation sur des \u00e9tag\u00e8res ou comme emballage cadeau.<\/li>\n<\/ol>\n<h2 id=\"-ii-visual-design-and-functional-features-\"><strong>2. Conception visuelle et caract\u00e9ristiques fonctionnelles<\/strong><\/h2>\n<ol>\n<li><strong>Apparition th\u00e9matique<\/strong>:<\/li>\n<li>La couleur principale est\u00a0<strong>noir mat<\/strong>, avec\u00a0<strong>motif blanc en dents de scie<\/strong>\u00a0et\u00a0<strong>logo de la marque en vert fluorescent<\/strong>Le motif de la couverture restitue la dynamique de coupe de la lame de scie gr\u00e2ce \u00e0 des lignes vectorielles. Le motif de la couverture restitue la dynamique de coupe de la lame de scie gr\u00e2ce \u00e0 des lignes vectorielles, transmettant intuitivement l'objectif du produit.<\/li>\n<li>La conception incorpore le\u00a0<strong>minimalisme<\/strong>\u00a0sans \u00e9l\u00e9ments d\u00e9coratifs redondants, mettant en valeur les attributs des outils professionnels, tout en renfor\u00e7ant la reconnaissance de la marque.<\/li>\n<li><strong>Optimisation du rev\u00eatement<\/strong>: La cavit\u00e9 int\u00e9rieure utilise\u00a0<strong>3-4 couches de carton gris superpos\u00e9es d\u00e9coupage<\/strong>Il utilise la technologie de d\u00e9coupe CNC pour fa\u00e7onner la rainure qui s'adapte \u00e0 la forme de la lame de scie afin d'assurer une protection compl\u00e8te du tampon. La doublure blanche contraste avec le corps noir de la bo\u00eete, ce qui renforce le sentiment de c\u00e9r\u00e9monie lorsque le produit est sorti.<\/li>\n<\/ol>\n<h2 id=\"-three-customized-services-and-production-guarantee-\"><strong>3. Services personnalis\u00e9s et garantie de production<\/strong><\/h2>\n<ol>\n<li><strong>Sch\u00e9ma de personnalisation flexible<\/strong>:<\/li>\n<li>Soutien\u00a0<strong>ajustement de la taille<\/strong>\u00a0(s'adapte aux lames de scie de diff\u00e9rentes sp\u00e9cifications),\u00a0<strong>refonte des motifs<\/strong>\u00a0(LOGO, texte et \u00e9l\u00e9ments graphiques rempla\u00e7ables),\u00a0<strong>Am\u00e9lioration des mat\u00e9riaux<\/strong>\u00a0(comme le remplacement par un papier sp\u00e9cial ou l'ajout d'un processus de marquage \u00e0 chaud).<\/li>\n<li>Fournir\u00a0<strong>EPE coton perl\u00e9<\/strong>\u00a0ou\u00a0<strong>plateau blister<\/strong>\u00a0et d'autres accessoires pour tampons afin de r\u00e9pondre aux besoins des emballages cadeaux haut de gamme.<\/li>\n<li><strong>Contr\u00f4le de la qualit\u00e9 et livraison en liaison compl\u00e8te<\/strong>:<\/li>\n<li>Adopter\u00a0<strong>machine de d\u00e9coupe enti\u00e8rement automatique<\/strong>\u00a0et\u00a0<strong>machine d'impression quadrichromique \u00e0 grande vitesse<\/strong>Avec une capacit\u00e9 de production moyenne de 10 000 pi\u00e8ces par jour, les commandes urgentes peuvent \u00eatre livr\u00e9es dans un d\u00e9lai de 7 \u00e0 10 jours.<\/li>\n<li>Mettre en \u0153uvre\u00a0<strong>syst\u00e8me d'inspection de la qualit\u00e9 \u00e0 trois niveaux<\/strong>Les contr\u00f4les sont les suivants : inspection de l'entreposage des mati\u00e8res premi\u00e8res (taux d'humidit\u00e9 du carton gris \u22648%), test de plan\u00e9it\u00e9 des produits semi-finis, test de compression et de chute des produits finis.<\/li>\n<\/ol>\n<h2 id=\"-fourth-application-scenarios-and-competitive-advantages-\"><strong>4. Sc\u00e9narios d'application et avantages concurrentiels<\/strong><\/h2>\n<ol>\n<li><strong>Domaines concern\u00e9s<\/strong>: Con\u00e7u sp\u00e9cifiquement pour\u00a0<strong>marques de lames de scie de qualit\u00e9 industrielle<\/strong>,\u00a0<strong>coffrets cadeaux pour outils de quincaillerie<\/strong>\u00a0et\u00a0<strong>accessoires pour \u00e9quipements m\u00e9caniques haut de gamme<\/strong>Le produit peut \u00eatre utilis\u00e9 pour l'affichage dans les supermarch\u00e9s, le transport du commerce \u00e9lectronique, les cadeaux d'exposition et d'autres sc\u00e9narios.<\/li>\n<li><strong>Avantages principaux<\/strong>:<\/li>\n<li><strong>Conception diff\u00e9renci\u00e9e<\/strong>: Combinant fonctionnalit\u00e9 et esth\u00e9tique, il rompt avec le st\u00e9r\u00e9otype de l'emballage traditionnel des outils.<\/li>\n<li><strong>Respect de l'environnement<\/strong>: Le carton gris et le papier couch\u00e9 sont conformes \u00e0 la certification FSC et favorisent le recyclage.<\/li>\n<li><strong>Service \u00e0 guichet unique<\/strong>: De l'avant-projet \u00e0 l'emballage du produit fini, nous fournissons un soutien complet pour l'\u00e9preuvage, la production et la logistique.<\/li>\n<\/ol>\n<h2 id=\"-technical-parameters-example-\"><strong>Param\u00e8tres techniques<\/strong>\u00a0(exemple)<\/h2>\n<table>\n<thead>\n<tr>\n<th>Objet<\/th>\n<th>Valeur standard<\/th>\n<\/tr>\n<\/thead>\n<tbody>\n<tr>\n<td>Poids du carton gris<\/td>\n<td>1200g (\u00b15%)<\/td>\n<\/tr>\n<tr>\n<td>Impression de surface<\/td>\n<td>CMYK + pelliculage mat<\/td>\n<\/tr>\n<tr>\n<td>Capacit\u00e9 de charge<\/td>\n<td>R\u00e9sistance \u00e0 la compression statique \u226550kg<\/td>\n<\/tr>\n<tr>\n<td>Cycle de livraison<\/td>\n<td>Commandes r\u00e9guli\u00e8res 7-14 jours<\/td>\n<\/tr>\n<\/tbody>\n<\/table>","protected":false},"excerpt":{"rendered":"<p>La bo\u00eete de cette bo\u00eete \u00e0 lame de scie est une bo\u00eete \u00e0 fermeture magn\u00e9tique. L'apparence est bas\u00e9e sur l'\u00e9l\u00e9ment de la lame de scie en tant que contenu principal. Le couvercle est imprim\u00e9 avec un motif de lame de scie, ce qui transmet l'objectif du produit de mani\u00e8re plus intuitive.<\/p>","protected":false},"featured_media":255,"template":"","meta":{"_kad_post_transparent":"default","_kad_post_title":"","_kad_post_layout":"default","_kad_post_sidebar_id":"","_kad_post_content_style":"default","_kad_post_vertical_padding":"default","_kad_post_feature":"","_kad_post_feature_position":"","_kad_post_header":false,"_kad_post_footer":false,"_kad_post_classname":""},"product_brand":[],"product_cat":[15,17],"product_tag":[76,75,74],"class_list":{"0":"post-254","1":"product","2":"type-product","3":"status-publish","4":"has-post-thumbnail","6":"product_cat-red-light-therapy","7":"product_cat-services","8":"product_tag-magnetic-closure-saw-blade-box","9":"product_tag-saw-blade-packaging-box-factory","10":"product_tag-saw-blade-rigid-box","12":"first","13":"instock","14":"shipping-taxable","15":"product-type-simple","16":"entry","17":"content-bg","18":"loop-entry"},"_links":{"self":[{"href":"https:\/\/red-lighttherapy.com\/fr_fr\/wp-json\/wp\/v2\/product\/254","targetHints":{"allow":["GET"]}}],"collection":[{"href":"https:\/\/red-lighttherapy.com\/fr_fr\/wp-json\/wp\/v2\/product"}],"about":[{"href":"https:\/\/red-lighttherapy.com\/fr_fr\/wp-json\/wp\/v2\/types\/product"}],"wp:featuredmedia":[{"embeddable":true,"href":"https:\/\/red-lighttherapy.com\/fr_fr\/wp-json\/wp\/v2\/media\/255"}],"wp:attachment":[{"href":"https:\/\/red-lighttherapy.com\/fr_fr\/wp-json\/wp\/v2\/media?parent=254"}],"wp:term":[{"taxonomy":"product_brand","embeddable":true,"href":"https:\/\/red-lighttherapy.com\/fr_fr\/wp-json\/wp\/v2\/product_brand?post=254"},{"taxonomy":"product_cat","embeddable":true,"href":"https:\/\/red-lighttherapy.com\/fr_fr\/wp-json\/wp\/v2\/product_cat?post=254"},{"taxonomy":"product_tag","embeddable":true,"href":"https:\/\/red-lighttherapy.com\/fr_fr\/wp-json\/wp\/v2\/product_tag?post=254"}],"curies":[{"name":"wp","href":"https:\/\/api.w.org\/{rel}","templated":true}]}}