{"id":248,"date":"2025-04-10T12:46:08","date_gmt":"2025-04-10T12:46:08","guid":{"rendered":"https:\/\/red-lighttherapy.com\/?post_type=product&#038;p=248"},"modified":"2025-04-10T13:04:37","modified_gmt":"2025-04-10T13:04:37","slug":"luxury-food-tea-irregular-shaped-gift-packaging-box-suppliers","status":"publish","type":"product","link":"https:\/\/red-lighttherapy.com\/fr_fr\/luxury-food-tea-irregular-shaped-gift-packaging-box-suppliers\/","title":{"rendered":"Bo\u00eete d'emballage cadeau de luxe en forme irr\u00e9guli\u00e8re pour aliments et th\u00e9 Fournisseurs"},"content":{"rendered":"<h2 id=\"luxury-food-tea-shaped-gift-box\">Bo\u00eete d'emballage cadeau de luxe en forme irr\u00e9guli\u00e8re pour aliments et th\u00e9 Fournisseurs<\/h2>\n<p>En tant que leader innovant dans le domaine des emballages cadeaux haut de gamme, nous nous engageons \u00e0 int\u00e9grer l'esth\u00e9tique artistique aux fonctions pratiques.\u00a0<strong>Bo\u00eete \u00e0 th\u00e9 de forme octogonale<\/strong>qui est sp\u00e9cialement con\u00e7u pour les marques de produits alimentaires et de th\u00e9 haut de gamme afin de cr\u00e9er des solutions d'emballage qui soient \u00e0 la fois reconnaissables et de qualit\u00e9. Voici les principaux avantages et les d\u00e9tails techniques du produit :<\/p>\n<h2 id=\"-1-material-and-structure-scientific-protection-stable-and-durable-\"><strong>1. Mat\u00e9riau et structure : protection scientifique, stable et durable<\/strong><\/h2>\n<ul>\n<li><strong>Squelette en carton gris \u00e0 haute r\u00e9sistance<\/strong>: Le carton gris haute densit\u00e9 est utilis\u00e9 comme structure de support interne, combin\u00e9 \u00e0 un processus de couverture en papier couch\u00e9 de 300 g, gr\u00e2ce \u00e0 une technologie pr\u00e9cise de d\u00e9coupage et d'indentation pour former une bo\u00eete octogonale tridimensionnelle, la r\u00e9sistance \u00e0 la compression est augment\u00e9e de 40%, garantissant que le corps de la bo\u00eete ne se d\u00e9formera pas et ne se fissurera pas pendant le transport.<\/li>\n<li><strong>Conception d'un rev\u00eatement tampon<\/strong>: La configuration interne est un plateau int\u00e9rieur moul\u00e9 en une seule pi\u00e8ce en EVA blanc, qui est pr\u00e9cis\u00e9ment adapt\u00e9 aux petits paquets de th\u00e9 ind\u00e9pendants (tels que le th\u00e9 en sachet de 5g\/8g) gr\u00e2ce \u00e0 la fente de carte partitionn\u00e9e, combin\u00e9e \u00e0 la structure tampon ondul\u00e9e, absorbant efficacement les vibrations du transport et \u00e9vitant le d\u00e9placement du produit ou les dommages caus\u00e9s par les collisions.<\/li>\n<\/ul>\n<h2 id=\"-ii-innovative-design-fusion-of-geometric-aesthetics-and-cultural-symbols-\"><strong>2. Conception innovante : fusion de l'esth\u00e9tique g\u00e9om\u00e9trique et des symboles culturels<\/strong><\/h2>\n<ul>\n<li><strong>Bo\u00eete octogonale de forme sp\u00e9ciale<\/strong>: Les lignes angulaires sont \u00e0 la fois dures et douces, ce qui non seulement fait \u00e9cho \u00e0 la signification favorable de la \"richesse venant de toutes les directions\" dans la culture traditionnelle, mais donne \u00e9galement des caract\u00e9ristiques esth\u00e9tiques minimalistes modernes, et la reconnaissance de l'\u00e9talage est augment\u00e9e de 60%.<\/li>\n<li><strong>Syst\u00e8me visuel des couleurs<\/strong>: La couleur principale est un blanc mat pur, symbolisant la puret\u00e9 naturelle du th\u00e9 ; des lignes rouges mates sont utilis\u00e9es pour souligner les contours, et le processus local d'estampage \u00e0 chaud est utilis\u00e9 pour pr\u00e9senter des motifs traditionnels tels que des motifs de nuages et de chevrons, formant un contraste rouge-or-blanc \u00e0 trois couleurs, combinant l'\u00e9l\u00e9gance orientale et le sens de la mode internationale.<\/li>\n<\/ul>\n<h2 id=\"-iii-process-details-seiko-quality-sensory-upgrade-\"><strong>3. D\u00e9tails du processus : Qualit\u00e9 Seiko, am\u00e9lioration sensorielle<\/strong><\/h2>\n<ul>\n<li><strong>Technologie d'impression haute d\u00e9finition<\/strong>: L'impression offset cinq couleurs combin\u00e9e \u00e0 la technologie UV locale est utilis\u00e9e pour obtenir une reproduction des couleurs de 98% du motif. Les \u00e9l\u00e9ments en or sont pr\u00e9sent\u00e9s avec un \u00e9clat tridimensionnel gr\u00e2ce \u00e0 l'estampage \u00e0 froid ou \u00e0 la technologie des poudres \u00e0 sept couleurs. L'erreur de pr\u00e9cision des bords est \u22640,1 mm, ce qui \u00e9limine les d\u00e9fauts tels que les d\u00e9bordements et les bavures.<\/li>\n<li><strong>Traitement de la texture de la surface<\/strong>: Un film mat ou un film de velours tactile est appliqu\u00e9 pour am\u00e9liorer la r\u00e9sistance \u00e0 l'usure, et le processus de gaufrage est utilis\u00e9 pour renforcer le sens tridimensionnel du LOGO de la marque. Lorsque le bout des doigts l'effleure, il pr\u00e9sente une d\u00e9licate texture mate ou velout\u00e9e, offrant une exp\u00e9rience haut de gamme de la vision au toucher.<\/li>\n<\/ul>\n<h2 id=\"-fourth-customized-service-in-depth-adaptation-to-brand-needs-\"><strong>4. Service personnalis\u00e9 : adaptation approfondie aux besoins de la marque<\/strong><\/h2>\n<ul>\n<li><strong>Dimensions de personnalisation flexibles<\/strong>:<\/li>\n<li><strong>R\u00e9glage du type de bo\u00eete<\/strong>: Permet un r\u00e9glage fin de l'angle octogonal (angle aigu de 60\u00b0 ou angle obtus de 120\u00b0), une extension de la taille (la hauteur de 50 \u00e0 300 mm peut \u00eatre personnalis\u00e9e), et convient aux bo\u00eetes de th\u00e9 ou aux emballages alimentaires de diff\u00e9rentes sp\u00e9cifications.<\/li>\n<li><strong>Conception visuelle<\/strong>: Le LOGO de la marque est imprim\u00e9 \u00e0 chaud ou en s\u00e9rigraphie, la mise en page graphique est optimis\u00e9e, des \u00e9l\u00e9ments culturels sont implant\u00e9s (polices de calligraphie, symboles r\u00e9gionaux, etc.) et 20 biblioth\u00e8ques de mise en page de base peuvent \u00eatre rapidement adapt\u00e9es aux besoins.<\/li>\n<li><strong>Processus de service \u00e0 guichet unique<\/strong>: De la mod\u00e9lisation 3D \u00e0 la production en s\u00e9rie, en passant par la s\u00e9lection des mat\u00e9riaux, la confirmation du premier \u00e9chantillon est r\u00e9alis\u00e9e en 15 jours, et la commande minimale de 3 000 pi\u00e8ces est livr\u00e9e en 30 jours, avec un suivi logistique mondial.<\/li>\n<\/ul>\n<h2 id=\"-v-quality-control-and-environmental-protection-strict-standards-sustainable-concept-\"><strong>5. Contr\u00f4le de la qualit\u00e9 et protection de l'environnement : Normes strictes, concept durable<\/strong><\/h2>\n<ul>\n<li><strong>Inspection de la qualit\u00e9 sur l'ensemble de la cha\u00eene<\/strong>: Certifi\u00e9 par le syst\u00e8me de qualit\u00e9 ISO9001, 12 indicateurs tels que la densit\u00e9 du carton gris (\u2265800g\/m\u00b3) et la r\u00e9sistance \u00e0 l'\u00e9clatement du papier couch\u00e9 (\u2265400kPa) sont test\u00e9s lot par lot pour garantir la conformit\u00e9 avec les normes de s\u00e9curit\u00e9 alimentaire.<\/li>\n<li><strong>Syst\u00e8me de production \u00e9cologique<\/strong>: Gr\u00e2ce \u00e0 l'utilisation de papier \u00e9cologique certifi\u00e9 FSC et d'encre \u00e0 base d'eau, le processus de production n'entra\u00eene aucun rejet d'eaux us\u00e9es, et la bo\u00eete cadeau peut \u00eatre recycl\u00e9e et d\u00e9grad\u00e9e \u00e0 un taux de plus de 90%, ce qui aide la marque \u00e0 mettre en \u0153uvre la strat\u00e9gie ESG.<\/li>\n<\/ul>\n<h2 id=\"application-scenarios-and-value-empowerment\">Sc\u00e9narios d'application et autonomisation de la valeur<\/h2>\n<p>Cette s\u00e9rie de bo\u00eetes-cadeaux convient aux cadeaux haut de gamme tels que le th\u00e9 Pu'er, le th\u00e9 de roche et les aliments pr\u00e9cieux, en particulier pour les produits suivants\u00a0<strong>cadeaux d'affaires, marques conjointes, \u00e9ditions limit\u00e9es pour les f\u00eates<\/strong>\u00a0et d'autres besoins en mati\u00e8re de marketing. Gr\u00e2ce \u00e0 une conception octogonale diff\u00e9renci\u00e9e, \u00e0 l'implantation de symboles culturels et \u00e0 des services personnalis\u00e9s, elle aide les marques \u00e0 \u00e9tablir\u00a0<strong>\"Reconnaissance en un coup d'\u0153il<\/strong>\u00a0la m\u00e9moire visuelle parmi les produits concurrents similaires, et d'augmenter l'espace premium du produit de plus de 30%.<\/p>","protected":false},"excerpt":{"rendered":"<p>La forme de cette bo\u00eete cadeau est octogonale, avec une doublure blanche \u00e0 l'int\u00e9rieur et une structure \u00e0 cloisons, qui permet d'ins\u00e9rer avec pr\u00e9cision le petit paquet de th\u00e9 \u00e0 l'int\u00e9rieur et de fixer la position du produit, alliant ainsi praticit\u00e9 et beaut\u00e9.<\/p>","protected":false},"featured_media":250,"template":"","meta":{"_kad_post_transparent":"default","_kad_post_title":"","_kad_post_layout":"default","_kad_post_sidebar_id":"","_kad_post_content_style":"default","_kad_post_vertical_padding":"default","_kad_post_feature":"","_kad_post_feature_position":"","_kad_post_header":false,"_kad_post_footer":false,"_kad_post_classname":""},"product_brand":[],"product_cat":[15,17],"product_tag":[73,71,72],"class_list":{"0":"post-248","1":"product","2":"type-product","3":"status-publish","4":"has-post-thumbnail","6":"product_cat-red-light-therapy","7":"product_cat-services","8":"product_tag-food-tea-box-suppliers","9":"product_tag-food-tea-gift-packaging","10":"product_tag-luxury-food-gift-box","12":"first","13":"instock","14":"shipping-taxable","15":"product-type-simple","16":"entry","17":"content-bg","18":"loop-entry"},"_links":{"self":[{"href":"https:\/\/red-lighttherapy.com\/fr_fr\/wp-json\/wp\/v2\/product\/248","targetHints":{"allow":["GET"]}}],"collection":[{"href":"https:\/\/red-lighttherapy.com\/fr_fr\/wp-json\/wp\/v2\/product"}],"about":[{"href":"https:\/\/red-lighttherapy.com\/fr_fr\/wp-json\/wp\/v2\/types\/product"}],"wp:featuredmedia":[{"embeddable":true,"href":"https:\/\/red-lighttherapy.com\/fr_fr\/wp-json\/wp\/v2\/media\/250"}],"wp:attachment":[{"href":"https:\/\/red-lighttherapy.com\/fr_fr\/wp-json\/wp\/v2\/media?parent=248"}],"wp:term":[{"taxonomy":"product_brand","embeddable":true,"href":"https:\/\/red-lighttherapy.com\/fr_fr\/wp-json\/wp\/v2\/product_brand?post=248"},{"taxonomy":"product_cat","embeddable":true,"href":"https:\/\/red-lighttherapy.com\/fr_fr\/wp-json\/wp\/v2\/product_cat?post=248"},{"taxonomy":"product_tag","embeddable":true,"href":"https:\/\/red-lighttherapy.com\/fr_fr\/wp-json\/wp\/v2\/product_tag?post=248"}],"curies":[{"name":"wp","href":"https:\/\/api.w.org\/{rel}","templated":true}]}}