{"id":236,"date":"2025-04-10T12:21:10","date_gmt":"2025-04-10T12:21:10","guid":{"rendered":"https:\/\/red-lighttherapy.com\/?post_type=product&#038;p=236"},"modified":"2025-04-10T12:32:14","modified_gmt":"2025-04-10T12:32:14","slug":"custom-wine-spirit-liquor-paper-tube-packaging-box-wholesale","status":"publish","type":"product","link":"https:\/\/red-lighttherapy.com\/fr_fr\/custom-wine-spirit-liquor-paper-tube-packaging-box-wholesale\/","title":{"rendered":"Bo\u00eete d'emballage en papier pour liqueur de vin sur mesure Wholesale"},"content":{"rendered":"<h2 id=\"-customized-red-and-gold-curled-cylinder-packaging-box-for-wine-and-spirits-\"><strong>Bo\u00eete d'emballage cylindrique rouge et or personnalis\u00e9e pour vins et spiritueux<\/strong><\/h2>\n<h2 id=\"-core-product-design-\"><strong>Conception des produits de base<\/strong><\/h2>\n<ol>\n<li><strong>Mat\u00e9riau et structure<\/strong><\/li>\n<li><strong>Mat\u00e9riau de surface en papier couch\u00e9 respectueux de l'environnement<\/strong>: Papier couch\u00e9 s\u00e9lectionn\u00e9 avec un grammage de plus de 200g\/m\u00b2 comme mat\u00e9riau de surface, la surface est lisse et d\u00e9licate, avec une excellente aptitude \u00e0 l'impression, et peut pr\u00e9senter avec pr\u00e9cision les d\u00e9tails du processus tels que l'estampage \u00e0 chaud et l'impression en couleur. Le corps du cylindre adopte un processus d'enroulement en spirale et la rigidit\u00e9 est renforc\u00e9e par un processus de montage multicouche afin de garantir que la bo\u00eete \u00e0 cylindre ne se d\u00e9forme pas lorsqu'elle supporte un poids (une seule bouteille de vin rouge\/de spiritueux), tout en tenant compte de la protection de l'environnement et de la durabilit\u00e9.<\/li>\n<li><strong>Type de bo\u00eete \u00e0 cylindre enroul\u00e9<\/strong>: Conception de la structure cylindrique du tube en papier, lignes lisses sans bords ni coins, ouverture et fermeture ais\u00e9es vers le haut et vers le bas, et bonne \u00e9tanch\u00e9it\u00e9. Le diam\u00e8tre et la hauteur du corps du cylindre peuvent \u00eatre personnalis\u00e9s pour r\u00e9pondre aux besoins des bouteilles de vin standard de 750 ml et des bouteilles de forme sp\u00e9ciale.<\/li>\n<li><strong>Technologie de la d\u00e9coration et conception visuelle<\/strong><\/li>\n<li><strong>Technologie de marquage \u00e0 chaud<\/strong>: Gr\u00e2ce \u00e0 la technologie locale de marquage \u00e0 chaud aux UV, des lignes radiales ou des motifs de vigne sont dessin\u00e9s sur le corps principal du tonneau, assortis au logo de la marque ou \u00e0 des motifs de bon augure, ce qui conf\u00e8re une atmosph\u00e8re festive et luxueuse, adapt\u00e9e aux cadeaux de vacances, aux banquets de mariage et \u00e0 d'autres sc\u00e8nes.<\/li>\n<li><strong>Couleurs classiques rouge et or<\/strong>: La couleur principale est un rouge chinois tr\u00e8s satur\u00e9, assorti d'\u00e9l\u00e9ments de marquage \u00e0 chaud, et l'impact visuel est renforc\u00e9 par le contraste des couleurs, soulignant la texture haut de gamme et la connotation culturelle du produit.<\/li>\n<li><strong>Structure de protection interne<\/strong><\/li>\n<li><strong>Doublure du cadre en or<\/strong>: Cadre tampon EVA dor\u00e9 int\u00e9gr\u00e9 de 0,5 mm d'\u00e9paisseur, \u00e9pousant \u00e9troitement le corps de la bouteille pour \u00e9viter les rayures pendant le transport ; la surface du cadre est recouverte d'un film mat, qui met en valeur la texture de la bouteille de vin de mani\u00e8re discr\u00e8te. Il est possible de passer \u00e0 une doublure flock\u00e9e ou \u00e0 une structure de cloisonnement personnalis\u00e9e pour r\u00e9pondre aux besoins d'un emballage combin\u00e9 de plusieurs bouteilles.<\/li>\n<\/ol>\n<h2 id=\"-advantages-of-customized-services-\"><strong>Avantages des services personnalis\u00e9s<\/strong><\/h2>\n<ol>\n<li><strong>Options de personnalisation flexibles<\/strong><\/li>\n<li><strong>Motif et taille<\/strong>: Elle prend en charge l'impression en quadrichromie, le marquage \u00e0 chaud partiel, le gaufrage et d'autres processus, qui peuvent \u00eatre int\u00e9gr\u00e9s \u00e0 la marque VI, aux th\u00e8mes de vacances ou aux illustrations artistiques ; les erreurs de hauteur et de diam\u00e8tre du cylindre sont contr\u00f4l\u00e9es \u00e0 \u00b10,5 mm, ce qui permet de r\u00e9pondre avec pr\u00e9cision aux besoins des clients.<\/li>\n<li><strong>Am\u00e9lioration des mat\u00e9riaux<\/strong>: En option, des cartons dor\u00e9s et argent\u00e9s, des papiers sp\u00e9ciaux (tels que le similicuir, le film tactile) peuvent \u00eatre utilis\u00e9s pour am\u00e9liorer la texture, ou un rev\u00eatement imperm\u00e9able peut \u00eatre ajout\u00e9 pour am\u00e9liorer l'aspect pratique.<\/li>\n<li><strong>Garantie de production et de livraison<\/strong><\/li>\n<li><strong>Capacit\u00e9 de production efficace<\/strong>: \u00c9quip\u00e9e d'une profileuse enti\u00e8rement automatique et d'une ligne de production d'estampage \u00e0 chaud, la capacit\u00e9 de production quotidienne atteint plus de 10 000 000 PCS, avec une commande minimale de 500 PCS, et le cycle de livraison des grosses commandes est raccourci \u00e0 7-10 jours ouvrables.<\/li>\n<li><strong>Service \u00e0 guichet unique<\/strong>: De la mod\u00e9lisation en 3D \u00e0 la production en s\u00e9rie, en passant par la confirmation de l'\u00e9preuve, le suivi tout au long du processus, la fourniture d'\u00e9chantillons de mat\u00e9riaux, les essais de processus et les solutions logistiques d'emballage afin de garantir la qualit\u00e9 et le respect des d\u00e9lais.<\/li>\n<\/ol>\n<h2 id=\"-application-scenarios-and-competitiveness-\"><strong>Sc\u00e9narios d'application et comp\u00e9titivit\u00e9<\/strong><\/h2>\n<ul>\n<li><strong>Adaptation des sc\u00e9narios<\/strong>: Applicable aux emballages cadeaux tels que le vin rouge, les spiritueux, le th\u00e9 haut de gamme, les parfums, etc., en tenant compte de multiples sc\u00e9narios tels que l'affichage dans les supermarch\u00e9s, le transport du commerce \u00e9lectronique, les \u00e9v\u00e9nements flash de la marque, etc.<\/li>\n<li><strong>Certification environnementale<\/strong>: Le mat\u00e9riau principal a obtenu la certification foresti\u00e8re FSC, r\u00e9pond aux normes de protection de l'environnement REACH de l'UE pour l'exportation et favorise l'approvisionnement transfrontalier.<\/li>\n<\/ul>","protected":false},"excerpt":{"rendered":"<p>Cette bo\u00eete est un tube de papier boucl\u00e9 aux lignes douces, facile \u00e0 ouvrir et \u00e0 fermer, dot\u00e9 d'une technologie de marquage \u00e0 chaud sur feuille d'or et d'une d\u00e9coration \u00e0 lignes radiales, qui convient aux festivals ou aux sc\u00e8nes de cadeaux.<\/p>","protected":false},"featured_media":240,"template":"","meta":{"_kad_post_transparent":"default","_kad_post_title":"","_kad_post_layout":"default","_kad_post_sidebar_id":"","_kad_post_content_style":"default","_kad_post_vertical_padding":"default","_kad_post_feature":"","_kad_post_feature_position":"","_kad_post_header":false,"_kad_post_footer":false,"_kad_post_classname":""},"product_brand":[],"product_cat":[15,17],"product_tag":[67,66,65],"class_list":{"0":"post-236","1":"product","2":"type-product","3":"status-publish","4":"has-post-thumbnail","6":"product_cat-red-light-therapy","7":"product_cat-services","8":"product_tag-custom-wine-box-wholesale","9":"product_tag-spirit-liquor-paper-tube","10":"product_tag-wine-paper-tube-packaging","12":"first","13":"instock","14":"shipping-taxable","15":"product-type-simple","16":"entry","17":"content-bg","18":"loop-entry"},"_links":{"self":[{"href":"https:\/\/red-lighttherapy.com\/fr_fr\/wp-json\/wp\/v2\/product\/236","targetHints":{"allow":["GET"]}}],"collection":[{"href":"https:\/\/red-lighttherapy.com\/fr_fr\/wp-json\/wp\/v2\/product"}],"about":[{"href":"https:\/\/red-lighttherapy.com\/fr_fr\/wp-json\/wp\/v2\/types\/product"}],"wp:featuredmedia":[{"embeddable":true,"href":"https:\/\/red-lighttherapy.com\/fr_fr\/wp-json\/wp\/v2\/media\/240"}],"wp:attachment":[{"href":"https:\/\/red-lighttherapy.com\/fr_fr\/wp-json\/wp\/v2\/media?parent=236"}],"wp:term":[{"taxonomy":"product_brand","embeddable":true,"href":"https:\/\/red-lighttherapy.com\/fr_fr\/wp-json\/wp\/v2\/product_brand?post=236"},{"taxonomy":"product_cat","embeddable":true,"href":"https:\/\/red-lighttherapy.com\/fr_fr\/wp-json\/wp\/v2\/product_cat?post=236"},{"taxonomy":"product_tag","embeddable":true,"href":"https:\/\/red-lighttherapy.com\/fr_fr\/wp-json\/wp\/v2\/product_tag?post=236"}],"curies":[{"name":"wp","href":"https:\/\/api.w.org\/{rel}","templated":true}]}}