{"id":230,"date":"2025-04-10T12:08:58","date_gmt":"2025-04-10T12:08:58","guid":{"rendered":"https:\/\/red-lighttherapy.com\/?post_type=product&#038;p=230"},"modified":"2025-04-10T12:20:59","modified_gmt":"2025-04-10T12:20:59","slug":"custom-advent-calendar-skincare-beauty-gift-box-wholesale","status":"publish","type":"product","link":"https:\/\/red-lighttherapy.com\/fr_fr\/custom-advent-calendar-skincare-beauty-gift-box-wholesale\/","title":{"rendered":"Calendrier de l'Avent personnalis\u00e9 Soins de la peau Beauty Gift Box Wholesale"},"content":{"rendered":"<h2 id=\"customized-christmas-countdown-calendar-skin-care-beauty-gift-box-product-description\">Calendrier de l'Avent personnalis\u00e9 Soins de la peau Beauty Gift Box Wholesale Description du produit<\/h2>\n<h2 id=\"-i-product-design-concept-\"><strong>1. Concept de conception du produit<\/strong><\/h2>\n<p>Ce coffret-cadeau de soins de la peau avec calendrier de compte \u00e0 rebours de No\u00ebl s'inspire du \"sens du rituel brillant\", combine l'atmosph\u00e8re de f\u00eate et l'exp\u00e9rience des soins de la peau, et cr\u00e9e un coffret-cadeau cr\u00e9atif, \u00e0 la fois esth\u00e9tique et fonctionnel. Le coffret cadeau utilise une enveloppe en papier sp\u00e9cial gris argent\u00e9, et la surface est int\u00e9gr\u00e9e \u00e0 la technologie des paillettes. Sous l'effet de la r\u00e9fraction de la lumi\u00e8re, il pr\u00e9sente un brillant effet \u00e9toil\u00e9. Avec un couvercle \u00e0 double feuille, l'ouverture et la fermeture font appara\u00eetre le quadrillage r\u00e9gulier \u00e0 l'int\u00e9rieur, qui a un fort impact visuel et une texture de haute qualit\u00e9, r\u00e9pondant aux besoins des jeunes groupes en mati\u00e8re de personnalisation et d'exquise.<\/p>\n<h2 id=\"-ii-core-functions-and-design-highlights-\"><strong>2. Fonctions essentielles et points forts de la conception<\/strong><\/h2>\n<ol>\n<li><strong>Aspect et mat\u00e9riau<\/strong><\/li>\n<li><strong>Coquille de papier sp\u00e9cial<\/strong>: Le papier sp\u00e9cial nacr\u00e9 ou le papier paillet\u00e9 est s\u00e9lectionn\u00e9, la base gris argent\u00e9 est assortie au rev\u00eatement paillet\u00e9, qui a un toucher d\u00e9licat et est r\u00e9sistant \u00e0 l'usure et au pliage, ce qui renforce le luxe et la protection de l'environnement de la bo\u00eete cadeau.<\/li>\n<li><strong>Structure \u00e0 double feuille<\/strong>: Le couvercle de la bo\u00eete est dot\u00e9 d'un syst\u00e8me d'ouverture et de fermeture magn\u00e9tique. Apr\u00e8s ouverture, les 18 petits carr\u00e9s \u00e0 l'int\u00e9rieur sont visibles d'un seul coup d'\u0153il, ce qui est pratique pour afficher le sens rituel de la pr\u00e9sentation des produits.<\/li>\n<li><strong>Structure interne interactive<\/strong><\/li>\n<li><strong>Bo\u00eete \u00e0 cubes num\u00e9rique<\/strong>: Chaque carr\u00e9 contient un cube en acrylique blanc ou en papier respectueux de l'environnement, avec des chiffres noirs en relief (1-18) imprim\u00e9s sur la surface, permettant un marquage personnalis\u00e9 des dates (comme le compte \u00e0 rebours de No\u00ebl, le cycle d'anniversaire).<\/li>\n<li><strong>Conception d'acc\u00e8s flexible<\/strong>: Les cubes peuvent \u00eatre retir\u00e9s s\u00e9par\u00e9ment, ce qui est pratique pour les consommateurs qui peuvent les ouvrir par date et am\u00e9liorer le plaisir d'utilisation ; la petite bo\u00eete peut \u00eatre adapt\u00e9e \u00e0 diff\u00e9rentes sp\u00e9cifications d'\u00e9chantillons de soins de la peau ou de mini-maquillage (tels que 5 ml d'essence, 3 g de cr\u00e8me).<\/li>\n<li><strong>Applicabilit\u00e9 multi-sc\u00e8ne<\/strong><\/li>\n<li><strong>Personnalisation des vacances<\/strong>: Permet d'ajuster la plage de chiffres (de 1 \u00e0 24 par exemple) ou de remplacer les motifs des th\u00e8mes de vacances (flocons de neige de No\u00ebl, c\u0153urs de la Saint-Valentin), adapt\u00e9s \u00e0 No\u00ebl, aux anniversaires et \u00e0 d'autres sc\u00e8nes.<\/li>\n<li><strong>Co-marquage de la marque<\/strong>: Le logo de la marque peut \u00eatre marqu\u00e9 \u00e0 chaud sur la coque, ou des cat\u00e9gories sp\u00e9cifi\u00e9es par le client (telles que des \u00e9chantillons de parfum, des cr\u00e8mes pour les mains) peuvent \u00eatre int\u00e9gr\u00e9es dans la combinaison de produits int\u00e9gr\u00e9e afin de renforcer le caract\u00e8re exclusif de la marque.<\/li>\n<\/ol>\n<h2 id=\"-three-customized-service-solutions-\"><strong>3. Des solutions de service personnalis\u00e9es<\/strong><\/h2>\n<ol>\n<li><strong>Conception de l'emballage<\/strong><\/li>\n<li><strong>S\u00e9lection des mat\u00e9riaux<\/strong>: Fournir du papier nacr\u00e9, du papier tactile, du papier rempli de cuir et d'autres options de papier sp\u00e9cial, prendre en charge le marquage \u00e0 chaud, l'impression UV, le gaufrage et d'autres processus.<\/li>\n<li><strong>Couleur et motif<\/strong>: En plus des paillettes gris argent, vous pouvez personnaliser le bleu fonc\u00e9 dor\u00e9, l'or rose et d'autres couleurs, ou ajouter des illustrations limit\u00e9es aux f\u00eates (telles que la nuit \u00e9toil\u00e9e d'hiver, le th\u00e8me de l'aurore).<\/li>\n<li><strong>Configuration du contenu<\/strong><\/li>\n<li><strong>Combinaison de produits<\/strong>: Associez des produits de soin de la peau, du maquillage, des \u00e9chantillons de parfum en fonction des besoins des clients, ou ajoutez des cartes interactives, des coupons et d'autres contenus \u00e0 valeur ajout\u00e9e.<\/li>\n<li><strong>Adaptation des sp\u00e9cifications<\/strong>: Permet d'ajuster la taille du cube, compatible avec des produits de diff\u00e9rentes capacit\u00e9s.<\/li>\n<li><strong>Avantages de l'achat par lots<\/strong><\/li>\n<li><strong>Quantit\u00e9 minimale de commande flexible<\/strong>: Des commandes d'essai en petits lots aux services de production \u00e0 grande \u00e9chelle pour r\u00e9pondre aux besoins de promotion des marques, de cadeaux d'entreprise, etc.<\/li>\n<li><strong>Certification environnementale<\/strong>: Utiliser du papier certifi\u00e9 FSC et des mat\u00e9riaux d\u00e9gradables pour r\u00e9pondre \u00e0 la tendance de l'emballage durable.<\/li>\n<\/ol>\n<h2 id=\"-fourth-applicable-scenarios-and-marketing-value-\"><strong>4. Sc\u00e9narios applicables et valeur marketing<\/strong><\/h2>\n<ul>\n<li><strong>Marketing des vacances<\/strong>: En tant que coffret de No\u00ebl en \u00e9dition limit\u00e9e, il attire les consommateurs gr\u00e2ce au concept \"une surprise par jour\" et renforce la fid\u00e9lit\u00e9 \u00e0 la marque.<\/li>\n<li><strong>Cadeau pour les membres<\/strong>: Associ\u00e9 \u00e0 des produits de soin haut de gamme ou \u00e0 de nouveaux produits exclusifs, il est utilis\u00e9 pour le maintien de la client\u00e8le VIP ou les activit\u00e9s d'\u00e9change de points.<\/li>\n<li><strong>Communication dans les m\u00e9dias sociaux<\/strong>: Avec un design de grande valeur et un jeu interactif, il incite les utilisateurs \u00e0 d\u00e9baller et \u00e0 partager, et renforce la visibilit\u00e9 de la marque.<\/li>\n<\/ul>\n<h2 id=\"-five-technical-parameters-and-delivery-\"><strong>5. Param\u00e8tres techniques et livraison<\/strong><\/h2>\n<ul>\n<li><strong>Taille<\/strong>: Il peut \u00eatre personnalis\u00e9 en fonction de vos besoins.<\/li>\n<li><strong>Cycle de production<\/strong>D\u00e9lai de livraison : 7-14 jours ouvrables (en fonction de la complexit\u00e9 de la personnalisation).<\/li>\n<li><strong>Emballage<\/strong>: Chaque bo\u00eete cadeau est \u00e9quip\u00e9e d'un sac \u00e0 poussi\u00e8re et d'un ruban cadeau, et permet l'impression personnalis\u00e9e de la bo\u00eete ext\u00e9rieure de la bo\u00eete cadeau.<\/li>\n<\/ul>","protected":false},"excerpt":{"rendered":"<p>Cette bo\u00eete de calendrier de l'avent est de forme carr\u00e9e, avec une enveloppe ext\u00e9rieure gris argent\u00e9 et des paillettes brillantes sur la surface. Elle est fabriqu\u00e9e en papier sp\u00e9cial, ce qui rend l'ensemble de la bo\u00eete visuellement \u00e9blouissant et d'une texture exquise.<\/p>","protected":false},"featured_media":232,"template":"","meta":{"_kad_post_transparent":"default","_kad_post_title":"","_kad_post_layout":"default","_kad_post_sidebar_id":"","_kad_post_content_style":"default","_kad_post_vertical_padding":"default","_kad_post_feature":"","_kad_post_feature_position":"","_kad_post_header":false,"_kad_post_footer":false,"_kad_post_classname":""},"product_brand":[],"product_cat":[15,28,17],"product_tag":[62,63,64],"class_list":{"0":"post-230","1":"product","2":"type-product","3":"status-publish","4":"has-post-thumbnail","6":"product_cat-red-light-therapy","7":"product_cat-customize","8":"product_cat-services","9":"product_tag-advent-calendar-skincare-box","10":"product_tag-beauty-gift-box-wholesale","11":"product_tag-skincare-gift-box","13":"first","14":"instock","15":"shipping-taxable","16":"product-type-simple","17":"entry","18":"content-bg","19":"loop-entry"},"_links":{"self":[{"href":"https:\/\/red-lighttherapy.com\/fr_fr\/wp-json\/wp\/v2\/product\/230","targetHints":{"allow":["GET"]}}],"collection":[{"href":"https:\/\/red-lighttherapy.com\/fr_fr\/wp-json\/wp\/v2\/product"}],"about":[{"href":"https:\/\/red-lighttherapy.com\/fr_fr\/wp-json\/wp\/v2\/types\/product"}],"wp:featuredmedia":[{"embeddable":true,"href":"https:\/\/red-lighttherapy.com\/fr_fr\/wp-json\/wp\/v2\/media\/232"}],"wp:attachment":[{"href":"https:\/\/red-lighttherapy.com\/fr_fr\/wp-json\/wp\/v2\/media?parent=230"}],"wp:term":[{"taxonomy":"product_brand","embeddable":true,"href":"https:\/\/red-lighttherapy.com\/fr_fr\/wp-json\/wp\/v2\/product_brand?post=230"},{"taxonomy":"product_cat","embeddable":true,"href":"https:\/\/red-lighttherapy.com\/fr_fr\/wp-json\/wp\/v2\/product_cat?post=230"},{"taxonomy":"product_tag","embeddable":true,"href":"https:\/\/red-lighttherapy.com\/fr_fr\/wp-json\/wp\/v2\/product_tag?post=230"}],"curies":[{"name":"wp","href":"https:\/\/api.w.org\/{rel}","templated":true}]}}