{"id":224,"date":"2025-04-10T11:54:03","date_gmt":"2025-04-10T11:54:03","guid":{"rendered":"https:\/\/red-lighttherapy.com\/?post_type=product&#038;p=224"},"modified":"2025-04-10T12:08:39","modified_gmt":"2025-04-10T12:08:39","slug":"high-quality-customized-jewelry-drawer-gift-box-wholesale","status":"publish","type":"product","link":"https:\/\/red-lighttherapy.com\/fr_fr\/high-quality-customized-jewelry-drawer-gift-box-wholesale\/","title":{"rendered":"Bo\u00eete \u00e0 bijoux personnalis\u00e9e de haute qualit\u00e9 Wholesale"},"content":{"rendered":"<h2 id=\"-high-quality-custom-jewelry-drawer-gift-box-product-description-\"><strong>Bo\u00eete cadeau personnalis\u00e9e de haute qualit\u00e9 pour tiroir \u00e0 bijoux Description du produit<\/strong><\/h2>\n<h2 id=\"-1-environmentally-friendly-materials-ingenious-choice-\"><strong>1. Mat\u00e9riaux respectueux de l'environnement, choix ing\u00e9nieux<\/strong><\/h2>\n<p>Ce coffret cadeau pour tiroir \u00e0 bijoux utilise\u00a0<strong>papier couch\u00e9 et carton gris noir simple<\/strong>\u00a0comme mat\u00e9riaux de base, en tenant compte de la protection de l'environnement et de la durabilit\u00e9.<\/p>\n<ul>\n<li><strong>Papier couch\u00e9<\/strong>: La surface est lisse et d\u00e9licate, et la haute brillance garantit que les couleurs d'impression sont compl\u00e8tes. En m\u00eame temps, il pr\u00e9sente une excellente r\u00e9sistance \u00e0 la d\u00e9chirure et \u00e0 la pression, assurant ainsi une solide protection des bijoux.<\/li>\n<li><strong>Tableau noir et gris unique<\/strong>: Il est trait\u00e9 selon une technologie respectueuse de l'environnement, n'a pas d'odeur irritante, est conforme aux normes environnementales internationales (telles que RoHS), est \u00e0 la fois rigide et r\u00e9sistant \u00e0 la d\u00e9formation, et convient au transport sur de longues distances et au stockage \u00e0 long terme.<\/li>\n<li><strong>Certification environnementale<\/strong>: Tous les mat\u00e9riaux ont obtenu la certification foresti\u00e8re FSC et ont \u00e9t\u00e9 soumis \u00e0 des tests de d\u00e9gradation, ce qui permet \u00e0 la marque de mettre en pratique le concept de d\u00e9veloppement durable.<\/li>\n<\/ul>\n<h2 id=\"-two-and-four-color-printing-technology-artistic-brand-expression-\"><strong>2. Technologie d'impression en quadrichromie, expression artistique de la marque<\/strong><\/h2>\n<p>A travers\u00a0<strong>technologie d'impression en quadrichromie (CMYK)<\/strong>Le LOGO de la marque et les \u00e9l\u00e9ments visuels sont restaur\u00e9s avec pr\u00e9cision, ce qui conf\u00e8re \u00e0 la bo\u00eete cadeau une pr\u00e9sentation artistique :<\/p>\n<ul>\n<li><strong>Impression haute d\u00e9finition<\/strong>: 300 lignes\/pouce des points de haute pr\u00e9cision sont utilis\u00e9s pour garantir que les bords des polices LOGO sont nets et clairs, que les d\u00e9tails sont distincts et que les diff\u00e9rences de couleur et les probl\u00e8mes de bavure sont \u00e9vit\u00e9s.<\/li>\n<li><strong>Performance des couleurs<\/strong>: Par la superposition du cyan, du magenta, du jaune et du noir,\u00a0<strong>99% Couverture de la gamme de couleurs Pantone<\/strong>\u00a0est obtenue, ce qui permet de faire correspondre avec pr\u00e9cision le syst\u00e8me de la marque VI et de renforcer l'unit\u00e9 visuelle.<\/li>\n<li><strong>Technologie des polices de caract\u00e8res or mat<\/strong>: La couleur noire principale est assortie \u00e0\u00a0<strong>Marquage \u00e0 chaud or mat partiel<\/strong>La police de caract\u00e8res pr\u00e9sente une texture m\u00e9tallique givr\u00e9e, formant un contraste clair-obscur avec le corps de la bo\u00eete, ce qui t\u00e9moigne d'un style luxueux en toute discr\u00e9tion.<\/li>\n<\/ul>\n<h2 id=\"-three-black-and-gold-aesthetic-design-creating-visual-memory-points-\"><strong>3. Design esth\u00e9tique noir et or, cr\u00e9ant des points de m\u00e9moire visuels<\/strong><\/h2>\n<p>Utilisation\u00a0<strong>style minimaliste noir et or<\/strong>\u00a0comme langage de conception de base, nous cr\u00e9ons des symboles esth\u00e9tiques exclusifs \u00e0 chaque marque :<\/p>\n<ul>\n<li><strong>Correspondance des couleurs principales<\/strong>: La base noire classique symbolise la stabilit\u00e9 et le myst\u00e8re, et l'embellissement du LOGO en or mat renforce l'attention visuelle. Le contraste des couleurs est fort et stratifi\u00e9.<\/li>\n<li><strong>Int\u00e9gration du logo de la marque<\/strong>: Le LOGO adopte la technologie du relief int\u00e9gr\u00e9 ou de l'impression tridimensionnelle par UV, qui s'int\u00e8gre parfaitement au corps de la bo\u00eete, am\u00e9liore la reconnaissance tactile et visuelle et renforce la notori\u00e9t\u00e9 de la marque.<\/li>\n<li><strong>L'exp\u00e9rience interactive de l'extracteur<\/strong>: Le ruban dor\u00e9 se tire en douceur et sans entrave, et le design de l'ouverture du tiroir donne \u00e0 l'ensemble un aspect plus \u00e9l\u00e9gant.\u00a0<strong>un sens du rituel pour l'ouverture de la bo\u00eete<\/strong>qui r\u00e9pond aux besoins \u00e9motionnels de \"collectionner\" et de \"r\u00e9v\u00e9ler\" les bijoux haut de gamme.<\/li>\n<\/ul>\n<h2 id=\"-four-multi-functional-lining-customization-all-round-protection-\"><strong>4. Doublure multifonctionnelle personnalisable, protection int\u00e9grale<\/strong><\/h2>\n<p>Fournir des solutions de rev\u00eatement diversifi\u00e9es pour r\u00e9pondre aux besoins de protection des diff\u00e9rentes cat\u00e9gories de bijoux :<\/p>\n<ul>\n<li><strong>Coton perl\u00e9<\/strong>: Souple et r\u00e9sistant aux chocs, il convient aux pierres pr\u00e9cieuses fragiles, au jade, etc., afin de r\u00e9duire les dommages caus\u00e9s par les vibrations lors du transport.<\/li>\n<li><strong>Mat\u00e9riau EVA<\/strong>Structure \u00e0 haute densit\u00e9, r\u00e9sistante \u00e0 l'usure et aux chocs, adapt\u00e9e \u00e0 la fixation de bijoux en m\u00e9tal et de bijoux incrust\u00e9s.<\/li>\n<li><strong>Flocage \u00e0 l'\u00e9ponge<\/strong>: Surface recouverte d'un tissu de velours ou de satin, au toucher d\u00e9licat, qui am\u00e9liore l'esth\u00e9tique de l'\u00e9cran et \u00e9vite les rayures.<\/li>\n<li><strong>Cloisons sur mesure<\/strong>: Il prend en charge les conceptions structurelles telles que les compartiments, les fentes et les bo\u00eetes imbriqu\u00e9es, s\u00e9pare de mani\u00e8re flexible les colliers, les bagues, les boucles d'oreilles, etc. et optimise l'utilisation de l'espace.<\/li>\n<\/ul>\n<h2 id=\"-v-large-scale-production-strength-one-stop-customization-service-\"><strong>5. Force de production \u00e0 grande \u00e9chelle, service de personnalisation \u00e0 guichet unique<\/strong><\/h2>\n<p>S'appuyer sur\u00a0<strong>5 320 m\u00e8tres carr\u00e9s d'ateliers intelligents<\/strong>\u00a0Les services d'assistance \u00e0 la client\u00e8le de la Commission europ\u00e9enne fournissent des solutions efficaces et pr\u00e9cises en mati\u00e8re de personnalisation :<\/p>\n<ul>\n<li><strong>Cha\u00eene de production flexible<\/strong>: \u00c9quip\u00e9 de monte-charges de 5 tonnes et d'un \u00e9quipement de d\u00e9coupe enti\u00e8rement automatique, il permet d'accepter avec souplesse des commandes de 100 \u00e0 100 000 pi\u00e8ces et de raccourcir le cycle de livraison de 30%.<\/li>\n<li><strong>Pr\u00e9-examen de l'effet 3D<\/strong>: Gr\u00e2ce \u00e0 la technologie de mod\u00e9lisation virtuelle, la structure de la bo\u00eete, la texture du mat\u00e9riau et l'effet d'impression sont pr\u00e9sent\u00e9s \u00e0 l'avance afin de garantir l'absence d'erreur dans la conception.<\/li>\n<li><strong>Contr\u00f4le de la qualit\u00e9<\/strong>: Mise en \u0153uvre du syst\u00e8me de gestion de la qualit\u00e9 ISO 9001, chaque lot de produits est soumis \u00e0 12 tests stricts (y compris le test de r\u00e9sistance \u00e0 la charge, la tol\u00e9rance \u00e0 l'humidit\u00e9, etc.), et le taux de qualification atteint 99,8%.<\/li>\n<\/ul>\n<h2 id=\"-advantages-of-cooperation-\"><strong>Avantages de la coop\u00e9ration<\/strong>:<\/h2>\n<ul>\n<li><strong>\u00c9quipe de conception exclusive<\/strong>: Fournir un soutien cr\u00e9atif unique, de l'esquisse du concept \u00e0 la production en s\u00e9rie, et explorer en profondeur les \u00e9l\u00e9ments culturels de la marque.<\/li>\n<li><strong>Optimisation des co\u00fbts<\/strong>: Les achats \u00e0 grande \u00e9chelle r\u00e9duisent les co\u00fbts unitaires et les commandes compl\u00e8tes b\u00e9n\u00e9ficient de remises exclusives et de subventions logistiques.<\/li>\n<li><strong>Soutien \u00e0 la certification environnementale<\/strong>: Aider les clients \u00e0 demander le logo d'emballage \u00e9cologique et am\u00e9liorer l'image de responsabilit\u00e9 sociale de la marque.<\/li>\n<\/ul>","protected":false},"excerpt":{"rendered":"<p>Cette bo\u00eete \u00e0 tiroirs est principalement noire, avec des polices de caract\u00e8res dor\u00e9es mattes marqu\u00e9es \u00e0 chaud, qui se compl\u00e8tent. La combinaison des couleurs est harmonieuse et superpos\u00e9e, cr\u00e9ant un effet visuel luxueux et \u00e9l\u00e9gant pour les consommateurs.<\/p>","protected":false},"featured_media":228,"template":"","meta":{"_kad_post_transparent":"default","_kad_post_title":"","_kad_post_layout":"default","_kad_post_sidebar_id":"","_kad_post_content_style":"default","_kad_post_vertical_padding":"default","_kad_post_feature":"","_kad_post_feature_position":"","_kad_post_header":false,"_kad_post_footer":false,"_kad_post_classname":""},"product_brand":[],"product_cat":[15,20,17],"product_tag":[60,59,61],"class_list":{"0":"post-224","1":"product","2":"type-product","3":"status-publish","4":"has-post-thumbnail","6":"product_cat-red-light-therapy","7":"product_cat-led-face-light-therapy","8":"product_cat-services","9":"product_tag-customized-jewelry-gift-box","10":"product_tag-jewelry-drawer-box","11":"product_tag-jewelry-gift-box-wholesale","13":"first","14":"instock","15":"shipping-taxable","16":"product-type-simple","17":"entry","18":"content-bg","19":"loop-entry"},"_links":{"self":[{"href":"https:\/\/red-lighttherapy.com\/fr_fr\/wp-json\/wp\/v2\/product\/224","targetHints":{"allow":["GET"]}}],"collection":[{"href":"https:\/\/red-lighttherapy.com\/fr_fr\/wp-json\/wp\/v2\/product"}],"about":[{"href":"https:\/\/red-lighttherapy.com\/fr_fr\/wp-json\/wp\/v2\/types\/product"}],"wp:featuredmedia":[{"embeddable":true,"href":"https:\/\/red-lighttherapy.com\/fr_fr\/wp-json\/wp\/v2\/media\/228"}],"wp:attachment":[{"href":"https:\/\/red-lighttherapy.com\/fr_fr\/wp-json\/wp\/v2\/media?parent=224"}],"wp:term":[{"taxonomy":"product_brand","embeddable":true,"href":"https:\/\/red-lighttherapy.com\/fr_fr\/wp-json\/wp\/v2\/product_brand?post=224"},{"taxonomy":"product_cat","embeddable":true,"href":"https:\/\/red-lighttherapy.com\/fr_fr\/wp-json\/wp\/v2\/product_cat?post=224"},{"taxonomy":"product_tag","embeddable":true,"href":"https:\/\/red-lighttherapy.com\/fr_fr\/wp-json\/wp\/v2\/product_tag?post=224"}],"curies":[{"name":"wp","href":"https:\/\/api.w.org\/{rel}","templated":true}]}}