{"id":218,"date":"2025-04-10T11:34:05","date_gmt":"2025-04-10T11:34:05","guid":{"rendered":"https:\/\/red-lighttherapy.com\/?post_type=product&#038;p=218"},"modified":"2025-04-12T08:10:32","modified_gmt":"2025-04-12T08:10:32","slug":"custom-design-knife-circular-saw-blade-packaging-box-factory","status":"publish","type":"product","link":"https:\/\/red-lighttherapy.com\/fr_fr\/custom-design-knife-circular-saw-blade-packaging-box-factory\/","title":{"rendered":"Bo\u00eete d'emballage pour lame de scie circulaire de conception personnalis\u00e9e Factory"},"content":{"rendered":"<h2 id=\"-customized-circular-saw-blade-packaging-box-product-description-\"><strong>Bo\u00eete d'emballage pour lame de scie circulaire personnalis\u00e9e description du produit<\/strong><\/h2>\n<h2 id=\"-1-material-and-structural-design-\"><strong>1. Mat\u00e9riaux et conception structurelle<\/strong><\/h2>\n<p>Adoptant une structure composite compos\u00e9e d'un carton rigide laser de 183 g \u00e0 poids \u00e9lev\u00e9 et d'un carton d'art gris \u00e9pais de 1200 g, il est \u00e0 la fois r\u00e9sistant \u00e0 la pression, aux chocs et \u00e0 la rigidit\u00e9. Le carton gris a un support solide, emp\u00eachant efficacement la d\u00e9formation de l'extrusion pendant le transport, et la surface du carton laser est r\u00e9sistante \u00e0 l'usure et aux rayures.<\/p>\n<h2 id=\"-2-functional-box-design-\"><strong>2. Conception d'une bo\u00eete fonctionnelle<\/strong><\/h2>\n<p>La bo\u00eete \u00e0 couvercle rabattable est associ\u00e9e \u00e0 une fermeture magn\u00e9tique ou \u00e0 pression, facile \u00e0 ouvrir et \u00e0 fermer et offrant une excellente \u00e9tanch\u00e9it\u00e9. Le couvercle de la bo\u00eete peut \u00eatre compl\u00e8tement aplati pour la pr\u00e9sentation du produit ; apr\u00e8s fermeture, il est bien ajust\u00e9, \u00e9tanche \u00e0 la poussi\u00e8re et \u00e0 l'humidit\u00e9, et prend en compte les besoins de la pr\u00e9sentation au d\u00e9tail et des sc\u00e9narios d'entreposage industriel.<\/p>\n<h2 id=\"-3-innovative-appearance-design-\"><strong>3. Conception innovante de l'apparence<\/strong><\/h2>\n<ul>\n<li><strong>\u00c9l\u00e9ments essentiels<\/strong>: Inspir\u00e9 par l'esth\u00e9tique des machines \u00e0 engrenages, il pr\u00e9sente un d\u00e9grad\u00e9 dynamique de couleurs gr\u00e2ce \u00e0 la technologie de gaufrage laser 3D, et affiche un \u00e9clat m\u00e9tallique \u00e0 plusieurs niveaux sous l'effet de la r\u00e9fraction de la lumi\u00e8re, ce qui renforce le sens de la technologie et les points de m\u00e9morisation visuelle de la marque.<\/li>\n<li><strong>Correspondance des couleurs<\/strong>: La couleur principale est le bleu profond, qui symbolise le professionnalisme et la fiabilit\u00e9, compl\u00e9t\u00e9 par le reflet iris\u00e9 du processus laser, formant une hi\u00e9rarchie visuelle entre le dynamique et le statique, et am\u00e9liorant la reconnaissance du rayon.<\/li>\n<li><strong>Logo de la marque<\/strong>: Les bords du texte sont nets et sans bavures, ce qui permet de garantir que les informations relatives \u00e0 la marque sont claires et accrocheuses.<\/li>\n<\/ul>\n<h2 id=\"-4-refined-lining-system-\"><strong>4. Syst\u00e8me de rev\u00eatement affin\u00e9<\/strong><\/h2>\n<p>La doublure utilise de la mousse blanche \u00e9cologique EVA ou un plateau blister, et le moule est ouvert avec pr\u00e9cision pour s'adapter \u00e0 l'arc de la lame de scie circulaire afin d'obtenir une fixation \u00e0 360\u00b0 sans angle mort. La surface de la doublure est recouverte de velours fin pour \u00e9viter les rayures sur la surface de la lame de scie, tout en am\u00e9liorant le sentiment de qualit\u00e9 lors du d\u00e9ballage.<\/p>\n<h2 id=\"-5-full-link-customization-service-\"><strong>5. Service de personnalisation de liens complets<\/strong><\/h2>\n<ul>\n<li><strong>Adaptation personnalis\u00e9e<\/strong>: Elle permet de personnaliser la taille des lames de scie d'un diam\u00e8tre de 80 \u00e0 500 mm, et le corps de la bo\u00eete peut \u00eatre dot\u00e9 d'intercalaires, de fentes pour accessoires ou de poches manuelles, selon les besoins.<\/li>\n<li><strong>Implantation profonde de la marque<\/strong>: Fournir des services de composition graphique, d'implantation de codes QR, d'impression d'informations multilingues et d'autres services pour r\u00e9pondre aux besoins du commerce transfrontalier, des coffrets cadeaux promotionnels et d'autres sc\u00e9narios.<\/li>\n<li><strong>Mise \u00e0 niveau du processus<\/strong>: En option, UV local, gaufrage, s\u00e9rigraphie et autres plus de 20 post-traitements pour obtenir des \u00e9tiquettes anti-contrefa\u00e7on, des textures antid\u00e9rapantes et d'autres fonctions sp\u00e9ciales.<\/li>\n<\/ul>\n<h2 id=\"-6-intelligent-manufacturing-and-quality-control-system-\"><strong>6. Syst\u00e8me intelligent de fabrication et de contr\u00f4le de la qualit\u00e9<\/strong><\/h2>\n<p>L'usine est \u00e9quip\u00e9e de machines de d\u00e9coupe enti\u00e8rement automatiques, de machines d'impression num\u00e9rique et de lignes de production de grilles laser, et adopte le syst\u00e8me de gestion de la qualit\u00e9 ISO9001, de l'\u00e9bauche de conception au produit fini pour atteindre 72 heures d'\u00e9preuvage rapide et 15 jours de livraison par lots. Chaque lot de produits passe un test de vibration de transport simul\u00e9 et un test de support de charge pour s'assurer que la r\u00e9sistance \u00e0 la chute de l'emballage est \u22651,5 m\u00e8tre.<\/p>\n<h2 id=\"-7-application-scenarios-and-added-value-\"><strong>7. Sc\u00e9narios d'application et valeur ajout\u00e9e<\/strong><\/h2>\n<p>Convient aux lames de scie circulaire de qualit\u00e9 industrielle, aux lames de coupe diamant\u00e9es, aux accessoires de scie \u00e0 panneau \u00e9lectronique et \u00e0 d'autres emballages d'outils de pr\u00e9cision, qui peuvent \u00eatre \u00e9tendus \u00e0 des bo\u00eetes-cadeaux d'ensembles d'outils haut de gamme ou \u00e0 des bo\u00eetes de pr\u00e9sentation pour revendeurs. Renforce l'image professionnelle de la marque par le biais de l'emballage et contribue \u00e0 la prime de vente terminale.<\/p>\n<h2 id=\"-technical-parameters-\"><strong>Param\u00e8tres techniques<\/strong><\/h2>\n<table>\n<thead>\n<tr>\n<th>Projet<\/th>\n<th>Sp\u00e9cifications<\/th>\n<\/tr>\n<\/thead>\n<tbody>\n<tr>\n<td>Mat\u00e9riau<\/td>\n<td>183g carton laser + 1200g carton gris<\/td>\n<\/tr>\n<tr>\n<td>Couleurs d'impression<\/td>\n<td>Impression haute fid\u00e9lit\u00e9 de 4 \u00e0 8 couleurs (\u00e9talonnage des couleurs Pantone)<\/td>\n<\/tr>\n<tr>\n<td>Taille de la bo\u00eete<\/td>\n<td>Permet de personnaliser le diam\u00e8tre de 80 \u00e0 500 mm<\/td>\n<\/tr>\n<tr>\n<td>Quantit\u00e9 minimale de commande<\/td>\n<td>500 (permet une production flexible par petits lots)<\/td>\n<\/tr>\n<tr>\n<td>Certification environnementale<\/td>\n<td>Certification foresti\u00e8re FSC\/mat\u00e9riaux d\u00e9gradables en option<\/td>\n<\/tr>\n<\/tbody>\n<\/table>","protected":false},"excerpt":{"rendered":"<p>Cette bo\u00eete \u00e0 fermeture magn\u00e9tique, facile \u00e0 ouvrir et \u00e0 fermer, est \u00e0 la fois pratique et facile \u00e0 pr\u00e9senter. Elle utilise la technologie laser pour pr\u00e9senter un d\u00e9grad\u00e9 de couleurs qui a un fort impact visuel.<\/p>","protected":false},"featured_media":219,"template":"","meta":{"_kad_post_transparent":"default","_kad_post_title":"","_kad_post_layout":"default","_kad_post_sidebar_id":"","_kad_post_content_style":"default","_kad_post_vertical_padding":"default","_kad_post_feature":"","_kad_post_feature_position":"","_kad_post_header":false,"_kad_post_footer":false,"_kad_post_classname":""},"product_brand":[],"product_cat":[15,17],"product_tag":[57,56,58],"class_list":{"0":"post-218","1":"product","2":"type-product","3":"status-publish","4":"has-post-thumbnail","6":"product_cat-red-light-therapy","7":"product_cat-services","8":"product_tag-custom-saw-blade-packaging","9":"product_tag-saw-blade-packaging-box","10":"product_tag-saw-blade-packaging-factory","12":"first","13":"instock","14":"shipping-taxable","15":"product-type-simple","16":"entry","17":"content-bg","18":"loop-entry"},"_links":{"self":[{"href":"https:\/\/red-lighttherapy.com\/fr_fr\/wp-json\/wp\/v2\/product\/218","targetHints":{"allow":["GET"]}}],"collection":[{"href":"https:\/\/red-lighttherapy.com\/fr_fr\/wp-json\/wp\/v2\/product"}],"about":[{"href":"https:\/\/red-lighttherapy.com\/fr_fr\/wp-json\/wp\/v2\/types\/product"}],"wp:featuredmedia":[{"embeddable":true,"href":"https:\/\/red-lighttherapy.com\/fr_fr\/wp-json\/wp\/v2\/media\/219"}],"wp:attachment":[{"href":"https:\/\/red-lighttherapy.com\/fr_fr\/wp-json\/wp\/v2\/media?parent=218"}],"wp:term":[{"taxonomy":"product_brand","embeddable":true,"href":"https:\/\/red-lighttherapy.com\/fr_fr\/wp-json\/wp\/v2\/product_brand?post=218"},{"taxonomy":"product_cat","embeddable":true,"href":"https:\/\/red-lighttherapy.com\/fr_fr\/wp-json\/wp\/v2\/product_cat?post=218"},{"taxonomy":"product_tag","embeddable":true,"href":"https:\/\/red-lighttherapy.com\/fr_fr\/wp-json\/wp\/v2\/product_tag?post=218"}],"curies":[{"name":"wp","href":"https:\/\/api.w.org\/{rel}","templated":true}]}}