{"id":211,"date":"2025-04-10T11:03:57","date_gmt":"2025-04-10T11:03:57","guid":{"rendered":"https:\/\/red-lighttherapy.com\/?post_type=product&#038;p=211"},"modified":"2025-04-10T11:17:27","modified_gmt":"2025-04-10T11:17:27","slug":"personalized-perfume-bottle-paper-box-packaging-wholesale","status":"publish","type":"product","link":"https:\/\/red-lighttherapy.com\/fr_fr\/personalized-perfume-bottle-paper-box-packaging-wholesale\/","title":{"rendered":"Bouteille de parfum personnalis\u00e9e Bo\u00eete en papier Emballage en gros"},"content":{"rendered":"<h2 id=\"customized-perfume-paper-box-packaging-an-environmental-and-luxurious-feast-from-design-to-experience\">Emballage de parfum en papier personnalis\u00e9 : un festin \u00e9cologique et luxueux, de la conception \u00e0 l'exp\u00e9rience<\/h2>\n<p>\u00c0 l'heure o\u00f9 la concurrence sur le march\u00e9 des parfums est f\u00e9roce, l'emballage n'est pas seulement une enveloppe protectrice pour le produit, mais aussi le premier moyen pour les marques de communiquer avec les consommateurs. Une bo\u00eete en papier personnalis\u00e9e, \u00e0 la fois pratique et artistique, peut transformer la valeur de la marque en une exp\u00e9rience sensorielle tactile gr\u00e2ce \u00e0 une combinaison innovante de mat\u00e9riaux, de savoir-faire et de structure. Les pages qui suivent analysent la conception innovante des bo\u00eetes d'emballage de parfum personnalis\u00e9es sous sept angles principaux.<\/p>\n<p><img fetchpriority=\"high\" decoding=\"async\" class=\"wp-image-212 size-full\" src=\"https:\/\/red-lighttherapy.com\/wp-content\/uploads\/2025\/04\/Perfume-Bottle-Paper-Box-001.jpg\" alt=\"Bo\u00eete en papier pour flacon de parfum\" width=\"1000\" height=\"1000\" srcset=\"https:\/\/red-lighttherapy.com\/wp-content\/uploads\/2025\/04\/Perfume-Bottle-Paper-Box-001.jpg 1000w, https:\/\/red-lighttherapy.com\/wp-content\/uploads\/2025\/04\/Perfume-Bottle-Paper-Box-001-300x300.jpg 300w, https:\/\/red-lighttherapy.com\/wp-content\/uploads\/2025\/04\/Perfume-Bottle-Paper-Box-001-150x150.jpg 150w, https:\/\/red-lighttherapy.com\/wp-content\/uploads\/2025\/04\/Perfume-Bottle-Paper-Box-001-768x768.jpg 768w, https:\/\/red-lighttherapy.com\/wp-content\/uploads\/2025\/04\/Perfume-Bottle-Paper-Box-001-12x12.jpg 12w, https:\/\/red-lighttherapy.com\/wp-content\/uploads\/2025\/04\/Perfume-Bottle-Paper-Box-001-600x600.jpg 600w, https:\/\/red-lighttherapy.com\/wp-content\/uploads\/2025\/04\/Perfume-Bottle-Paper-Box-001-100x100.jpg 100w\" sizes=\"(max-width: 1000px) 100vw, 1000px\" \/><\/p>\n<h2 id=\"1-drawer-box-type-a-perfect-balance-between-ritual-sense-and-convenience-\">1.\u00a0<strong>Type de bo\u00eete \u00e0 tiroirs : un \u00e9quilibre parfait entre le sens du rituel et la commodit\u00e9<\/strong><\/h2>\n<p>La bo\u00eete \u00e0 tiroirs est devenue le premier choix pour l'emballage des parfums haut de gamme en raison de ses caract\u00e9ristiques suivantes\u00a0<strong>structure de la bo\u00eete \u00e0 double couche<\/strong>\u00a0et\u00a0<strong>conception de l'ouverture coulissante<\/strong>. Le corps de la bo\u00eete adopte\u00a0<strong>Technologie de coupe en biseau \u00e0 15<\/strong>\u00a0pour assurer une ouverture et une fermeture en douceur, sans blocage, et avec des\u00a0<strong>amortissement magn\u00e9tique<\/strong>\u00a0ou\u00a0<strong>rail de guidage invisible<\/strong>Il donne aux utilisateurs l'impression d'un rituel \"soyeux\". Cette conception est non seulement pratique pour les clients finaux, mais elle renforce \u00e9galement les points de m\u00e9morisation de la marque gr\u00e2ce \u00e0\u00a0<strong>exp\u00e9rience interactive dynamique<\/strong>. Par exemple, la marque internationale LANVIN a transform\u00e9 le processus d'ouverture en un jeu visuel gr\u00e2ce \u00e0 l'int\u00e9gration d'un miroir dans la bo\u00eete \u00e0 tiroirs.<\/p>\n<h2 id=\"2-environmentally-friendly-materials-a-dual-commitment-to-sustainability-and-quality-\">2.\u00a0<strong>Mat\u00e9riaux respectueux de l'environnement : un double engagement en faveur de la durabilit\u00e9 et de la qualit\u00e9<\/strong><\/h2>\n<p>Le corps de la bo\u00eete est compos\u00e9 de\u00a0<strong>1000g de carton gris recyclable<\/strong>\u00a0comme le squelette, et la surface est recouverte de\u00a0<strong>Papier couch\u00e9 certifi\u00e9 FSC<\/strong>qui sont compos\u00e9s d'une colle \u00e9cologique \u00e0 base d'eau. 30% de fibres de paille sont ajout\u00e9es \u00e0 la mati\u00e8re premi\u00e8re du carton gris, ce qui r\u00e9duit l'empreinte carbone de 63% par rapport aux mat\u00e9riaux traditionnels.\u00a0<strong>encre \u00e0 base d'eau<\/strong>\u00a0et\u00a0<strong>Rev\u00eatement mat UV<\/strong>\u00a0pour \u00e9viter les \u00e9missions de COV. Cette combinaison est non seulement conforme \u00e0 la norme RoHS de l'UE, mais elle satisfait \u00e9galement aux exigences de l'UE en mati\u00e8re d'\u00e9missions de COV.\u00a0<strong>Certification mondiale de recyclage (GRS)<\/strong>Les consommateurs de la g\u00e9n\u00e9ration Z sont de plus en plus nombreux \u00e0 utiliser le \"green pass\", c'est-\u00e0-dire un \"laissez-passer vert\".<\/p>\n<h2 id=\"3-visual-impact-the-golden-rule-of-color-and-craftsmanship-\">3.\u00a0<strong>Impact visuel : la r\u00e8gle d'or de la couleur et de l'artisanat<\/strong><\/h2>\n<p>La couleur principale est\u00a0<strong>bleu marine profond<\/strong>\u00a0(Pantone 19-4052 Classic Blue), et plus de 90% de couverture de la gamme de couleurs est obtenue gr\u00e2ce \u00e0 la technologie\u00a0<strong>s\u00e9rigraphie au niveau nanom\u00e9trique<\/strong>. Le marquage \u00e0 chaud de l'argent adopte\u00a0<strong>technologie d'estampage \u00e0 froid<\/strong>L'\u00e9tui a \u00e9t\u00e9 con\u00e7u avec une pr\u00e9cision de 0,1 mm et utilise la technologie du relief tridimensionnel pour dessiner le logo de la marque ou des motifs abstraits sur la surface de l'\u00e9tui. Par exemple, un \u00e9tui personnalis\u00e9 combine des motifs de constellations avec des m\u00e9t\u00e9ores estampill\u00e9s en argent, pr\u00e9sentant un effet dynamique de \"ciel \u00e9toil\u00e9 fluide\" sous la r\u00e9fraction de la lumi\u00e8re, et le taux de conversion de l'ouverture de la bo\u00eete a augment\u00e9 de 27%.<\/p>\n<h2 id=\"4-protection-system-scientific-buffering-and-precise-adaptation-\">4.\u00a0<strong>Syst\u00e8me de protection : tampon scientifique et adaptation pr\u00e9cise<\/strong><\/h2>\n<p>Le plateau int\u00e9rieur adopte\u00a0<strong>Processus de d\u00e9coupe de composites EVA et d'\u00e9ponges respectueuses de l'environnement<\/strong>avec une densit\u00e9 de 45kg\/m\u00b3. A travers\u00a0<strong>Num\u00e9risation laser 3D<\/strong>Les donn\u00e9es relatives \u00e0 la forme du flacon de parfum sont obtenues, et une rainure de forme sp\u00e9ciale avec un ajustement de 98% est personnalis\u00e9e. La surface de la doublure est recouverte de\u00a0<strong>Flocage recyclable en PETG<\/strong>La densit\u00e9 de la fibre de velours est de 12 000 brins\/cm\u00b2, ce qui lui conf\u00e8re des fonctions antid\u00e9rapantes et d'absorption des chocs. Les donn\u00e9es des tests montrent que la structure peut r\u00e9sister \u00e0 une chute de 1,2 m\u00e8tre, ce qui est trois fois plus protecteur que le coton perl\u00e9 ordinaire.<\/p>\n<h2 id=\"5-tactile-upgrade-delicate-expression-of-matte-film-technology-\">5.\u00a0<strong>Am\u00e9lioration tactile : expression d\u00e9licate de la technologie des films mats<\/strong><\/h2>\n<p>Apr\u00e8s l'impression, la surface de la bo\u00eete est recouverte de\u00a0<strong>Film mat de 12\u03bcm<\/strong>La technologie de pressage \u00e0 chaud permet d'obtenir un toucher semblable \u00e0 celui de la peau. L'aspect unique de la\u00a0<strong>propri\u00e9t\u00e9 de r\u00e9flexion diffuse<\/strong>\u00a0Le film mat peut \u00e9liminer 90% les r\u00e9sidus d'empreintes digitales, tout en am\u00e9liorant la saturation des couleurs et la r\u00e9sistance aux rayures. Des exp\u00e9riences comparatives montrent que la capacit\u00e9 anti-d\u00e9coloration de l'emballage en film mat dans un environnement humide est 40% plus \u00e9lev\u00e9e que celle du film brillant, et que la texture mate correspond mieux au positionnement de luxe discret des parfums haut de gamme.<\/p>\n<h2 id=\"6-interactive-details-sensory-economics-of-ribbon-handles-\">6.\u00a0<strong>D\u00e9tails interactifs : \u00e9conomie sensorielle des poign\u00e9es en ruban<\/strong><\/h2>\n<p>La partie sup\u00e9rieure de la bo\u00eete est encastr\u00e9e dans un\u00a0<strong>ruban jacquard de soie<\/strong>La largeur est optimis\u00e9e \u00e0 28 mm pour des raisons d'ergonomie, et les utilisations finales sont les suivantes\u00a0<strong>technologie de scellement des bords par pressage \u00e0 chaud<\/strong>\u00a0pour \u00e9viter les d\u00e9raillements. Le ruban peut \u00eatre personnalis\u00e9 aux couleurs du th\u00e8me de la marque et implant\u00e9 avec\u00a0<strong>Puces NFC<\/strong>\u00a0ou\u00a0<strong>encre sensible \u00e0 la temp\u00e9rature<\/strong>. Scannez le code pour acc\u00e9der \u00e0 la page de l'histoire de la marque. Une marque de parfum de niche transforme le processus de d\u00e9ballage en une exp\u00e9rience immersive multisensorielle en teignant le ruban avec un parfum de lavande, et le taux de r\u00e9achat a augment\u00e9 de 34%.<\/p>\n<h2 id=\"7-full-dimensional-customization-unlimited-possibilities-for-flexible-production-\">7.\u00a0<strong>Personnalisation compl\u00e8te : possibilit\u00e9s illimit\u00e9es pour une production flexible<\/strong><\/h2>\n<p>Cinq niveaux de personnalisation, de la conception \u00e0 la livraison :<\/p>\n<ol>\n<li><strong>Type de bo\u00eete<\/strong>Les produits de cette cat\u00e9gorie sont les suivants : 6 structures de base, telles que les bo\u00eetes \u00e0 tiroirs, les couvercles sup\u00e9rieurs et inf\u00e9rieurs, et le d\u00e9veloppement de bo\u00eetes de forme sp\u00e9ciale ;<\/li>\n<li><strong>Mat\u00e9riau<\/strong>: 12 combinaisons de papier couch\u00e9 mont\u00e9 sur carton gris, gaufrage cuir, composite m\u00e9tallique, etc ;<\/li>\n<li><strong>Processus<\/strong>: prise en charge de 8 superpositions de processus tels que l'UV local, le gaufrage, le laser, etc ;<\/li>\n<li><strong>Composants intelligents<\/strong>: peuvent \u00eatre implant\u00e9s avec des modules interactifs tels que des bandes lumineuses LED et des codes d'identification AR ;<\/li>\n<li><strong>Flexibilit\u00e9 des lots<\/strong>Les produits de cette cat\u00e9gorie sont les suivants : quantit\u00e9 minimale de 500, livraison d'\u00e9chantillons en 48 heures et production de masse acc\u00e9l\u00e9r\u00e9e en 72 heures.<\/li>\n<\/ol>\n<h2 id=\"conclusion-redefine-the-value-chain-of-perfume-packaging\">Conclusion : Red\u00e9finir la cha\u00eene de valeur de l'emballage des parfums<\/h2>\n<p>Cette bo\u00eete de papier \u00e0 parfum personnalis\u00e9e cr\u00e9e un syst\u00e8me de valeur en boucle ferm\u00e9e, de la production \u00e0 la consommation, gr\u00e2ce \u00e0 la collision des \u00e9l\u00e9ments suivants\u00a0<strong>technologie environnementale<\/strong>\u00a0et\u00a0<strong>artisanat de luxe<\/strong>. Lorsque les doigts des consommateurs glissent sur la surface du film mat, qu'ils entendent le frottement subtil des tiroirs que l'on tire et qu'ils voient les totems de la marque entrelac\u00e9s d'argent et de bleu, ces exp\u00e9riences multidimensionnelles finissent par se transformer en fid\u00e9lit\u00e9 \u00e0 la marque. \u00c0 une \u00e9poque o\u00f9 le d\u00e9veloppement durable et la consommation personnalis\u00e9e vont de pair, ce type de design r\u00e9pond non seulement aux besoins des entreprises, mais devient \u00e9galement un support concret pour la mise en pratique du concept ESG.<\/p>","protected":false},"excerpt":{"rendered":"<p>Une bo\u00eete \u00e0 parfum de luxe \u00e0 tiroir, facile \u00e0 ouvrir et \u00e0 fermer. Les motifs et les textes sont marqu\u00e9s \u00e0 chaud en argent, ce qui permet \u00e0 vos marques de se d\u00e9marquer.<\/p>","protected":false},"featured_media":212,"template":"","meta":{"_kad_post_transparent":"default","_kad_post_title":"","_kad_post_layout":"default","_kad_post_sidebar_id":"","_kad_post_content_style":"default","_kad_post_vertical_padding":"default","_kad_post_feature":"","_kad_post_feature_position":"","_kad_post_header":false,"_kad_post_footer":false,"_kad_post_classname":""},"product_brand":[],"product_cat":[15,20,17],"product_tag":[53,54,55],"class_list":{"0":"post-211","1":"product","2":"type-product","3":"status-publish","4":"has-post-thumbnail","6":"product_cat-red-light-therapy","7":"product_cat-led-face-light-therapy","8":"product_cat-services","9":"product_tag-perfume-bottle-paper-box","10":"product_tag-perfume-box-packaging","11":"product_tag-personalized-perfume-packaging","13":"first","14":"instock","15":"shipping-taxable","16":"product-type-simple","17":"entry","18":"content-bg","19":"loop-entry"},"_links":{"self":[{"href":"https:\/\/red-lighttherapy.com\/fr_fr\/wp-json\/wp\/v2\/product\/211","targetHints":{"allow":["GET"]}}],"collection":[{"href":"https:\/\/red-lighttherapy.com\/fr_fr\/wp-json\/wp\/v2\/product"}],"about":[{"href":"https:\/\/red-lighttherapy.com\/fr_fr\/wp-json\/wp\/v2\/types\/product"}],"wp:featuredmedia":[{"embeddable":true,"href":"https:\/\/red-lighttherapy.com\/fr_fr\/wp-json\/wp\/v2\/media\/212"}],"wp:attachment":[{"href":"https:\/\/red-lighttherapy.com\/fr_fr\/wp-json\/wp\/v2\/media?parent=211"}],"wp:term":[{"taxonomy":"product_brand","embeddable":true,"href":"https:\/\/red-lighttherapy.com\/fr_fr\/wp-json\/wp\/v2\/product_brand?post=211"},{"taxonomy":"product_cat","embeddable":true,"href":"https:\/\/red-lighttherapy.com\/fr_fr\/wp-json\/wp\/v2\/product_cat?post=211"},{"taxonomy":"product_tag","embeddable":true,"href":"https:\/\/red-lighttherapy.com\/fr_fr\/wp-json\/wp\/v2\/product_tag?post=211"}],"curies":[{"name":"wp","href":"https:\/\/api.w.org\/{rel}","templated":true}]}}