{"id":186,"date":"2025-04-10T08:21:48","date_gmt":"2025-04-10T08:21:48","guid":{"rendered":"https:\/\/red-lighttherapy.com\/?post_type=product&#038;p=186"},"modified":"2025-04-10T10:35:53","modified_gmt":"2025-04-10T10:35:53","slug":"high-end-custom-vip-card-gift-box-with-velvet-coated-holder","status":"publish","type":"product","link":"https:\/\/red-lighttherapy.com\/fr_fr\/high-end-custom-vip-card-gift-box-with-velvet-coated-holder\/","title":{"rendered":"Bo\u00eete cadeau personnalis\u00e9e haut de gamme pour cartes VIP avec support recouvert de velours"},"content":{"rendered":"<h2 id=\"exclusive-customization-interpretation-of-luxury-ingenious-design-and-environmental-innovation-of-high-end-vip-card-gift-boxes\">Personnalisation exclusive, interpr\u00e9tation du luxe : conception ing\u00e9nieuse et innovation environnementale de coffrets-cadeaux pour cartes VIP haut de gamme<\/h2>\n<p>Dans le domaine des coffrets cadeaux haut de gamme, l'emballage des cartes VIP n'est pas seulement un vecteur d'image de marque, mais aussi une expression concr\u00e8te de l'exp\u00e9rience distingu\u00e9e de l'utilisateur. Cet article prend pour exemple un coffret cadeau personnalis\u00e9 qui combine un savoir-faire ing\u00e9nieux et des concepts de protection de l'environnement. Il analyse ses sept points forts en mati\u00e8re de conception et montre comment r\u00e9aliser une double avanc\u00e9e sur le plan fonctionnel et esth\u00e9tique gr\u00e2ce \u00e0 l'innovation dans les d\u00e9tails.<\/p>\n<h2 id=\"1-material-innovation-the-art-of-balancing-firmness-and-luxury\">1. Innovation mat\u00e9rielle : l'art d'\u00e9quilibrer fermet\u00e9 et luxe<\/h2>\n<p>Le corps principal de la bo\u00eete cadeau adopte une structure composite de\u00a0<strong>panneau gris \u00e0 haute r\u00e9sistance<\/strong>\u00a0et\u00a0<strong>papier cartonn\u00e9 or<\/strong>. La performance de compression du carton gris fournit un support stable pour l'emballage, tandis que la surface du papier cartonn\u00e9 dor\u00e9 pr\u00e9sente une texture d\u00e9licate \u00e0 travers le carton gris.\u00a0<strong>gravure au laser<\/strong>\u00a0et\u00a0<strong>Proc\u00e9d\u00e9 de marquage \u00e0 chaud par UV<\/strong>La combinaison de ces deux mat\u00e9riaux permet de cr\u00e9er un halo dor\u00e9 sous l'effet de la r\u00e9fraction de la lumi\u00e8re. Cette combinaison de mat\u00e9riaux conf\u00e8re non seulement \u00e0 la bo\u00eete-cadeau un effet de transparence, mais aussi un effet de transparence.\u00a0<strong>durabilit\u00e9 au niveau de l'entreprise<\/strong>mais transmet \u00e9galement un langage visuel discret et luxueux gr\u00e2ce \u00e0 l'\u00e9clat m\u00e9tallique.<\/p>\n<h2 id=\"2-upgraded-touch-a-win-win-design-of-environmental-protection-and-high-end\">2. Toucher am\u00e9lior\u00e9 : une conception gagnant-gagnant de la protection de l'environnement et du haut de gamme.<\/h2>\n<p>Le plateau int\u00e9rieur utilise\u00a0<strong>\u00e9ponge \u00e9cologique d\u00e9gradable<\/strong>\u00a0comme base, et la surface est recouverte de\u00a0<strong>technologie de flocage du velours<\/strong>. La densit\u00e9 de la surface en velours atteint 12 000 fibres par centim\u00e8tre carr\u00e9, et le toucher est aussi doux que la soie. Cette \u00e9ponge respectueuse de l'environnement r\u00e9pond non seulement aux exigences de l'Union europ\u00e9enne, mais aussi \u00e0 celles de l'Union europ\u00e9enne.\u00a0<strong>Norme RoHS de l'UE<\/strong>La structure microporeuse peut \u00e9galement amortir efficacement les vibrations et prot\u00e9ger les cartes VIP des dommages caus\u00e9s par le transport. L'utilisation de la technologie de flocage fait de chaque retrait de carte un jeu d'enfant.\u00a0<strong>plaisir sensoriel du bout des doigts<\/strong>ce qui est tout \u00e0 fait conforme au positionnement haut de gamme de la marque.<\/p>\n<h2 id=\"3-structural-ingenuity-the-fusion-of-ritual-sense-and-practicality\">3. Ing\u00e9niosit\u00e9 structurelle : la fusion du sens rituel et de l'aspect pratique<\/h2>\n<p>Le coffret cadeau adopte une\u00a0<strong>structure de fermeture \u00e0 succion magn\u00e9tique flip-top<\/strong>. La boucle magn\u00e9tique a \u00e9t\u00e9 calcul\u00e9e avec pr\u00e9cision pour atteindre les\u00a0<strong>Seuil d'aspiration 15N<\/strong>. Lors de l'ouverture et de la fermeture, il s'accompagne d'un \"tic-tac\" tr\u00e8s net, qui forme un ensemble unique.\u00a0<strong>point m\u00e9moire auditive<\/strong>. Le bord du corps de la bo\u00eete est trait\u00e9 \u00e0 l'aide d'un\u00a0<strong>Processus de biseautage \u00e0 5<\/strong>Ce syst\u00e8me permet non seulement d'\u00e9viter les \u00e9raflures sur la main, mais aussi d'am\u00e9liorer la fluidit\u00e9 de l'ouverture. La combinaison de la structure magn\u00e9tique et de la conception du couvercle rabattable sublime la fonction unique de l'emballage traditionnel pour en faire un produit \u00e0 part enti\u00e8re.\u00a0<strong>rituel d'ouverture<\/strong>Le concept d'emballage de luxe fait \u00e9cho \u00e0 la logique d'exp\u00e9rience de l'emballage de luxe.<\/p>\n<h2 id=\"4-interactive-innovation-the-ultimate-expression-of-humanized-details\">4. Innovation interactive : l'expression ultime des d\u00e9tails humanis\u00e9s<\/h2>\n<p>La partie sup\u00e9rieure est encastr\u00e9e dans un\u00a0<strong>poign\u00e9e en ruban de jacquard de soie<\/strong>La largeur du ruban est optimis\u00e9e \u00e0 28 mm par l'ergonomie et s'adapte \u00e0 la courbure de la paume lors de la prise en main. L'extr\u00e9mit\u00e9 du ruban utilise\u00a0<strong>technologie de scellement des bords par pressage \u00e0 chaud<\/strong>\u00a0Il peut \u00eatre personnalis\u00e9 avec la couleur du logo de la marque pour en faire un accessoire fonctionnel.\u00a0<strong>publicit\u00e9 mobile de la marque<\/strong>. Cette conception permet non seulement d'am\u00e9liorer la portabilit\u00e9, mais aussi de renforcer le lien \u00e9motionnel entre les utilisateurs et les marques par le biais du toucher.<\/p>\n<h2 id=\"5-visual-language-the-golden-interpretation-of-brand-value\">5. Le langage visuel : l'interpr\u00e9tation en or de la valeur de la marque<\/h2>\n<p>La surface de la bo\u00eete adopte\u00a0<strong>technologie de marquage \u00e0 chaud de l'or rose<\/strong>Le texte et le motif sont pr\u00e9sent\u00e9s avec un effet de relief tridimensionnel gr\u00e2ce \u00e0 l'utilisation de la technique de l'image de synth\u00e8se.\u00a0<strong>Technologie de nano-impression d'une pr\u00e9cision de 0,1 mm<\/strong>. La couche de marquage \u00e0 chaud est superpos\u00e9e \u00e0 la couche de marquage \u00e0 chaud.\u00a0<strong>rev\u00eatement anti-oxydation<\/strong>\u00a0pour garantir la stabilit\u00e9 de la couleur dans un environnement humide. Le designer utilise habilement\u00a0<strong>composition circulaire<\/strong>\u00a0et\u00a0<strong>paysage dessin au trait<\/strong>\u00a0combiner l'esth\u00e9tique orientale avec le minimalisme moderne, de sorte que le LOGO de la marque transmette une profondeur culturelle dans un espace r\u00e9duit.<\/p>\n<h2 id=\"6-customization-freedom-unlimited-extension-of-brand-personality\">6. Libert\u00e9 de personnalisation : extension illimit\u00e9e de la personnalit\u00e9 de la marque<\/h2>\n<p>Bo\u00eete cadeau\u00a0<strong>syst\u00e8me de personnalisation en cinq dimensions<\/strong>:<\/p>\n<ol>\n<li><strong>Structure de la bo\u00eete<\/strong>Les bo\u00eetes : 6 types de bo\u00eetes sont disponibles, y compris le type de tiroir, le couvercle sup\u00e9rieur et le couvercle inf\u00e9rieur, etc ;<\/li>\n<li><strong>Combinaison de mat\u00e9riaux<\/strong>: 12 mat\u00e9riaux de surface sont disponibles, y compris le papier tactile et le gaufrage du cuir ;<\/li>\n<li><strong>Superposition de processus<\/strong>Le syst\u00e8me de gestion de l'impression : permet jusqu'\u00e0 8 combinaisons de processus, y compris l'UV local, le gaufrage, le laser, etc ;<\/li>\n<li><strong>Module de fonction<\/strong>Les produits de l'UE sont des produits de la soci\u00e9t\u00e9 civile : puce NFC int\u00e9gr\u00e9e, encre \u00e0 couleur changeante sensible \u00e0 la temp\u00e9rature et autres composants intelligents ;<\/li>\n<li><strong>Certification environnementale<\/strong>La certification foresti\u00e8re FSC et les normes mondiales de recyclage GRS ont \u00e9t\u00e9 respect\u00e9es.<\/li>\n<\/ol>\n<h2 id=\"7-green-revolution-a-model-of-sustainable-packaging\">7. La r\u00e9volution verte : Un mod\u00e8le d'emballage durable<\/h2>\n<p>L'ensemble du mat\u00e9riel de la bo\u00eete est\u00a0<strong>98% recyclable<\/strong>\u00a0Le tableau gris utilise\u00a0<strong>p\u00e2te recycl\u00e9e \u00e0 partir de fibres de paille<\/strong>\u00a0et le rev\u00eatement en carton dor\u00e9 utilise\u00a0<strong>encre \u00e9cologique \u00e0 base d'eau<\/strong>\u00a0. Par rapport \u00e0 l'emballage m\u00e9tallique traditionnel, un seul produit r\u00e9duit la consommation d'\u00e9nergie.\u00a0<strong>Empreinte carbone du 63%<\/strong>\u00a0. L'\u00e9ponge interne est d\u00e9grad\u00e9e dans le sol par\u00a0<strong>technologie des polyur\u00e9thanes biosourc\u00e9s<\/strong>\u00a0et la fibre de flocage utilise\u00a0<strong>PETG polyester recyclable<\/strong>\u00a0La Commission europ\u00e9enne a mis en place une cha\u00eene verte compl\u00e8te, de la production \u00e0 la gestion des d\u00e9chets.<\/p>\n<h2 id=\"conclusion-defining-a-new-standard-for-high-end-packaging\">Conclusion : D\u00e9finir une nouvelle norme pour les emballages haut de gamme<\/h2>\n<p>La conception de ce coffret cadeau pour carte VIP d\u00e9passe les limites de l'emballage traditionnel en termes de mat\u00e9riaux, de structure, d'interaction, etc. et red\u00e9finit la connotation de la personnalisation haut de gamme par la collision des \u00e9l\u00e9ments suivants\u00a0<strong>technologie environnementale<\/strong>\u00a0et\u00a0<strong>artisanat de luxe<\/strong>\u00a0. Lorsque les clients font glisser le bout de leurs doigts sur le flocage de velours, que le son croustillant de la boucle magn\u00e9tique r\u00e9sonne \u00e0 leurs oreilles et que l'empreinte de la marque en or rose se refl\u00e8te dans leurs yeux, la superposition de ces exp\u00e9riences multisensorielles finira par se transformer en une reconnaissance profonde de la valeur de la marque. Aujourd'hui, alors que le concept de durabilit\u00e9 est profond\u00e9ment ancr\u00e9 dans l'esprit des gens, ce type de design ne r\u00e9pond pas seulement \u00e0 des besoins commerciaux, mais devient \u00e9galement un moyen important pour les entreprises de s'acquitter de leurs responsabilit\u00e9s sociales.<\/p>","protected":false},"excerpt":{"rendered":"<p>Un coffret cadeau haut de gamme pour cartes VIP avec services d'impression personnalis\u00e9s gratuits et support enrob\u00e9 de velours. Il est accompagn\u00e9 d'un ruban de soie et d'un texte marqu\u00e9 \u00e0 chaud en rose.<\/p>","protected":false},"featured_media":187,"template":"","meta":{"_kad_post_transparent":"default","_kad_post_title":"","_kad_post_layout":"default","_kad_post_sidebar_id":"","_kad_post_content_style":"default","_kad_post_vertical_padding":"default","_kad_post_feature":"","_kad_post_feature_position":"","_kad_post_header":false,"_kad_post_footer":false,"_kad_post_classname":""},"product_brand":[],"product_cat":[15,27,17],"product_tag":[50,49,48],"class_list":{"0":"post-186","1":"product","2":"type-product","3":"status-publish","4":"has-post-thumbnail","6":"product_cat-red-light-therapy","7":"product_cat-red-light-therapy-belt","8":"product_cat-services","9":"product_tag-custom-vip-card-box","10":"product_tag-high-end-gift-box","11":"product_tag-vip-card-gift-box","13":"first","14":"instock","15":"shipping-taxable","16":"product-type-simple","17":"entry","18":"content-bg","19":"loop-entry"},"_links":{"self":[{"href":"https:\/\/red-lighttherapy.com\/fr_fr\/wp-json\/wp\/v2\/product\/186","targetHints":{"allow":["GET"]}}],"collection":[{"href":"https:\/\/red-lighttherapy.com\/fr_fr\/wp-json\/wp\/v2\/product"}],"about":[{"href":"https:\/\/red-lighttherapy.com\/fr_fr\/wp-json\/wp\/v2\/types\/product"}],"wp:featuredmedia":[{"embeddable":true,"href":"https:\/\/red-lighttherapy.com\/fr_fr\/wp-json\/wp\/v2\/media\/187"}],"wp:attachment":[{"href":"https:\/\/red-lighttherapy.com\/fr_fr\/wp-json\/wp\/v2\/media?parent=186"}],"wp:term":[{"taxonomy":"product_brand","embeddable":true,"href":"https:\/\/red-lighttherapy.com\/fr_fr\/wp-json\/wp\/v2\/product_brand?post=186"},{"taxonomy":"product_cat","embeddable":true,"href":"https:\/\/red-lighttherapy.com\/fr_fr\/wp-json\/wp\/v2\/product_cat?post=186"},{"taxonomy":"product_tag","embeddable":true,"href":"https:\/\/red-lighttherapy.com\/fr_fr\/wp-json\/wp\/v2\/product_tag?post=186"}],"curies":[{"name":"wp","href":"https:\/\/api.w.org\/{rel}","templated":true}]}}