{"id":1820,"date":"2025-04-20T07:09:19","date_gmt":"2025-04-20T07:09:19","guid":{"rendered":"https:\/\/red-lighttherapy.com\/?post_type=product&#038;p=1820"},"modified":"2025-04-22T08:20:42","modified_gmt":"2025-04-22T08:20:42","slug":"texture-fancy-paper-lid-and-base-gift-box-for-jewelry-rings","status":"publish","type":"product","link":"https:\/\/red-lighttherapy.com\/fr_fr\/texture-fancy-paper-lid-and-base-gift-box-for-jewelry-rings\/","title":{"rendered":"Texture Papier fantaisie Couvercle et Base Bo\u00eete Cadeau pour Bijoux Bagues"},"content":{"rendered":"<h2 id=\"-product-name-tiangong-series-jewelry-storage-box\">Texture Papier fantaisie Couvercle et Base Bo\u00eete Cadeau pour Bijoux Bagues<\/h2>\n<h2 id=\"-1-opening-and-closing-design-of-the-top-and-bottom-lid-both-tightness-and-smoothness-\"><strong>1. Conception de l'ouverture et de la fermeture du couvercle et de la bo\u00eete de base : \u00e9tanch\u00e9it\u00e9 et douceur<\/strong><\/h2>\n<p>Conception de l'inauguration et de la fermeture des couvercles sup\u00e9rieur et inf\u00e9rieur : les deux tiers et les lubrifiants. Les couvercles sup\u00e9rieur et inf\u00e9rieur adoptent un syst\u00e8me de fermeture magn\u00e9tique pr\u00e9cis pour garantir que la bo\u00eete \u00e0 couvercle s'adapte \u00e0 l'origine au corps, et qu'il n'est pas facile de la perdre ou de l'ouvrir ouvertement pendant le transport, ce qui permet aux bijoux de s'ouvrir \u00e0 360\u00b0. Le rail d'ouverture et de fermeture est adapt\u00e9 de mani\u00e8re ergonomique, et peut \u00eatre ouvert en douceur et ferm\u00e9 avec la m\u00eame pouss\u00e9e de la main. Le fonctionnement est pratique et correspond aux habitudes des consommateurs modernes.<\/p>\n<h2 id=\"-2-universally-compatible-box-type-flexible-response-to-various-jewelry-sizes-\"><strong>2. Type de bo\u00eete compatible avec tous les types de bijoux : r\u00e9ponse flexible aux diff\u00e9rentes tailles de bijoux.<\/strong><\/h2>\n<p>L'int\u00e9rieur de la bo\u00eete adopte une conception modulaire en couches, \u00e9quip\u00e9e de fentes r\u00e9glables pour cartes en flanelle et d'une division en \u00e9ponge, permettant le stockage stable de bijoux de diff\u00e9rentes tailles, tels que bagues, colliers et boucles d'oreilles. En ajustant la hauteur et l'espace libre des compartiments, il peut \u00eatre compatible avec des bijoux d'une hauteur de 1 \u00e0 5 cm, ce qui r\u00e9pond aux besoins de performance et de stockage de nombreuses sc\u00e8nes.<\/p>\n<h2 id=\"-3-textured-paper-material-both-texture-and-environmental-protection-\"><strong>3. Papier textur\u00e9 : \u00e0 la fois texture et protection de l'environnement<\/strong><\/h2>\n<ul>\n<li><strong>Am\u00e9lioration visuelle et tactile<\/strong>: La surface adopte une technologie de gaufrage sp\u00e9ciale pour former une texture tridimensionnelle fine, qui pr\u00e9sente une texture mate sous la r\u00e9fraction de la lumi\u00e8re, et a un toucher chaud et d\u00e9licat, formant un contraste esth\u00e9tique avec la brillance des bijoux.<\/li>\n<li><strong>Structure l\u00e9g\u00e8re et compressive<\/strong>: Le carton gris composite haute r\u00e9sistance Textured Paper est s\u00e9lectionn\u00e9, le poids de la bo\u00eete n'est que de 180g, et la r\u00e9sistance \u00e0 la compression atteint 50kg\/\u33a1, en tenant compte \u00e0 la fois de la l\u00e9g\u00e8ret\u00e9 et de la durabilit\u00e9.<\/li>\n<li><strong>Certification environnementale<\/strong>: Le mat\u00e9riau a obtenu la certification foresti\u00e8re FSC, le processus de production ne comporte aucun ajout de plastique et le cycle de d\u00e9gradation est inf\u00e9rieur \u00e0 6 mois, ce qui est conforme aux normes de d\u00e9veloppement durable ESG.<\/li>\n<\/ul>\n<h2 id=\"-4-brand-logo-and-color-aesthetics-\"><strong>4. Logo de la marque et esth\u00e9tique des couleurs<\/strong><\/h2>\n<ul>\n<li><strong>Technologie d'impression pr\u00e9cise<\/strong>: Le couvercle de la bo\u00eete utilise la technologie de micro-gravure UV pour imprimer le logo de la marque. La pr\u00e9cision du trait atteint 0,1 mm et il n'y a pas de bavure ou de trace sur le bord, ce qui renforce l'image professionnelle de la marque.<\/li>\n<li><strong>Design vert clair<\/strong>: Pantone 13-6008 TPG (soft mist green) est la couleur principale, inspir\u00e9e du jade naturel. Cette couleur \u00e0 faible saturation soulage la fatigue visuelle et correspond \u00e0 la double qu\u00eate de nature et de haut de gamme de l'industrie de la bijouterie.<\/li>\n<\/ul>\n<h2 id=\"-5-multi-layer-protective-lining-system-\"><strong>5. Syst\u00e8me de rev\u00eatement protecteur multicouche<\/strong><\/h2>\n<p>La doublure adopte une structure \u00e0 trois couches de \"flanelle + \u00e9ponge haute densit\u00e9 + carton gris\" :<\/p>\n<ul>\n<li><strong>Couche de flanelle<\/strong>La pochette est en velours court ultrafin de 2 mm pour r\u00e9duire les dommages caus\u00e9s par le frottement des bijoux et absorber la poussi\u00e8re en m\u00eame temps.<\/li>\n<li><strong>Couche d'\u00e9ponge<\/strong>: \u00e9ponge rebondissante de 5 mm pour amortir les vibrations du transport et am\u00e9liorer la r\u00e9sistance aux chocs par 40%.<\/li>\n<li><strong>Couche de carton gris<\/strong>: Panneau gris de 1,5 mm d'\u00e9paisseur, supportant le corps de la bo\u00eete sans d\u00e9formation et pouvant supporter jusqu'\u00e0 2 kg.<\/li>\n<\/ul>\n<h2 id=\"-applicable-scenarios-\"><strong>Sc\u00e9narios applicables<\/strong><\/h2>\n<ul>\n<li><strong>Fin de la vente au d\u00e9tail<\/strong>: pr\u00e9sentoir de comptoir, emballage de bo\u00eete-cadeau<\/li>\n<li><strong>Usage personnel<\/strong>: rangement \u00e0 la maison, transport en voyage<\/li>\n<li><strong>Personnalisation de la marque<\/strong>Cadeaux d'entreprise, emballages exclusifs en \u00e9dition limit\u00e9e<\/li>\n<\/ul>","protected":false},"excerpt":{"rendered":"<p>L'esth\u00e9tique naturelle et le fonctionnalisme \u00e9tant au c\u0153ur de nos pr\u00e9occupations, la combinaison innovante d'une structure ergonomique et de mat\u00e9riaux respectueux de l'environnement nous permet de red\u00e9finir la valeur pratique et l'expression artistique de l'emballage des bijoux, et d'aider les marques \u00e0 cr\u00e9er une image de march\u00e9 durable et haut de gamme.<\/p>","protected":false},"featured_media":2137,"template":"","meta":{"_kad_post_transparent":"default","_kad_post_title":"","_kad_post_layout":"default","_kad_post_sidebar_id":"","_kad_post_content_style":"default","_kad_post_vertical_padding":"default","_kad_post_feature":"","_kad_post_feature_position":"","_kad_post_header":false,"_kad_post_footer":false,"_kad_post_classname":""},"product_brand":[],"product_cat":[15,19,17],"product_tag":[542,541,540],"class_list":{"0":"post-1820","1":"product","2":"type-product","3":"status-publish","4":"has-post-thumbnail","6":"product_cat-red-light-therapy","7":"product_cat-red-light-therapy-stand","8":"product_cat-services","9":"product_tag-fancy-paper-rings-box","10":"product_tag-lid-and-base-gift-box","11":"product_tag-texture-paper-jewelry-gift-box","13":"first","14":"instock","15":"shipping-taxable","16":"product-type-simple","17":"entry","18":"content-bg","19":"loop-entry"},"_links":{"self":[{"href":"https:\/\/red-lighttherapy.com\/fr_fr\/wp-json\/wp\/v2\/product\/1820","targetHints":{"allow":["GET"]}}],"collection":[{"href":"https:\/\/red-lighttherapy.com\/fr_fr\/wp-json\/wp\/v2\/product"}],"about":[{"href":"https:\/\/red-lighttherapy.com\/fr_fr\/wp-json\/wp\/v2\/types\/product"}],"wp:featuredmedia":[{"embeddable":true,"href":"https:\/\/red-lighttherapy.com\/fr_fr\/wp-json\/wp\/v2\/media\/2137"}],"wp:attachment":[{"href":"https:\/\/red-lighttherapy.com\/fr_fr\/wp-json\/wp\/v2\/media?parent=1820"}],"wp:term":[{"taxonomy":"product_brand","embeddable":true,"href":"https:\/\/red-lighttherapy.com\/fr_fr\/wp-json\/wp\/v2\/product_brand?post=1820"},{"taxonomy":"product_cat","embeddable":true,"href":"https:\/\/red-lighttherapy.com\/fr_fr\/wp-json\/wp\/v2\/product_cat?post=1820"},{"taxonomy":"product_tag","embeddable":true,"href":"https:\/\/red-lighttherapy.com\/fr_fr\/wp-json\/wp\/v2\/product_tag?post=1820"}],"curies":[{"name":"wp","href":"https:\/\/api.w.org\/{rel}","templated":true}]}}