{"id":1273,"date":"2025-04-17T14:52:03","date_gmt":"2025-04-17T14:52:03","guid":{"rendered":"https:\/\/red-lighttherapy.com\/?post_type=product&#038;p=1273"},"modified":"2025-04-20T07:09:12","modified_gmt":"2025-04-20T07:09:12","slug":"distributor-custom-vintage-tea-rigid-drawer-boxes-packaging","status":"publish","type":"product","link":"https:\/\/red-lighttherapy.com\/fr_fr\/distributor-custom-vintage-tea-rigid-drawer-boxes-packaging\/","title":{"rendered":"Distributeur Bo\u00eetes \u00e0 tiroirs rigides personnalis\u00e9es pour th\u00e9 Vintage Emballage"},"content":{"rendered":"<h2 id=\"-customized-retro-tea-rigid-drawer-box-packaging-product-description-\"><strong>Bo\u00eete \u00e0 tiroir rigide personnalis\u00e9e pour le th\u00e9 Description du produit<\/strong><\/h2>\n<h2 id=\"-1-spot-color-printing-and-craft-design-\"><strong>1. Impression en tons directs et conception artisanale<\/strong><\/h2>\n<p>Cette bo\u00eete \u00e0 tiroirs r\u00e9tro en papier \u00e0 th\u00e9 est fabriqu\u00e9e \u00e0 partir des mat\u00e9riaux suivants\u00a0<strong>papier couch\u00e9<\/strong>\u00a0mat\u00e9riel. Les\u00a0<strong>technologie d'impression en tons directs<\/strong>\u00a0r\u00e9tablit avec pr\u00e9cision la tonalit\u00e9 des couleurs r\u00e9tro et est compl\u00e9t\u00e9e par l'option\u00a0<strong>proc\u00e9d\u00e9 UV partiel<\/strong>\u00a0Le traitement du papier couch\u00e9 permet de donner au motif ou au texte un toucher tridimensionnel et un lustre doux, et d'am\u00e9liorer les sens visuel et tactile. Le liss\u00e9 \u00e9lev\u00e9 et l'absorption de l'encre du papier couch\u00e9 garantissent que les couleurs d'impression sont pleines et que les d\u00e9tails sont clairs. Associ\u00e9 aux caract\u00e9ristiques de r\u00e9sistance \u00e0 l'usure de la technologie UV, il met en \u00e9vidence le temp\u00e9rament haut de gamme et l'h\u00e9ritage culturel de la marque.<\/p>\n<h2 id=\"-2-classic-paper-drawer-box-opening-and-closing-design-\"><strong>2. Conception classique d'ouverture et de fermeture des tiroirs \u00e0 papier<\/strong><\/h2>\n<p>L'emballage adopte une\u00a0<strong>structure de la bo\u00eete \u00e0 tiroirs en papier<\/strong>Le tiroir \u00e0 papier, qui s'ouvre et se ferme facilement et sans \u00e0-coups, pr\u00e9sente \u00e0 la fois un aspect pratique et un sens du rituel. Le design du tiroir en papier n'est pas seulement pratique pour prendre le th\u00e9, il peut aussi augmenter l'interaction de l'exp\u00e9rience du consommateur en affichant progressivement le contenu de la bo\u00eete interne. Cette conception s'inspire de la culture traditionnelle du th\u00e9, combin\u00e9e \u00e0 une esth\u00e9tique moderne, ce qui conf\u00e8re au produit le sens du rituel de \"l'ouverture d'une bo\u00eete comme un tr\u00e9sor\".<\/p>\n<h2 id=\"-3-high-density-sponge-lining-protection-\"><strong>3. Protection de la doublure en \u00e9ponge haute densit\u00e9<\/strong><\/h2>\n<p>La doublure int\u00e9rieure utilise\u00a0<strong>35KG d'\u00e9ponge \u00e9cologique de haute densit\u00e9<\/strong>L'\u00e9ponge est d\u00e9coup\u00e9e avec pr\u00e9cision et con\u00e7ue avec un plateau int\u00e9gr\u00e9 pour fixer fermement le g\u00e2teau ou la brique de th\u00e9 afin d'\u00e9viter les secousses et les collisions pendant le transport ou le stockage. L'\u00e9ponge a une excellente r\u00e9silience et r\u00e9sistance \u00e0 la pression, peut maintenir une forme stable pendant une longue p\u00e9riode et fournir une protection physique et un tampon de temp\u00e9rature et d'humidit\u00e9 pour le th\u00e9.<\/p>\n<h2 id=\"-4-warm-color-inner-box-visual-presentation-\"><strong>4. Pr\u00e9sentation visuelle de la bo\u00eete int\u00e9rieure en couleurs chaudes<\/strong><\/h2>\n<p>La bo\u00eete int\u00e9rieure est imprim\u00e9e avec\u00a0<strong>Papier couch\u00e9 157g<\/strong>Le papier couch\u00e9 est fabriqu\u00e9 \u00e0 partir de couleurs chaudes (telles que le beige et l'ocre) et la texture r\u00e9tro est rehauss\u00e9e par la technologie du matage ou de l'estampage \u00e0 chaud. La surface d\u00e9licate et la grande blancheur du papier couch\u00e9, combin\u00e9es \u00e0 la douce transition des couleurs, cr\u00e9ent une atmosph\u00e8re visuelle d'\"entrep\u00f4t de th\u00e9 exquis\", faisant \u00e9cho aux propri\u00e9t\u00e9s naturelles et aux connotations culturelles du th\u00e9.<\/p>\n<h2 id=\"-5-factory-qualifications-and-design-support-\"><strong>5. Qualifications de l'usine et soutien \u00e0 la conception<\/strong><\/h2>\n<p>Le fabricant a\u00a0<strong>b\u00e2timents industriels ind\u00e9pendants<\/strong>\u00a0et une \u00e9quipe de conception professionnelle, dot\u00e9e d'\u00e9quipements de pointe tels que la ligne de production allemande BHS et la technologie de pr\u00e9-impression num\u00e9rique, qui peut fournir un service complet, de la conception \u00e0 la production de masse. L'\u00e9quipe est capable de fournir des suggestions personnalis\u00e9es bas\u00e9es sur les caract\u00e9ristiques des cat\u00e9gories de th\u00e9 (telles que le th\u00e9 Pu'er et le th\u00e9 blanc), telles que des structures en couches adapt\u00e9es aux briques de th\u00e9 de diff\u00e9rentes ann\u00e9es, ou l'int\u00e9gration de motifs traditionnels avec des \u00e9l\u00e9ments minimalistes modernes.<\/p>\n<h2 id=\"-6-environmental-certification-and-high-cost-performance-\"><strong>6. Certification environnementale et co\u00fbt \u00e9lev\u00e9<\/strong><\/h2>\n<p>L'usine a obtenu la certification FSC One pour garantir que les mat\u00e9riaux d'emballage proviennent de for\u00eats g\u00e9r\u00e9es de mani\u00e8re continue, et utilise des proc\u00e9d\u00e9s respectueux de l'environnement tels que l'encre \u00e0 base d'eau et la doublure d\u00e9gradable. Gr\u00e2ce \u00e0 une production \u00e0 grande \u00e9chelle et \u00e0 une gestion intelligente (entrep\u00f4t de papier de base et logistique automatique), nous contr\u00f4lons les co\u00fbts en garantissant la qualit\u00e9, et nous fournissons aux clients des solutions \u00e0 la fois \u00e9cologiques et abordables.<\/p>","protected":false},"excerpt":{"rendered":"<p>Ce produit convient aux marques de th\u00e9 haut de gamme, aux cadeaux culturels et aux produits de th\u00e9 de collection. La taille, le type de bo\u00eete (couvercles sup\u00e9rieur et inf\u00e9rieur, bo\u00eetes de forme sp\u00e9ciale) et les accessoires (rubans, accessoires de quincaillerie) peuvent \u00eatre personnalis\u00e9s. Gr\u00e2ce \u00e0 la coordination des mat\u00e9riaux, de l'artisanat et du design, ce produit r\u00e9pond non seulement aux besoins d'une esth\u00e9tique r\u00e9tro, mais prend \u00e9galement en compte les fonctions de protection pratiques, aidant ainsi les marques \u00e0 accro\u00eetre leur valeur ajout\u00e9e et \u00e0 cr\u00e9er une comp\u00e9titivit\u00e9 diff\u00e9renci\u00e9e sur le march\u00e9.<\/p>","protected":false},"featured_media":1815,"template":"","meta":{"_kad_post_transparent":"default","_kad_post_title":"","_kad_post_layout":"default","_kad_post_sidebar_id":"","_kad_post_content_style":"default","_kad_post_vertical_padding":"default","_kad_post_feature":"","_kad_post_feature_position":"","_kad_post_header":false,"_kad_post_footer":false,"_kad_post_classname":""},"product_brand":[],"product_cat":[15,20,17],"product_tag":[537,539,538],"class_list":{"0":"post-1273","1":"product","2":"type-product","3":"status-publish","4":"has-post-thumbnail","6":"product_cat-red-light-therapy","7":"product_cat-led-face-light-therapy","8":"product_cat-services","9":"product_tag-custom-rigid-drawer-boxes","10":"product_tag-drawer-rigid-boxes","11":"product_tag-tea-box-packaging","13":"first","14":"instock","15":"shipping-taxable","16":"product-type-simple","17":"entry","18":"content-bg","19":"loop-entry"},"_links":{"self":[{"href":"https:\/\/red-lighttherapy.com\/fr_fr\/wp-json\/wp\/v2\/product\/1273","targetHints":{"allow":["GET"]}}],"collection":[{"href":"https:\/\/red-lighttherapy.com\/fr_fr\/wp-json\/wp\/v2\/product"}],"about":[{"href":"https:\/\/red-lighttherapy.com\/fr_fr\/wp-json\/wp\/v2\/types\/product"}],"wp:featuredmedia":[{"embeddable":true,"href":"https:\/\/red-lighttherapy.com\/fr_fr\/wp-json\/wp\/v2\/media\/1815"}],"wp:attachment":[{"href":"https:\/\/red-lighttherapy.com\/fr_fr\/wp-json\/wp\/v2\/media?parent=1273"}],"wp:term":[{"taxonomy":"product_brand","embeddable":true,"href":"https:\/\/red-lighttherapy.com\/fr_fr\/wp-json\/wp\/v2\/product_brand?post=1273"},{"taxonomy":"product_cat","embeddable":true,"href":"https:\/\/red-lighttherapy.com\/fr_fr\/wp-json\/wp\/v2\/product_cat?post=1273"},{"taxonomy":"product_tag","embeddable":true,"href":"https:\/\/red-lighttherapy.com\/fr_fr\/wp-json\/wp\/v2\/product_tag?post=1273"}],"curies":[{"name":"wp","href":"https:\/\/api.w.org\/{rel}","templated":true}]}}