{"id":1243,"date":"2025-04-17T08:15:49","date_gmt":"2025-04-17T08:15:49","guid":{"rendered":"https:\/\/red-lighttherapy.com\/?post_type=product&#038;p=1243"},"modified":"2025-04-17T08:48:04","modified_gmt":"2025-04-17T08:48:04","slug":"vendor-luxury-two-pack-red-wine-double-side-open-gift-box","status":"publish","type":"product","link":"https:\/\/red-lighttherapy.com\/fr_fr\/vendor-luxury-two-pack-red-wine-double-side-open-gift-box\/","title":{"rendered":"Vendor Luxury Two Pack Red Wine Double Side Open Gift Box (Bo\u00eete cadeau \u00e0 double ouverture)"},"content":{"rendered":"<h2 id=\"-double-sided-luxury-wine-gift-box-\">Vendor Luxury Two Pack Red Wine Double Side Open Gift Box (Bo\u00eete cadeau \u00e0 double ouverture)<\/h2>\n<h4 id=\"-i-innovative-double-door-structure-design-\"><strong>1. Conception innovante de la structure \u00e0 double porte<\/strong><\/h4>\n<ul>\n<li>Le corps de la bo\u00eete ext\u00e9rieure est en carton gris haute densit\u00e9 de 2,5 mm, et la rainure int\u00e9rieure adopte la technologie de d\u00e9coupage de pr\u00e9cision EVA, qui s'adapte pr\u00e9cis\u00e9ment \u00e0 la courbe de la bouteille de vin standard. Les positions des doubles bouteilles sont s\u00e9par\u00e9es ind\u00e9pendamment avec un espacement de \u226515mm pour \u00e9viter la collision des bouteilles pendant le transport.<\/li>\n<li>La conception de d\u00e9pliage \u00e0 180\u00b0 enti\u00e8rement ouverte ne n\u00e9cessite pas d'incliner le corps de la bouteille lors du stockage et de la r\u00e9cup\u00e9ration du vin rouge. Gr\u00e2ce au syst\u00e8me de fermeture \u00e0 boucle magn\u00e9tique, l'erreur de fermeture est \u22640,3mm.<\/li>\n<\/ul>\n<h2 id=\"-ii-minimalist-aesthetics-and-functional-integration-\"><strong>2. Esth\u00e9tique minimaliste et int\u00e9gration fonctionnelle<\/strong><\/h2>\n<ul>\n<li>La couleur principale du corps de la bo\u00eete adopte un design de collision double face rose et bleu. Le film tactile mat et le vernis UV local permettent de cr\u00e9er un contraste visuel entre la texture du velours et le reflet du miroir.<\/li>\n<li>Solution d'identification de la marque sans logo : des symboles ondul\u00e9s sp\u00e9cifiques \u00e0 la marque sont moul\u00e9s sur les bords lat\u00e9raux de la bo\u00eete afin d'am\u00e9liorer la cognition par le biais de la m\u00e9moire tactile.<\/li>\n<\/ul>\n<h2 id=\"-three-engineering-level-protection-system-\"><strong>3. Syst\u00e8me de protection de niveau technique<\/strong><\/h2>\n<ul>\n<li>La mod\u00e9lisation 3D est utilis\u00e9e pour personnaliser le support int\u00e9rieur inclin\u00e9 \u00e0 15\u00b0, avec une couche tampon en EVA de densit\u00e9 40D, v\u00e9rifi\u00e9e par le test de transport ISTA 3A, il peut r\u00e9sister \u00e0 un impact de chute de 1,2 m.<\/li>\n<li>Structure de protection en couches : couche sup\u00e9rieure de r\u00e9sistance \u00e0 la pression en carton alv\u00e9ol\u00e9 de 5 mm + couche interm\u00e9diaire d'absorption des chocs en EVA + tampon inf\u00e9rieur en silicone antid\u00e9rapant, la triple protection s'adapte aux changements de temp\u00e9rature et d'humidit\u00e9 de -20\u2103 \u00e0 50\u2103.<\/li>\n<\/ul>\n<h2 id=\"-fourth-flexible-customization-solutions-\"><strong>4. Des solutions de personnalisation souples<\/strong><\/h2>\n<ul>\n<li><strong>Am\u00e9lioration des mat\u00e9riaux<\/strong>: Prise en charge de 12 substrats tels que le bois massif de noyer et le panneau \u00e9cologique en fibre de bambou.<\/li>\n<li><strong>Expansion du processus<\/strong>: 18 biblioth\u00e8ques de proc\u00e9d\u00e9s de traitement de surface, tels que l'estampage \u00e0 chaud\/le gaufrage\/la gravure au laser<\/li>\n<li><strong>Une r\u00e9ponse intelligente<\/strong>: R\u00e9aliser l'\u00e9preuvage de la structure en 3D en 48 heures et livrer de petits lots de produits finis en 72 heures.<\/li>\n<\/ul>\n<h2 id=\"-five-multi-scenario-application-value-\"><strong>5. Valeur d'application multi-sc\u00e9narios<\/strong><\/h2>\n<table>\n<thead>\n<tr>\n<th>Sc\u00e9nario d'application<\/th>\n<th>Incarnation de l'avantage principal<\/th>\n<\/tr>\n<\/thead>\n<tbody>\n<tr>\n<td>Cadeaux d'affaires haut de gamme<\/td>\n<td>Le design bicolore \u00e0 double feuille met en valeur le sens de la noble c\u00e9r\u00e9monie.<\/td>\n<\/tr>\n<tr>\n<td>Pr\u00e9sentoir de vente au d\u00e9tail<\/td>\n<td>La structure autoportante permet d'\u00e9conomiser 30% d'espace dans la vitrine.<\/td>\n<\/tr>\n<tr>\n<td>Entreposage et transport<\/td>\n<td>La conception empilable am\u00e9liore l'efficacit\u00e9 du chargement par 40%<\/td>\n<\/tr>\n<tr>\n<td>Utilisation durable<\/td>\n<td>Le plateau int\u00e9rieur peut \u00eatre remplac\u00e9 par un module de rangement des bijoux.<\/td>\n<\/tr>\n<\/tbody>\n<\/table>","protected":false},"excerpt":{"rendered":"<p>La structure de la bo\u00eete cadeau ouverte des deux c\u00f4t\u00e9s, le corps de la bo\u00eete ext\u00e9rieure et la rainure int\u00e9rieure forment une disposition embo\u00eet\u00e9e, les deux positions de la bouteille sont s\u00e9par\u00e9es ind\u00e9pendamment, s'adaptant parfaitement \u00e0 la courbe de la bouteille de vin rouge standard, la conception enti\u00e8rement ouverte est facile \u00e0 stocker et \u00e0 r\u00e9cup\u00e9rer, le corps de la bo\u00eete s'ajuste fermement lorsqu'il est ferm\u00e9, et la forme globale est simple et soign\u00e9e, ce qui non seulement r\u00e9pond aux besoins de protection du transport, mais pr\u00e9sente \u00e9galement l'aspect esth\u00e9tique de l'exposition.<\/p>","protected":false},"featured_media":1245,"template":"","meta":{"_kad_post_transparent":"default","_kad_post_title":"","_kad_post_layout":"default","_kad_post_sidebar_id":"","_kad_post_content_style":"default","_kad_post_vertical_padding":"default","_kad_post_feature":"","_kad_post_feature_position":"","_kad_post_header":false,"_kad_post_footer":false,"_kad_post_classname":""},"product_brand":[],"product_cat":[15,17],"product_tag":[488,486,487],"class_list":{"0":"post-1243","1":"product","2":"type-product","3":"status-publish","4":"has-post-thumbnail","6":"product_cat-red-light-therapy","7":"product_cat-services","8":"product_tag-luxury-red-wine-packaging","9":"product_tag-luxury-two-pack-red-wine-box","10":"product_tag-wine-gift-box","12":"first","13":"instock","14":"shipping-taxable","15":"product-type-simple","16":"entry","17":"content-bg","18":"loop-entry"},"_links":{"self":[{"href":"https:\/\/red-lighttherapy.com\/fr_fr\/wp-json\/wp\/v2\/product\/1243","targetHints":{"allow":["GET"]}}],"collection":[{"href":"https:\/\/red-lighttherapy.com\/fr_fr\/wp-json\/wp\/v2\/product"}],"about":[{"href":"https:\/\/red-lighttherapy.com\/fr_fr\/wp-json\/wp\/v2\/types\/product"}],"wp:featuredmedia":[{"embeddable":true,"href":"https:\/\/red-lighttherapy.com\/fr_fr\/wp-json\/wp\/v2\/media\/1245"}],"wp:attachment":[{"href":"https:\/\/red-lighttherapy.com\/fr_fr\/wp-json\/wp\/v2\/media?parent=1243"}],"wp:term":[{"taxonomy":"product_brand","embeddable":true,"href":"https:\/\/red-lighttherapy.com\/fr_fr\/wp-json\/wp\/v2\/product_brand?post=1243"},{"taxonomy":"product_cat","embeddable":true,"href":"https:\/\/red-lighttherapy.com\/fr_fr\/wp-json\/wp\/v2\/product_cat?post=1243"},{"taxonomy":"product_tag","embeddable":true,"href":"https:\/\/red-lighttherapy.com\/fr_fr\/wp-json\/wp\/v2\/product_tag?post=1243"}],"curies":[{"name":"wp","href":"https:\/\/api.w.org\/{rel}","templated":true}]}}