{"id":1236,"date":"2025-04-17T08:00:30","date_gmt":"2025-04-17T08:00:30","guid":{"rendered":"https:\/\/red-lighttherapy.com\/?post_type=product&#038;p=1236"},"modified":"2025-04-17T08:15:29","modified_gmt":"2025-04-17T08:15:29","slug":"glitter-paper-collapsible-magnetic-gift-boxes-for-hair-wigs","status":"publish","type":"product","link":"https:\/\/red-lighttherapy.com\/fr_fr\/glitter-paper-collapsible-magnetic-gift-boxes-for-hair-wigs\/","title":{"rendered":"Bo\u00eetes magn\u00e9tiques pliables en papier paillet\u00e9 pour perruques et cheveux"},"content":{"rendered":"<h2 id=\"glitter-paper-foldable-magnetic-wig-gift-box-product-description\">Papier paillet\u00e9 Couvercle magn\u00e9tique pliable Perruque Bo\u00eete cadeau Description du produit<\/h2>\n<h2 id=\"-1-easy-to-open-and-close-and-stable-folding-design-optimizes-transportation-and-storage-\"><strong>1. Facile \u00e0 ouvrir et \u00e0 fermer et stable, la conception pliante optimise le transport et le stockage.<\/strong><\/h2>\n<p>Ce produit adopte une structure pliante innovante. Une fois la bo\u00eete d\u00e9pli\u00e9e, elle peut \u00eatre rapidement ouverte et ferm\u00e9e gr\u00e2ce au syst\u00e8me de fermeture magn\u00e9tique. Une fois ferm\u00e9e, la force magn\u00e9tique est uniform\u00e9ment r\u00e9partie pour garantir la stabilit\u00e9 ; l'\u00e9paisseur apr\u00e8s pliage n'est que de 1\/5 du volume original, ce qui permet d'\u00e9conomiser de l'espace de stockage et de logistique et de r\u00e9duire les co\u00fbts de transport de plus de 30%. Le corps de la bo\u00eete est int\u00e9gr\u00e9 \u00e0 un cadre de support en carton gris \u00e0 haute r\u00e9sistance, avec une technologie de pliage pr\u00e9cise, qui ne se d\u00e9formera pas apr\u00e8s une utilisation \u00e0 long terme, et peut \u00eatre pli\u00e9 plus de 500 fois sans perte, ce qui convient au transport transfrontalier et aux besoins de stockage \u00e0 long terme.<\/p>\n<h2 id=\"-2-magnetic-box-design-neat-lines-and-high-space-utilization-\"><strong>2. Conception de la bo\u00eete magn\u00e9tique, lignes nettes et utilisation optimale de l'espace.<\/strong><\/h2>\n<p>Le corps de la bo\u00eete adopte un syst\u00e8me de fermeture magn\u00e9tique int\u00e9gr\u00e9, et le c\u00f4t\u00e9 est recouvert d'une feuille magn\u00e9tique NdFeB puissante, avec une force d'aspiration de 0,8 N\/cm\u00b2, une ouverture et une fermeture en douceur et une excellente \u00e9tanch\u00e9it\u00e9. L'espace int\u00e9rieur respecte le nombre d'or et permet de ranger avec souplesse des articles de luxe l\u00e9gers tels que des perruques, des bijoux et des produits cosm\u00e9tiques. Il convient \u00e0 une vari\u00e9t\u00e9 d'articles d'une hauteur de 5 \u00e0 30 cm et est \u00e9quip\u00e9 d'une doublure ajustable, qui augmente le taux d'utilisation de l'espace de 40%.<\/p>\n<h2 id=\"-3-glitter-paper-material-smart-light-and-shadow-high-end-texture-\"><strong>3. Papier paillet\u00e9 : lumi\u00e8re et ombre intelligentes, texture haut de gamme<\/strong><\/h2>\n<p>La surface est compos\u00e9e de papier paillet\u00e9 import\u00e9 et respectueux de l'environnement, incrust\u00e9 de particules de paillettes de l'ordre du micron, ce qui produit un effet d'\u00e9toile \u00e0 plusieurs niveaux sous l'effet de la r\u00e9fraction de la lumi\u00e8re. Le mat\u00e9riau est certifi\u00e9 SGS, r\u00e9sistant \u00e0 l'usure et aux rayures et est conforme aux normes de protection de l'environnement REACH de l'UE. Il est disponible en quatre couleurs : noir, or, argent et vert. La couleur principale est le \"vert\", qui correspond au concept de protection de l'environnement et \u00e0 l'image de marque de la jeunesse.<\/p>\n<h2 id=\"-4-precision-technology-industrial-grade-quality-control-and-detail-processing-\"><strong>4. Technologie de pr\u00e9cision : contr\u00f4le de qualit\u00e9 de niveau industriel et traitement des d\u00e9tails<\/strong><\/h2>\n<ul>\n<li><strong>Traitement des bords<\/strong>: La technologie de d\u00e9coupe de pr\u00e9cision au laser est utilis\u00e9e, l'incision est lisse et sans bavure, et l'erreur est \u22640,1mm ;<\/li>\n<li><strong>Processus d'assemblage<\/strong>: Collage sans couture avec la colle \u00e9cologique allemande Henkel, la r\u00e9sistance \u00e0 la traction atteint 50N\/cm, et les coutures ne pr\u00e9sentent aucune fissure apr\u00e8s des milliers de tests d'ouverture et de fermeture ;<\/li>\n<li><strong>Impression de surface<\/strong>: Prise en charge de l'impression de couleurs d'accompagnement 4C+0C (num\u00e9ro de couleur Pantone \/ Pantone + CMYK), et la pr\u00e9cision de l'effet de gradient atteint 175 lignes\/pouce.<\/li>\n<\/ul>\n<h2 id=\"-5-environmental-protection-theme-and-scene-adaptation-\"><strong>5. Th\u00e8me de la protection de l'environnement et adaptation de la sc\u00e8ne<\/strong><\/h2>\n<p>La couleur principale, le \"vert\", s'inspire de l'\u00e9cologie foresti\u00e8re et s'accompagne d'un vernis UV mat qui conf\u00e8re un luxe discret. Le corps de la bo\u00eete peut \u00eatre personnalis\u00e9 avec des motifs de marquage \u00e0 chaud pour les f\u00eates (comme les flocons de neige de No\u00ebl et les nuages de la f\u00eate du printemps), ce qui convient aux bo\u00eetes-cadeaux de la Saint-Valentin, aux emballages de marques en \u00e9dition limit\u00e9e et \u00e0 d'autres sc\u00e8nes, en tenant compte des concepts de protection de l'environnement et de la cr\u00e9ation d'une atmosph\u00e8re de f\u00eate.<\/p>\n<h2 id=\"-6-ribbon-lifting-a-balance-between-function-and-aesthetics-\"><strong>6. La lev\u00e9e du ruban : un \u00e9quilibre entre la fonction et l'esth\u00e9tique<\/strong><\/h2>\n<p>Le dessus de la bo\u00eete est pr\u00e9-encoll\u00e9 d'un ruban de polyester \u00e0 haute t\u00e9nacit\u00e9, qui peut supporter jusqu'\u00e0 5 kg. L'angle de levage est ergonomique et la force d'ouverture de la bo\u00eete est \u226410N. Le ruban peut \u00eatre personnalis\u00e9 avec un LOGO estamp\u00e9 \u00e0 chaud ou en relief, et deux textures (mate et satin\u00e9e) sont disponibles pour renforcer le sentiment de c\u00e9r\u00e9monie lors du d\u00e9ballage.<\/p>\n<h2 id=\"-8-full-link-personalized-customization-service-\"><strong>8. Service de personnalisation par lien int\u00e9gral<\/strong><\/h2>\n<ul>\n<li><strong>Taille<\/strong>: Permet d'ajuster le rapport entre la longueur, la largeur et la hauteur de 1:1 \u00e0 1:3, avec une quantit\u00e9 minimale de commande de 500 ;<\/li>\n<li><strong>Type de bo\u00eete<\/strong>Les bo\u00eetes de base : 6 types de bo\u00eetes de base tels que les bo\u00eetes en forme de livre, les couvercles sup\u00e9rieur et inf\u00e9rieur, les bo\u00eetes \u00e0 tiroirs, etc. sont disponibles en option, et le d\u00e9veloppement de structures de forme sp\u00e9ciale est pris en charge ;<\/li>\n<li><strong>Impression et processus<\/strong>: LOGO peut choisir 12 proc\u00e9d\u00e9s tels que le marquage \u00e0 chaud, le gaufrage et l'UV local, avec une r\u00e9solution de \u22651200dpi ;<\/li>\n<li><strong>Certification environnementale<\/strong>: Fournir des solutions de production \u00e9cologiques telles que du papier certifi\u00e9 FSC et de l'encre \u00e0 base d'eau.<\/li>\n<\/ul>","protected":false},"excerpt":{"rendered":"<p>Cette bo\u00eete \u00e0 couvercle magn\u00e9tique pliable est facile \u00e0 ouvrir et \u00e0 fermer et est stable. Elle est facile \u00e0 transporter et \u00e0 stocker apr\u00e8s pliage, ce qui r\u00e9duit les co\u00fbts logistiques et emp\u00eache la bo\u00eete de se d\u00e9former pendant longtemps. Le corps de la bo\u00eete est principalement vert, ce qui est conforme au th\u00e8me de la protection de l'environnement et transmet le ton de jeunesse et de vitalit\u00e9 de la marque. Elle convient \u00e0 l'emballage de vos perruques et \u00e0 d'autres sc\u00e8nes.<\/p>","protected":false},"featured_media":1238,"template":"","meta":{"_kad_post_transparent":"default","_kad_post_title":"","_kad_post_layout":"default","_kad_post_sidebar_id":"","_kad_post_content_style":"default","_kad_post_vertical_padding":"default","_kad_post_feature":"","_kad_post_feature_position":"","_kad_post_header":false,"_kad_post_footer":false,"_kad_post_classname":""},"product_brand":[],"product_cat":[15,22,17],"product_tag":[484,483,485],"class_list":{"0":"post-1236","1":"product","2":"type-product","3":"status-publish","4":"has-post-thumbnail","6":"product_cat-red-light-therapy","7":"product_cat-red-light-therapy-blanket","8":"product_cat-services","9":"product_tag-collapsible-gift-boxes","10":"product_tag-custom-glitter-gift-boxes-wholesale","11":"product_tag-foldable-gift-box-wholesale","13":"first","14":"instock","15":"shipping-taxable","16":"product-type-simple","17":"entry","18":"content-bg","19":"loop-entry"},"_links":{"self":[{"href":"https:\/\/red-lighttherapy.com\/fr_fr\/wp-json\/wp\/v2\/product\/1236","targetHints":{"allow":["GET"]}}],"collection":[{"href":"https:\/\/red-lighttherapy.com\/fr_fr\/wp-json\/wp\/v2\/product"}],"about":[{"href":"https:\/\/red-lighttherapy.com\/fr_fr\/wp-json\/wp\/v2\/types\/product"}],"wp:featuredmedia":[{"embeddable":true,"href":"https:\/\/red-lighttherapy.com\/fr_fr\/wp-json\/wp\/v2\/media\/1238"}],"wp:attachment":[{"href":"https:\/\/red-lighttherapy.com\/fr_fr\/wp-json\/wp\/v2\/media?parent=1236"}],"wp:term":[{"taxonomy":"product_brand","embeddable":true,"href":"https:\/\/red-lighttherapy.com\/fr_fr\/wp-json\/wp\/v2\/product_brand?post=1236"},{"taxonomy":"product_cat","embeddable":true,"href":"https:\/\/red-lighttherapy.com\/fr_fr\/wp-json\/wp\/v2\/product_cat?post=1236"},{"taxonomy":"product_tag","embeddable":true,"href":"https:\/\/red-lighttherapy.com\/fr_fr\/wp-json\/wp\/v2\/product_tag?post=1236"}],"curies":[{"name":"wp","href":"https:\/\/api.w.org\/{rel}","templated":true}]}}