{"id":1231,"date":"2025-04-17T07:44:07","date_gmt":"2025-04-17T07:44:07","guid":{"rendered":"https:\/\/red-lighttherapy.com\/?post_type=product&#038;p=1231"},"modified":"2025-04-17T07:59:39","modified_gmt":"2025-04-17T07:59:39","slug":"custom-printed-hemp-cbd-essential-oil-box-brand-manufacturer","status":"publish","type":"product","link":"https:\/\/red-lighttherapy.com\/fr_fr\/custom-printed-hemp-cbd-essential-oil-box-brand-manufacturer\/","title":{"rendered":"Bo\u00eete d'huile essentielle de chanvre CBD imprim\u00e9e sur mesure Fabricant de marque"},"content":{"rendered":"<h2 id=\"-customized-solution-for-hemp-cbd-essential-oil-box-\"><strong>Solution personnalis\u00e9e pour la bo\u00eete d'huile essentielle de chanvre CBD<\/strong><\/h2>\n<h2 id=\"1-compression-and-shock-resistant-structure-\">1.\u00a0<strong>Structure r\u00e9sistante \u00e0 la compression et aux chocs<\/strong><\/h2>\n<p>La structure combin\u00e9e du carton ondul\u00e9 composite \u00e0 double couche et du plateau int\u00e9rieur tampon EVA int\u00e9gr\u00e9 est adopt\u00e9e pour disperser la pression externe gr\u00e2ce au principe de la m\u00e9canique en nid d'abeille, afin de garantir que les bouteilles en verre ne soient pas \u00e9cras\u00e9es et endommag\u00e9es pendant le transport et le stockage. La rainure d\u00e9coup\u00e9e du plateau int\u00e9rieur est pr\u00e9cis\u00e9ment adapt\u00e9e au flacon d'huile essentielle standard de 5-30 ml, ce qui permet une utilisation de l'espace de 96%, tout en tenant compte de la stabilit\u00e9 de la pr\u00e9sentation d'une seule bo\u00eete et de l'empilage de plusieurs bo\u00eetes.<\/p>\n<h2 id=\"2-right-angle-edge-and-modular-assembly-\">2.\u00a0<strong>Bord \u00e0 angle droit et assemblage modulaire<\/strong><\/h2>\n<p>Le proc\u00e9d\u00e9 de pliage \u00e0 angle droit \u00e0 90\u00b0 renforce la rigidit\u00e9 du corps de la bo\u00eete et \u00e9vite le probl\u00e8me de concentration des contraintes caus\u00e9 par les coins arrondis ; la conception du verrouillage de la languette sans colle simplifie le processus d'assemblage, r\u00e9duit les co\u00fbts de main-d'\u0153uvre et conf\u00e8re \u00e0 l'emballage un temp\u00e9rament esth\u00e9tique industriel rigoureux.<\/p>\n<h2 id=\"3-right-angle-edge-shelf-competitiveness-\">3.\u00a0<strong>Comp\u00e9titivit\u00e9 des rayons \u00e0 angle droit<\/strong><\/h2>\n<p>Le contour net \u00e0 angle droit cr\u00e9e un sentiment de confiance professionnelle dans les produits cosm\u00e9tiques pharmaceutiques, maximise la plan\u00e9it\u00e9 de la surface d'affichage et garantit que les informations de l'\u00e9tiquette ne sont pas visuellement d\u00e9form\u00e9es lorsqu'elles sont pr\u00e9sent\u00e9es sur l'\u00e9tag\u00e8re. Gr\u00e2ce au traitement de surface mat, la reconnaissance du texte dans un environnement tr\u00e8s lumineux est am\u00e9lior\u00e9e, ce qui permet de r\u00e9pondre aux exigences de lisibilit\u00e9 des produits CBD de l'UE pour les listes d'ingr\u00e9dients, les avertissements et d'autres informations.<\/p>\n<h2 id=\"4-color-system-and-psychological-application-\">4.\u00a0<strong>Syst\u00e8me de couleurs et application psychologique<\/strong><\/h2>\n<ul>\n<li><strong>Couleur principale : vert fonc\u00e9<\/strong>\u00a0Symbolise la nature et l'organique, fait \u00e9cho aux propri\u00e9t\u00e9s d'extraction v\u00e9g\u00e9tale des ingr\u00e9dients du CBD et r\u00e9pond aux sp\u00e9cifications de l'UE en mati\u00e8re de couleurs d'avertissement pour les emballages de CBD.<\/li>\n<\/ul>\n<h2 id=\"5-high-definition-printing-technology-guarantee-\">5.\u00a0<strong>Garantie de la technologie d'impression haute d\u00e9finition<\/strong><\/h2>\n<p>L'impression num\u00e9rique UV 1200 dpi garantit la clart\u00e9 et la lisibilit\u00e9 des informations cl\u00e9s telles que les micro-polices et les codes de lot. La performance anti-usure est v\u00e9rifi\u00e9e par des tests de friction afin de r\u00e9pondre aux besoins de tra\u00e7abilit\u00e9 des informations de tous les maillons de la cha\u00eene d'approvisionnement.<\/p>\n<h2 id=\"6-fsc-certified-environmentally-friendly-substrate-\">6.\u00a0<strong>Substrat \u00e9cologique certifi\u00e9 FSC<\/strong><\/h2>\n<p>S\u00e9lectionnez le carton blanc FSC Mix Credit (300g\/m\u00b2), qui a pass\u00e9 la certification de gestion durable des for\u00eats et dont l'empreinte carbone est inf\u00e9rieure de 42% \u00e0 celle du papier traditionnel. Le processus de pelliculage \u00e0 base d'eau en surface permet d'obtenir une recyclabilit\u00e9 de 100%, ce qui r\u00e9pond aux exigences obligatoires des march\u00e9s europ\u00e9en et am\u00e9ricain en mati\u00e8re d'emballages respectueux de l'environnement et renforce l'expression de la valeur \"naturelle et biologique\" de la marque.<\/p>","protected":false},"excerpt":{"rendered":"<p>Cette bo\u00eete en carton utilise le vert fonc\u00e9 et le jaune vif comme principales couleurs psychologiques, ce qui est conforme aux normes d'avertissement de l'UE pour les produits \u00e0 base de CBD. L'entreprise se concentre sur la fourniture de solutions d'emballage professionnelles pour les produits cannabino\u00efdes de qualit\u00e9 cosm\u00e9tique et cr\u00e9e un syst\u00e8me visuel de marque qui r\u00e9pond aux normes internationales avec une esth\u00e9tique fonctionnelle au c\u0153ur de la d\u00e9marche.<\/p>","protected":false},"featured_media":1234,"template":"","meta":{"_kad_post_transparent":"default","_kad_post_title":"","_kad_post_layout":"default","_kad_post_sidebar_id":"","_kad_post_content_style":"default","_kad_post_vertical_padding":"default","_kad_post_feature":"","_kad_post_feature_position":"","_kad_post_header":false,"_kad_post_footer":false,"_kad_post_classname":""},"product_brand":[],"product_cat":[15,24,17],"product_tag":[481,478,482],"class_list":{"0":"post-1231","1":"product","2":"type-product","3":"status-publish","4":"has-post-thumbnail","6":"product_cat-red-light-therapy","7":"product_cat-red-light-therapy-bed","8":"product_cat-services","9":"product_tag-cbd-oil-boxes","10":"product_tag-custom-cannabis-boxes","11":"product_tag-get-hemp-oil-boxes-printing","13":"first","14":"instock","15":"shipping-taxable","16":"product-type-simple","17":"entry","18":"content-bg","19":"loop-entry"},"_links":{"self":[{"href":"https:\/\/red-lighttherapy.com\/fr_fr\/wp-json\/wp\/v2\/product\/1231","targetHints":{"allow":["GET"]}}],"collection":[{"href":"https:\/\/red-lighttherapy.com\/fr_fr\/wp-json\/wp\/v2\/product"}],"about":[{"href":"https:\/\/red-lighttherapy.com\/fr_fr\/wp-json\/wp\/v2\/types\/product"}],"wp:featuredmedia":[{"embeddable":true,"href":"https:\/\/red-lighttherapy.com\/fr_fr\/wp-json\/wp\/v2\/media\/1234"}],"wp:attachment":[{"href":"https:\/\/red-lighttherapy.com\/fr_fr\/wp-json\/wp\/v2\/media?parent=1231"}],"wp:term":[{"taxonomy":"product_brand","embeddable":true,"href":"https:\/\/red-lighttherapy.com\/fr_fr\/wp-json\/wp\/v2\/product_brand?post=1231"},{"taxonomy":"product_cat","embeddable":true,"href":"https:\/\/red-lighttherapy.com\/fr_fr\/wp-json\/wp\/v2\/product_cat?post=1231"},{"taxonomy":"product_tag","embeddable":true,"href":"https:\/\/red-lighttherapy.com\/fr_fr\/wp-json\/wp\/v2\/product_tag?post=1231"}],"curies":[{"name":"wp","href":"https:\/\/api.w.org\/{rel}","templated":true}]}}