{"id":1219,"date":"2025-04-17T07:00:44","date_gmt":"2025-04-17T07:00:44","guid":{"rendered":"https:\/\/red-lighttherapy.com\/?post_type=product&#038;p=1219"},"modified":"2025-04-17T07:11:35","modified_gmt":"2025-04-17T07:11:35","slug":"custom-hemp-oil-magnetic-closure-rigid-boxes-china-wholesale","status":"publish","type":"product","link":"https:\/\/red-lighttherapy.com\/fr_fr\/custom-hemp-oil-magnetic-closure-rigid-boxes-china-wholesale\/","title":{"rendered":"Bo\u00eetes rigides \u00e0 fermeture magn\u00e9tique pour l'huile de chanvre Chine en gros"},"content":{"rendered":"<h2 id=\"-customized-sesame-oil-magnetic-buckle-hard-box-china-wholesale-product-description-\">Bo\u00eetes rigides \u00e0 fermeture magn\u00e9tique pour l'huile de chanvre Chine en gros<\/h2>\n<h2 id=\"-1-innovative-magnetic-box-design-taking-into-account-convenience-and-ritual-sense-\"><strong>1. Conception innovante de la bo\u00eete \u00e0 fermeture magn\u00e9tique, prenant en compte la commodit\u00e9 et le sens du rituel<\/strong><\/h2>\n<p>Cette bo\u00eete d'emballage adopte\u00a0<strong>structure de fermeture magn\u00e9tique<\/strong>Gr\u00e2ce \u00e0 la coop\u00e9ration d'une feuille d'aspiration magn\u00e9tique de haute pr\u00e9cision et d'une feuille de guidage magn\u00e9tique pour le couvercle, il peut \u00eatre facilement ouvert et ferm\u00e9 d'une seule main. La force magn\u00e9tique a \u00e9t\u00e9 test\u00e9e scientifiquement pour garantir un acc\u00e8s rapide au corps de la bouteille et maintenir l'int\u00e9grit\u00e9 de l'emballage lorsqu'il est ferm\u00e9, afin d'\u00e9viter toute ouverture accidentelle pendant le transport ou le stockage. La conception du couvercle \u00e0 bascule du corps de la bo\u00eete est ergonomique, s'ouvre et se ferme en douceur sans se bloquer, donnant aux utilisateurs un sentiment de rituel lors du d\u00e9ballage, tout en r\u00e9pondant aux besoins de commodit\u00e9 d'une utilisation fr\u00e9quente.<\/p>\n<h2 id=\"-2-modern-aesthetic-design-suitable-for-multiple-scenes-\"><strong>2. Conception esth\u00e9tique moderne, adapt\u00e9e \u00e0 de multiples sc\u00e8nes<\/strong><\/h2>\n<p>L'emballage utilise\u00a0<strong>lignes droites et nettes<\/strong>\u00a0comme langage de base, abandonne les d\u00e9corations redondantes et pr\u00e9sente une beaut\u00e9 g\u00e9om\u00e9trique simple. Le rapport de type de bo\u00eete a \u00e9t\u00e9 optimis\u00e9 par le nombre d'or, ce qui convient \u00e0 diverses sc\u00e8nes d'exposition telles que les rayons des supermarch\u00e9s, les comptoirs des marques et les plates-formes de commerce \u00e9lectronique. La surface adopte un ton noir mat et pur, avec le logo de la marque estamp\u00e9 \u00e0 chaud\/argent\u00e9, ce qui cr\u00e9e une impression d'\u00e9l\u00e9gance.\u00a0<strong>calme et atmosph\u00e9rique<\/strong>\u00a0qui correspond au positionnement naturel et haut de gamme de l'huile de CBD et se distingue nettement des produits concurrents.<\/p>\n<h2 id=\"-3-coated-paper-reinforced-structure-long-term-protection-of-contents-\"><strong>3. Structure renforc\u00e9e en papier couch\u00e9, protection \u00e0 long terme du contenu<\/strong><\/h2>\n<p>Le corps de la bo\u00eete utilise\u00a0<strong>Papier couch\u00e9 450g<\/strong>La r\u00e9sistance \u00e0 la compression est augment\u00e9e de 30%, ce qui permet de r\u00e9sister aux chocs du transport et \u00e0 la pression de l'empilage. L'int\u00e9rieur est combin\u00e9 avec une doublure EVA \u00e0 haute densit\u00e9,\u00a0<strong>d\u00e9coupe pr\u00e9cise<\/strong>\u00a0Le corps de la bouteille est solidement fix\u00e9 afin d'\u00e9viter l'usure ou les fuites caus\u00e9es par les secousses. Des protections anti-collision sont ajout\u00e9es aux quatre coins de la bo\u00eete pour renforcer la r\u00e9sistance aux chocs et assurer la s\u00e9curit\u00e9 du stockage \u00e0 long terme.<\/p>\n<h2 id=\"-4-seiko-quality-details-show-ingenuity-\"><strong>4. Qualit\u00e9 Seiko, les d\u00e9tails t\u00e9moignent de l'ing\u00e9niosit\u00e9<\/strong><\/h2>\n<p>Adopter\u00a0<strong>moules de haute pr\u00e9cision et technologie de d\u00e9coupe enti\u00e8rement automatique<\/strong>Les coutures du corps de la bo\u00eete sont lisses et sans bavures, et l'amortissement de l'ouverture et de la fermeture du rabat est mod\u00e9r\u00e9, ce qui garantit une exp\u00e9rience fluide pour l'utilisateur. L'impression de surface utilise la technologie d'impression offset quatre couleurs + vernis UV local, le motif est clair et d\u00e9licat, la saturation des couleurs est \u00e9lev\u00e9e, et le produit est r\u00e9sistant \u00e0 l'usure et aux rayures. Le joint de doublure adopte la technologie de laminage ultrasonique pour \u00e9viter la contamination par la colle et r\u00e9pondre aux normes de s\u00e9curit\u00e9 des emballages de qualit\u00e9 alimentaire.<\/p>\n<h2 id=\"-5-full-dimensional-customization-service-empowering-brand-marketing-\"><strong>5. Service de personnalisation complet, renforcement du marketing de la marque<\/strong><\/h2>\n<p>Prise en charge des solutions de personnalisation flexibles suivantes :<\/p>\n<ul>\n<li><strong>Taille et type de bo\u00eete<\/strong>: Adaptation aux sp\u00e9cifications des bouteilles d'huile de s\u00e9same de 50 ml \u00e0 500 ml, et possibilit\u00e9 de d\u00e9velopper des types de bo\u00eetes innovants tels que des tiroirs et des livres ;<\/li>\n<li><strong>Contenu de l'impression<\/strong>: Permet l'impression pleine page du logo de la marque, du slogan, du code anti-contrefa\u00e7on, etc., et peut ajouter un code anti-contrefa\u00e7on laser, un code QR \u00e0 donn\u00e9es variables et d'autres processus ;<\/li>\n<li><strong>Structure de la doublure int\u00e9rieure<\/strong>: Les mat\u00e9riaux disponibles sont l'EVA, l'\u00e9ponge, le flocage et d'autres options. Ils permettent de concevoir des compartiments de s\u00e9paration et r\u00e9pondent aux besoins des emballages combin\u00e9s multi-bouteilles ;<\/li>\n<li><strong>Mise \u00e0 niveau magn\u00e9tique<\/strong>: Boucle magn\u00e9tique forte (1,0CM) ou boucle magn\u00e9tique ordinaire (1,4CM\/1,8CM) en option pour s'adapter aux diff\u00e9rentes exigences en mati\u00e8re de support de charge.<\/li>\n<\/ul>\n<h2 id=\"-6-mature-supply-chain-guarantee-efficient-delivery-without-worries-\"><strong>6. Cha\u00eene d'approvisionnement mature garantissant une livraison efficace et sans souci<\/strong><\/h2>\n<p>S'appuyer sur\u00a0<strong>16 ans d'exp\u00e9rience professionnelle dans la production d'emballages<\/strong>L'usine est \u00e9quip\u00e9e d'une ligne de production enti\u00e8rement automatique et d'un syst\u00e8me de contr\u00f4le de la qualit\u00e9 ISO afin d'assurer une connexion efficace de l'ensemble de la cha\u00eene, de la conception et de l'\u00e9preuvage \u00e0 la production de masse.<\/p>\n<ul>\n<li><strong>Garantie de contr\u00f4le de la qualit\u00e9<\/strong>: Les mati\u00e8res premi\u00e8res sont certifi\u00e9es SGS et 6 processus d'inspection de la qualit\u00e9 sont mis en \u0153uvre dans le processus de production, avec un taux de d\u00e9faut inf\u00e9rieur \u00e0 0,3% ;<\/li>\n<li><strong>R\u00e9ponse rapide<\/strong>: Prise en charge du cycle d'\u00e9preuvage de 2 \u00e0 3 jours, production d'une quantit\u00e9 minimale de 500 pi\u00e8ces ;<\/li>\n<li><strong>Technologie \u00e0 haut niveau de difficult\u00e9<\/strong>: Ma\u00eetrise des processus complexes tels que les bo\u00eetes de forme sp\u00e9ciale, les structures d'aspiration magn\u00e9tique et les mat\u00e9riaux d\u00e9gradables respectueux de l'environnement, ce qui permet aux marques de se d\u00e9marquer de la concurrence homog\u00e8ne.<\/li>\n<\/ul>\n<h2 id=\"-application-scenarios-\"><strong>Sc\u00e9narios d'application<\/strong><\/h2>\n<ul>\n<li><strong>Marque d'huile de s\u00e9same haut de gamme<\/strong>: En accord avec le ton des produits naturels et biologiques, am\u00e9liorer l'espace premium du terminal ;<\/li>\n<li><strong>March\u00e9 de la personnalisation des cadeaux<\/strong>: Renforcer le caract\u00e8re unique des coffrets cadeaux et des solutions de personnalisation des entreprises gr\u00e2ce \u00e0 un design exclusif ;<\/li>\n<li><strong>Commerce \u00e9lectronique transfrontalier<\/strong>: Respecter les normes internationales de transport et r\u00e9duire les risques de pertes logistiques transfrontali\u00e8res.<\/li>\n<\/ul>","protected":false},"excerpt":{"rendered":"<p>Cette bo\u00eete \u00e0 couvercle magn\u00e9tique permet aux utilisateurs d'acc\u00e9der rapidement au flacon tout en pr\u00e9servant l'int\u00e9grit\u00e9 de l'emballage, en tenant compte de la commodit\u00e9 et du rituel, avec des lignes nettes, conformes \u00e0 l'esth\u00e9tique moderne, et adapt\u00e9es \u00e0 une vari\u00e9t\u00e9 de sc\u00e9narios de pr\u00e9sentation. Le corps de la bo\u00eete utilise un ton noir pur pour transmettre le professionnalisme de la marque et la fiabilit\u00e9 du produit, ce qui correspond au positionnement naturel et haut de gamme de l'huile de CBD et permet de la diff\u00e9rencier facilement des produits concurrents.<\/p>","protected":false},"featured_media":1221,"template":"","meta":{"_kad_post_transparent":"default","_kad_post_title":"","_kad_post_layout":"default","_kad_post_sidebar_id":"","_kad_post_content_style":"default","_kad_post_vertical_padding":"default","_kad_post_feature":"","_kad_post_feature_position":"","_kad_post_header":false,"_kad_post_footer":false,"_kad_post_classname":""},"product_brand":[],"product_cat":[15,27,17],"product_tag":[477,476,469],"class_list":{"0":"post-1219","1":"product","2":"type-product","3":"status-publish","4":"has-post-thumbnail","6":"product_cat-red-light-therapy","7":"product_cat-red-light-therapy-belt","8":"product_cat-services","9":"product_tag-branded-cbd-tincture-boxes","10":"product_tag-cbd-hemp-oil-boxes","11":"product_tag-custom-hemp-oil-boxes","13":"first","14":"instock","15":"shipping-taxable","16":"product-type-simple","17":"entry","18":"content-bg","19":"loop-entry"},"_links":{"self":[{"href":"https:\/\/red-lighttherapy.com\/fr_fr\/wp-json\/wp\/v2\/product\/1219","targetHints":{"allow":["GET"]}}],"collection":[{"href":"https:\/\/red-lighttherapy.com\/fr_fr\/wp-json\/wp\/v2\/product"}],"about":[{"href":"https:\/\/red-lighttherapy.com\/fr_fr\/wp-json\/wp\/v2\/types\/product"}],"wp:featuredmedia":[{"embeddable":true,"href":"https:\/\/red-lighttherapy.com\/fr_fr\/wp-json\/wp\/v2\/media\/1221"}],"wp:attachment":[{"href":"https:\/\/red-lighttherapy.com\/fr_fr\/wp-json\/wp\/v2\/media?parent=1219"}],"wp:term":[{"taxonomy":"product_brand","embeddable":true,"href":"https:\/\/red-lighttherapy.com\/fr_fr\/wp-json\/wp\/v2\/product_brand?post=1219"},{"taxonomy":"product_cat","embeddable":true,"href":"https:\/\/red-lighttherapy.com\/fr_fr\/wp-json\/wp\/v2\/product_cat?post=1219"},{"taxonomy":"product_tag","embeddable":true,"href":"https:\/\/red-lighttherapy.com\/fr_fr\/wp-json\/wp\/v2\/product_tag?post=1219"}],"curies":[{"name":"wp","href":"https:\/\/api.w.org\/{rel}","templated":true}]}}